{"id":6592,"date":"2018-04-24T11:27:24","date_gmt":"2018-04-24T09:27:24","guid":{"rendered":"\/\/klasmann-deilmann.com\/?page_id=6592"},"modified":"2018-05-25T11:19:05","modified_gmt":"2018-05-25T09:19:05","slug":"datenschutz-bewerber","status":"publish","type":"page","link":"https:\/\/klasmann-deilmann.com\/de\/datenschutz-bewerber\/","title":{"rendered":"Datenschutz Bewerber"},"content":{"rendered":"<div class=\"wpb-content-wrapper\">[vc_row][vc_column][kd_header_image_banner image=&#8220;897&#8243;][\/vc_column][vc_column][vc_row_inner][vc_column_inner width=&#8220;1\/6&#8243;][\/vc_column_inner][vc_column_inner width=&#8220;4\/6&#8243;][vc_column_text]<\/p>\n<h1 style=\"text-align: center;\">Datenschutzerkl\u00e4rung zum Bewerbungsmanagement<\/h1>\n<p>[\/vc_column_text][vc_column_text]Vielen Dank f\u00fcr Ihr Interesse an unserem Bewerberportal und unserem Unternehmen.\u00a0Der Schutz Ihrer pers\u00f6nlichen Daten und die Wahrung Ihrer Privatsph\u00e4re sind uns sehr wichtig. Daher informieren wir Sie nachfolgend \u00fcber die Erhebung und Verwendung Ihrer personenbezogenen Daten im Rahmen des Bewerbungsmanagements gem\u00e4\u00df den einschl\u00e4gigen Datenschutzvorschriften.<\/p>\n<p><strong>Datenerhebung<\/strong><\/p>\n<p>Im Zuge Ihrer Bewerbung werden von uns die nachfolgend aufgez\u00e4hlten pers\u00f6nlichen Bewerbungsdaten von Ihnen erhoben und verarbeitet:<\/p>\n<ul>\n<li>Anrede<\/li>\n<li>Vorname<\/li>\n<li>Name<\/li>\n<li>Stra\u00dfe<\/li>\n<li>PLZ\/Ort<\/li>\n<li>Land<\/li>\n<li>Telefon<\/li>\n<li>E-Mail<\/li>\n<li>Bewerbungsunterlagen<\/li>\n<\/ul>\n<p><strong>Erhebung und Verwendung personenbezogener Daten<\/strong><\/p>\n<p>Wir haben umfassende technische und organisatorische Vorsichtsma\u00dfnahmen ergriffen, um die von uns gespeicherten personenbezogenen Daten vor unberechtigtem Zugriff und Missbrauch zu sch\u00fctzen. Unsere Sicherheitsverfahren werden regelm\u00e4\u00dfig \u00fcberarbeitet und angepasst, um den technologischen Fortschritt widerzuspiegeln.<\/p>\n<p>Von Ihnen im Bewerberportal eingegebene personenbezogene Daten, einschlie\u00dflich aller Daten in den von Ihnen \u00fcbermittelten Anlagen, werden ausschlie\u00dflich f\u00fcr Einstellungszwecke verwendet. Ihre Daten werden grunds\u00e4tzlich nur an die f\u00fcr das konkrete Bewerbungsverfahren zust\u00e4ndigen innerbetrieblichen Stellen unseres Unternehmens weitergeleitet. Je nach Bewerbungsverfahren kann es erforderlich sein, dass Ihre Bewerbungsdaten an Tochtergesellschaften der Klasmann-Deilmann Unternehmensgruppe weitergegeben werden. Mitarbeiter, die Zugriff auf Ihre Daten haben, d\u00fcrfen diese nicht f\u00fcr andere Zwecke verwenden und unterliegen einer Geheimhaltungspflicht.<\/p>\n<p>Eine dar\u00fcber hinausgehende Nutzung oder Weitergabe Ihrer Bewerbungsdaten an Dritte erfolgt nicht.<strong>\u00a0<\/strong><\/p>\n<p><strong>Aufbewahrungsdauer der Bewerbungsdaten<\/strong><\/p>\n<p>Ihre Daten werden bis zu 6 (sechs) Monate nach Abschluss eines Bewerbungs-verfahrens gespeichert.<\/p>\n<p>Sollten wir Ihnen keine aktuell zu besetzende Stelle anbieten k\u00f6nnen, jedoch aufgrund Ihres Profils der Ansicht sein, dass Ihre Bewerbung eventuell f\u00fcr zuk\u00fcnftige Stellenangebote interessant sein k\u00f6nnte, werden wir Ihre pers\u00f6nlichen Bewerbungsdaten zw\u00f6lf Monate lang speichern, sofern Sie einer solchen Speicherung und Nutzung ausdr\u00fccklich zustimmen. Nach Ablauf der Aufbewahrungsfristen werden Ihre Bewerbungsdaten automatisch aus dem System gel\u00f6scht.<\/p>\n<p><strong>Auskunftsrechte<\/strong><\/p>\n<p>Nach den gesetzlichen Regelungen haben Sie ein Recht auf unentgeltliche Auskunft \u00fcber Ihre gespeicherten Daten sowie ggf. ein Recht auf Berichtigung, Sperrung oder L\u00f6schung dieser Daten.<\/p>\n<p><strong>Weitere Informationen und Kontakte<\/strong><\/p>\n<p>Wenn Sie weitere Fragen zum Thema Datenschutz haben, kontaktieren Sie uns bitte. Bei Fragen zur Erhebung, Verarbeitung oder Nutzung Ihrer personen-bezogenen Daten, bei Ausk\u00fcnften, Berichtigung, Sperrung oder L\u00f6schung von Daten sowie Widerruf erteilter Einwilligungen wenden Sie sich bitte per Email an <a href=\"mailto:datenschutz@klasmann-deilmann.com\">datenschutz@klasmann-deilmann.com<\/a>[\/vc_column_text][\/vc_column_inner][vc_column_inner width=&#8220;1\/6&#8243;][\/vc_column_inner][\/vc_row_inner][\/vc_column][\/vc_row]<\/div>\n","protected":false},"excerpt":{"rendered":"<p>[vc_row][vc_column][kd_header_image_banner image=&#8220;897&#8243;][\/vc_column][vc_column][vc_row_inner][vc_column_inner width=&#8220;1\/6&#8243;][\/vc_column_inner][vc_column_inner width=&#8220;4\/6&#8243;][vc_column_text] Datenschutzerkl\u00e4rung zum Bewerbungsmanagement [\/vc_column_text][vc_column_text]Vielen Dank f\u00fcr Ihr Interesse an unserem Bewerberportal und unserem Unternehmen.\u00a0Der Schutz Ihrer pers\u00f6nlichen Daten und die Wahrung Ihrer Privatsph\u00e4re sind uns sehr wichtig. Daher informieren wir Sie nachfolgend \u00fcber die Erhebung und Verwendung Ihrer personenbezogenen Daten im Rahmen des Bewerbungsmanagements gem\u00e4\u00df den einschl\u00e4gigen Datenschutzvorschriften. Datenerhebung Im Zuge Ihrer Bewerbung werden von uns die nachfolgend aufgez\u00e4hlten pers\u00f6nlichen Bewerbungsdaten von Ihnen erhoben und verarbeitet: Anrede Vorname Name Stra\u00dfe PLZ\/Ort Land Telefon E-Mail Bewerbungsunterlagen Erhebung<\/p>\n","protected":false},"author":2,"featured_media":0,"parent":0,"menu_order":547,"comment_status":"closed","ping_status":"closed","template":"","meta":{"_acf_changed":false,"inline_featured_image":false,"footnotes":""},"class_list":["post-6592","page","type-page","status-publish","hentry"],"acf":[],"yoast_head":"<!-- This site is optimized with the Yoast SEO plugin v27.5 - https:\/\/yoast.com\/product\/yoast-seo-wordpress\/ -->\n<title>Datenschutz Bewerber - Klasmann-Deilmann<\/title>\n<meta name=\"robots\" content=\"index, follow, max-snippet:-1, max-image-preview:large, max-video-preview:-1\" \/>\n<link rel=\"canonical\" href=\"https:\/\/klasmann-deilmann.com\/de\/datenschutz-bewerber\/\" \/>\n<meta property=\"og:locale\" content=\"de_DE\" \/>\n<meta property=\"og:type\" content=\"article\" \/>\n<meta property=\"og:title\" content=\"Datenschutz Bewerber - Klasmann-Deilmann\" \/>\n<meta property=\"og:description\" content=\"[vc_row][vc_column][kd_header_image_banner image=&#8220;897&#8243;][\/vc_column][vc_column][vc_row_inner][vc_column_inner width=&#8220;1\/6&#8243;][\/vc_column_inner][vc_column_inner width=&#8220;4\/6&#8243;][vc_column_text] Datenschutzerkl\u00e4rung zum Bewerbungsmanagement [\/vc_column_text][vc_column_text]Vielen Dank f\u00fcr Ihr Interesse an unserem Bewerberportal und unserem Unternehmen.\u00a0Der Schutz Ihrer pers\u00f6nlichen Daten und die Wahrung Ihrer Privatsph\u00e4re sind uns sehr wichtig. Daher informieren wir Sie nachfolgend \u00fcber die Erhebung und Verwendung Ihrer personenbezogenen Daten im Rahmen des Bewerbungsmanagements gem\u00e4\u00df den einschl\u00e4gigen Datenschutzvorschriften. Datenerhebung Im Zuge Ihrer Bewerbung werden von uns die nachfolgend aufgez\u00e4hlten pers\u00f6nlichen Bewerbungsdaten von Ihnen erhoben und verarbeitet: Anrede Vorname Name Stra\u00dfe PLZ\/Ort Land Telefon E-Mail Bewerbungsunterlagen Erhebung\" \/>\n<meta property=\"og:url\" content=\"https:\/\/klasmann-deilmann.com\/de\/datenschutz-bewerber\/\" \/>\n<meta property=\"og:site_name\" content=\"Klasmann-Deilmann\" \/>\n<meta property=\"article:modified_time\" content=\"2018-05-25T09:19:05+00:00\" \/>\n<meta name=\"twitter:card\" content=\"summary_large_image\" \/>\n<meta name=\"twitter:label1\" content=\"Gesch\u00e4tzte Lesezeit\" \/>\n\t<meta name=\"twitter:data1\" content=\"2\u00a0Minuten\" \/>\n<script type=\"application\/ld+json\" class=\"yoast-schema-graph\">{\"@context\":\"https:\\\/\\\/schema.org\",\"@graph\":[{\"@type\":\"WebPage\",\"@id\":\"https:\\\/\\\/klasmann-deilmann.com\\\/de\\\/datenschutz-bewerber\\\/\",\"url\":\"https:\\\/\\\/klasmann-deilmann.com\\\/de\\\/datenschutz-bewerber\\\/\",\"name\":\"Datenschutz Bewerber - Klasmann-Deilmann\",\"isPartOf\":{\"@id\":\"https:\\\/\\\/klasmann-deilmann.com\\\/en\\\/#website\"},\"datePublished\":\"2018-04-24T09:27:24+00:00\",\"dateModified\":\"2018-05-25T09:19:05+00:00\",\"breadcrumb\":{\"@id\":\"https:\\\/\\\/klasmann-deilmann.com\\\/de\\\/datenschutz-bewerber\\\/#breadcrumb\"},\"inLanguage\":\"de\",\"potentialAction\":[{\"@type\":\"ReadAction\",\"target\":[\"https:\\\/\\\/klasmann-deilmann.com\\\/de\\\/datenschutz-bewerber\\\/\"]}]},{\"@type\":\"BreadcrumbList\",\"@id\":\"https:\\\/\\\/klasmann-deilmann.com\\\/de\\\/datenschutz-bewerber\\\/#breadcrumb\",\"itemListElement\":[{\"@type\":\"ListItem\",\"position\":1,\"name\":\"Home\",\"item\":\"https:\\\/\\\/klasmann-deilmann.com\\\/de\\\/\"},{\"@type\":\"ListItem\",\"position\":2,\"name\":\"Datenschutz Bewerber\"}]},{\"@type\":\"WebSite\",\"@id\":\"https:\\\/\\\/klasmann-deilmann.com\\\/en\\\/#website\",\"url\":\"https:\\\/\\\/klasmann-deilmann.com\\\/en\\\/\",\"name\":\"Klasmann-Deilmann\",\"description\":\"\",\"potentialAction\":[{\"@type\":\"SearchAction\",\"target\":{\"@type\":\"EntryPoint\",\"urlTemplate\":\"https:\\\/\\\/klasmann-deilmann.com\\\/en\\\/?s={search_term_string}\"},\"query-input\":{\"@type\":\"PropertyValueSpecification\",\"valueRequired\":true,\"valueName\":\"search_term_string\"}}],\"inLanguage\":\"de\"}]}<\/script>\n<!-- \/ Yoast SEO plugin. -->","yoast_head_json":{"title":"Datenschutz Bewerber - Klasmann-Deilmann","robots":{"index":"index","follow":"follow","max-snippet":"max-snippet:-1","max-image-preview":"max-image-preview:large","max-video-preview":"max-video-preview:-1"},"canonical":"https:\/\/klasmann-deilmann.com\/de\/datenschutz-bewerber\/","og_locale":"de_DE","og_type":"article","og_title":"Datenschutz Bewerber - Klasmann-Deilmann","og_description":"[vc_row][vc_column][kd_header_image_banner image=&#8220;897&#8243;][\/vc_column][vc_column][vc_row_inner][vc_column_inner width=&#8220;1\/6&#8243;][\/vc_column_inner][vc_column_inner width=&#8220;4\/6&#8243;][vc_column_text] Datenschutzerkl\u00e4rung zum Bewerbungsmanagement [\/vc_column_text][vc_column_text]Vielen Dank f\u00fcr Ihr Interesse an unserem Bewerberportal und unserem Unternehmen.\u00a0Der Schutz Ihrer pers\u00f6nlichen Daten und die Wahrung Ihrer Privatsph\u00e4re sind uns sehr wichtig. Daher informieren wir Sie nachfolgend \u00fcber die Erhebung und Verwendung Ihrer personenbezogenen Daten im Rahmen des Bewerbungsmanagements gem\u00e4\u00df den einschl\u00e4gigen Datenschutzvorschriften. Datenerhebung Im Zuge Ihrer Bewerbung werden von uns die nachfolgend aufgez\u00e4hlten pers\u00f6nlichen Bewerbungsdaten von Ihnen erhoben und verarbeitet: Anrede Vorname Name Stra\u00dfe PLZ\/Ort Land Telefon E-Mail Bewerbungsunterlagen Erhebung","og_url":"https:\/\/klasmann-deilmann.com\/de\/datenschutz-bewerber\/","og_site_name":"Klasmann-Deilmann","article_modified_time":"2018-05-25T09:19:05+00:00","twitter_card":"summary_large_image","twitter_misc":{"Gesch\u00e4tzte Lesezeit":"2\u00a0Minuten"},"schema":{"@context":"https:\/\/schema.org","@graph":[{"@type":"WebPage","@id":"https:\/\/klasmann-deilmann.com\/de\/datenschutz-bewerber\/","url":"https:\/\/klasmann-deilmann.com\/de\/datenschutz-bewerber\/","name":"Datenschutz Bewerber - Klasmann-Deilmann","isPartOf":{"@id":"https:\/\/klasmann-deilmann.com\/en\/#website"},"datePublished":"2018-04-24T09:27:24+00:00","dateModified":"2018-05-25T09:19:05+00:00","breadcrumb":{"@id":"https:\/\/klasmann-deilmann.com\/de\/datenschutz-bewerber\/#breadcrumb"},"inLanguage":"de","potentialAction":[{"@type":"ReadAction","target":["https:\/\/klasmann-deilmann.com\/de\/datenschutz-bewerber\/"]}]},{"@type":"BreadcrumbList","@id":"https:\/\/klasmann-deilmann.com\/de\/datenschutz-bewerber\/#breadcrumb","itemListElement":[{"@type":"ListItem","position":1,"name":"Home","item":"https:\/\/klasmann-deilmann.com\/de\/"},{"@type":"ListItem","position":2,"name":"Datenschutz Bewerber"}]},{"@type":"WebSite","@id":"https:\/\/klasmann-deilmann.com\/en\/#website","url":"https:\/\/klasmann-deilmann.com\/en\/","name":"Klasmann-Deilmann","description":"","potentialAction":[{"@type":"SearchAction","target":{"@type":"EntryPoint","urlTemplate":"https:\/\/klasmann-deilmann.com\/en\/?s={search_term_string}"},"query-input":{"@type":"PropertyValueSpecification","valueRequired":true,"valueName":"search_term_string"}}],"inLanguage":"de"}]}},"_links":{"self":[{"href":"https:\/\/klasmann-deilmann.com\/de\/wp-json\/wp\/v2\/pages\/6592","targetHints":{"allow":["GET"]}}],"collection":[{"href":"https:\/\/klasmann-deilmann.com\/de\/wp-json\/wp\/v2\/pages"}],"about":[{"href":"https:\/\/klasmann-deilmann.com\/de\/wp-json\/wp\/v2\/types\/page"}],"author":[{"embeddable":true,"href":"https:\/\/klasmann-deilmann.com\/de\/wp-json\/wp\/v2\/users\/2"}],"replies":[{"embeddable":true,"href":"https:\/\/klasmann-deilmann.com\/de\/wp-json\/wp\/v2\/comments?post=6592"}],"version-history":[{"count":5,"href":"https:\/\/klasmann-deilmann.com\/de\/wp-json\/wp\/v2\/pages\/6592\/revisions"}],"predecessor-version":[{"id":6727,"href":"https:\/\/klasmann-deilmann.com\/de\/wp-json\/wp\/v2\/pages\/6592\/revisions\/6727"}],"wp:attachment":[{"href":"https:\/\/klasmann-deilmann.com\/de\/wp-json\/wp\/v2\/media?parent=6592"}],"curies":[{"name":"wp","href":"https:\/\/api.w.org\/{rel}","templated":true}]}}