{"id":53978,"date":"2022-07-04T14:02:15","date_gmt":"2022-07-04T12:02:15","guid":{"rendered":"https:\/\/klasmann-deilmann.com\/produkte-loesungen\/log-solve\/contact-form\/"},"modified":"2022-08-15T14:43:39","modified_gmt":"2022-08-15T12:43:39","slug":"kontaktformular","status":"publish","type":"page","link":"https:\/\/klasmann-deilmann.com\/de\/produkte-loesungen\/log-solve\/kontaktformular\/","title":{"rendered":"Kontaktformular"},"content":{"rendered":"<div class=\"wpb-content-wrapper\">[vc_row][vc_column][kd_header_random_image_banner image=&#8220;34470&#8243;][\/kd_header_random_image_banner][\/vc_column][\/vc_row][vc_row][vc_column][vc_row_inner][vc_column_inner][vc_column_text]<\/p>\n<h2>Connect to the future of cultivation<\/h2>\n<p>[\/vc_column_text][\/vc_column_inner][\/vc_row_inner][vc_row_inner][vc_column_inner][vc_column_text]Wir arbeiten kontinuierlich an Log &amp; Solve und erweitern so die vielf\u00e4ltigen M\u00f6glichkeiten der digitalen Beratungsplattform. Gern informieren wir Sie \u00fcber den aktuellen Stand, geben Ausblicke auf kommende Features oder pr\u00e4sentieren Ihnen Log &amp; Solve in einer exklusiven Live-Demonstration. F\u00fcllen Sie einfach das Kontaktformular aus:[\/vc_column_text][\/vc_column_inner][\/vc_row_inner][vc_row_inner el_class=&#8220;logandsolveform&#8220;][vc_column_inner]<\/p>\n<div class=\"wpcf7 no-js\" id=\"wpcf7-f53977-o1\" lang=\"de-DE\" dir=\"ltr\" data-wpcf7-id=\"53977\">\n<div class=\"screen-reader-response\">\n<p role=\"status\" aria-live=\"polite\" aria-atomic=\"true\">\n<ul><\/ul>\n<\/div>\n<form action=\"\/de\/wp-json\/wp\/v2\/pages\/53978#wpcf7-f53977-o1\" method=\"post\" class=\"wpcf7-form init\" aria-label=\"Kontaktformular\" novalidate=\"novalidate\" data-status=\"init\">\n<fieldset class=\"hidden-fields-container\"><input type=\"hidden\" name=\"_wpcf7\" value=\"53977\" \/><input type=\"hidden\" name=\"_wpcf7_version\" value=\"6.1.5\" \/><input type=\"hidden\" name=\"_wpcf7_locale\" value=\"de_DE\" \/><input type=\"hidden\" name=\"_wpcf7_unit_tag\" value=\"wpcf7-f53977-o1\" \/><input type=\"hidden\" name=\"_wpcf7_container_post\" value=\"0\" \/><input type=\"hidden\" name=\"_wpcf7_posted_data_hash\" value=\"\" \/><input type=\"hidden\" name=\"nlang\" value=\"de\" \/><br \/>\n<\/fieldset>\n<p><label>Name<span class=\"required\">*<\/span><\/label><br \/>\n<span class=\"wpcf7-form-control-wrap\" data-name=\"your-name\"><input size=\"40\" maxlength=\"400\" class=\"wpcf7-form-control wpcf7-text wpcf7-validates-as-required\" aria-required=\"true\" aria-invalid=\"false\" value=\"\" type=\"text\" name=\"your-name\" \/><\/span>\n<\/p>\n<p><label>Unternehmen<\/label><br \/>\n<span class=\"wpcf7-form-control-wrap\" data-name=\"your-company\"><input size=\"40\" maxlength=\"400\" class=\"wpcf7-form-control wpcf7-text\" aria-invalid=\"false\" value=\"\" type=\"text\" name=\"your-company\" \/><\/span>\n<\/p>\n<p><label>E-Mail<span class=\"required\">*<\/span><\/label><br \/>\n<span class=\"wpcf7-form-control-wrap\" data-name=\"your-email\"><input size=\"40\" maxlength=\"400\" class=\"wpcf7-form-control wpcf7-email wpcf7-validates-as-required wpcf7-text wpcf7-validates-as-email\" aria-required=\"true\" aria-invalid=\"false\" value=\"\" type=\"email\" name=\"your-email\" \/><\/span>\n<\/p>\n<p><label>Telefonnummer<span class=\"required\">*<\/span><\/label><br \/>\n<span class=\"wpcf7-form-control-wrap\" data-name=\"phonenumber\"><input size=\"40\" maxlength=\"400\" class=\"wpcf7-form-control wpcf7-tel wpcf7-validates-as-required wpcf7-text wpcf7-validates-as-tel\" aria-required=\"true\" aria-invalid=\"false\" value=\"\" type=\"tel\" name=\"phonenumber\" \/><\/span>\n<\/p>\n<p><label>Land<span class=\"required\">*<\/span><\/label><br \/>\n<span class=\"wpcf7-form-control-wrap\" data-name=\"country\"><input size=\"40\" maxlength=\"400\" class=\"wpcf7-form-control wpcf7-text wpcf7-validates-as-required\" aria-required=\"true\" aria-invalid=\"false\" value=\"\" type=\"text\" name=\"country\" \/><\/span>\n<\/p>\n<p><label>Nachricht<span class=\"required\">*<\/span><\/label><br \/>\n<span class=\"wpcf7-form-control-wrap\" data-name=\"your-message\"><textarea cols=\"40\" rows=\"10\" maxlength=\"2000\" class=\"wpcf7-form-control wpcf7-textarea\" aria-invalid=\"false\" name=\"your-message\"><\/textarea><\/span>\n<\/p>\n<p><span class=\"wpcf7-form-control-wrap\" data-name=\"datenschutz\"><span class=\"wpcf7-form-control wpcf7-acceptance\"><span class=\"wpcf7-list-item\"><label><input type=\"checkbox\" name=\"datenschutz\" value=\"1\" aria-invalid=\"false\" \/><span class=\"wpcf7-list-item-label\">Ich habe die <a href=\"\/de\/datenschutz-formulare\/\" target=\"_blank\">Datenschutzerkl\u00e4rung f\u00fcr Formulare<\/a> und die <a href=\"\/de\/datenschutz\/\" target=\"_blank\">allgemeine Datenschutzerkl\u00e4rung<\/a> gelesen und erkenne diese an.<span class=\"required\">*<\/span><\/span><\/label><\/span><\/span><\/span>\n<\/p>\n<p><span id=\"wpcf7-69f467b71bacc-wrapper\" class=\"wpcf7-form-control-wrap mobil-wrap\" style=\"display:none !important; visibility:hidden !important;\"><label for=\"wpcf7-69f467b71bacc-field\" class=\"hp-message\">Bitte lasse dieses Feld leer.<\/label><input id=\"wpcf7-69f467b71bacc-field\"  class=\"wpcf7-form-control wpcf7-text\" type=\"text\" name=\"mobil\" value=\"\" size=\"40\" tabindex=\"-1\" autocomplete=\"new-password\" \/><\/span>\n<\/p>\n<p>Mit <span class=\"required\">*<\/span> markierte Felder sind Pflichtfelder\n<\/p>\n<p><input class=\"wpcf7-form-control wpcf7-submit has-spinner\" type=\"submit\" value=\"Senden\" \/>\n<\/p>\n<div class=\"wpcf7-response-output\" aria-hidden=\"true\"><\/div>\n<\/form>\n<\/div>\n<p>[\/vc_column_inner][\/vc_row_inner][\/vc_column][\/vc_row]<\/p><\/div>\n","protected":false},"excerpt":{"rendered":"<p>[vc_row][vc_column][kd_header_random_image_banner image=&#8220;34470&#8243;][\/kd_header_random_image_banner][\/vc_column][\/vc_row][vc_row][vc_column][vc_row_inner][vc_column_inner][vc_column_text] Connect to the future of cultivation [\/vc_column_text][\/vc_column_inner][\/vc_row_inner][vc_row_inner][vc_column_inner][vc_column_text]Wir arbeiten kontinuierlich an Log &amp; Solve und erweitern so die vielf\u00e4ltigen M\u00f6glichkeiten der digitalen Beratungsplattform. Gern informieren wir Sie \u00fcber den aktuellen Stand, geben Ausblicke auf kommende Features oder pr\u00e4sentieren Ihnen Log &amp; Solve in einer exklusiven Live-Demonstration. F\u00fcllen Sie einfach das Kontaktformular aus:[\/vc_column_text][\/vc_column_inner][\/vc_row_inner][vc_row_inner el_class=&#8220;logandsolveform&#8220;][vc_column_inner][\/vc_column_inner][\/vc_row_inner][\/vc_column][\/vc_row]<\/p>\n","protected":false},"author":7,"featured_media":0,"parent":42280,"menu_order":499,"comment_status":"closed","ping_status":"closed","template":"","meta":{"_acf_changed":false,"inline_featured_image":false,"footnotes":""},"class_list":["post-53978","page","type-page","status-publish","hentry"],"acf":[],"yoast_head":"<!-- This site is optimized with the Yoast SEO plugin v27.5 - https:\/\/yoast.com\/product\/yoast-seo-wordpress\/ -->\n<title>Kontaktformular - Klasmann-Deilmann<\/title>\n<meta name=\"robots\" content=\"index, follow, max-snippet:-1, max-image-preview:large, max-video-preview:-1\" \/>\n<link rel=\"canonical\" href=\"https:\/\/klasmann-deilmann.com\/de\/produkte-loesungen\/log-solve\/kontaktformular\/\" \/>\n<meta property=\"og:locale\" content=\"de_DE\" \/>\n<meta property=\"og:type\" content=\"article\" \/>\n<meta property=\"og:title\" content=\"Kontaktformular - Klasmann-Deilmann\" \/>\n<meta property=\"og:description\" content=\"[vc_row][vc_column][kd_header_random_image_banner image=&#8220;34470&#8243;][\/kd_header_random_image_banner][\/vc_column][\/vc_row][vc_row][vc_column][vc_row_inner][vc_column_inner][vc_column_text] Connect to the future of cultivation [\/vc_column_text][\/vc_column_inner][\/vc_row_inner][vc_row_inner][vc_column_inner][vc_column_text]Wir arbeiten kontinuierlich an Log &amp; Solve und erweitern so die vielf\u00e4ltigen M\u00f6glichkeiten der digitalen Beratungsplattform. Gern informieren wir Sie \u00fcber den aktuellen Stand, geben Ausblicke auf kommende Features oder pr\u00e4sentieren Ihnen Log &amp; Solve in einer exklusiven Live-Demonstration. F\u00fcllen Sie einfach das Kontaktformular aus:[\/vc_column_text][\/vc_column_inner][\/vc_row_inner][vc_row_inner el_class=&#8220;logandsolveform&#8220;][vc_column_inner][\/vc_column_inner][\/vc_row_inner][\/vc_column][\/vc_row]\" \/>\n<meta property=\"og:url\" content=\"https:\/\/klasmann-deilmann.com\/de\/produkte-loesungen\/log-solve\/kontaktformular\/\" \/>\n<meta property=\"og:site_name\" content=\"Klasmann-Deilmann\" \/>\n<meta property=\"article:modified_time\" content=\"2022-08-15T12:43:39+00:00\" \/>\n<meta name=\"twitter:card\" content=\"summary_large_image\" \/>\n<meta name=\"twitter:label1\" content=\"Gesch\u00e4tzte Lesezeit\" \/>\n\t<meta name=\"twitter:data1\" content=\"1\u00a0Minute\" \/>\n<script type=\"application\/ld+json\" class=\"yoast-schema-graph\">{\"@context\":\"https:\\\/\\\/schema.org\",\"@graph\":[{\"@type\":\"WebPage\",\"@id\":\"https:\\\/\\\/klasmann-deilmann.com\\\/de\\\/produkte-loesungen\\\/log-solve\\\/kontaktformular\\\/\",\"url\":\"https:\\\/\\\/klasmann-deilmann.com\\\/de\\\/produkte-loesungen\\\/log-solve\\\/kontaktformular\\\/\",\"name\":\"Kontaktformular - Klasmann-Deilmann\",\"isPartOf\":{\"@id\":\"https:\\\/\\\/klasmann-deilmann.com\\\/en\\\/#website\"},\"datePublished\":\"2022-07-04T12:02:15+00:00\",\"dateModified\":\"2022-08-15T12:43:39+00:00\",\"breadcrumb\":{\"@id\":\"https:\\\/\\\/klasmann-deilmann.com\\\/de\\\/produkte-loesungen\\\/log-solve\\\/kontaktformular\\\/#breadcrumb\"},\"inLanguage\":\"de\",\"potentialAction\":[{\"@type\":\"ReadAction\",\"target\":[\"https:\\\/\\\/klasmann-deilmann.com\\\/de\\\/produkte-loesungen\\\/log-solve\\\/kontaktformular\\\/\"]}]},{\"@type\":\"BreadcrumbList\",\"@id\":\"https:\\\/\\\/klasmann-deilmann.com\\\/de\\\/produkte-loesungen\\\/log-solve\\\/kontaktformular\\\/#breadcrumb\",\"itemListElement\":[{\"@type\":\"ListItem\",\"position\":1,\"name\":\"Home\",\"item\":\"https:\\\/\\\/klasmann-deilmann.com\\\/de\\\/\"},{\"@type\":\"ListItem\",\"position\":2,\"name\":\"Produkte &#038; L\u00f6sungen\",\"item\":\"https:\\\/\\\/klasmann-deilmann.com\\\/de\\\/produkte-loesungen\\\/\"},{\"@type\":\"ListItem\",\"position\":3,\"name\":\"Log & Solve\",\"item\":\"https:\\\/\\\/klasmann-deilmann.com\\\/de\\\/produkte-loesungen\\\/log-solve\\\/\"},{\"@type\":\"ListItem\",\"position\":4,\"name\":\"Kontaktformular\"}]},{\"@type\":\"WebSite\",\"@id\":\"https:\\\/\\\/klasmann-deilmann.com\\\/en\\\/#website\",\"url\":\"https:\\\/\\\/klasmann-deilmann.com\\\/en\\\/\",\"name\":\"Klasmann-Deilmann\",\"description\":\"\",\"potentialAction\":[{\"@type\":\"SearchAction\",\"target\":{\"@type\":\"EntryPoint\",\"urlTemplate\":\"https:\\\/\\\/klasmann-deilmann.com\\\/en\\\/?s={search_term_string}\"},\"query-input\":{\"@type\":\"PropertyValueSpecification\",\"valueRequired\":true,\"valueName\":\"search_term_string\"}}],\"inLanguage\":\"de\"}]}<\/script>\n<!-- \/ Yoast SEO plugin. -->","yoast_head_json":{"title":"Kontaktformular - Klasmann-Deilmann","robots":{"index":"index","follow":"follow","max-snippet":"max-snippet:-1","max-image-preview":"max-image-preview:large","max-video-preview":"max-video-preview:-1"},"canonical":"https:\/\/klasmann-deilmann.com\/de\/produkte-loesungen\/log-solve\/kontaktformular\/","og_locale":"de_DE","og_type":"article","og_title":"Kontaktformular - Klasmann-Deilmann","og_description":"[vc_row][vc_column][kd_header_random_image_banner image=&#8220;34470&#8243;][\/kd_header_random_image_banner][\/vc_column][\/vc_row][vc_row][vc_column][vc_row_inner][vc_column_inner][vc_column_text] Connect to the future of cultivation [\/vc_column_text][\/vc_column_inner][\/vc_row_inner][vc_row_inner][vc_column_inner][vc_column_text]Wir arbeiten kontinuierlich an Log &amp; Solve und erweitern so die vielf\u00e4ltigen M\u00f6glichkeiten der digitalen Beratungsplattform. Gern informieren wir Sie \u00fcber den aktuellen Stand, geben Ausblicke auf kommende Features oder pr\u00e4sentieren Ihnen Log &amp; Solve in einer exklusiven Live-Demonstration. F\u00fcllen Sie einfach das Kontaktformular aus:[\/vc_column_text][\/vc_column_inner][\/vc_row_inner][vc_row_inner el_class=&#8220;logandsolveform&#8220;][vc_column_inner][\/vc_column_inner][\/vc_row_inner][\/vc_column][\/vc_row]","og_url":"https:\/\/klasmann-deilmann.com\/de\/produkte-loesungen\/log-solve\/kontaktformular\/","og_site_name":"Klasmann-Deilmann","article_modified_time":"2022-08-15T12:43:39+00:00","twitter_card":"summary_large_image","twitter_misc":{"Gesch\u00e4tzte Lesezeit":"1\u00a0Minute"},"schema":{"@context":"https:\/\/schema.org","@graph":[{"@type":"WebPage","@id":"https:\/\/klasmann-deilmann.com\/de\/produkte-loesungen\/log-solve\/kontaktformular\/","url":"https:\/\/klasmann-deilmann.com\/de\/produkte-loesungen\/log-solve\/kontaktformular\/","name":"Kontaktformular - Klasmann-Deilmann","isPartOf":{"@id":"https:\/\/klasmann-deilmann.com\/en\/#website"},"datePublished":"2022-07-04T12:02:15+00:00","dateModified":"2022-08-15T12:43:39+00:00","breadcrumb":{"@id":"https:\/\/klasmann-deilmann.com\/de\/produkte-loesungen\/log-solve\/kontaktformular\/#breadcrumb"},"inLanguage":"de","potentialAction":[{"@type":"ReadAction","target":["https:\/\/klasmann-deilmann.com\/de\/produkte-loesungen\/log-solve\/kontaktformular\/"]}]},{"@type":"BreadcrumbList","@id":"https:\/\/klasmann-deilmann.com\/de\/produkte-loesungen\/log-solve\/kontaktformular\/#breadcrumb","itemListElement":[{"@type":"ListItem","position":1,"name":"Home","item":"https:\/\/klasmann-deilmann.com\/de\/"},{"@type":"ListItem","position":2,"name":"Produkte &#038; L\u00f6sungen","item":"https:\/\/klasmann-deilmann.com\/de\/produkte-loesungen\/"},{"@type":"ListItem","position":3,"name":"Log & Solve","item":"https:\/\/klasmann-deilmann.com\/de\/produkte-loesungen\/log-solve\/"},{"@type":"ListItem","position":4,"name":"Kontaktformular"}]},{"@type":"WebSite","@id":"https:\/\/klasmann-deilmann.com\/en\/#website","url":"https:\/\/klasmann-deilmann.com\/en\/","name":"Klasmann-Deilmann","description":"","potentialAction":[{"@type":"SearchAction","target":{"@type":"EntryPoint","urlTemplate":"https:\/\/klasmann-deilmann.com\/en\/?s={search_term_string}"},"query-input":{"@type":"PropertyValueSpecification","valueRequired":true,"valueName":"search_term_string"}}],"inLanguage":"de"}]}},"_links":{"self":[{"href":"https:\/\/klasmann-deilmann.com\/de\/wp-json\/wp\/v2\/pages\/53978","targetHints":{"allow":["GET"]}}],"collection":[{"href":"https:\/\/klasmann-deilmann.com\/de\/wp-json\/wp\/v2\/pages"}],"about":[{"href":"https:\/\/klasmann-deilmann.com\/de\/wp-json\/wp\/v2\/types\/page"}],"author":[{"embeddable":true,"href":"https:\/\/klasmann-deilmann.com\/de\/wp-json\/wp\/v2\/users\/7"}],"replies":[{"embeddable":true,"href":"https:\/\/klasmann-deilmann.com\/de\/wp-json\/wp\/v2\/comments?post=53978"}],"version-history":[{"count":4,"href":"https:\/\/klasmann-deilmann.com\/de\/wp-json\/wp\/v2\/pages\/53978\/revisions"}],"predecessor-version":[{"id":54011,"href":"https:\/\/klasmann-deilmann.com\/de\/wp-json\/wp\/v2\/pages\/53978\/revisions\/54011"}],"up":[{"embeddable":true,"href":"https:\/\/klasmann-deilmann.com\/de\/wp-json\/wp\/v2\/pages\/42280"}],"wp:attachment":[{"href":"https:\/\/klasmann-deilmann.com\/de\/wp-json\/wp\/v2\/media?parent=53978"}],"curies":[{"name":"wp","href":"https:\/\/api.w.org\/{rel}","templated":true}]}}