{"id":52590,"date":"2022-06-15T14:09:50","date_gmt":"2022-06-15T12:09:50","guid":{"rendered":"https:\/\/klasmann-deilmann.com\/?page_id=52590"},"modified":"2023-11-13T15:31:59","modified_gmt":"2023-11-13T14:31:59","slug":"qualitaet-zertifikate","status":"publish","type":"page","link":"https:\/\/klasmann-deilmann.com\/de\/unternehmen\/qualitaet-zertifikate\/","title":{"rendered":"Qualit\u00e4t &#038; Zertifikate"},"content":{"rendered":"<div class=\"wpb-content-wrapper\">[vc_row][vc_column][kd_header_random_image_banner image=&#8220;45759&#8243;][\/kd_header_random_image_banner][\/vc_column][\/vc_row][vc_row css=&#8220;.vc_custom_1655301473385{margin-bottom: 60px !important;}&#8220;][vc_column][vc_row_inner][vc_column_inner][vc_column_text]<\/p>\n<h2>Beim Thema Qualit\u00e4t und Sicherheit gibt es keine zwei Meinungen.<br \/>\nWas z\u00e4hlt, sind nur unabh\u00e4ngige Zahlen und Fakten.<\/h2>\n<p>[\/vc_column_text][\/vc_column_inner][\/vc_row_inner][vc_row_inner][vc_column_inner][vc_column_text el_class=&#8220;pluslist green&#8220;]Unsere Kultursubstrate stehen weltweit f\u00fcr h\u00f6chste Qualit\u00e4t. Sie sind die wesentliche Grundlage f\u00fcr das Wachstum von Pflanzen und den Erfolg unserer Kunden. Unsere Innovationen sind ma\u00dfgeblich f\u00fcr eine ganze Branche. Die Ma\u00dfst\u00e4be, an denen wir uns hierbei messen lassen, setzen wir nicht nur selbst. Klasmann-Deilmann wird regelm\u00e4\u00dfig von unabh\u00e4ngiger Seite nach internationalen Qualit\u00e4tsstandards in allen wesentlichen Unternehmensbereichen gepr\u00fcft und zertifiziert:[\/vc_column_text][\/vc_column_inner][\/vc_row_inner][vc_row_inner][vc_column_inner width=&#8220;1\/2&#8243;][vc_column_text el_class=&#8220;pluslist green&#8220;]<\/p>\n<ul>\n<li>Die konsequente G\u00fctesicherung unserer Kultursubstrate \u00fcber die gesamte Wertsch\u00f6pfungskette vom Rohstoff \u00fcber die Produktionsst\u00e4tten bis hin zum fertigen Produkt<\/li>\n<li>Die Qualit\u00e4t und Herkunft aller verwendeten Substratausgangsstoffe<\/li>\n<li>Die Qualit\u00e4t unserer ProLine-Substrate f\u00fcr den \u00f6kologischen Anbau sowie die Konformit\u00e4t mit den geltenden Anforderungen nationaler und internationaler Bioverb\u00e4nde<\/li>\n<\/ul>\n<p>[\/vc_column_text][\/vc_column_inner][vc_column_inner width=&#8220;1\/2&#8243;][vc_column_text el_class=&#8220;pluslist green&#8220;]<\/p>\n<ul>\n<li>Die zielf\u00fchrenden Ma\u00dfnahmen zu Umweltschutz und Renaturierung, insbesondere Wiedervern\u00e4ssung der Torffl\u00e4chen und Emissionssenkungen in unseren Herstellungsprozessen<\/li>\n<li>Unsere verifizierte Klimabilanz<\/li>\n<li>Eine ganzheitliche Nachhaltigkeitsstrategie hinsichtlich \u00d6konomie, \u00d6kologie sowie sozialem Handeln<\/li>\n<\/ul>\n<p>[\/vc_column_text][\/vc_column_inner][\/vc_row_inner][vc_row_inner][vc_column_inner][vc_column_text el_class=&#8220;pluslist green&#8220;]Hierdurch erreichen wir eine kontinuierliche Verbesserung unserer Prozesse und erm\u00f6glichen unseren Kunden die Sicherheit und Nachhaltigkeit, die sie von uns erwarten.[\/vc_column_text][\/vc_column_inner][\/vc_row_inner][vc_row_inner content_placement=&#8220;middle&#8220;][vc_column_inner width=&#8220;1\/6&#8243;][vc_column_text]<img loading=\"lazy\" decoding=\"async\" class=\"alignnone wp-image-35644\" src=\"\/wp-content\/uploads\/logo_rpp.png\" alt=\"\" width=\"180\" height=\"92\" \/>[\/vc_column_text][\/vc_column_inner][vc_column_inner width=&#8220;1\/6&#8243;][vc_column_text]<img loading=\"lazy\" decoding=\"async\" class=\"alignnone wp-image-19031\" src=\"\/wp-content\/uploads\/RHP-Logo-Horticulture-Eng_klein_150px.jpg\" alt=\"RHP Horticulture\" width=\"150\" height=\"158\" srcset=\"https:\/\/klasmann-deilmann.com\/wp-content\/uploads\/RHP-Logo-Horticulture-Eng_klein_150px.jpg 150w, https:\/\/klasmann-deilmann.com\/wp-content\/uploads\/RHP-Logo-Horticulture-Eng_klein_150px-119x125.jpg 119w\" sizes=\"auto, (max-width: 150px) 100vw, 150px\" \/>[\/vc_column_text][\/vc_column_inner][vc_column_inner width=&#8220;1\/6&#8243;][vc_column_text]<img loading=\"lazy\" decoding=\"async\" class=\"alignnone wp-image-19223\" src=\"\/wp-content\/uploads\/Klasmann_Deilmann_TerrAktiv_Plus_Ecocert_02.jpg\" alt=\"\" width=\"150\" height=\"99\" srcset=\"https:\/\/klasmann-deilmann.com\/wp-content\/uploads\/Klasmann_Deilmann_TerrAktiv_Plus_Ecocert_02.jpg 150w, https:\/\/klasmann-deilmann.com\/wp-content\/uploads\/Klasmann_Deilmann_TerrAktiv_Plus_Ecocert_02-125x83.jpg 125w\" sizes=\"auto, (max-width: 150px) 100vw, 150px\" \/>[\/vc_column_text][\/vc_column_inner][vc_column_inner width=&#8220;1\/6&#8243;][vc_column_text]&nbsp;&nbsp;<img loading=\"lazy\" decoding=\"async\" class=\"alignnone wp-image-46334\" src=\"\/wp-content\/uploads\/KD_gri_logo.png\" alt=\"\" width=\"130\" height=\"130\" srcset=\"https:\/\/klasmann-deilmann.com\/wp-content\/uploads\/KD_gri_logo.png 225w, https:\/\/klasmann-deilmann.com\/wp-content\/uploads\/KD_gri_logo-150x150.png 150w, https:\/\/klasmann-deilmann.com\/wp-content\/uploads\/KD_gri_logo-125x125.png 125w\" sizes=\"auto, (max-width: 130px) 100vw, 130px\" \/>[\/vc_column_text][\/vc_column_inner][\/vc_row_inner][vc_row_inner content_placement=&#8220;middle&#8220;][vc_column_inner][kd_download_button show_link_download1=&#8220;link&#8220; link1=&#8220;url:https%3A%2F%2Fklasmann-deilmann.com%2Fde%2Fmediathek%2Fzertifikate%2F|title:Alle%20Zertifikate%20finden%20Sie%20hier%20in%20unserer%20Mediathek.&#8220;][\/vc_column_inner][\/vc_row_inner][\/vc_column][\/vc_row][vc_row equal_height=&#8220;yes&#8220; css=&#8220;.vc_custom_1657723167844{padding-top: 70px !important;padding-bottom: 60px !important;background-color: #414345 !important;}&#8220;][vc_column][vc_row_inner equal_height=&#8220;yes&#8220;][vc_column_inner width=&#8220;1\/3&#8243;][vc_hoverbox image=&#8220;52618&#8243; shape=&#8220;75&#8243; primary_title=&#8220;Torfgewinnungsfl\u00e4chen<br \/>\nRPP&#8220; hover_title=&#8220;&#8220; hover_background_color=&#8220;custom&#8220; hover_custom_background=&#8220;#44a12b&#8220;]<\/p>\n<p style=\"text-align: left;\">\u201eResponsibly Produced Peat\u201c (RPP) ist ein transparentes Zertifizierungssystem f\u00fcr eine verantwortungsvolle Torfgewinnung und zum besseren Schutz nat\u00fcrlicher Moore. Ende 2021 waren 86 % unserer Abbaufl\u00e4chen RPP-zertifiziert. Damit stammen derzeit 89 % unserer eingesetzten Torfrohstoffe aus RPP-zertifizierten Standorten.<\/p>\n<p>[\/vc_hoverbox][\/vc_column_inner][vc_column_inner width=&#8220;1\/3&#8243;][vc_hoverbox image=&#8220;52607&#8243; shape=&#8220;75&#8243; primary_title=&#8220;G\u00fctesicherung<br \/>\nRHP&#8220; hover_title=&#8220;&#8220; hover_background_color=&#8220;custom&#8220; hover_custom_background=&#8220;#ffcc00&#8243;]<\/p>\n<p style=\"text-align: left;\">Die G\u00fctesicherung unserer Kultursubstrate erf\u00fcllt die strengen Richtlinien des niederl\u00e4ndischen RHP-Qualit\u00e4tssiegels f\u00fcr Substrate. Dies betrifft neben Torfrohstoffen auch unsere alternativen Substratausgangsstoffe wie TerrAktiv\u00ae Gr\u00fcnkompost, unsere Holzfaser GreenFibre\u00ae, Kokosmark, Perlite etc.<\/p>\n<p>[\/vc_hoverbox][\/vc_column_inner][vc_column_inner width=&#8220;1\/3&#8243;][vc_hoverbox image=&#8220;52629&#8243; shape=&#8220;75&#8243; primary_title=&#8220;\u00d6kologischer AnbauEcocert&#8220; hover_title=&#8220;&#8220; hover_background_color=&#8220;custom&#8220; hover_custom_background=&#8220;#df4417&#8243;]<\/p>\n<p style=\"text-align: left;\">Wir sind Marktf\u00fchrer f\u00fcr Premiumsubstrate im \u00f6kologischen Anbau und in diesem Bereich seit mehr als 30 Jahren ein starker Partner unserer Kunden. Unsere ProLine-Substrate sind ausnahmslos durch ECOCERT F-32600 kontrolliert und f\u00fcr den \u00f6kologischen Anbau zugelassen.<\/p>\n<p>[\/vc_hoverbox][\/vc_column_inner][\/vc_row_inner][vc_row_inner equal_height=&#8220;yes&#8220;][vc_column_inner width=&#8220;1\/3&#8243;][vc_hoverbox image=&#8220;52618&#8243; shape=&#8220;75&#8243; primary_title=&#8220;Qualit\u00e4tsmanagement<br \/>\nISO 9001&#8243; hover_title=&#8220;&#8220; hover_background_color=&#8220;custom&#8220; hover_custom_background=&#8220;#44a12b&#8220;]<\/p>\n<p style=\"text-align: left;\">Diese internationale Norm garantiert ein h\u00f6heres und einheitliches Qualit\u00e4tsniveau f\u00fcr Produkte und Dienstleistungen. Sie regelt die interne Organisation, das Qualit\u00e4tsmanagementsystem und sieht systematisch kontinuierliche Verbesserungen vor.<\/p>\n<p>[\/vc_hoverbox][\/vc_column_inner][vc_column_inner width=&#8220;1\/3&#8243;][vc_hoverbox image=&#8220;52640&#8243; shape=&#8220;75&#8243; primary_title=&#8220;Umweltmanagement<br \/>\nISO 14001&#8243; hover_title=&#8220;&#8220; hover_background_color=&#8220;custom&#8220; hover_custom_background=&#8220;#a22237&#8243;]<\/p>\n<p style=\"text-align: left;\">Klasmann-Deilmann war der erste Hersteller von Kultursubstraten, der nach ISO 14001 zertifiziert wurde. Diese Zertifizierung unterstreicht unser starkes Engagement f\u00fcr eine nachhaltige Umweltpolitik auf Grundlage kontrollierbarer Prozesse.<\/p>\n<p>[\/vc_hoverbox][\/vc_column_inner][vc_column_inner width=&#8220;1\/3&#8243;][vc_hoverbox image=&#8220;52596&#8243; shape=&#8220;75&#8243; primary_title=&#8220;Klimabilanz<br \/>\nISO 14064&#8243; hover_title=&#8220;&#8220; hover_background_color=&#8220;custom&#8220; hover_custom_background=&#8220;#235b43&#8243;]<\/p>\n<p style=\"text-align: left;\">Auf Basis der Unternehmensdaten f\u00fcr die Gesch\u00e4ftsjahre 2013, 2016, 2018 und 2020 haben wir einen Carbon Footprint auf Unternehmens- und Produktebene berechnen lassen. Unsere Klimabilanzen werden vom Zertifizierungsinstitut SGS gem\u00e4\u00df ISO 14064 gepr\u00fcft und verifiziert.<\/p>\n<p>[\/vc_hoverbox][\/vc_column_inner][\/vc_row_inner][vc_row_inner equal_height=&#8220;yes&#8220; content_placement=&#8220;bottom&#8220;][vc_column_inner width=&#8220;1\/3&#8243;][vc_hoverbox image=&#8220;52607&#8243; shape=&#8220;75&#8243; primary_title=&#8220;Nachhaltigkeitsbericht<br \/>\nGRI&#8220; hover_title=&#8220;&#8220; hover_background_color=&#8220;custom&#8220; hover_custom_background=&#8220;#ffcc00&#8243;]<\/p>\n<p style=\"text-align: left;\">GRI-Standards sind weltweit g\u00fcltige Richtlinien, die von der Global Reporting Initiative entwickelt wurden. Auf dieser Basis wird mittels Standardisierung und Vergleichbarkeit, die Nachhaltigkeit eines Unternehmens transparent gemacht, z. B. hinsichtlich \u00f6kologischer, \u00f6konomischer sowie sozialer Aspekte.<\/p>\n<p>[\/vc_hoverbox][\/vc_column_inner][vc_column_inner width=&#8220;1\/3&#8243;][\/vc_column_inner][vc_column_inner width=&#8220;1\/3&#8243;][\/vc_column_inner][\/vc_row_inner][\/vc_column][\/vc_row][vc_row css=&#8220;.vc_custom_1628778681277{margin-top: 70px !important;}&#8220;][vc_column][kd_getintouch image=&#8220;32948&#8243;][\/vc_column][\/vc_row]<\/p><\/div>\n","protected":false},"excerpt":{"rendered":"<p>[vc_row][vc_column][kd_header_random_image_banner image=&#8220;45759&#8243;][\/kd_header_random_image_banner][\/vc_column][\/vc_row][vc_row css=&#8220;.vc_custom_1655301473385{margin-bottom: 60px !important;}&#8220;][vc_column][vc_row_inner][vc_column_inner][vc_column_text] Beim Thema Qualit\u00e4t und Sicherheit gibt es keine zwei Meinungen. Was z\u00e4hlt, sind nur unabh\u00e4ngige Zahlen und Fakten. [\/vc_column_text][\/vc_column_inner][\/vc_row_inner][vc_row_inner][vc_column_inner][vc_column_text el_class=&#8220;pluslist green&#8220;]Unsere Kultursubstrate stehen weltweit f\u00fcr h\u00f6chste Qualit\u00e4t. Sie sind die wesentliche Grundlage f\u00fcr das Wachstum von Pflanzen und den Erfolg unserer Kunden. Unsere Innovationen sind ma\u00dfgeblich f\u00fcr eine ganze Branche. Die Ma\u00dfst\u00e4be, an denen wir uns hierbei messen lassen, setzen wir nicht nur selbst. Klasmann-Deilmann wird regelm\u00e4\u00dfig von unabh\u00e4ngiger Seite nach internationalen Qualit\u00e4tsstandards in allen<\/p>\n","protected":false},"author":7,"featured_media":0,"parent":39669,"menu_order":243,"comment_status":"closed","ping_status":"closed","template":"","meta":{"_acf_changed":false,"inline_featured_image":false,"footnotes":""},"class_list":["post-52590","page","type-page","status-publish","hentry"],"acf":[],"yoast_head":"<!-- This site is optimized with the Yoast SEO plugin v27.5 - https:\/\/yoast.com\/product\/yoast-seo-wordpress\/ -->\n<title>Qualit\u00e4t &amp; Zertifikate - Klasmann-Deilmann<\/title>\n<meta name=\"robots\" content=\"index, follow, max-snippet:-1, max-image-preview:large, max-video-preview:-1\" \/>\n<link rel=\"canonical\" href=\"https:\/\/klasmann-deilmann.com\/de\/unternehmen\/qualitaet-zertifikate\/\" \/>\n<meta property=\"og:locale\" content=\"de_DE\" \/>\n<meta property=\"og:type\" content=\"article\" \/>\n<meta property=\"og:title\" content=\"Qualit\u00e4t &amp; Zertifikate - Klasmann-Deilmann\" \/>\n<meta property=\"og:description\" content=\"[vc_row][vc_column][kd_header_random_image_banner image=&#8220;45759&#8243;][\/kd_header_random_image_banner][\/vc_column][\/vc_row][vc_row css=&#8220;.vc_custom_1655301473385{margin-bottom: 60px !important;}&#8220;][vc_column][vc_row_inner][vc_column_inner][vc_column_text] Beim Thema Qualit\u00e4t und Sicherheit gibt es keine zwei Meinungen. Was z\u00e4hlt, sind nur unabh\u00e4ngige Zahlen und Fakten. [\/vc_column_text][\/vc_column_inner][\/vc_row_inner][vc_row_inner][vc_column_inner][vc_column_text el_class=&#8220;pluslist green&#8220;]Unsere Kultursubstrate stehen weltweit f\u00fcr h\u00f6chste Qualit\u00e4t. Sie sind die wesentliche Grundlage f\u00fcr das Wachstum von Pflanzen und den Erfolg unserer Kunden. Unsere Innovationen sind ma\u00dfgeblich f\u00fcr eine ganze Branche. Die Ma\u00dfst\u00e4be, an denen wir uns hierbei messen lassen, setzen wir nicht nur selbst. Klasmann-Deilmann wird regelm\u00e4\u00dfig von unabh\u00e4ngiger Seite nach internationalen Qualit\u00e4tsstandards in allen\" \/>\n<meta property=\"og:url\" content=\"https:\/\/klasmann-deilmann.com\/de\/unternehmen\/qualitaet-zertifikate\/\" \/>\n<meta property=\"og:site_name\" content=\"Klasmann-Deilmann\" \/>\n<meta property=\"article:modified_time\" content=\"2023-11-13T14:31:59+00:00\" \/>\n<meta name=\"twitter:card\" content=\"summary_large_image\" \/>\n<meta name=\"twitter:label1\" content=\"Gesch\u00e4tzte Lesezeit\" \/>\n\t<meta name=\"twitter:data1\" content=\"4\u00a0Minuten\" \/>\n<script type=\"application\/ld+json\" class=\"yoast-schema-graph\">{\"@context\":\"https:\\\/\\\/schema.org\",\"@graph\":[{\"@type\":\"WebPage\",\"@id\":\"https:\\\/\\\/klasmann-deilmann.com\\\/de\\\/unternehmen\\\/qualitaet-zertifikate\\\/\",\"url\":\"https:\\\/\\\/klasmann-deilmann.com\\\/de\\\/unternehmen\\\/qualitaet-zertifikate\\\/\",\"name\":\"Qualit\u00e4t & Zertifikate - Klasmann-Deilmann\",\"isPartOf\":{\"@id\":\"https:\\\/\\\/klasmann-deilmann.com\\\/en\\\/#website\"},\"datePublished\":\"2022-06-15T12:09:50+00:00\",\"dateModified\":\"2023-11-13T14:31:59+00:00\",\"breadcrumb\":{\"@id\":\"https:\\\/\\\/klasmann-deilmann.com\\\/de\\\/unternehmen\\\/qualitaet-zertifikate\\\/#breadcrumb\"},\"inLanguage\":\"de\",\"potentialAction\":[{\"@type\":\"ReadAction\",\"target\":[\"https:\\\/\\\/klasmann-deilmann.com\\\/de\\\/unternehmen\\\/qualitaet-zertifikate\\\/\"]}]},{\"@type\":\"BreadcrumbList\",\"@id\":\"https:\\\/\\\/klasmann-deilmann.com\\\/de\\\/unternehmen\\\/qualitaet-zertifikate\\\/#breadcrumb\",\"itemListElement\":[{\"@type\":\"ListItem\",\"position\":1,\"name\":\"Home\",\"item\":\"https:\\\/\\\/klasmann-deilmann.com\\\/de\\\/\"},{\"@type\":\"ListItem\",\"position\":2,\"name\":\"Unternehmen\",\"item\":\"https:\\\/\\\/klasmann-deilmann.com\\\/de\\\/unternehmen\\\/\"},{\"@type\":\"ListItem\",\"position\":3,\"name\":\"Qualit\u00e4t & Zertifikate\"}]},{\"@type\":\"WebSite\",\"@id\":\"https:\\\/\\\/klasmann-deilmann.com\\\/en\\\/#website\",\"url\":\"https:\\\/\\\/klasmann-deilmann.com\\\/en\\\/\",\"name\":\"Klasmann-Deilmann\",\"description\":\"\",\"potentialAction\":[{\"@type\":\"SearchAction\",\"target\":{\"@type\":\"EntryPoint\",\"urlTemplate\":\"https:\\\/\\\/klasmann-deilmann.com\\\/en\\\/?s={search_term_string}\"},\"query-input\":{\"@type\":\"PropertyValueSpecification\",\"valueRequired\":true,\"valueName\":\"search_term_string\"}}],\"inLanguage\":\"de\"}]}<\/script>\n<!-- \/ Yoast SEO plugin. -->","yoast_head_json":{"title":"Qualit\u00e4t & Zertifikate - Klasmann-Deilmann","robots":{"index":"index","follow":"follow","max-snippet":"max-snippet:-1","max-image-preview":"max-image-preview:large","max-video-preview":"max-video-preview:-1"},"canonical":"https:\/\/klasmann-deilmann.com\/de\/unternehmen\/qualitaet-zertifikate\/","og_locale":"de_DE","og_type":"article","og_title":"Qualit\u00e4t & Zertifikate - Klasmann-Deilmann","og_description":"[vc_row][vc_column][kd_header_random_image_banner image=&#8220;45759&#8243;][\/kd_header_random_image_banner][\/vc_column][\/vc_row][vc_row css=&#8220;.vc_custom_1655301473385{margin-bottom: 60px !important;}&#8220;][vc_column][vc_row_inner][vc_column_inner][vc_column_text] Beim Thema Qualit\u00e4t und Sicherheit gibt es keine zwei Meinungen. Was z\u00e4hlt, sind nur unabh\u00e4ngige Zahlen und Fakten. [\/vc_column_text][\/vc_column_inner][\/vc_row_inner][vc_row_inner][vc_column_inner][vc_column_text el_class=&#8220;pluslist green&#8220;]Unsere Kultursubstrate stehen weltweit f\u00fcr h\u00f6chste Qualit\u00e4t. Sie sind die wesentliche Grundlage f\u00fcr das Wachstum von Pflanzen und den Erfolg unserer Kunden. Unsere Innovationen sind ma\u00dfgeblich f\u00fcr eine ganze Branche. Die Ma\u00dfst\u00e4be, an denen wir uns hierbei messen lassen, setzen wir nicht nur selbst. Klasmann-Deilmann wird regelm\u00e4\u00dfig von unabh\u00e4ngiger Seite nach internationalen Qualit\u00e4tsstandards in allen","og_url":"https:\/\/klasmann-deilmann.com\/de\/unternehmen\/qualitaet-zertifikate\/","og_site_name":"Klasmann-Deilmann","article_modified_time":"2023-11-13T14:31:59+00:00","twitter_card":"summary_large_image","twitter_misc":{"Gesch\u00e4tzte Lesezeit":"4\u00a0Minuten"},"schema":{"@context":"https:\/\/schema.org","@graph":[{"@type":"WebPage","@id":"https:\/\/klasmann-deilmann.com\/de\/unternehmen\/qualitaet-zertifikate\/","url":"https:\/\/klasmann-deilmann.com\/de\/unternehmen\/qualitaet-zertifikate\/","name":"Qualit\u00e4t & Zertifikate - Klasmann-Deilmann","isPartOf":{"@id":"https:\/\/klasmann-deilmann.com\/en\/#website"},"datePublished":"2022-06-15T12:09:50+00:00","dateModified":"2023-11-13T14:31:59+00:00","breadcrumb":{"@id":"https:\/\/klasmann-deilmann.com\/de\/unternehmen\/qualitaet-zertifikate\/#breadcrumb"},"inLanguage":"de","potentialAction":[{"@type":"ReadAction","target":["https:\/\/klasmann-deilmann.com\/de\/unternehmen\/qualitaet-zertifikate\/"]}]},{"@type":"BreadcrumbList","@id":"https:\/\/klasmann-deilmann.com\/de\/unternehmen\/qualitaet-zertifikate\/#breadcrumb","itemListElement":[{"@type":"ListItem","position":1,"name":"Home","item":"https:\/\/klasmann-deilmann.com\/de\/"},{"@type":"ListItem","position":2,"name":"Unternehmen","item":"https:\/\/klasmann-deilmann.com\/de\/unternehmen\/"},{"@type":"ListItem","position":3,"name":"Qualit\u00e4t & Zertifikate"}]},{"@type":"WebSite","@id":"https:\/\/klasmann-deilmann.com\/en\/#website","url":"https:\/\/klasmann-deilmann.com\/en\/","name":"Klasmann-Deilmann","description":"","potentialAction":[{"@type":"SearchAction","target":{"@type":"EntryPoint","urlTemplate":"https:\/\/klasmann-deilmann.com\/en\/?s={search_term_string}"},"query-input":{"@type":"PropertyValueSpecification","valueRequired":true,"valueName":"search_term_string"}}],"inLanguage":"de"}]}},"_links":{"self":[{"href":"https:\/\/klasmann-deilmann.com\/de\/wp-json\/wp\/v2\/pages\/52590","targetHints":{"allow":["GET"]}}],"collection":[{"href":"https:\/\/klasmann-deilmann.com\/de\/wp-json\/wp\/v2\/pages"}],"about":[{"href":"https:\/\/klasmann-deilmann.com\/de\/wp-json\/wp\/v2\/types\/page"}],"author":[{"embeddable":true,"href":"https:\/\/klasmann-deilmann.com\/de\/wp-json\/wp\/v2\/users\/7"}],"replies":[{"embeddable":true,"href":"https:\/\/klasmann-deilmann.com\/de\/wp-json\/wp\/v2\/comments?post=52590"}],"version-history":[{"count":62,"href":"https:\/\/klasmann-deilmann.com\/de\/wp-json\/wp\/v2\/pages\/52590\/revisions"}],"predecessor-version":[{"id":81777,"href":"https:\/\/klasmann-deilmann.com\/de\/wp-json\/wp\/v2\/pages\/52590\/revisions\/81777"}],"up":[{"embeddable":true,"href":"https:\/\/klasmann-deilmann.com\/de\/wp-json\/wp\/v2\/pages\/39669"}],"wp:attachment":[{"href":"https:\/\/klasmann-deilmann.com\/de\/wp-json\/wp\/v2\/media?parent=52590"}],"curies":[{"name":"wp","href":"https:\/\/api.w.org\/{rel}","templated":true}]}}