{"id":42280,"date":"2021-11-16T14:13:48","date_gmt":"2021-11-16T13:13:48","guid":{"rendered":"https:\/\/klasmann-deilmann.com\/?page_id=42280"},"modified":"2024-03-18T15:37:41","modified_gmt":"2024-03-18T14:37:41","slug":"log-solve","status":"publish","type":"page","link":"https:\/\/klasmann-deilmann.com\/de\/produkte-loesungen\/log-solve\/","title":{"rendered":"Log &#038; Solve"},"content":{"rendered":"<div class=\"wpb-content-wrapper\">[vc_row][vc_column][kd_header_random_image_banner image=&#8220;34470&#8243;][\/kd_header_random_image_banner][\/vc_column][\/vc_row][vc_row css=&#8220;.vc_custom_1627996958238{padding-bottom: 50px !important;}&#8220;][vc_column][vc_row_inner][vc_column_inner][vc_column_text]<\/p>\n<h2>Log &amp;&nbsp;Solve: Effizienz steigern \u2013 Ausfallraten senken<\/h2>\n<p>[\/vc_column_text][\/vc_column_inner][\/vc_row_inner][vc_row_inner][vc_column_inner][vc_column_text]Log &amp; Solve ist eine digitale Plattform f\u00fcr den Produktionsgartenbau. Mit der innovativen Anwendung k\u00f6nnen Kulturdaten zentral erfasst werden. Erwerbsg\u00e4rtner gewinnen dadurch neue Erkenntnisse und k\u00f6nnen die Effizienz ihrer Kulturen verbessern.<\/p>\n<p>Log &amp; Solve unterst\u00fctzt G\u00e4rtner bei der Kulturf\u00fchrung mit Hilfe von Analysedaten und Sensordaten. Es organisiert alle kulturbezogenen Informationen, die dann automatisch geb\u00fcndelt, ausgewertet und grafisch visualisiert werden. Auf dieser Basis k\u00f6nnen Fehlentwicklungen in den Kulturen schneller erkannt und abgewendet werden.[\/vc_column_text][\/vc_column_inner][\/vc_row_inner][vc_row_inner][vc_column_inner width=&#8220;1\/2&#8243;][vc_column_text]<img loading=\"lazy\" decoding=\"async\" width=\"1024\" height=\"683\" class=\"alignnone size-full wp-image-24942\" src=\"\/wp-content\/uploads\/klasmann_deilmann_log_and_solve_woman_in_greenhouse.jpg\" alt=\"woman with tablet in an greenhouse\" srcset=\"https:\/\/klasmann-deilmann.com\/wp-content\/uploads\/klasmann_deilmann_log_and_solve_woman_in_greenhouse.jpg 1024w, https:\/\/klasmann-deilmann.com\/wp-content\/uploads\/klasmann_deilmann_log_and_solve_woman_in_greenhouse-300x200.jpg 300w, https:\/\/klasmann-deilmann.com\/wp-content\/uploads\/klasmann_deilmann_log_and_solve_woman_in_greenhouse-768x512.jpg 768w, https:\/\/klasmann-deilmann.com\/wp-content\/uploads\/klasmann_deilmann_log_and_solve_woman_in_greenhouse-125x83.jpg 125w\" sizes=\"auto, (max-width: 1024px) 100vw, 1024px\" \/>[\/vc_column_text][\/vc_column_inner][vc_column_inner width=&#8220;1\/2&#8243;][vc_column_text el_class=&#8220;pluslist green&#8220;]<\/p>\n<ul>\n<li>Die Basisausstattung ber\u00fccksichtigt Analysen von Substrat- und Wasserproben sowie Notizen zu Kulturma\u00dfnahmen und Beobachtungen im Pflanzenbestand, Fotos und vieles&nbsp;mehr.<\/li>\n<\/ul>\n<p>[\/vc_column_text][vc_column_text el_class=&#8220;pluslist green&#8220;]<\/p>\n<ul>\n<li>In der erweiterten Version erfassen moderne Sensoren N\u00e4hrstoffgehalte und Substratfeuchte kontinuierlich direkt im Pflanztopf und erstellen automatisierte Statusmeldungen.<\/li>\n<\/ul>\n<p>[\/vc_column_text][vc_column_text el_class=&#8220;pluslist green&#8220;]<\/p>\n<ul>\n<li>Auch die im Gew\u00e4chshaus ohnehin erhobenen Daten zu Luftfeuchte, Temperatur und Licht k\u00f6nnen einbezogen werden.<\/li>\n<\/ul>\n<p>[\/vc_column_text][kd_download_button show_link_download1=&#8220;download&#8220; download1=&#8220;17114&#8243; showinpdfreader=&#8220;&#8220;][\/vc_column_inner][vc_column_inner][\/vc_column_inner][\/vc_row_inner][\/vc_column][\/vc_row][vc_section][vc_row][vc_column][kd_accordion_custom color=&#8220;kdgreen&#8220; shape=&#8220;square&#8220; gap=&#8220;20&#8243; collapsible_all=&#8220;true&#8220; active_section=&#8220;99&#8243;][vc_tta_section title=&#8220;Nutzen Sie alle Vorteile von Log &amp; Solve&#8220; tab_id=&#8220;advantages&#8220;][vc_row_inner][vc_column_inner width=&#8220;1\/2&#8243;][vc_column_text el_class=&#8220;pluslist green&#8220;]<\/p>\n<ul>\n<li>Sichern Sie den Ertrag Ihrer Kulturen<\/li>\n<li>Machen Sie Ihre Produktion effizienter und verringern Sie Kulturausf\u00e4lle<\/li>\n<li>\u00dcberwachen Sie ma\u00dfgebliche Kulturparameter und beugen Sie Kulturproblemen&nbsp;vor<\/li>\n<li>Gewinnen Sie datenbasierte Erkenntnisse, um Kulturprobleme schneller zu l\u00f6sen oder zu vermeiden<\/li>\n<li>Stellen Sie Beratern digitale Kulturdaten zur Verf\u00fcgung und erhalten Sie kompetente Unterst\u00fctzung<\/li>\n<li>Erfassen Sie Informationen \u00fcber Kulturma\u00dfnahmen, Beobachtungen im Pflanzenbestand, Fotos und vieles&nbsp;mehr<\/li>\n<li>Nutzen Sie alle Vorteile von Log &amp;&nbsp;Solve auch mit Ihrem Smartphone<\/li>\n<\/ul>\n<p>[\/vc_column_text][\/vc_column_inner][vc_column_inner width=&#8220;1\/2&#8243;][vc_column_text]<img loading=\"lazy\" decoding=\"async\" width=\"2560\" height=\"1707\" class=\"alignnone size-full wp-image-35975\" src=\"\/wp-content\/uploads\/log_and_solve_advantages.jpg\" alt=\"\" srcset=\"https:\/\/klasmann-deilmann.com\/wp-content\/uploads\/log_and_solve_advantages.jpg 2560w, https:\/\/klasmann-deilmann.com\/wp-content\/uploads\/log_and_solve_advantages-300x200.jpg 300w, https:\/\/klasmann-deilmann.com\/wp-content\/uploads\/log_and_solve_advantages-1024x683.jpg 1024w, https:\/\/klasmann-deilmann.com\/wp-content\/uploads\/log_and_solve_advantages-768x512.jpg 768w, https:\/\/klasmann-deilmann.com\/wp-content\/uploads\/log_and_solve_advantages-1536x1024.jpg 1536w, https:\/\/klasmann-deilmann.com\/wp-content\/uploads\/log_and_solve_advantages-2048x1366.jpg 2048w\" sizes=\"auto, (max-width: 2560px) 100vw, 2560px\" \/>[\/vc_column_text][\/vc_column_inner][\/vc_row_inner][\/vc_tta_section][vc_tta_section title=&#8220;Logfunktion je Kultureinheit&#8220; tab_id=&#8220;log-functionalities&#8220;][vc_row_inner][vc_column_inner width=&#8220;1\/2&#8243;][vc_column_text]<img loading=\"lazy\" decoding=\"async\" width=\"2560\" height=\"1707\" class=\"alignnone size-full wp-image-35979\" src=\"\/wp-content\/uploads\/weather_data.jpg\" alt=\"\" srcset=\"https:\/\/klasmann-deilmann.com\/wp-content\/uploads\/weather_data.jpg 2560w, https:\/\/klasmann-deilmann.com\/wp-content\/uploads\/weather_data-300x200.jpg 300w, https:\/\/klasmann-deilmann.com\/wp-content\/uploads\/weather_data-1024x683.jpg 1024w, https:\/\/klasmann-deilmann.com\/wp-content\/uploads\/weather_data-768x512.jpg 768w, https:\/\/klasmann-deilmann.com\/wp-content\/uploads\/weather_data-1536x1024.jpg 1536w, https:\/\/klasmann-deilmann.com\/wp-content\/uploads\/weather_data-2048x1366.jpg 2048w\" sizes=\"auto, (max-width: 2560px) 100vw, 2560px\" \/>[\/vc_column_text][\/vc_column_inner][vc_column_inner width=&#8220;1\/2&#8243;][vc_column_text el_class=&#8220;pluslist green&#8220;]<\/p>\n<ul>\n<li>Automatische Speicherung von Substrat- und Wasseranalysen<\/li>\n<li>Automatischer Abgleich von Analyseergebnissen mit Referenzdaten<\/li>\n<li>Speichern und Teilen von Fotos und Beobachtungen in Kulturen<\/li>\n<li>Erfassen von Notizen<\/li>\n<li>Kulturarchiv<\/li>\n<li>Informationen zu Anbaustrategien<\/li>\n<\/ul>\n<p>[\/vc_column_text][\/vc_column_inner][\/vc_row_inner][\/vc_tta_section][vc_tta_section title=&#8220;Allgemeine Funktionen&#8220; tab_id=&#8220;general-functionalities&#8220;][vc_row_inner][vc_column_inner width=&#8220;1\/2&#8243;][vc_column_text el_class=&#8220;pluslist green&#8220;]<\/p>\n<ul>\n<li>Wetterdaten<\/li>\n<li>Zugang zum Know-How der technischen Berater von Klsmann-Deilmann<\/li>\n<\/ul>\n<p>[\/vc_column_text][\/vc_column_inner][vc_column_inner width=&#8220;1\/2&#8243;][vc_column_text el_class=&#8220;pluslist green&#8220;]<img loading=\"lazy\" decoding=\"async\" width=\"2560\" height=\"1920\" class=\"alignnone size-full wp-image-35981\" src=\"\/wp-content\/uploads\/log_functionalities.jpg\" alt=\"\" srcset=\"https:\/\/klasmann-deilmann.com\/wp-content\/uploads\/log_functionalities.jpg 2560w, https:\/\/klasmann-deilmann.com\/wp-content\/uploads\/log_functionalities-300x225.jpg 300w, https:\/\/klasmann-deilmann.com\/wp-content\/uploads\/log_functionalities-1024x768.jpg 1024w, https:\/\/klasmann-deilmann.com\/wp-content\/uploads\/log_functionalities-768x576.jpg 768w, https:\/\/klasmann-deilmann.com\/wp-content\/uploads\/log_functionalities-1536x1152.jpg 1536w, https:\/\/klasmann-deilmann.com\/wp-content\/uploads\/log_functionalities-2048x1536.jpg 2048w\" sizes=\"auto, (max-width: 2560px) 100vw, 2560px\" \/>[\/vc_column_text][\/vc_column_inner][\/vc_row_inner][\/vc_tta_section][\/kd_accordion_custom][\/vc_column][\/vc_row][\/vc_section][vc_row background_color=&#8220;kdlightgray&#8220;][vc_column][vc_row_inner][vc_column_inner][vc_column_text]<\/p>\n<h2>Wir pr\u00e4sentieren: Die digitale Beratungsplattform Log &amp; Solve<\/h2>\n<p>[\/vc_column_text][\/vc_column_inner][\/vc_row_inner][vc_row_inner][vc_column_inner][kd_videobox videofrom=&#8220;youtube&#8220; link=&#8220;https:\/\/youtu.be\/Fk8nMfpnM14&#8243;][\/vc_column_inner][\/vc_row_inner][\/vc_column][\/vc_row][vc_row][vc_column][vc_row_inner][vc_column_inner][vc_column_text]<\/p>\n<h2>Nach dem Ausblick der Einblick: Starten Sie Ihre digitale Zukunft hier.<\/h2>\n<p>[\/vc_column_text][vc_column_text]Die drei Bildschirmfotos k\u00f6nnen Ihnen nur einen kleinen Ausblick auf die M\u00f6glichkeiten von Log &amp; Solve vermitteln. Entdecken Sie mehr und gewinnen Sie den vollen Einblick.[\/vc_column_text][\/vc_column_inner][\/vc_row_inner][vc_row_inner][vc_column_inner][vc_gallery interval=&#8220;10&#8243; images=&#8220;24957,24967,24977&#8243; img_size=&#8220;full&#8220; onclick=&#8220;&#8220;][\/vc_column_inner][\/vc_row_inner][\/vc_column][\/vc_row][vc_row css=&#8220;.vc_custom_1629276316606{margin-top: 30px !important;padding-top: 50px !important;padding-bottom: 50px !important;background-color: #414345 !important;}&#8220;][vc_column][vc_row_inner][vc_column_inner width=&#8220;1\/2&#8243;][vc_column_text]<a href=\"https:\/\/logandsolve.com\/en\/\"><img loading=\"lazy\" decoding=\"async\" width=\"1024\" height=\"523\" class=\"alignnone size-large wp-image-25006\" src=\"\/wp-content\/uploads\/klasmann_deilmann_log_and_solve-1024x523.jpg\" alt=\"link to log&amp;solve\" srcset=\"https:\/\/klasmann-deilmann.com\/wp-content\/uploads\/klasmann_deilmann_log_and_solve-1024x523.jpg 1024w, https:\/\/klasmann-deilmann.com\/wp-content\/uploads\/klasmann_deilmann_log_and_solve-300x153.jpg 300w, https:\/\/klasmann-deilmann.com\/wp-content\/uploads\/klasmann_deilmann_log_and_solve-768x392.jpg 768w, https:\/\/klasmann-deilmann.com\/wp-content\/uploads\/klasmann_deilmann_log_and_solve-1536x784.jpg 1536w, https:\/\/klasmann-deilmann.com\/wp-content\/uploads\/klasmann_deilmann_log_and_solve-125x64.jpg 125w, https:\/\/klasmann-deilmann.com\/wp-content\/uploads\/klasmann_deilmann_log_and_solve.jpg 1889w\" sizes=\"auto, (max-width: 1024px) 100vw, 1024px\" \/><\/a>[\/vc_column_text][\/vc_column_inner][vc_column_inner width=&#8220;1\/2&#8243;][vc_column_text]<\/p>\n<h3>Dein Weg zu Log &amp; Solve<\/h3>\n<p>[\/vc_column_text][vc_column_text]\u00dcber \u201eHier geht es zu Log &amp;&nbsp;Solve\u201d k\u00f6nnen Sie sich anmelden. Wenn Sie noch keine Anmeldedaten haben, wenden Sie sich einfach an Ihren pers\u00f6nlichen Vertriebsmitarbeiter von Klasmann-Deilmann oder schreiben Sie an Co-Anne Kranenburg \u2013 van Waaij.[\/vc_column_text][\/vc_column_inner][\/vc_row_inner][\/vc_column][\/vc_row][vc_row css=&#8220;.vc_custom_1627485951011{padding-top: 50px !important;padding-bottom: 50px !important;}&#8220;][vc_column][vc_row_inner][vc_column_inner width=&#8220;1\/2&#8243;][vc_column_text]<\/p>\n<h2>Beratung in Reinkultur: An jedem Ort zur Stelle<\/h2>\n<p>[\/vc_column_text][vc_column_text]Dank Log &amp; Solve k\u00f6nnen Kunden die aktuellen Daten zu ihren Kulturen jederzeit einsehen. Sie k\u00f6nnen diese auch direkt mit ihrem technischen Berater von Klasmann-Deilmann besprechen. Bei Fragen oder Problemen kann dieser anhand der Daten zeitnah eine Empfehlung aussprechen. Unabh\u00e4ngig davon, ob dieser am gleichen Ort ist oder nicht. Log &amp; Solve funktioniert auf dem Smartphone n\u00e4mlich ebenso schnell wie auf dem PC.[\/vc_column_text][kd_download_button show_link_download1=&#8220;link&#8220; link1=&#8220;url:mailto%3Alog.solve%40klasmann-deilmann.com|title:Schreiben%20Sie%20uns&#8220;][\/vc_column_inner][vc_column_inner width=&#8220;1\/2&#8243;][vc_column_text]<img loading=\"lazy\" decoding=\"async\" width=\"1024\" height=\"683\" class=\"alignnone size-large wp-image-19648\" src=\"\/wp-content\/uploads\/iStock-986566084-1024x683.jpg\" alt=\"\" srcset=\"https:\/\/klasmann-deilmann.com\/wp-content\/uploads\/iStock-986566084-1024x683.jpg 1024w, https:\/\/klasmann-deilmann.com\/wp-content\/uploads\/iStock-986566084-300x200.jpg 300w, https:\/\/klasmann-deilmann.com\/wp-content\/uploads\/iStock-986566084-768x513.jpg 768w, https:\/\/klasmann-deilmann.com\/wp-content\/uploads\/iStock-986566084-1536x1025.jpg 1536w, https:\/\/klasmann-deilmann.com\/wp-content\/uploads\/iStock-986566084-2048x1367.jpg 2048w, https:\/\/klasmann-deilmann.com\/wp-content\/uploads\/iStock-986566084-125x83.jpg 125w\" sizes=\"auto, (max-width: 1024px) 100vw, 1024px\" \/>[\/vc_column_text][\/vc_column_inner][\/vc_row_inner][\/vc_column][\/vc_row][vc_row background_color=&#8220;kdlightgray&#8220; disable_element=&#8220;yes&#8220; css=&#8220;.vc_custom_1660654799959{padding-top: 50px !important;padding-bottom: 50px !important;}&#8220;][vc_column][vc_row_inner content_placement=&#8220;middle&#8220;][vc_column_inner width=&#8220;1\/3&#8243;][vc_column_text]<img loading=\"lazy\" decoding=\"async\" width=\"595\" height=\"259\" class=\"alignnone size-full wp-image-54069\" src=\"\/wp-content\/uploads\/Log_and_Solve_Icon_Live_Demo.png\" alt=\"\" srcset=\"https:\/\/klasmann-deilmann.com\/wp-content\/uploads\/Log_and_Solve_Icon_Live_Demo.png 595w, https:\/\/klasmann-deilmann.com\/wp-content\/uploads\/Log_and_Solve_Icon_Live_Demo-300x131.png 300w\" sizes=\"auto, (max-width: 595px) 100vw, 595px\" \/>[\/vc_column_text][\/vc_column_inner][vc_column_inner width=&#8220;2\/3&#8243;][vc_column_text]<\/p>\n<h2>Ihr digitales Erlebnis zur digitalen Plattform:<br \/>\nLernen Sie Log &amp; Solve live kennen<\/h2>\n<p>[\/vc_column_text][vc_column_text]Sie sind herzlich eingeladen, an einer exklusiven und unverbindlichen Live-Online-Demonstration von Log &amp; Solve teilzunehmen. <a href=\"https:\/\/klasmann-deilmann.com\/de\/produkte-loesungen\/log-solve\/kontaktformular\/\"><u>F\u00fcr einen pers\u00f6nlichen Termin mit einer unserer Expertinnen oder einem unserer Experten, klicken Sie bitte hier<\/u><\/a>.[\/vc_column_text][\/vc_column_inner][\/vc_row_inner][\/vc_column][\/vc_row][vc_row css=&#8220;.vc_custom_1627485951011{padding-top: 50px !important;padding-bottom: 50px !important;}&#8220;][vc_column][kd_getintouch image=&#8220;32948&#8243;][\/vc_column][\/vc_row]<\/div>\n","protected":false},"excerpt":{"rendered":"<p>[vc_row][vc_column][kd_header_random_image_banner image=&#8220;34470&#8243;][\/kd_header_random_image_banner][\/vc_column][\/vc_row][vc_row css=&#8220;.vc_custom_1627996958238{padding-bottom: 50px !important;}&#8220;][vc_column][vc_row_inner][vc_column_inner][vc_column_text] Log &amp;&nbsp;Solve: Effizienz steigern \u2013 Ausfallraten senken [\/vc_column_text][\/vc_column_inner][\/vc_row_inner][vc_row_inner][vc_column_inner][vc_column_text]Log &amp; Solve ist eine digitale Plattform f\u00fcr den Produktionsgartenbau. Mit der innovativen Anwendung k\u00f6nnen Kulturdaten zentral erfasst werden. Erwerbsg\u00e4rtner gewinnen dadurch neue Erkenntnisse und k\u00f6nnen die Effizienz ihrer Kulturen verbessern. Log &amp; Solve unterst\u00fctzt G\u00e4rtner bei der Kulturf\u00fchrung mit Hilfe von Analysedaten und Sensordaten. Es organisiert alle kulturbezogenen Informationen, die dann automatisch geb\u00fcndelt, ausgewertet und grafisch visualisiert werden. Auf dieser Basis k\u00f6nnen Fehlentwicklungen in den Kulturen schneller<\/p>\n","protected":false},"author":7,"featured_media":0,"parent":40410,"menu_order":497,"comment_status":"closed","ping_status":"closed","template":"","meta":{"_acf_changed":false,"inline_featured_image":false,"footnotes":""},"class_list":["post-42280","page","type-page","status-publish","hentry"],"acf":[],"yoast_head":"<!-- This site is optimized with the Yoast SEO plugin v27.5 - https:\/\/yoast.com\/product\/yoast-seo-wordpress\/ -->\n<title>Log &amp; Solve - Klasmann-Deilmann<\/title>\n<meta name=\"robots\" content=\"index, follow, max-snippet:-1, max-image-preview:large, max-video-preview:-1\" \/>\n<link rel=\"canonical\" href=\"https:\/\/klasmann-deilmann.com\/de\/produkte-loesungen\/log-solve\/\" \/>\n<meta property=\"og:locale\" content=\"de_DE\" \/>\n<meta property=\"og:type\" content=\"article\" \/>\n<meta property=\"og:title\" content=\"Log &amp; Solve - Klasmann-Deilmann\" \/>\n<meta property=\"og:description\" content=\"[vc_row][vc_column][kd_header_random_image_banner image=&#8220;34470&#8243;][\/kd_header_random_image_banner][\/vc_column][\/vc_row][vc_row css=&#8220;.vc_custom_1627996958238{padding-bottom: 50px !important;}&#8220;][vc_column][vc_row_inner][vc_column_inner][vc_column_text] Log &amp;&nbsp;Solve: Effizienz steigern \u2013 Ausfallraten senken [\/vc_column_text][\/vc_column_inner][\/vc_row_inner][vc_row_inner][vc_column_inner][vc_column_text]Log &amp; Solve ist eine digitale Plattform f\u00fcr den Produktionsgartenbau. Mit der innovativen Anwendung k\u00f6nnen Kulturdaten zentral erfasst werden. Erwerbsg\u00e4rtner gewinnen dadurch neue Erkenntnisse und k\u00f6nnen die Effizienz ihrer Kulturen verbessern. Log &amp; Solve unterst\u00fctzt G\u00e4rtner bei der Kulturf\u00fchrung mit Hilfe von Analysedaten und Sensordaten. Es organisiert alle kulturbezogenen Informationen, die dann automatisch geb\u00fcndelt, ausgewertet und grafisch visualisiert werden. Auf dieser Basis k\u00f6nnen Fehlentwicklungen in den Kulturen schneller\" \/>\n<meta property=\"og:url\" content=\"https:\/\/klasmann-deilmann.com\/de\/produkte-loesungen\/log-solve\/\" \/>\n<meta property=\"og:site_name\" content=\"Klasmann-Deilmann\" \/>\n<meta property=\"article:modified_time\" content=\"2024-03-18T14:37:41+00:00\" \/>\n<meta name=\"twitter:card\" content=\"summary_large_image\" \/>\n<meta name=\"twitter:label1\" content=\"Gesch\u00e4tzte Lesezeit\" \/>\n\t<meta name=\"twitter:data1\" content=\"4\u00a0Minuten\" \/>\n<script type=\"application\/ld+json\" class=\"yoast-schema-graph\">{\"@context\":\"https:\\\/\\\/schema.org\",\"@graph\":[{\"@type\":\"WebPage\",\"@id\":\"https:\\\/\\\/klasmann-deilmann.com\\\/de\\\/produkte-loesungen\\\/log-solve\\\/\",\"url\":\"https:\\\/\\\/klasmann-deilmann.com\\\/de\\\/produkte-loesungen\\\/log-solve\\\/\",\"name\":\"Log & Solve - Klasmann-Deilmann\",\"isPartOf\":{\"@id\":\"https:\\\/\\\/klasmann-deilmann.com\\\/en\\\/#website\"},\"datePublished\":\"2021-11-16T13:13:48+00:00\",\"dateModified\":\"2024-03-18T14:37:41+00:00\",\"breadcrumb\":{\"@id\":\"https:\\\/\\\/klasmann-deilmann.com\\\/de\\\/produkte-loesungen\\\/log-solve\\\/#breadcrumb\"},\"inLanguage\":\"de\",\"potentialAction\":[{\"@type\":\"ReadAction\",\"target\":[\"https:\\\/\\\/klasmann-deilmann.com\\\/de\\\/produkte-loesungen\\\/log-solve\\\/\"]}]},{\"@type\":\"BreadcrumbList\",\"@id\":\"https:\\\/\\\/klasmann-deilmann.com\\\/de\\\/produkte-loesungen\\\/log-solve\\\/#breadcrumb\",\"itemListElement\":[{\"@type\":\"ListItem\",\"position\":1,\"name\":\"Home\",\"item\":\"https:\\\/\\\/klasmann-deilmann.com\\\/de\\\/\"},{\"@type\":\"ListItem\",\"position\":2,\"name\":\"Produkte &#038; L\u00f6sungen\",\"item\":\"https:\\\/\\\/klasmann-deilmann.com\\\/de\\\/produkte-loesungen\\\/\"},{\"@type\":\"ListItem\",\"position\":3,\"name\":\"Log & Solve\"}]},{\"@type\":\"WebSite\",\"@id\":\"https:\\\/\\\/klasmann-deilmann.com\\\/en\\\/#website\",\"url\":\"https:\\\/\\\/klasmann-deilmann.com\\\/en\\\/\",\"name\":\"Klasmann-Deilmann\",\"description\":\"\",\"potentialAction\":[{\"@type\":\"SearchAction\",\"target\":{\"@type\":\"EntryPoint\",\"urlTemplate\":\"https:\\\/\\\/klasmann-deilmann.com\\\/en\\\/?s={search_term_string}\"},\"query-input\":{\"@type\":\"PropertyValueSpecification\",\"valueRequired\":true,\"valueName\":\"search_term_string\"}}],\"inLanguage\":\"de\"}]}<\/script>\n<!-- \/ Yoast SEO plugin. -->","yoast_head_json":{"title":"Log & Solve - Klasmann-Deilmann","robots":{"index":"index","follow":"follow","max-snippet":"max-snippet:-1","max-image-preview":"max-image-preview:large","max-video-preview":"max-video-preview:-1"},"canonical":"https:\/\/klasmann-deilmann.com\/de\/produkte-loesungen\/log-solve\/","og_locale":"de_DE","og_type":"article","og_title":"Log & Solve - Klasmann-Deilmann","og_description":"[vc_row][vc_column][kd_header_random_image_banner image=&#8220;34470&#8243;][\/kd_header_random_image_banner][\/vc_column][\/vc_row][vc_row css=&#8220;.vc_custom_1627996958238{padding-bottom: 50px !important;}&#8220;][vc_column][vc_row_inner][vc_column_inner][vc_column_text] Log &amp;&nbsp;Solve: Effizienz steigern \u2013 Ausfallraten senken [\/vc_column_text][\/vc_column_inner][\/vc_row_inner][vc_row_inner][vc_column_inner][vc_column_text]Log &amp; Solve ist eine digitale Plattform f\u00fcr den Produktionsgartenbau. Mit der innovativen Anwendung k\u00f6nnen Kulturdaten zentral erfasst werden. Erwerbsg\u00e4rtner gewinnen dadurch neue Erkenntnisse und k\u00f6nnen die Effizienz ihrer Kulturen verbessern. Log &amp; Solve unterst\u00fctzt G\u00e4rtner bei der Kulturf\u00fchrung mit Hilfe von Analysedaten und Sensordaten. Es organisiert alle kulturbezogenen Informationen, die dann automatisch geb\u00fcndelt, ausgewertet und grafisch visualisiert werden. Auf dieser Basis k\u00f6nnen Fehlentwicklungen in den Kulturen schneller","og_url":"https:\/\/klasmann-deilmann.com\/de\/produkte-loesungen\/log-solve\/","og_site_name":"Klasmann-Deilmann","article_modified_time":"2024-03-18T14:37:41+00:00","twitter_card":"summary_large_image","twitter_misc":{"Gesch\u00e4tzte Lesezeit":"4\u00a0Minuten"},"schema":{"@context":"https:\/\/schema.org","@graph":[{"@type":"WebPage","@id":"https:\/\/klasmann-deilmann.com\/de\/produkte-loesungen\/log-solve\/","url":"https:\/\/klasmann-deilmann.com\/de\/produkte-loesungen\/log-solve\/","name":"Log & Solve - Klasmann-Deilmann","isPartOf":{"@id":"https:\/\/klasmann-deilmann.com\/en\/#website"},"datePublished":"2021-11-16T13:13:48+00:00","dateModified":"2024-03-18T14:37:41+00:00","breadcrumb":{"@id":"https:\/\/klasmann-deilmann.com\/de\/produkte-loesungen\/log-solve\/#breadcrumb"},"inLanguage":"de","potentialAction":[{"@type":"ReadAction","target":["https:\/\/klasmann-deilmann.com\/de\/produkte-loesungen\/log-solve\/"]}]},{"@type":"BreadcrumbList","@id":"https:\/\/klasmann-deilmann.com\/de\/produkte-loesungen\/log-solve\/#breadcrumb","itemListElement":[{"@type":"ListItem","position":1,"name":"Home","item":"https:\/\/klasmann-deilmann.com\/de\/"},{"@type":"ListItem","position":2,"name":"Produkte &#038; L\u00f6sungen","item":"https:\/\/klasmann-deilmann.com\/de\/produkte-loesungen\/"},{"@type":"ListItem","position":3,"name":"Log & Solve"}]},{"@type":"WebSite","@id":"https:\/\/klasmann-deilmann.com\/en\/#website","url":"https:\/\/klasmann-deilmann.com\/en\/","name":"Klasmann-Deilmann","description":"","potentialAction":[{"@type":"SearchAction","target":{"@type":"EntryPoint","urlTemplate":"https:\/\/klasmann-deilmann.com\/en\/?s={search_term_string}"},"query-input":{"@type":"PropertyValueSpecification","valueRequired":true,"valueName":"search_term_string"}}],"inLanguage":"de"}]}},"_links":{"self":[{"href":"https:\/\/klasmann-deilmann.com\/de\/wp-json\/wp\/v2\/pages\/42280","targetHints":{"allow":["GET"]}}],"collection":[{"href":"https:\/\/klasmann-deilmann.com\/de\/wp-json\/wp\/v2\/pages"}],"about":[{"href":"https:\/\/klasmann-deilmann.com\/de\/wp-json\/wp\/v2\/types\/page"}],"author":[{"embeddable":true,"href":"https:\/\/klasmann-deilmann.com\/de\/wp-json\/wp\/v2\/users\/7"}],"replies":[{"embeddable":true,"href":"https:\/\/klasmann-deilmann.com\/de\/wp-json\/wp\/v2\/comments?post=42280"}],"version-history":[{"count":13,"href":"https:\/\/klasmann-deilmann.com\/de\/wp-json\/wp\/v2\/pages\/42280\/revisions"}],"predecessor-version":[{"id":83854,"href":"https:\/\/klasmann-deilmann.com\/de\/wp-json\/wp\/v2\/pages\/42280\/revisions\/83854"}],"up":[{"embeddable":true,"href":"https:\/\/klasmann-deilmann.com\/de\/wp-json\/wp\/v2\/pages\/40410"}],"wp:attachment":[{"href":"https:\/\/klasmann-deilmann.com\/de\/wp-json\/wp\/v2\/media?parent=42280"}],"curies":[{"name":"wp","href":"https:\/\/api.w.org\/{rel}","templated":true}]}}