{"id":41701,"date":"2021-11-16T14:12:32","date_gmt":"2021-11-16T13:12:32","guid":{"rendered":"https:\/\/klasmann-deilmann.com\/?page_id=41701"},"modified":"2022-01-04T09:43:17","modified_gmt":"2022-01-04T08:43:17","slug":"florabella-hobbyerden","status":"publish","type":"page","link":"https:\/\/klasmann-deilmann.com\/de\/produkte-loesungen\/florabella-hobbyerden\/","title":{"rendered":"Florabella\u00ae Hobbyerden"},"content":{"rendered":"<div class=\"wpb-content-wrapper\">\n<p>[vc_row][vc_column][kd_header_random_image_banner image=&#8220;33221&#8243;][\/kd_header_random_image_banner][\/vc_column][\/vc_row][vc_row][vc_column][vc_row_inner][vc_column_inner][vc_column_text]<\/p>\n<h2 style=\"text-align: left;\">Florabella\u00ae: Qualit\u00e4tserden von Klasmann-Deilmann<\/h2>\n<p><strong>Florabella\u00ae unterst\u00fctzt bereits seit \u00fcber 60 Jahren Hobbyg\u00e4rtner bei der Pflege ihrer Pflanzen. Ganz gleich, ob Blumen, Gr\u00fcnpflanzen, Obst, Gem\u00fcse oder Kr\u00e4uter \u2013Florabella\u00ae Qualit\u00e4tserden bieten Ihnen Profi-Qualit\u00e4t.<\/strong>[\/vc_column_text][\/vc_column_inner][\/vc_row_inner][\/vc_column][\/vc_row][vc_row css=&#8220;.vc_custom_1628686737064{margin-top: 30px !important;padding-top: 70px !important;padding-bottom: 30px !important;background-color: #414345 !important;}&#8220;][vc_column][vc_row_inner][vc_column_inner width=&#8220;1\/2&#8243;][vc_column_text]<\/p>\n<h3>Selbst als Anf\u00e4nger wie ein Profi \u00fcber sich hinauswachsen.<\/h3>\n<p>&nbsp;<br \/>\n<strong>Florabella\u00ae Qualit\u00e4tserden \u2026<\/strong><br \/>\n\u2026 bieten einen idealen Wasserspeicher, damit Pflanzen nicht austrocknen<br \/>\n\u2026 leiten \u00fcbersch\u00fcssiges Wasser ab und verhindern somit Staun\u00e4sse<br \/>\n\u2026 versorgen die Wurzeln optimal mit Luft und bieten ihnen sicheren Halt f\u00fcr gesundes Wachstum<br \/>\n\u2026 behalten stabil ihre erstklassige Struktur<br \/>\n\u2026 speichern N\u00e4hrstoffe und Spurenelemente und geben diese langsam an die Pflanze ab<br \/>\n\u2026 puffern Unregelm\u00e4\u00dfigkeiten bei der Pflege ab, beispielsweise wenn zu viel bzw. zu wenig ged\u00fcngt oder gegossen wird[\/vc_column_text][kd_download_button show_link_download1=&#8220;download&#8220; download1=&#8220;1428&#8243; showinpdfreader=&#8220;true&#8220;][\/vc_column_inner][vc_column_inner width=&#8220;1\/2&#8243;][vc_single_image image=&#8220;36947&#8243; img_size=&#8220;full&#8220;][\/vc_column_inner][\/vc_row_inner][\/vc_column][\/vc_row][vc_row][vc_column][vc_empty_space][\/vc_column][\/vc_row][vc_row][vc_column][vc_empty_space][\/vc_column][\/vc_row][vc_row][vc_column][vc_row_inner][vc_column_inner width=&#8220;1\/2&#8243;][vc_column_text]<\/p>\n<h2>Geeignet f\u00fcr alle Anwendungen<\/h2>\n<p>[\/vc_column_text][vc_gallery interval=&#8220;10&#8243; images=&#8220;33342,33346,33344,33368,33366,33364,33362,33358,33356,33354,33352,33350,33348&#8243; img_size=&#8220;full&#8220; onclick=&#8220;&#8220;][\/vc_column_inner][vc_column_inner width=&#8220;1\/2&#8243;][vc_column_text]<\/p>\n<h2>Geeignet f\u00fcr alle Anwender<\/h2>\n<p>[\/vc_column_text][vc_gallery interval=&#8220;10&#8243; images=&#8220;33378,33382,33386,33384,33388,33390,33221,38483&#8243; img_size=&#8220;full&#8220; onclick=&#8220;&#8220;][\/vc_column_inner][\/vc_row_inner][\/vc_column][\/vc_row][vc_row css=&#8220;.vc_custom_1628855096120{margin-top: 70px !important;}&#8220;][vc_column][kd_getintouch image=&#8220;32948&#8243;][\/vc_column][\/vc_row]<\/p>\n<\/div>\n","protected":false},"excerpt":{"rendered":"<p>[vc_row][vc_column][kd_header_random_image_banner image=&#8220;33221&#8243;][\/kd_header_random_image_banner][\/vc_column][\/vc_row][vc_row][vc_column][vc_row_inner][vc_column_inner][vc_column_text] Florabella\u00ae: Qualit\u00e4tserden von Klasmann-Deilmann Florabella\u00ae unterst\u00fctzt bereits seit \u00fcber 60 Jahren Hobbyg\u00e4rtner bei der Pflege ihrer Pflanzen. Ganz gleich, ob Blumen, Gr\u00fcnpflanzen, Obst, Gem\u00fcse oder Kr\u00e4uter \u2013Florabella\u00ae Qualit\u00e4tserden bieten Ihnen Profi-Qualit\u00e4t.[\/vc_column_text][\/vc_column_inner][\/vc_row_inner][\/vc_column][\/vc_row][vc_row css=&#8220;.vc_custom_1628686737064{margin-top: 30px !important;padding-top: 70px !important;padding-bottom: 30px !important;background-color: #414345 !important;}&#8220;][vc_column][vc_row_inner][vc_column_inner width=&#8220;1\/2&#8243;][vc_column_text] Selbst als Anf\u00e4nger wie ein Profi \u00fcber sich hinauswachsen. &nbsp; Florabella\u00ae Qualit\u00e4tserden \u2026 \u2026 bieten einen idealen Wasserspeicher, damit Pflanzen nicht austrocknen \u2026 leiten \u00fcbersch\u00fcssiges Wasser ab und verhindern somit Staun\u00e4sse \u2026 versorgen die Wurzeln optimal mit<\/p>\n","protected":false},"author":7,"featured_media":0,"parent":40410,"menu_order":487,"comment_status":"closed","ping_status":"closed","template":"","meta":{"_acf_changed":false,"inline_featured_image":false,"footnotes":""},"class_list":["post-41701","page","type-page","status-publish","hentry"],"acf":[],"yoast_head":"<!-- This site is optimized with the Yoast SEO plugin v27.4 - https:\/\/yoast.com\/product\/yoast-seo-wordpress\/ -->\n<title>Florabella\u00ae Hobbyerden - Klasmann-Deilmann<\/title>\n<meta name=\"robots\" content=\"index, follow, max-snippet:-1, max-image-preview:large, max-video-preview:-1\" \/>\n<link rel=\"canonical\" href=\"https:\/\/klasmann-deilmann.com\/de\/produkte-loesungen\/florabella-hobbyerden\/\" \/>\n<meta property=\"og:locale\" content=\"de_DE\" \/>\n<meta property=\"og:type\" content=\"article\" \/>\n<meta property=\"og:title\" content=\"Florabella\u00ae Hobbyerden - Klasmann-Deilmann\" \/>\n<meta property=\"og:description\" content=\"[vc_row][vc_column][kd_header_random_image_banner image=&#8220;33221&#8243;][\/kd_header_random_image_banner][\/vc_column][\/vc_row][vc_row][vc_column][vc_row_inner][vc_column_inner][vc_column_text] Florabella\u00ae: Qualit\u00e4tserden von Klasmann-Deilmann Florabella\u00ae unterst\u00fctzt bereits seit \u00fcber 60 Jahren Hobbyg\u00e4rtner bei der Pflege ihrer Pflanzen. Ganz gleich, ob Blumen, Gr\u00fcnpflanzen, Obst, Gem\u00fcse oder Kr\u00e4uter \u2013Florabella\u00ae Qualit\u00e4tserden bieten Ihnen Profi-Qualit\u00e4t.[\/vc_column_text][\/vc_column_inner][\/vc_row_inner][\/vc_column][\/vc_row][vc_row css=&#8220;.vc_custom_1628686737064{margin-top: 30px !important;padding-top: 70px !important;padding-bottom: 30px !important;background-color: #414345 !important;}&#8220;][vc_column][vc_row_inner][vc_column_inner width=&#8220;1\/2&#8243;][vc_column_text] Selbst als Anf\u00e4nger wie ein Profi \u00fcber sich hinauswachsen. &nbsp; Florabella\u00ae Qualit\u00e4tserden \u2026 \u2026 bieten einen idealen Wasserspeicher, damit Pflanzen nicht austrocknen \u2026 leiten \u00fcbersch\u00fcssiges Wasser ab und verhindern somit Staun\u00e4sse \u2026 versorgen die Wurzeln optimal mit\" \/>\n<meta property=\"og:url\" content=\"https:\/\/klasmann-deilmann.com\/de\/produkte-loesungen\/florabella-hobbyerden\/\" \/>\n<meta property=\"og:site_name\" content=\"Klasmann-Deilmann\" \/>\n<meta property=\"article:modified_time\" content=\"2022-01-04T08:43:17+00:00\" \/>\n<meta name=\"twitter:card\" content=\"summary_large_image\" \/>\n<meta name=\"twitter:label1\" content=\"Gesch\u00e4tzte Lesezeit\" \/>\n\t<meta name=\"twitter:data1\" content=\"1\u00a0Minute\" \/>\n<script type=\"application\/ld+json\" class=\"yoast-schema-graph\">{\"@context\":\"https:\\\/\\\/schema.org\",\"@graph\":[{\"@type\":\"WebPage\",\"@id\":\"https:\\\/\\\/klasmann-deilmann.com\\\/de\\\/produkte-loesungen\\\/florabella-hobbyerden\\\/\",\"url\":\"https:\\\/\\\/klasmann-deilmann.com\\\/de\\\/produkte-loesungen\\\/florabella-hobbyerden\\\/\",\"name\":\"Florabella\u00ae Hobbyerden - Klasmann-Deilmann\",\"isPartOf\":{\"@id\":\"https:\\\/\\\/klasmann-deilmann.com\\\/en\\\/#website\"},\"datePublished\":\"2021-11-16T13:12:32+00:00\",\"dateModified\":\"2022-01-04T08:43:17+00:00\",\"breadcrumb\":{\"@id\":\"https:\\\/\\\/klasmann-deilmann.com\\\/de\\\/produkte-loesungen\\\/florabella-hobbyerden\\\/#breadcrumb\"},\"inLanguage\":\"de\",\"potentialAction\":[{\"@type\":\"ReadAction\",\"target\":[\"https:\\\/\\\/klasmann-deilmann.com\\\/de\\\/produkte-loesungen\\\/florabella-hobbyerden\\\/\"]}]},{\"@type\":\"BreadcrumbList\",\"@id\":\"https:\\\/\\\/klasmann-deilmann.com\\\/de\\\/produkte-loesungen\\\/florabella-hobbyerden\\\/#breadcrumb\",\"itemListElement\":[{\"@type\":\"ListItem\",\"position\":1,\"name\":\"Home\",\"item\":\"https:\\\/\\\/klasmann-deilmann.com\\\/de\\\/\"},{\"@type\":\"ListItem\",\"position\":2,\"name\":\"Produkte &#038; L\u00f6sungen\",\"item\":\"https:\\\/\\\/klasmann-deilmann.com\\\/de\\\/produkte-loesungen\\\/\"},{\"@type\":\"ListItem\",\"position\":3,\"name\":\"Florabella\u00ae Hobbyerden\"}]},{\"@type\":\"WebSite\",\"@id\":\"https:\\\/\\\/klasmann-deilmann.com\\\/en\\\/#website\",\"url\":\"https:\\\/\\\/klasmann-deilmann.com\\\/en\\\/\",\"name\":\"Klasmann-Deilmann\",\"description\":\"\",\"potentialAction\":[{\"@type\":\"SearchAction\",\"target\":{\"@type\":\"EntryPoint\",\"urlTemplate\":\"https:\\\/\\\/klasmann-deilmann.com\\\/en\\\/?s={search_term_string}\"},\"query-input\":{\"@type\":\"PropertyValueSpecification\",\"valueRequired\":true,\"valueName\":\"search_term_string\"}}],\"inLanguage\":\"de\"}]}<\/script>\n<!-- \/ Yoast SEO plugin. -->","yoast_head_json":{"title":"Florabella\u00ae Hobbyerden - Klasmann-Deilmann","robots":{"index":"index","follow":"follow","max-snippet":"max-snippet:-1","max-image-preview":"max-image-preview:large","max-video-preview":"max-video-preview:-1"},"canonical":"https:\/\/klasmann-deilmann.com\/de\/produkte-loesungen\/florabella-hobbyerden\/","og_locale":"de_DE","og_type":"article","og_title":"Florabella\u00ae Hobbyerden - Klasmann-Deilmann","og_description":"[vc_row][vc_column][kd_header_random_image_banner image=&#8220;33221&#8243;][\/kd_header_random_image_banner][\/vc_column][\/vc_row][vc_row][vc_column][vc_row_inner][vc_column_inner][vc_column_text] Florabella\u00ae: Qualit\u00e4tserden von Klasmann-Deilmann Florabella\u00ae unterst\u00fctzt bereits seit \u00fcber 60 Jahren Hobbyg\u00e4rtner bei der Pflege ihrer Pflanzen. Ganz gleich, ob Blumen, Gr\u00fcnpflanzen, Obst, Gem\u00fcse oder Kr\u00e4uter \u2013Florabella\u00ae Qualit\u00e4tserden bieten Ihnen Profi-Qualit\u00e4t.[\/vc_column_text][\/vc_column_inner][\/vc_row_inner][\/vc_column][\/vc_row][vc_row css=&#8220;.vc_custom_1628686737064{margin-top: 30px !important;padding-top: 70px !important;padding-bottom: 30px !important;background-color: #414345 !important;}&#8220;][vc_column][vc_row_inner][vc_column_inner width=&#8220;1\/2&#8243;][vc_column_text] Selbst als Anf\u00e4nger wie ein Profi \u00fcber sich hinauswachsen. &nbsp; Florabella\u00ae Qualit\u00e4tserden \u2026 \u2026 bieten einen idealen Wasserspeicher, damit Pflanzen nicht austrocknen \u2026 leiten \u00fcbersch\u00fcssiges Wasser ab und verhindern somit Staun\u00e4sse \u2026 versorgen die Wurzeln optimal mit","og_url":"https:\/\/klasmann-deilmann.com\/de\/produkte-loesungen\/florabella-hobbyerden\/","og_site_name":"Klasmann-Deilmann","article_modified_time":"2022-01-04T08:43:17+00:00","twitter_card":"summary_large_image","twitter_misc":{"Gesch\u00e4tzte Lesezeit":"1\u00a0Minute"},"schema":{"@context":"https:\/\/schema.org","@graph":[{"@type":"WebPage","@id":"https:\/\/klasmann-deilmann.com\/de\/produkte-loesungen\/florabella-hobbyerden\/","url":"https:\/\/klasmann-deilmann.com\/de\/produkte-loesungen\/florabella-hobbyerden\/","name":"Florabella\u00ae Hobbyerden - Klasmann-Deilmann","isPartOf":{"@id":"https:\/\/klasmann-deilmann.com\/en\/#website"},"datePublished":"2021-11-16T13:12:32+00:00","dateModified":"2022-01-04T08:43:17+00:00","breadcrumb":{"@id":"https:\/\/klasmann-deilmann.com\/de\/produkte-loesungen\/florabella-hobbyerden\/#breadcrumb"},"inLanguage":"de","potentialAction":[{"@type":"ReadAction","target":["https:\/\/klasmann-deilmann.com\/de\/produkte-loesungen\/florabella-hobbyerden\/"]}]},{"@type":"BreadcrumbList","@id":"https:\/\/klasmann-deilmann.com\/de\/produkte-loesungen\/florabella-hobbyerden\/#breadcrumb","itemListElement":[{"@type":"ListItem","position":1,"name":"Home","item":"https:\/\/klasmann-deilmann.com\/de\/"},{"@type":"ListItem","position":2,"name":"Produkte &#038; L\u00f6sungen","item":"https:\/\/klasmann-deilmann.com\/de\/produkte-loesungen\/"},{"@type":"ListItem","position":3,"name":"Florabella\u00ae Hobbyerden"}]},{"@type":"WebSite","@id":"https:\/\/klasmann-deilmann.com\/en\/#website","url":"https:\/\/klasmann-deilmann.com\/en\/","name":"Klasmann-Deilmann","description":"","potentialAction":[{"@type":"SearchAction","target":{"@type":"EntryPoint","urlTemplate":"https:\/\/klasmann-deilmann.com\/en\/?s={search_term_string}"},"query-input":{"@type":"PropertyValueSpecification","valueRequired":true,"valueName":"search_term_string"}}],"inLanguage":"de"}]}},"_links":{"self":[{"href":"https:\/\/klasmann-deilmann.com\/de\/wp-json\/wp\/v2\/pages\/41701","targetHints":{"allow":["GET"]}}],"collection":[{"href":"https:\/\/klasmann-deilmann.com\/de\/wp-json\/wp\/v2\/pages"}],"about":[{"href":"https:\/\/klasmann-deilmann.com\/de\/wp-json\/wp\/v2\/types\/page"}],"author":[{"embeddable":true,"href":"https:\/\/klasmann-deilmann.com\/de\/wp-json\/wp\/v2\/users\/7"}],"replies":[{"embeddable":true,"href":"https:\/\/klasmann-deilmann.com\/de\/wp-json\/wp\/v2\/comments?post=41701"}],"version-history":[{"count":6,"href":"https:\/\/klasmann-deilmann.com\/de\/wp-json\/wp\/v2\/pages\/41701\/revisions"}],"predecessor-version":[{"id":47136,"href":"https:\/\/klasmann-deilmann.com\/de\/wp-json\/wp\/v2\/pages\/41701\/revisions\/47136"}],"up":[{"embeddable":true,"href":"https:\/\/klasmann-deilmann.com\/de\/wp-json\/wp\/v2\/pages\/40410"}],"wp:attachment":[{"href":"https:\/\/klasmann-deilmann.com\/de\/wp-json\/wp\/v2\/media?parent=41701"}],"curies":[{"name":"wp","href":"https:\/\/api.w.org\/{rel}","templated":true}]}}