{"id":41683,"date":"2021-11-16T14:11:33","date_gmt":"2021-11-16T13:11:33","guid":{"rendered":"https:\/\/klasmann-deilmann.com\/?page_id=41683"},"modified":"2021-11-23T08:49:55","modified_gmt":"2021-11-23T07:49:55","slug":"containermulch-spezifikationen","status":"publish","type":"page","link":"https:\/\/klasmann-deilmann.com\/de\/produkte-loesungen\/containermulch\/containermulch-spezifikationen\/","title":{"rendered":"Containermulch Spezifikationen"},"content":{"rendered":"<div class=\"wpb-content-wrapper\">[vc_row][vc_column][kd_header_random_image_banner image=&#8220;35324&#8243;][\/kd_header_random_image_banner][\/vc_column][\/vc_row][vc_row el_id=&#8220;reduced-irrigation-and-improved-shelf-life&#8220;][vc_column][vc_row_inner][vc_column_inner width=&#8220;1\/2&#8243;][vc_column_text]<\/p>\n<h2>Reduzierte Bew\u00e4sserung und bessere Haltbarkeit der Pflanzen<\/h2>\n<p>Containermulch reduziert die Verdunstung von Wasser aus dem Substrat. Das Diagramm verdeutlicht diesen Effekt: Dargestellt ist die Verringerung des Gewichts bei 3-Liter T\u00f6pfen, die mit Substrat bef\u00fcllt wurden. Bei einem Teil der T\u00f6pfe wurde das Substrat mit Containermulch abgedeckt und bei dem anderen Teil nicht. Durch die geringere Verdunstung verbleibt mehr Wasser im Topf. \u00dcber einen Zeitraum von 13 Tagen hinweg ist der Feuchtigkeitsverlust bei den T\u00f6pfen ohne Containermulch 1,8 Mal h\u00f6her als bei den T\u00f6pfen, die mit Containermulch abgedeckt wurden. Die Verwendung von Containermulch erm\u00f6glicht also einen sparsameren Einsatz von Wasser und D\u00fcnger. Zudem sind Pflanzen in T\u00f6pfen, die mit Containermulch abgedeckt worden sind, im Verkauf l\u00e4nger vor Austrocknung gesch\u00fctzt.[\/vc_column_text][\/vc_column_inner][vc_column_inner width=&#8220;1\/2&#8243;][vc_column_text]<img loading=\"lazy\" decoding=\"async\" class=\"alignnone wp-image-45148 size-full\" src=\"https:\/\/klasmann-deilmann.com\/wp-content\/uploads\/containermulch_tabelle_de-1.png\" alt=\"\" width=\"3413\" height=\"1960\" srcset=\"https:\/\/klasmann-deilmann.com\/wp-content\/uploads\/containermulch_tabelle_de-1.png 2560w, https:\/\/klasmann-deilmann.com\/wp-content\/uploads\/containermulch_tabelle_de-1-300x172.png 300w, https:\/\/klasmann-deilmann.com\/wp-content\/uploads\/containermulch_tabelle_de-1-1024x588.png 1024w, https:\/\/klasmann-deilmann.com\/wp-content\/uploads\/containermulch_tabelle_de-1-768x441.png 768w, https:\/\/klasmann-deilmann.com\/wp-content\/uploads\/containermulch_tabelle_de-1-1536x882.png 1536w, https:\/\/klasmann-deilmann.com\/wp-content\/uploads\/containermulch_tabelle_de-1-2048x1176.png 2048w\" sizes=\"auto, (max-width: 3413px) 100vw, 3413px\" \/>[\/vc_column_text][\/vc_column_inner][\/vc_row_inner][\/vc_column][\/vc_row][vc_row el_id=&#8220;average-amount-of-containermulch-required-for-different-pot-sizes&#8220; css=&#8220;.vc_custom_1628854898197{margin-top: 70px !important;}&#8220;][vc_column][vc_row_inner][vc_column_inner width=&#8220;1\/2&#8243;][vc_column_text]<\/p>\n<h2>Durchschnittlich ben\u00f6tigte Menge von Containermulch bei unterschiedlichen Topfgr\u00f6\u00dfen<\/h2>\n<p>[\/vc_column_text][vc_column_text]<img loading=\"lazy\" decoding=\"async\" width=\"2560\" height=\"1390\" class=\"alignnone size-full wp-image-44877\" src=\"\/wp-content\/uploads\/containermulch_tabelle2.png\" alt=\"\" srcset=\"https:\/\/klasmann-deilmann.com\/wp-content\/uploads\/containermulch_tabelle2.png 2560w, https:\/\/klasmann-deilmann.com\/wp-content\/uploads\/containermulch_tabelle2-300x163.png 300w, https:\/\/klasmann-deilmann.com\/wp-content\/uploads\/containermulch_tabelle2-1024x556.png 1024w, https:\/\/klasmann-deilmann.com\/wp-content\/uploads\/containermulch_tabelle2-768x417.png 768w, https:\/\/klasmann-deilmann.com\/wp-content\/uploads\/containermulch_tabelle2-1536x834.png 1536w, https:\/\/klasmann-deilmann.com\/wp-content\/uploads\/containermulch_tabelle2-2048x1112.png 2048w\" sizes=\"auto, (max-width: 2560px) 100vw, 2560px\" \/>[\/vc_column_text][\/vc_column_inner][vc_column_inner width=&#8220;1\/2&#8243;][vc_column_text]<img loading=\"lazy\" decoding=\"async\" class=\"alignnone wp-image-34460 size-full\" src=\"https:\/\/klasmann-deilmann.com\/wp-content\/uploads\/containermulch.jpg\" alt=\"\" width=\"2560\" height=\"1707\" srcset=\"https:\/\/klasmann-deilmann.com\/wp-content\/uploads\/containermulch.jpg 2560w, https:\/\/klasmann-deilmann.com\/wp-content\/uploads\/containermulch-300x200.jpg 300w, https:\/\/klasmann-deilmann.com\/wp-content\/uploads\/containermulch-1024x683.jpg 1024w, https:\/\/klasmann-deilmann.com\/wp-content\/uploads\/containermulch-768x512.jpg 768w, https:\/\/klasmann-deilmann.com\/wp-content\/uploads\/containermulch-1536x1024.jpg 1536w, https:\/\/klasmann-deilmann.com\/wp-content\/uploads\/containermulch-2048x1366.jpg 2048w\" sizes=\"auto, (max-width: 2560px) 100vw, 2560px\" \/>[\/vc_column_text][\/vc_column_inner][\/vc_row_inner][\/vc_column][\/vc_row][vc_row css=&#8220;.vc_custom_1628854957934{margin-top: 70px !important;}&#8220;][vc_column][kd_getintouch image=&#8220;32948&#8243;][\/vc_column][\/vc_row]<\/div>\n","protected":false},"excerpt":{"rendered":"<p>[vc_row][vc_column][kd_header_random_image_banner image=&#8220;35324&#8243;][\/kd_header_random_image_banner][\/vc_column][\/vc_row][vc_row el_id=&#8220;reduced-irrigation-and-improved-shelf-life&#8220;][vc_column][vc_row_inner][vc_column_inner width=&#8220;1\/2&#8243;][vc_column_text] Reduzierte Bew\u00e4sserung und bessere Haltbarkeit der Pflanzen Containermulch reduziert die Verdunstung von Wasser aus dem Substrat. Das Diagramm verdeutlicht diesen Effekt: Dargestellt ist die Verringerung des Gewichts bei 3-Liter T\u00f6pfen, die mit Substrat bef\u00fcllt wurden. Bei einem Teil der T\u00f6pfe wurde das Substrat mit Containermulch abgedeckt und bei dem anderen Teil nicht. Durch die geringere Verdunstung verbleibt mehr Wasser im Topf. \u00dcber einen Zeitraum von 13 Tagen hinweg ist der Feuchtigkeitsverlust bei den T\u00f6pfen ohne Containermulch<\/p>\n","protected":false},"author":7,"featured_media":0,"parent":41601,"menu_order":476,"comment_status":"closed","ping_status":"closed","template":"","meta":{"_acf_changed":false,"inline_featured_image":false,"footnotes":""},"class_list":["post-41683","page","type-page","status-publish","hentry"],"acf":[],"yoast_head":"<!-- This site is optimized with the Yoast SEO plugin v27.5 - https:\/\/yoast.com\/product\/yoast-seo-wordpress\/ -->\n<title>Containermulch Spezifikationen - Klasmann-Deilmann<\/title>\n<meta name=\"robots\" content=\"index, follow, max-snippet:-1, max-image-preview:large, max-video-preview:-1\" \/>\n<link rel=\"canonical\" href=\"https:\/\/klasmann-deilmann.com\/de\/produkte-loesungen\/containermulch\/containermulch-spezifikationen\/\" \/>\n<meta property=\"og:locale\" content=\"de_DE\" \/>\n<meta property=\"og:type\" content=\"article\" \/>\n<meta property=\"og:title\" content=\"Containermulch Spezifikationen - Klasmann-Deilmann\" \/>\n<meta property=\"og:description\" content=\"[vc_row][vc_column][kd_header_random_image_banner image=&#8220;35324&#8243;][\/kd_header_random_image_banner][\/vc_column][\/vc_row][vc_row el_id=&#8220;reduced-irrigation-and-improved-shelf-life&#8220;][vc_column][vc_row_inner][vc_column_inner width=&#8220;1\/2&#8243;][vc_column_text] Reduzierte Bew\u00e4sserung und bessere Haltbarkeit der Pflanzen Containermulch reduziert die Verdunstung von Wasser aus dem Substrat. Das Diagramm verdeutlicht diesen Effekt: Dargestellt ist die Verringerung des Gewichts bei 3-Liter T\u00f6pfen, die mit Substrat bef\u00fcllt wurden. Bei einem Teil der T\u00f6pfe wurde das Substrat mit Containermulch abgedeckt und bei dem anderen Teil nicht. Durch die geringere Verdunstung verbleibt mehr Wasser im Topf. \u00dcber einen Zeitraum von 13 Tagen hinweg ist der Feuchtigkeitsverlust bei den T\u00f6pfen ohne Containermulch\" \/>\n<meta property=\"og:url\" content=\"https:\/\/klasmann-deilmann.com\/de\/produkte-loesungen\/containermulch\/containermulch-spezifikationen\/\" \/>\n<meta property=\"og:site_name\" content=\"Klasmann-Deilmann\" \/>\n<meta property=\"article:modified_time\" content=\"2021-11-23T07:49:55+00:00\" \/>\n<meta property=\"og:image\" content=\"https:\/\/klasmann-deilmann.com\/wp-content\/uploads\/containermulch_tabelle_de-1.png\" \/>\n<meta name=\"twitter:card\" content=\"summary_large_image\" \/>\n<meta name=\"twitter:label1\" content=\"Gesch\u00e4tzte Lesezeit\" \/>\n\t<meta name=\"twitter:data1\" content=\"2\u00a0Minuten\" \/>\n<script type=\"application\/ld+json\" class=\"yoast-schema-graph\">{\"@context\":\"https:\\\/\\\/schema.org\",\"@graph\":[{\"@type\":\"WebPage\",\"@id\":\"https:\\\/\\\/klasmann-deilmann.com\\\/de\\\/produkte-loesungen\\\/containermulch\\\/containermulch-spezifikationen\\\/\",\"url\":\"https:\\\/\\\/klasmann-deilmann.com\\\/de\\\/produkte-loesungen\\\/containermulch\\\/containermulch-spezifikationen\\\/\",\"name\":\"Containermulch Spezifikationen - Klasmann-Deilmann\",\"isPartOf\":{\"@id\":\"https:\\\/\\\/klasmann-deilmann.com\\\/en\\\/#website\"},\"primaryImageOfPage\":{\"@id\":\"https:\\\/\\\/klasmann-deilmann.com\\\/de\\\/produkte-loesungen\\\/containermulch\\\/containermulch-spezifikationen\\\/#primaryimage\"},\"image\":{\"@id\":\"https:\\\/\\\/klasmann-deilmann.com\\\/de\\\/produkte-loesungen\\\/containermulch\\\/containermulch-spezifikationen\\\/#primaryimage\"},\"thumbnailUrl\":\"https:\\\/\\\/klasmann-deilmann.com\\\/wp-content\\\/uploads\\\/containermulch_tabelle_de-1.png\",\"datePublished\":\"2021-11-16T13:11:33+00:00\",\"dateModified\":\"2021-11-23T07:49:55+00:00\",\"breadcrumb\":{\"@id\":\"https:\\\/\\\/klasmann-deilmann.com\\\/de\\\/produkte-loesungen\\\/containermulch\\\/containermulch-spezifikationen\\\/#breadcrumb\"},\"inLanguage\":\"de\",\"potentialAction\":[{\"@type\":\"ReadAction\",\"target\":[\"https:\\\/\\\/klasmann-deilmann.com\\\/de\\\/produkte-loesungen\\\/containermulch\\\/containermulch-spezifikationen\\\/\"]}]},{\"@type\":\"ImageObject\",\"inLanguage\":\"de\",\"@id\":\"https:\\\/\\\/klasmann-deilmann.com\\\/de\\\/produkte-loesungen\\\/containermulch\\\/containermulch-spezifikationen\\\/#primaryimage\",\"url\":\"https:\\\/\\\/klasmann-deilmann.com\\\/wp-content\\\/uploads\\\/containermulch_tabelle_de-1.png\",\"contentUrl\":\"https:\\\/\\\/klasmann-deilmann.com\\\/wp-content\\\/uploads\\\/containermulch_tabelle_de-1.png\"},{\"@type\":\"BreadcrumbList\",\"@id\":\"https:\\\/\\\/klasmann-deilmann.com\\\/de\\\/produkte-loesungen\\\/containermulch\\\/containermulch-spezifikationen\\\/#breadcrumb\",\"itemListElement\":[{\"@type\":\"ListItem\",\"position\":1,\"name\":\"Home\",\"item\":\"https:\\\/\\\/klasmann-deilmann.com\\\/de\\\/\"},{\"@type\":\"ListItem\",\"position\":2,\"name\":\"Produkte &#038; L\u00f6sungen\",\"item\":\"https:\\\/\\\/klasmann-deilmann.com\\\/de\\\/produkte-loesungen\\\/\"},{\"@type\":\"ListItem\",\"position\":3,\"name\":\"Containermulch\",\"item\":\"https:\\\/\\\/klasmann-deilmann.com\\\/de\\\/produkte-loesungen\\\/containermulch\\\/\"},{\"@type\":\"ListItem\",\"position\":4,\"name\":\"Containermulch Spezifikationen\"}]},{\"@type\":\"WebSite\",\"@id\":\"https:\\\/\\\/klasmann-deilmann.com\\\/en\\\/#website\",\"url\":\"https:\\\/\\\/klasmann-deilmann.com\\\/en\\\/\",\"name\":\"Klasmann-Deilmann\",\"description\":\"\",\"potentialAction\":[{\"@type\":\"SearchAction\",\"target\":{\"@type\":\"EntryPoint\",\"urlTemplate\":\"https:\\\/\\\/klasmann-deilmann.com\\\/en\\\/?s={search_term_string}\"},\"query-input\":{\"@type\":\"PropertyValueSpecification\",\"valueRequired\":true,\"valueName\":\"search_term_string\"}}],\"inLanguage\":\"de\"}]}<\/script>\n<!-- \/ Yoast SEO plugin. -->","yoast_head_json":{"title":"Containermulch Spezifikationen - Klasmann-Deilmann","robots":{"index":"index","follow":"follow","max-snippet":"max-snippet:-1","max-image-preview":"max-image-preview:large","max-video-preview":"max-video-preview:-1"},"canonical":"https:\/\/klasmann-deilmann.com\/de\/produkte-loesungen\/containermulch\/containermulch-spezifikationen\/","og_locale":"de_DE","og_type":"article","og_title":"Containermulch Spezifikationen - Klasmann-Deilmann","og_description":"[vc_row][vc_column][kd_header_random_image_banner image=&#8220;35324&#8243;][\/kd_header_random_image_banner][\/vc_column][\/vc_row][vc_row el_id=&#8220;reduced-irrigation-and-improved-shelf-life&#8220;][vc_column][vc_row_inner][vc_column_inner width=&#8220;1\/2&#8243;][vc_column_text] Reduzierte Bew\u00e4sserung und bessere Haltbarkeit der Pflanzen Containermulch reduziert die Verdunstung von Wasser aus dem Substrat. Das Diagramm verdeutlicht diesen Effekt: Dargestellt ist die Verringerung des Gewichts bei 3-Liter T\u00f6pfen, die mit Substrat bef\u00fcllt wurden. Bei einem Teil der T\u00f6pfe wurde das Substrat mit Containermulch abgedeckt und bei dem anderen Teil nicht. Durch die geringere Verdunstung verbleibt mehr Wasser im Topf. \u00dcber einen Zeitraum von 13 Tagen hinweg ist der Feuchtigkeitsverlust bei den T\u00f6pfen ohne Containermulch","og_url":"https:\/\/klasmann-deilmann.com\/de\/produkte-loesungen\/containermulch\/containermulch-spezifikationen\/","og_site_name":"Klasmann-Deilmann","article_modified_time":"2021-11-23T07:49:55+00:00","og_image":[{"url":"https:\/\/klasmann-deilmann.com\/wp-content\/uploads\/containermulch_tabelle_de-1.png","type":"","width":"","height":""}],"twitter_card":"summary_large_image","twitter_misc":{"Gesch\u00e4tzte Lesezeit":"2\u00a0Minuten"},"schema":{"@context":"https:\/\/schema.org","@graph":[{"@type":"WebPage","@id":"https:\/\/klasmann-deilmann.com\/de\/produkte-loesungen\/containermulch\/containermulch-spezifikationen\/","url":"https:\/\/klasmann-deilmann.com\/de\/produkte-loesungen\/containermulch\/containermulch-spezifikationen\/","name":"Containermulch Spezifikationen - Klasmann-Deilmann","isPartOf":{"@id":"https:\/\/klasmann-deilmann.com\/en\/#website"},"primaryImageOfPage":{"@id":"https:\/\/klasmann-deilmann.com\/de\/produkte-loesungen\/containermulch\/containermulch-spezifikationen\/#primaryimage"},"image":{"@id":"https:\/\/klasmann-deilmann.com\/de\/produkte-loesungen\/containermulch\/containermulch-spezifikationen\/#primaryimage"},"thumbnailUrl":"https:\/\/klasmann-deilmann.com\/wp-content\/uploads\/containermulch_tabelle_de-1.png","datePublished":"2021-11-16T13:11:33+00:00","dateModified":"2021-11-23T07:49:55+00:00","breadcrumb":{"@id":"https:\/\/klasmann-deilmann.com\/de\/produkte-loesungen\/containermulch\/containermulch-spezifikationen\/#breadcrumb"},"inLanguage":"de","potentialAction":[{"@type":"ReadAction","target":["https:\/\/klasmann-deilmann.com\/de\/produkte-loesungen\/containermulch\/containermulch-spezifikationen\/"]}]},{"@type":"ImageObject","inLanguage":"de","@id":"https:\/\/klasmann-deilmann.com\/de\/produkte-loesungen\/containermulch\/containermulch-spezifikationen\/#primaryimage","url":"https:\/\/klasmann-deilmann.com\/wp-content\/uploads\/containermulch_tabelle_de-1.png","contentUrl":"https:\/\/klasmann-deilmann.com\/wp-content\/uploads\/containermulch_tabelle_de-1.png"},{"@type":"BreadcrumbList","@id":"https:\/\/klasmann-deilmann.com\/de\/produkte-loesungen\/containermulch\/containermulch-spezifikationen\/#breadcrumb","itemListElement":[{"@type":"ListItem","position":1,"name":"Home","item":"https:\/\/klasmann-deilmann.com\/de\/"},{"@type":"ListItem","position":2,"name":"Produkte &#038; L\u00f6sungen","item":"https:\/\/klasmann-deilmann.com\/de\/produkte-loesungen\/"},{"@type":"ListItem","position":3,"name":"Containermulch","item":"https:\/\/klasmann-deilmann.com\/de\/produkte-loesungen\/containermulch\/"},{"@type":"ListItem","position":4,"name":"Containermulch Spezifikationen"}]},{"@type":"WebSite","@id":"https:\/\/klasmann-deilmann.com\/en\/#website","url":"https:\/\/klasmann-deilmann.com\/en\/","name":"Klasmann-Deilmann","description":"","potentialAction":[{"@type":"SearchAction","target":{"@type":"EntryPoint","urlTemplate":"https:\/\/klasmann-deilmann.com\/en\/?s={search_term_string}"},"query-input":{"@type":"PropertyValueSpecification","valueRequired":true,"valueName":"search_term_string"}}],"inLanguage":"de"}]}},"_links":{"self":[{"href":"https:\/\/klasmann-deilmann.com\/de\/wp-json\/wp\/v2\/pages\/41683","targetHints":{"allow":["GET"]}}],"collection":[{"href":"https:\/\/klasmann-deilmann.com\/de\/wp-json\/wp\/v2\/pages"}],"about":[{"href":"https:\/\/klasmann-deilmann.com\/de\/wp-json\/wp\/v2\/types\/page"}],"author":[{"embeddable":true,"href":"https:\/\/klasmann-deilmann.com\/de\/wp-json\/wp\/v2\/users\/7"}],"replies":[{"embeddable":true,"href":"https:\/\/klasmann-deilmann.com\/de\/wp-json\/wp\/v2\/comments?post=41683"}],"version-history":[{"count":5,"href":"https:\/\/klasmann-deilmann.com\/de\/wp-json\/wp\/v2\/pages\/41683\/revisions"}],"predecessor-version":[{"id":45158,"href":"https:\/\/klasmann-deilmann.com\/de\/wp-json\/wp\/v2\/pages\/41683\/revisions\/45158"}],"up":[{"embeddable":true,"href":"https:\/\/klasmann-deilmann.com\/de\/wp-json\/wp\/v2\/pages\/41601"}],"wp:attachment":[{"href":"https:\/\/klasmann-deilmann.com\/de\/wp-json\/wp\/v2\/media?parent=41683"}],"curies":[{"name":"wp","href":"https:\/\/api.w.org\/{rel}","templated":true}]}}