{"id":41601,"date":"2021-11-16T14:10:51","date_gmt":"2021-11-16T13:10:51","guid":{"rendered":"https:\/\/klasmann-deilmann.com\/?page_id=41601"},"modified":"2021-11-18T16:19:01","modified_gmt":"2021-11-18T15:19:01","slug":"containermulch","status":"publish","type":"page","link":"https:\/\/klasmann-deilmann.com\/de\/produkte-loesungen\/containermulch\/","title":{"rendered":"Containermulch"},"content":{"rendered":"<div class=\"wpb-content-wrapper\">\n<p>[vc_row][vc_column][kd_header_random_image_banner image=&#8220;35846&#8243;][\/kd_header_random_image_banner][\/vc_column][\/vc_row][vc_row][vc_column][vc_row_inner][vc_column_inner width=&#8220;1\/2&#8243;][vc_column_text]<\/p>\n<h2>Nat\u00fcrliches Abdeckmaterial f\u00fcr T\u00f6pfe und Container<\/h2>\n<p>Seit Markteinf\u00fchrung im Jahr 2014 hat sich Containermulch zu einem unverzichtbaren Betriebsmittel f\u00fcr zahlreiche Baumschulen entwickelt. Containermulch ist ein umweltfreundliches Abdeckmaterial, mit dem die Bildung von Algen und Unkraut in T\u00f6pfen und Containern effektiv unterdr\u00fcckt wird. Als Ausgangsmaterial nutzen wir Nadelholz, das aus nachhaltiger, PEFC-zertifizierter Forstwirtschaft stammt. Zur Vermeidung phytosanit\u00e4rer Risiken wird das Holz thermisch behandelt und auf diese Weise hygienisiert.<\/p>\n<p>Containermulch trocknet schnell ab, ist wasserdurchl\u00e4ssig und sorgt f\u00fcr eine gleichm\u00e4\u00dfige Wasserverteilung, so dass die Oberfl\u00e4che luftdurchl\u00e4ssig bleibt. Dadurch wird die Bildung von Algen, Moos und Unkraut erschwert. Der Einsatz von Containermulch f\u00fchrt zu einer homogeneren Substratfeuchte. Die Pflanzen sehen f\u00fcr die Vermarktung optisch ansprechend aus.<\/p>\n<p>Containermulch l\u00e4sst sich mit allen Abstreuautomaten maschinell verarbeiten und eignet sich au\u00dferdem sehr gut zum Mulchen von Pflanzbeeten. Verf\u00fcgbar ist er in 70-L-S\u00e4cken und als lose Ware.[\/vc_column_text][\/vc_column_inner][vc_column_inner width=&#8220;1\/2&#8243;][vc_column_text]<img loading=\"lazy\" decoding=\"async\" class=\"alignnone wp-image-36952 size-full\" src=\"https:\/\/klasmann-deilmann.com\/wp-content\/uploads\/klasmann-deilmann_containermulch_subbrand_flag.jpg\" alt=\"\" width=\"2560\" height=\"1920\" srcset=\"https:\/\/klasmann-deilmann.com\/wp-content\/uploads\/klasmann-deilmann_containermulch_subbrand_flag.jpg 2560w, https:\/\/klasmann-deilmann.com\/wp-content\/uploads\/klasmann-deilmann_containermulch_subbrand_flag-300x225.jpg 300w, https:\/\/klasmann-deilmann.com\/wp-content\/uploads\/klasmann-deilmann_containermulch_subbrand_flag-1024x768.jpg 1024w, https:\/\/klasmann-deilmann.com\/wp-content\/uploads\/klasmann-deilmann_containermulch_subbrand_flag-768x576.jpg 768w, https:\/\/klasmann-deilmann.com\/wp-content\/uploads\/klasmann-deilmann_containermulch_subbrand_flag-1536x1152.jpg 1536w, https:\/\/klasmann-deilmann.com\/wp-content\/uploads\/klasmann-deilmann_containermulch_subbrand_flag-2048x1536.jpg 2048w\" sizes=\"auto, (max-width: 2560px) 100vw, 2560px\" \/>[\/vc_column_text][\/vc_column_inner][\/vc_row_inner][\/vc_column][\/vc_row][vc_row][vc_column][vc_row_inner][vc_column_inner width=&#8220;1\/2&#8243;][kd_download_button show_link_download1=&#8220;link&#8220; link1=&#8220;url:https%3A%2F%2Fklasmann-deilmann.com%2Fde%2Fprodukte-loesungen%2Fcontainermulch%2Fcontainermulch-spezifikationen%2F%23reduced-irrigation-and-improved-shelf-life|title:Effekt%20von%20Containermulch%20auf%20den%20Wasserhaushalt%20in%203-Liter%20T%C3%B6pfen&#8220;][\/vc_column_inner][vc_column_inner width=&#8220;1\/2&#8243;][kd_download_button show_link_download1=&#8220;link&#8220; link1=&#8220;url:https%3A%2F%2Fklasmann-deilmann.com%2Fde%2Fprodukte-loesungen%2Fcontainermulch%2Fcontainermulch-spezifikationen%2F%23average-amount-of-containermulch-required-for-different-pot-sizes|title:Durchschnittlich%20ben%C3%B6tigte%20Menge%20von%20Containermulch%20bei%20unterschiedlichen%20Topfgr%C3%B6%C3%9Fen&#8220;][\/vc_column_inner][\/vc_row_inner][vc_row_inner][vc_column_inner width=&#8220;1\/2&#8243;][kd_download_button show_link_download1=&#8220;download&#8220; download1=&#8220;7781&#8243; showinpdfreader=&#8220;true&#8220;][\/vc_column_inner][vc_column_inner width=&#8220;1\/2&#8243;][\/vc_column_inner][\/vc_row_inner][\/vc_column][\/vc_row][vc_section css=&#8220;.vc_custom_1628843396413{margin-top: 70px !important;}&#8220;][vc_row][vc_column width=&#8220;1\/2&#8243;][vc_column_text]<img loading=\"lazy\" decoding=\"async\" class=\"alignnone wp-image-30902 size-full\" src=\"https:\/\/klasmann-deilmann.com\/wp-content\/uploads\/2021-05-26-De-Batterijen-Foto-e1628843360783.jpg\" alt=\"\" width=\"1024\" height=\"734\" srcset=\"https:\/\/klasmann-deilmann.com\/wp-content\/uploads\/2021-05-26-De-Batterijen-Foto-e1628843360783.jpg 1024w, https:\/\/klasmann-deilmann.com\/wp-content\/uploads\/2021-05-26-De-Batterijen-Foto-e1628843360783-300x215.jpg 300w, https:\/\/klasmann-deilmann.com\/wp-content\/uploads\/2021-05-26-De-Batterijen-Foto-e1628843360783-768x551.jpg 768w\" sizes=\"auto, (max-width: 1024px) 100vw, 1024px\" \/>[\/vc_column_text][kd_accordion_custom color=&#8220;kdgreen&#8220; shape=&#8220;square&#8220; collapsible_all=&#8220;true&#8220; active_section=&#8220;99&#8243;][vc_tta_section title=&#8220;Vorteile von Containermulch&#8220; tab_id=&#8220;1628842451116-051f0619-32fc&#8220;][vc_column_text el_class=&#8220;pluslist&#8220;]<\/p>\n<ul>\n<li>Hervorragende Unkrautunterdr\u00fcckung und Schutz vor Vermoosung<\/li>\n<li>Optimale Deckelbildung (Hafteigenschaften)<\/li>\n<li>Verz\u00f6gert das Austrocknen des Substrats<\/li>\n<li>Kaum Verluste durch Windabtrag und w\u00e4hrend des Transports<\/li>\n<li>Nat\u00fcrliche Optik<\/li>\n<\/ul>\n<p>[\/vc_column_text][\/vc_tta_section][\/kd_accordion_custom][\/vc_column][vc_column width=&#8220;1\/2&#8243;][vc_column_text]<img loading=\"lazy\" decoding=\"async\" width=\"2560\" height=\"1834\" class=\"alignnone size-full wp-image-35335\" src=\"\/wp-content\/uploads\/Containermulch_01.jpg\" alt=\"\" srcset=\"https:\/\/klasmann-deilmann.com\/wp-content\/uploads\/Containermulch_01.jpg 2560w, https:\/\/klasmann-deilmann.com\/wp-content\/uploads\/Containermulch_01-300x215.jpg 300w, https:\/\/klasmann-deilmann.com\/wp-content\/uploads\/Containermulch_01-1024x734.jpg 1024w, https:\/\/klasmann-deilmann.com\/wp-content\/uploads\/Containermulch_01-768x550.jpg 768w, https:\/\/klasmann-deilmann.com\/wp-content\/uploads\/Containermulch_01-1536x1100.jpg 1536w, https:\/\/klasmann-deilmann.com\/wp-content\/uploads\/Containermulch_01-2048x1467.jpg 2048w\" sizes=\"auto, (max-width: 2560px) 100vw, 2560px\" \/>[\/vc_column_text][kd_accordion_custom color=&#8220;kdgreen&#8220; shape=&#8220;square&#8220; collapsible_all=&#8220;true&#8220; active_section=&#8220;99&#8243;][vc_tta_section title=&#8220;Eigenschaften von Containermulch&#8220; tab_id=&#8220;1628842477399-6cb4d511-b99a&#8220;][vc_column_text el_class=&#8220;pluslist&#8220;]<\/p>\n<ul>\n<li>Hergestellt aus frischem Nadelholz ohne Rindenanteil (K\u00f6rnung 2 \u2013 10 mm)<\/li>\n<li>Kultursicher f\u00fcr Pflanzen aufgrund intensiver thermischer Behandlung (Hygienisierung) w\u00e4hrend der Herstellung<\/li>\n<li>Holz aus nachhaltiger Forstwirtschaft (PEFC)<\/li>\n<li>Mit nat\u00fcrlichen mineralischen Farbpigmenten, pflanzenvertr\u00e4glich und \u00f6kologisch unbedenklich<\/li>\n<li>Herstellungsprozess zertifiziert nach RHP und ISO 14001<\/li>\n<li>Wasserdurchl\u00e4ssig, schnell trocknend<\/li>\n<li>Erh\u00e4ltlich als lose Ware, Big Bale und in 70-Liter S\u00e4cken<\/li>\n<\/ul>\n<p>[\/vc_column_text][\/vc_tta_section][\/kd_accordion_custom][\/vc_column][\/vc_row][\/vc_section][vc_row css=&#8220;.vc_custom_1628843455386{margin-top: 70px !important;padding-top: 70px !important;padding-bottom: 30px !important;background-color: #414345 !important;}&#8220;][vc_column][vc_row_inner][vc_column_inner][vc_column_text]<\/p>\n<h2>So verwenden Sie Containermulch optimal<\/h2>\n<p>[\/vc_column_text][\/vc_column_inner][\/vc_row_inner][vc_row_inner equal_height=&#8220;yes&#8220;][vc_column_inner width=&#8220;1\/3&#8243;][vc_hoverbox shape=&#8220;75&#8243; image=&#8220;35346&#8243; primary_title=&#8220;&#8220; hover_title=&#8220;&#8220; hover_align=&#8220;left&#8220; hover_background_color=&#8220;custom&#8220; hover_custom_background=&#8220;#44a12b&#8220;]<\/p>\n<p style=\"text-align: left; font-size: 14px;\">Decken Sie die T\u00f6pfe mit einer Schicht von mindestens 1,5 cm Containermulch ab (abh\u00e4ngig von der Topfgr\u00f6\u00dfe). Eine sorgf\u00e4ltige Ausf\u00fchrung dieser Arbeit durch geschultes Personal sorgt f\u00fcr eine optimale Unkrautunterdr\u00fcckung.&nbsp;<\/p>\n<p>[\/vc_hoverbox][\/vc_column_inner][vc_column_inner width=&#8220;1\/3&#8243;][vc_hoverbox shape=&#8220;75&#8243; image=&#8220;35348&#8243; primary_title=&#8220;&#8220; hover_title=&#8220;&#8220; hover_align=&#8220;left&#8220; hover_background_color=&#8220;custom&#8220; hover_custom_background=&#8220;#ffcc00&#8243;]<\/p>\n<p style=\"color: #414345; text-align: left; font-size: 14px;\">Nach dem Auftragen sollte der Containermulch gr\u00fcndlich gew\u00e4ssert werden, um eine optimale Deckelbildung zu erzielen. Damit wird die Oberfl\u00e4che vor Windabtrag und gegen Verluste durch Umkippen gesch\u00fctzt.<\/p>\n<p>[\/vc_hoverbox][\/vc_column_inner][vc_column_inner width=&#8220;1\/3&#8243;][vc_hoverbox shape=&#8220;75&#8243; image=&#8220;35350&#8243; primary_title=&#8220;&#8220; hover_title=&#8220;&#8220; hover_align=&#8220;left&#8220; hover_background_color=&#8220;custom&#8220; hover_custom_background=&#8220;#df4417&#8243;]<\/p>\n<p style=\"text-align: left; font-size: 14px;\">Beim Einsatz von Containermulch verringert sich die Verdunstung von Wasser aus dem Substrat. Daher ist es wichtig, die H\u00e4ufigkeit der Bew\u00e4sserung und die Wassermenge anzupassen, um ein \u00dcberw\u00e4ssern zu vermeiden. Besonders bei schweren und dichten Substraten sollte die H\u00e4ufigkeit der Bew\u00e4sserung verringert werden, damit eine ausreichende Drainage und Bel\u00fcftung des Substrats gew\u00e4hrleistet ist. Gegebenenfalls ist es ratsam, auf ein Substrat mit geringerer Dichte umzusteigen, z.B. ein Substrat mit der Holzfaser GreenFibre\u00ae, die von Klasmann-Deilmann produziert wird.<\/p>\n<p>[\/vc_hoverbox][\/vc_column_inner][\/vc_row_inner][vc_row_inner equal_height=&#8220;yes&#8220;][vc_column_inner width=&#8220;1\/3&#8243;][vc_hoverbox shape=&#8220;75&#8243; image=&#8220;35352&#8243; primary_title=&#8220;&#8220; hover_title=&#8220;&#8220; hover_align=&#8220;left&#8220; hover_background_color=&#8220;custom&#8220; hover_custom_background=&#8220;#235b43&#8243;]<\/p>\n<p style=\"text-align: left; font-size: 14px;\">F\u00fcr eine optimale Unkrautunterdr\u00fcckung sollte der Containermulch nach jeder Bew\u00e4sserung komplett abtrocknen. Auf diese Weise entsteht eine stabile und trockene Oberfl\u00e4che, eine Art \u201eDeckel\u201c, der die Keimung von Unkraut erschwert. Um besonders gute Ergebnisse zu erzielen, ist es daher besonders wichtig, f\u00fcr eine gute Bel\u00fcftung zu sorgen. Dies gilt insbesondere in Polytunneln und Gew\u00e4chsh\u00e4usern.<\/p>\n<p>[\/vc_hoverbox][\/vc_column_inner][vc_column_inner width=&#8220;1\/3&#8243;][vc_hoverbox shape=&#8220;75&#8243; image=&#8220;35354&#8243; primary_title=&#8220;&#8220; hover_title=&#8220;&#8220; hover_align=&#8220;left&#8220; hover_background_color=&#8220;custom&#8220; hover_custom_background=&#8220;#a22237&#8243;]<\/p>\n<p style=\"text-align: left; font-size: 14px;\">Da sich beim Einsatz von Containermulch die Menge des ben\u00f6tigten Substrats im Topf um die Schichtdicke von 1,5 \u2013 2,5 cm verringert, sollte auch eine entsprechende Anpassung der D\u00fcngung des Substrats vorgenommen werden. Die Grundd\u00fcngung und\/oder Langzeitd\u00fcngung des Substrats sollte in diesem Fall erh\u00f6ht werden, um eine gleichbleibende Versorgung mit N\u00e4hrstoffen je Topf zu erzielen.<\/p>\n<p>[\/vc_hoverbox][\/vc_column_inner][vc_column_inner width=&#8220;1\/3&#8243;][\/vc_column_inner][\/vc_row_inner][\/vc_column][\/vc_row][vc_row css=&#8220;.vc_custom_1628841626003{margin-top: 70px !important;}&#8220;][vc_column][kd_getintouch image=&#8220;32948&#8243;][\/vc_column][\/vc_row]<\/p>\n<\/div>\n","protected":false},"excerpt":{"rendered":"<p>[vc_row][vc_column][kd_header_random_image_banner image=&#8220;35846&#8243;][\/kd_header_random_image_banner][\/vc_column][\/vc_row][vc_row][vc_column][vc_row_inner][vc_column_inner width=&#8220;1\/2&#8243;][vc_column_text] Nat\u00fcrliches Abdeckmaterial f\u00fcr T\u00f6pfe und Container Seit Markteinf\u00fchrung im Jahr 2014 hat sich Containermulch zu einem unverzichtbaren Betriebsmittel f\u00fcr zahlreiche Baumschulen entwickelt. Containermulch ist ein umweltfreundliches Abdeckmaterial, mit dem die Bildung von Algen und Unkraut in T\u00f6pfen und Containern effektiv unterdr\u00fcckt wird. Als Ausgangsmaterial nutzen wir Nadelholz, das aus nachhaltiger, PEFC-zertifizierter Forstwirtschaft stammt. Zur Vermeidung phytosanit\u00e4rer Risiken wird das Holz thermisch behandelt und auf diese Weise hygienisiert. Containermulch trocknet schnell ab, ist wasserdurchl\u00e4ssig und sorgt f\u00fcr eine<\/p>\n","protected":false},"author":7,"featured_media":0,"parent":40410,"menu_order":470,"comment_status":"closed","ping_status":"closed","template":"","meta":{"_acf_changed":false,"inline_featured_image":false,"footnotes":""},"class_list":["post-41601","page","type-page","status-publish","hentry"],"acf":[],"yoast_head":"<!-- This site is optimized with the Yoast SEO plugin v27.5 - https:\/\/yoast.com\/product\/yoast-seo-wordpress\/ -->\n<title>Containermulch - Klasmann-Deilmann<\/title>\n<meta name=\"robots\" content=\"index, follow, max-snippet:-1, max-image-preview:large, max-video-preview:-1\" \/>\n<link rel=\"canonical\" href=\"https:\/\/klasmann-deilmann.com\/de\/produkte-loesungen\/containermulch\/\" \/>\n<meta property=\"og:locale\" content=\"de_DE\" \/>\n<meta property=\"og:type\" content=\"article\" \/>\n<meta property=\"og:title\" content=\"Containermulch - Klasmann-Deilmann\" \/>\n<meta property=\"og:description\" content=\"[vc_row][vc_column][kd_header_random_image_banner image=&#8220;35846&#8243;][\/kd_header_random_image_banner][\/vc_column][\/vc_row][vc_row][vc_column][vc_row_inner][vc_column_inner width=&#8220;1\/2&#8243;][vc_column_text] Nat\u00fcrliches Abdeckmaterial f\u00fcr T\u00f6pfe und Container Seit Markteinf\u00fchrung im Jahr 2014 hat sich Containermulch zu einem unverzichtbaren Betriebsmittel f\u00fcr zahlreiche Baumschulen entwickelt. Containermulch ist ein umweltfreundliches Abdeckmaterial, mit dem die Bildung von Algen und Unkraut in T\u00f6pfen und Containern effektiv unterdr\u00fcckt wird. Als Ausgangsmaterial nutzen wir Nadelholz, das aus nachhaltiger, PEFC-zertifizierter Forstwirtschaft stammt. Zur Vermeidung phytosanit\u00e4rer Risiken wird das Holz thermisch behandelt und auf diese Weise hygienisiert. Containermulch trocknet schnell ab, ist wasserdurchl\u00e4ssig und sorgt f\u00fcr eine\" \/>\n<meta property=\"og:url\" content=\"https:\/\/klasmann-deilmann.com\/de\/produkte-loesungen\/containermulch\/\" \/>\n<meta property=\"og:site_name\" content=\"Klasmann-Deilmann\" \/>\n<meta property=\"article:modified_time\" content=\"2021-11-18T15:19:01+00:00\" \/>\n<meta property=\"og:image\" content=\"https:\/\/klasmann-deilmann.com\/wp-content\/uploads\/klasmann-deilmann_containermulch_subbrand_flag.jpg\" \/>\n<meta name=\"twitter:card\" content=\"summary_large_image\" \/>\n<meta name=\"twitter:label1\" content=\"Gesch\u00e4tzte Lesezeit\" \/>\n\t<meta name=\"twitter:data1\" content=\"4\u00a0Minuten\" \/>\n<script type=\"application\/ld+json\" class=\"yoast-schema-graph\">{\"@context\":\"https:\\\/\\\/schema.org\",\"@graph\":[{\"@type\":\"WebPage\",\"@id\":\"https:\\\/\\\/klasmann-deilmann.com\\\/de\\\/produkte-loesungen\\\/containermulch\\\/\",\"url\":\"https:\\\/\\\/klasmann-deilmann.com\\\/de\\\/produkte-loesungen\\\/containermulch\\\/\",\"name\":\"Containermulch - Klasmann-Deilmann\",\"isPartOf\":{\"@id\":\"https:\\\/\\\/klasmann-deilmann.com\\\/en\\\/#website\"},\"primaryImageOfPage\":{\"@id\":\"https:\\\/\\\/klasmann-deilmann.com\\\/de\\\/produkte-loesungen\\\/containermulch\\\/#primaryimage\"},\"image\":{\"@id\":\"https:\\\/\\\/klasmann-deilmann.com\\\/de\\\/produkte-loesungen\\\/containermulch\\\/#primaryimage\"},\"thumbnailUrl\":\"https:\\\/\\\/klasmann-deilmann.com\\\/wp-content\\\/uploads\\\/klasmann-deilmann_containermulch_subbrand_flag.jpg\",\"datePublished\":\"2021-11-16T13:10:51+00:00\",\"dateModified\":\"2021-11-18T15:19:01+00:00\",\"breadcrumb\":{\"@id\":\"https:\\\/\\\/klasmann-deilmann.com\\\/de\\\/produkte-loesungen\\\/containermulch\\\/#breadcrumb\"},\"inLanguage\":\"de\",\"potentialAction\":[{\"@type\":\"ReadAction\",\"target\":[\"https:\\\/\\\/klasmann-deilmann.com\\\/de\\\/produkte-loesungen\\\/containermulch\\\/\"]}]},{\"@type\":\"ImageObject\",\"inLanguage\":\"de\",\"@id\":\"https:\\\/\\\/klasmann-deilmann.com\\\/de\\\/produkte-loesungen\\\/containermulch\\\/#primaryimage\",\"url\":\"https:\\\/\\\/klasmann-deilmann.com\\\/wp-content\\\/uploads\\\/klasmann-deilmann_containermulch_subbrand_flag.jpg\",\"contentUrl\":\"https:\\\/\\\/klasmann-deilmann.com\\\/wp-content\\\/uploads\\\/klasmann-deilmann_containermulch_subbrand_flag.jpg\"},{\"@type\":\"BreadcrumbList\",\"@id\":\"https:\\\/\\\/klasmann-deilmann.com\\\/de\\\/produkte-loesungen\\\/containermulch\\\/#breadcrumb\",\"itemListElement\":[{\"@type\":\"ListItem\",\"position\":1,\"name\":\"Home\",\"item\":\"https:\\\/\\\/klasmann-deilmann.com\\\/de\\\/\"},{\"@type\":\"ListItem\",\"position\":2,\"name\":\"Produkte &#038; L\u00f6sungen\",\"item\":\"https:\\\/\\\/klasmann-deilmann.com\\\/de\\\/produkte-loesungen\\\/\"},{\"@type\":\"ListItem\",\"position\":3,\"name\":\"Containermulch\"}]},{\"@type\":\"WebSite\",\"@id\":\"https:\\\/\\\/klasmann-deilmann.com\\\/en\\\/#website\",\"url\":\"https:\\\/\\\/klasmann-deilmann.com\\\/en\\\/\",\"name\":\"Klasmann-Deilmann\",\"description\":\"\",\"potentialAction\":[{\"@type\":\"SearchAction\",\"target\":{\"@type\":\"EntryPoint\",\"urlTemplate\":\"https:\\\/\\\/klasmann-deilmann.com\\\/en\\\/?s={search_term_string}\"},\"query-input\":{\"@type\":\"PropertyValueSpecification\",\"valueRequired\":true,\"valueName\":\"search_term_string\"}}],\"inLanguage\":\"de\"}]}<\/script>\n<!-- \/ Yoast SEO plugin. -->","yoast_head_json":{"title":"Containermulch - Klasmann-Deilmann","robots":{"index":"index","follow":"follow","max-snippet":"max-snippet:-1","max-image-preview":"max-image-preview:large","max-video-preview":"max-video-preview:-1"},"canonical":"https:\/\/klasmann-deilmann.com\/de\/produkte-loesungen\/containermulch\/","og_locale":"de_DE","og_type":"article","og_title":"Containermulch - Klasmann-Deilmann","og_description":"[vc_row][vc_column][kd_header_random_image_banner image=&#8220;35846&#8243;][\/kd_header_random_image_banner][\/vc_column][\/vc_row][vc_row][vc_column][vc_row_inner][vc_column_inner width=&#8220;1\/2&#8243;][vc_column_text] Nat\u00fcrliches Abdeckmaterial f\u00fcr T\u00f6pfe und Container Seit Markteinf\u00fchrung im Jahr 2014 hat sich Containermulch zu einem unverzichtbaren Betriebsmittel f\u00fcr zahlreiche Baumschulen entwickelt. Containermulch ist ein umweltfreundliches Abdeckmaterial, mit dem die Bildung von Algen und Unkraut in T\u00f6pfen und Containern effektiv unterdr\u00fcckt wird. Als Ausgangsmaterial nutzen wir Nadelholz, das aus nachhaltiger, PEFC-zertifizierter Forstwirtschaft stammt. Zur Vermeidung phytosanit\u00e4rer Risiken wird das Holz thermisch behandelt und auf diese Weise hygienisiert. Containermulch trocknet schnell ab, ist wasserdurchl\u00e4ssig und sorgt f\u00fcr eine","og_url":"https:\/\/klasmann-deilmann.com\/de\/produkte-loesungen\/containermulch\/","og_site_name":"Klasmann-Deilmann","article_modified_time":"2021-11-18T15:19:01+00:00","og_image":[{"url":"https:\/\/klasmann-deilmann.com\/wp-content\/uploads\/klasmann-deilmann_containermulch_subbrand_flag.jpg","type":"","width":"","height":""}],"twitter_card":"summary_large_image","twitter_misc":{"Gesch\u00e4tzte Lesezeit":"4\u00a0Minuten"},"schema":{"@context":"https:\/\/schema.org","@graph":[{"@type":"WebPage","@id":"https:\/\/klasmann-deilmann.com\/de\/produkte-loesungen\/containermulch\/","url":"https:\/\/klasmann-deilmann.com\/de\/produkte-loesungen\/containermulch\/","name":"Containermulch - Klasmann-Deilmann","isPartOf":{"@id":"https:\/\/klasmann-deilmann.com\/en\/#website"},"primaryImageOfPage":{"@id":"https:\/\/klasmann-deilmann.com\/de\/produkte-loesungen\/containermulch\/#primaryimage"},"image":{"@id":"https:\/\/klasmann-deilmann.com\/de\/produkte-loesungen\/containermulch\/#primaryimage"},"thumbnailUrl":"https:\/\/klasmann-deilmann.com\/wp-content\/uploads\/klasmann-deilmann_containermulch_subbrand_flag.jpg","datePublished":"2021-11-16T13:10:51+00:00","dateModified":"2021-11-18T15:19:01+00:00","breadcrumb":{"@id":"https:\/\/klasmann-deilmann.com\/de\/produkte-loesungen\/containermulch\/#breadcrumb"},"inLanguage":"de","potentialAction":[{"@type":"ReadAction","target":["https:\/\/klasmann-deilmann.com\/de\/produkte-loesungen\/containermulch\/"]}]},{"@type":"ImageObject","inLanguage":"de","@id":"https:\/\/klasmann-deilmann.com\/de\/produkte-loesungen\/containermulch\/#primaryimage","url":"https:\/\/klasmann-deilmann.com\/wp-content\/uploads\/klasmann-deilmann_containermulch_subbrand_flag.jpg","contentUrl":"https:\/\/klasmann-deilmann.com\/wp-content\/uploads\/klasmann-deilmann_containermulch_subbrand_flag.jpg"},{"@type":"BreadcrumbList","@id":"https:\/\/klasmann-deilmann.com\/de\/produkte-loesungen\/containermulch\/#breadcrumb","itemListElement":[{"@type":"ListItem","position":1,"name":"Home","item":"https:\/\/klasmann-deilmann.com\/de\/"},{"@type":"ListItem","position":2,"name":"Produkte &#038; L\u00f6sungen","item":"https:\/\/klasmann-deilmann.com\/de\/produkte-loesungen\/"},{"@type":"ListItem","position":3,"name":"Containermulch"}]},{"@type":"WebSite","@id":"https:\/\/klasmann-deilmann.com\/en\/#website","url":"https:\/\/klasmann-deilmann.com\/en\/","name":"Klasmann-Deilmann","description":"","potentialAction":[{"@type":"SearchAction","target":{"@type":"EntryPoint","urlTemplate":"https:\/\/klasmann-deilmann.com\/en\/?s={search_term_string}"},"query-input":{"@type":"PropertyValueSpecification","valueRequired":true,"valueName":"search_term_string"}}],"inLanguage":"de"}]}},"_links":{"self":[{"href":"https:\/\/klasmann-deilmann.com\/de\/wp-json\/wp\/v2\/pages\/41601","targetHints":{"allow":["GET"]}}],"collection":[{"href":"https:\/\/klasmann-deilmann.com\/de\/wp-json\/wp\/v2\/pages"}],"about":[{"href":"https:\/\/klasmann-deilmann.com\/de\/wp-json\/wp\/v2\/types\/page"}],"author":[{"embeddable":true,"href":"https:\/\/klasmann-deilmann.com\/de\/wp-json\/wp\/v2\/users\/7"}],"replies":[{"embeddable":true,"href":"https:\/\/klasmann-deilmann.com\/de\/wp-json\/wp\/v2\/comments?post=41601"}],"version-history":[{"count":9,"href":"https:\/\/klasmann-deilmann.com\/de\/wp-json\/wp\/v2\/pages\/41601\/revisions"}],"predecessor-version":[{"id":44864,"href":"https:\/\/klasmann-deilmann.com\/de\/wp-json\/wp\/v2\/pages\/41601\/revisions\/44864"}],"up":[{"embeddable":true,"href":"https:\/\/klasmann-deilmann.com\/de\/wp-json\/wp\/v2\/pages\/40410"}],"wp:attachment":[{"href":"https:\/\/klasmann-deilmann.com\/de\/wp-json\/wp\/v2\/media?parent=41601"}],"curies":[{"name":"wp","href":"https:\/\/api.w.org\/{rel}","templated":true}]}}