{"id":41434,"date":"2021-11-16T13:55:35","date_gmt":"2021-11-16T12:55:35","guid":{"rendered":"https:\/\/klasmann-deilmann.com\/?page_id=41434"},"modified":"2023-12-06T11:19:53","modified_gmt":"2023-12-06T10:19:53","slug":"terraktiv-plus","status":"publish","type":"page","link":"https:\/\/klasmann-deilmann.com\/de\/produkte-loesungen\/rohstoffe\/terraktiv-plus\/","title":{"rendered":"TerrAktiv\u00ae PLUS"},"content":{"rendered":"<div class=\"wpb-content-wrapper\">\n<p>[vc_row][vc_column][kd_header_random_image_banner image=&#8220;19739&#8243;][\/kd_header_random_image_banner][\/vc_column][\/vc_row][vc_row][vc_column][vc_row_inner][vc_column_inner width=&#8220;1\/2&#8243;][vc_column_text]<\/p>\n<h2>TerrAktiv\u00ae PLUS \u2013 mikrobiell belebte Substrate f\u00fcr ges\u00fcndere Pflanzen<\/h2>\n<p>Gartenbaubetriebe sind auf die effektive Unterdr\u00fcckung von Pflanzenkrankheiten angewiesen. Rechtliche Vorgaben lassen jedoch immer weniger M\u00f6glichkeiten zum Einsatz von Fungiziden zu. In der Folge k\u00f6nnen Pflanzenkrankheiten wie Pythium, Phytophthora und Fusarium vermehrt auftreten. Die Zugabe von Biostimulanzien kann eine suppressive Wirkung des Substrats erzeugen und Pflanzenkrankheiten verhindern.[\/vc_column_text][vc_column_text]<\/p>\n<h3>TerrAktiv\u00ae PLUS \u2013 erfolgreiche Versuche zur suppressiven Wirkung gegen Pflanzenkrankheiten<\/h3>\n<p>Klasmann-Deilmann hat in mehreren wissenschaftlichen Versuchsreihen u. a. den Wirkungsgrad verschiedener Bakterien und Pilzst\u00e4mme auf die Unterdr\u00fcckung von Pflanzenkrankheiten untersucht. Getestet wurden das neue Kompostprodukt TerrAktiv\u00ae PLUS im Vergleich zu g\u00e4ngigen Biostimulanzien. Alle Versuchsergebnisse best\u00e4tigen die h\u00f6chste suppressive Wirkung von TerrAktiv\u00ae PLUS. Ein Anteil von 5 \u2013 10 Volumenprozent in der regul\u00e4ren Substratzusammensetzung gen\u00fcgt, um hervorragende Ergebnisse zu erzielen.[\/vc_column_text][\/vc_column_inner][vc_column_inner width=&#8220;1\/2&#8243;][vc_column_text]<img loading=\"lazy\" decoding=\"async\" width=\"2560\" height=\"2260\" class=\"alignnone size-full wp-image-44724\" src=\"\/wp-content\/uploads\/klasmann-deilmann_terraktiv_plus_subbrand_flag_de.png\" alt=\"\" srcset=\"https:\/\/klasmann-deilmann.com\/wp-content\/uploads\/klasmann-deilmann_terraktiv_plus_subbrand_flag_de.png 2560w, https:\/\/klasmann-deilmann.com\/wp-content\/uploads\/klasmann-deilmann_terraktiv_plus_subbrand_flag_de-300x265.png 300w, https:\/\/klasmann-deilmann.com\/wp-content\/uploads\/klasmann-deilmann_terraktiv_plus_subbrand_flag_de-1024x904.png 1024w, https:\/\/klasmann-deilmann.com\/wp-content\/uploads\/klasmann-deilmann_terraktiv_plus_subbrand_flag_de-768x678.png 768w, https:\/\/klasmann-deilmann.com\/wp-content\/uploads\/klasmann-deilmann_terraktiv_plus_subbrand_flag_de-1536x1356.png 1536w, https:\/\/klasmann-deilmann.com\/wp-content\/uploads\/klasmann-deilmann_terraktiv_plus_subbrand_flag_de-2048x1808.png 2048w\" sizes=\"auto, (max-width: 2560px) 100vw, 2560px\" \/>[\/vc_column_text][\/vc_column_inner][\/vc_row_inner][vc_row_inner][vc_column_inner width=&#8220;1\/2&#8243;][kd_download_button show_link_download1=&#8220;download&#8220; download1=&#8220;17040&#8243; showinpdfreader=&#8220;true&#8220;][\/vc_column_inner][vc_column_inner width=&#8220;1\/2&#8243;][kd_download_button show_link_download1=&#8220;link&#8220; link1=&#8220;url:https%3A%2F%2Fyoutu.be%2FJYFNdEGCI3M|title:Video-Blog%3A%20TerrAktiv%C2%AE%20PLUS|target:_blank&#8220;][\/vc_column_inner][\/vc_row_inner][\/vc_column][\/vc_row][vc_row css=&#8220;.vc_custom_1628860692029{padding-top: 70px !important;padding-bottom: 30px !important;}&#8220;][vc_column][vc_row_inner][vc_column_inner width=&#8220;1\/2&#8243;][vc_column_text]<img loading=\"lazy\" decoding=\"async\" width=\"2560\" height=\"2240\" class=\"alignnone size-full wp-image-44735\" src=\"\/wp-content\/uploads\/terraktiv_plus_de.png\" alt=\"\" srcset=\"https:\/\/klasmann-deilmann.com\/wp-content\/uploads\/terraktiv_plus_de.png 2560w, https:\/\/klasmann-deilmann.com\/wp-content\/uploads\/terraktiv_plus_de-300x262.png 300w, https:\/\/klasmann-deilmann.com\/wp-content\/uploads\/terraktiv_plus_de-1024x896.png 1024w, https:\/\/klasmann-deilmann.com\/wp-content\/uploads\/terraktiv_plus_de-768x672.png 768w, https:\/\/klasmann-deilmann.com\/wp-content\/uploads\/terraktiv_plus_de-1536x1344.png 1536w, https:\/\/klasmann-deilmann.com\/wp-content\/uploads\/terraktiv_plus_de-2048x1792.png 2048w\" sizes=\"auto, (max-width: 2560px) 100vw, 2560px\" \/>[\/vc_column_text][\/vc_column_inner][vc_column_inner width=&#8220;1\/2&#8243;][vc_column_text]<img loading=\"lazy\" decoding=\"async\" width=\"2560\" height=\"2240\" class=\"alignnone size-full wp-image-44745\" src=\"\/wp-content\/uploads\/terraktiv_plus_de2.png\" alt=\"\" srcset=\"https:\/\/klasmann-deilmann.com\/wp-content\/uploads\/terraktiv_plus_de2.png 2560w, https:\/\/klasmann-deilmann.com\/wp-content\/uploads\/terraktiv_plus_de2-300x262.png 300w, https:\/\/klasmann-deilmann.com\/wp-content\/uploads\/terraktiv_plus_de2-1024x896.png 1024w, https:\/\/klasmann-deilmann.com\/wp-content\/uploads\/terraktiv_plus_de2-768x672.png 768w, https:\/\/klasmann-deilmann.com\/wp-content\/uploads\/terraktiv_plus_de2-1536x1344.png 1536w, https:\/\/klasmann-deilmann.com\/wp-content\/uploads\/terraktiv_plus_de2-2048x1792.png 2048w\" sizes=\"auto, (max-width: 2560px) 100vw, 2560px\" \/>[\/vc_column_text][\/vc_column_inner][\/vc_row_inner][\/vc_column][\/vc_row][vc_row css=&#8220;.vc_custom_1628861499708{padding-top: 70px !important;padding-bottom: 30px !important;}&#8220;][vc_column][vc_row_inner][vc_column_inner][vc_column_text]<\/p>\n<h2>TerrAktiv\u00ae PLUS \u2013 ideal f\u00fcr Topf- und Containerkulturen<\/h2>\n<p>[\/vc_column_text][\/vc_column_inner][\/vc_row_inner][vc_row_inner content_placement=&#8220;middle&#8220;][vc_column_inner width=&#8220;1\/2&#8243;][vc_column_text]<img loading=\"lazy\" decoding=\"async\" width=\"2560\" height=\"2112\" class=\"alignnone size-full wp-image-44755\" src=\"\/wp-content\/uploads\/terraktiv_plus_de3.png\" alt=\"\" srcset=\"https:\/\/klasmann-deilmann.com\/wp-content\/uploads\/terraktiv_plus_de3.png 2560w, https:\/\/klasmann-deilmann.com\/wp-content\/uploads\/terraktiv_plus_de3-300x248.png 300w, https:\/\/klasmann-deilmann.com\/wp-content\/uploads\/terraktiv_plus_de3-1024x845.png 1024w, https:\/\/klasmann-deilmann.com\/wp-content\/uploads\/terraktiv_plus_de3-768x634.png 768w, https:\/\/klasmann-deilmann.com\/wp-content\/uploads\/terraktiv_plus_de3-1536x1267.png 1536w, https:\/\/klasmann-deilmann.com\/wp-content\/uploads\/terraktiv_plus_de3-2048x1690.png 2048w\" sizes=\"auto, (max-width: 2560px) 100vw, 2560px\" \/>[\/vc_column_text][\/vc_column_inner][vc_column_inner width=&#8220;1\/2&#8243;][vc_column_text]<img loading=\"lazy\" decoding=\"async\" width=\"2560\" height=\"1898\" class=\"alignnone size-full wp-image-44765\" src=\"\/wp-content\/uploads\/terraktiv_plus_de4.png\" alt=\"\" srcset=\"https:\/\/klasmann-deilmann.com\/wp-content\/uploads\/terraktiv_plus_de4.png 2560w, https:\/\/klasmann-deilmann.com\/wp-content\/uploads\/terraktiv_plus_de4-300x222.png 300w, https:\/\/klasmann-deilmann.com\/wp-content\/uploads\/terraktiv_plus_de4-1024x759.png 1024w, https:\/\/klasmann-deilmann.com\/wp-content\/uploads\/terraktiv_plus_de4-768x569.png 768w, https:\/\/klasmann-deilmann.com\/wp-content\/uploads\/terraktiv_plus_de4-1536x1139.png 1536w, https:\/\/klasmann-deilmann.com\/wp-content\/uploads\/terraktiv_plus_de4-2048x1518.png 2048w\" sizes=\"auto, (max-width: 2560px) 100vw, 2560px\" \/>[\/vc_column_text][\/vc_column_inner][\/vc_row_inner][vc_row_inner][vc_column_inner][vc_column_text]<img loading=\"lazy\" decoding=\"async\" width=\"2560\" height=\"1075\" class=\"alignnone size-full wp-image-44775\" src=\"\/wp-content\/uploads\/terraktiv_plus_de5.png\" alt=\"\" srcset=\"https:\/\/klasmann-deilmann.com\/wp-content\/uploads\/terraktiv_plus_de5.png 2560w, https:\/\/klasmann-deilmann.com\/wp-content\/uploads\/terraktiv_plus_de5-300x126.png 300w, https:\/\/klasmann-deilmann.com\/wp-content\/uploads\/terraktiv_plus_de5-1024x430.png 1024w, https:\/\/klasmann-deilmann.com\/wp-content\/uploads\/terraktiv_plus_de5-768x322.png 768w, https:\/\/klasmann-deilmann.com\/wp-content\/uploads\/terraktiv_plus_de5-1536x645.png 1536w, https:\/\/klasmann-deilmann.com\/wp-content\/uploads\/terraktiv_plus_de5-2048x860.png 2048w\" sizes=\"auto, (max-width: 2560px) 100vw, 2560px\" \/>[\/vc_column_text][\/vc_column_inner][\/vc_row_inner][\/vc_column][\/vc_row][vc_row css=&#8220;.vc_custom_1628860692029{padding-top: 70px !important;padding-bottom: 30px !important;}&#8220;][vc_column][vc_row_inner][vc_column_inner][vc_column_text]<\/p>\n<h2>Die perfekte Basis: TerrAktiv\u00ae Gr\u00fcnkompost<\/h2>\n<p>[\/vc_column_text][\/vc_column_inner][\/vc_row_inner][vc_row_inner content_placement=&#8220;middle&#8220;][vc_column_inner width=&#8220;1\/4&#8243;][vc_column_text]<img loading=\"lazy\" decoding=\"async\" width=\"150\" height=\"158\" class=\"size-full wp-image-19026 alignleft\" src=\"\/wp-content\/uploads\/RHP-Logo-Horticulture-Eng_klein_150px.jpg\" alt=\"\" srcset=\"https:\/\/klasmann-deilmann.com\/wp-content\/uploads\/RHP-Logo-Horticulture-Eng_klein_150px.jpg 150w, https:\/\/klasmann-deilmann.com\/wp-content\/uploads\/RHP-Logo-Horticulture-Eng_klein_150px-119x125.jpg 119w\" sizes=\"auto, (max-width: 150px) 100vw, 150px\" \/>[\/vc_column_text][vc_column_text]<img loading=\"lazy\" decoding=\"async\" width=\"150\" height=\"99\" class=\"size-full wp-image-19227 alignleft\" src=\"\/wp-content\/uploads\/Klasmann_Deilmann_TerrAktiv_Plus_Ecocert_02.jpg\" alt=\"\" srcset=\"https:\/\/klasmann-deilmann.com\/wp-content\/uploads\/Klasmann_Deilmann_TerrAktiv_Plus_Ecocert_02.jpg 150w, https:\/\/klasmann-deilmann.com\/wp-content\/uploads\/Klasmann_Deilmann_TerrAktiv_Plus_Ecocert_02-125x83.jpg 125w\" sizes=\"auto, (max-width: 150px) 100vw, 150px\" \/>[\/vc_column_text][\/vc_column_inner][vc_column_inner width=&#8220;3\/4&#8243;][vc_column_text]TerrAktiv\u00ae Gr\u00fcnkompost, die Basis f\u00fcr TerrAktiv\u00ae PLUS, wird in eigenen Kompostierungsanlagen hergestellt und nach der niederl\u00e4ndischen RHP-Norm zertifiziert (www.rhp.nl). W\u00e4hrend der Kompostierung wird das Ausgangsmaterial mit biodynamischen Substanzen behandelt. Zus\u00e4tzlich werden Raubmilben (Hypoaspis miles) hinzugef\u00fcgt, um dem Befall von Trauerm\u00fccken im Gew\u00e4chshaus vorzubeugen.<\/p>\n<p>Da TerrAktiv\u00ae Gr\u00fcnkompost insbesondere als Ausgangsstoff f\u00fcr Substrate im \u00f6kologischen Anbau genutzt wird, erf\u00fcllen die w\u00e4hrend der Produktion angewendeten Verfahren und eingesetzten Komponenten die Europ\u00e4ischen \u00d6ko-Verordnungen (EU) Nr. 2018\/848 und 2021\/1165. Kontrolliert durch ECOCERT F-32600. Alle Ausgangsstoffe und organischen D\u00fcnger sind \u201eGMO-frei\u201c und werden regelm\u00e4\u00dfig auf R\u00fcckst\u00e4nde untersucht. TerrAktiv\u00ae entspricht den in Deutschland, \u00d6sterreich und der Schweiz geltenden Vorschriften.[\/vc_column_text][\/vc_column_inner][\/vc_row_inner][\/vc_column][\/vc_row][vc_row css=&#8220;.vc_custom_1701857989555{margin-top: 70px !important;margin-bottom: 30px !important;background-color: #414345 !important;}&#8220;][vc_column width=&#8220;1\/2&#8243;][vc_row_inner][vc_column_inner][vc_column_text]<\/p>\n<h2>Liefersicherheit und Qualit\u00e4t im Einklang.<\/h2>\n<p>Unabh\u00e4ngig von aktuellen Krisen und unterbrochenen Lieferketten gehen aktuelle Prognosen davon aus, dass die Nachfrage nach Kultursubstraten und den daf\u00fcr notwendigen Rohstoffen in Zukunft international deutlich steigen wird.<\/p>\n<p>Klasmann-Deilmann hat fr\u00fchzeitig und mit Erfolg daf\u00fcr gesorgt, dass die weiter steigende Nachfrage nach Produkten f\u00fcr den Gartenbau mit einer stabilen Rohstoffversorgung und Lieferanteninfrastruktur gew\u00e4hrleistet werden kann.[\/vc_column_text][kd_download_button show_link_download1=&#8220;link&#8220; link1=&#8220;url:https%3A%2F%2Fklasmann-deilmann.com%2Fde%2Funternehmen%2Fliefersicherheit%2F|title:Liefersicherheit%3A%20Warum%20wir%20haben%2C%20was%20Sie%20brauchen.&#8220;][\/vc_column_inner][\/vc_row_inner][\/vc_column][vc_column width=&#8220;1\/2&#8243;][vc_row_inner][vc_column_inner][vc_column_text]<img loading=\"lazy\" decoding=\"async\" class=\"alignnone wp-image-77550 size-full\" src=\"https:\/\/klasmann-deilmann.com\/wp-content\/uploads\/klasmann-deilmann_raffael_koschmieder_raw_materials.jpg\" alt=\"\" width=\"2560\" height=\"1707\" srcset=\"https:\/\/klasmann-deilmann.com\/wp-content\/uploads\/klasmann-deilmann_raffael_koschmieder_raw_materials.jpg 2560w, https:\/\/klasmann-deilmann.com\/wp-content\/uploads\/klasmann-deilmann_raffael_koschmieder_raw_materials-300x200.jpg 300w, https:\/\/klasmann-deilmann.com\/wp-content\/uploads\/klasmann-deilmann_raffael_koschmieder_raw_materials-1024x683.jpg 1024w, https:\/\/klasmann-deilmann.com\/wp-content\/uploads\/klasmann-deilmann_raffael_koschmieder_raw_materials-768x512.jpg 768w, https:\/\/klasmann-deilmann.com\/wp-content\/uploads\/klasmann-deilmann_raffael_koschmieder_raw_materials-1536x1024.jpg 1536w, https:\/\/klasmann-deilmann.com\/wp-content\/uploads\/klasmann-deilmann_raffael_koschmieder_raw_materials-2048x1366.jpg 2048w\" sizes=\"auto, (max-width: 2560px) 100vw, 2560px\" \/>[\/vc_column_text][\/vc_column_inner][\/vc_row_inner][\/vc_column][\/vc_row][vc_row css=&#8220;.vc_custom_1628861271432{padding-top: 70px !important;}&#8220;][vc_column][kd_getintouch image=&#8220;32948&#8243;][\/vc_column][\/vc_row]<\/p>\n<\/div>\n","protected":false},"excerpt":{"rendered":"<p>[vc_row][vc_column][kd_header_random_image_banner image=&#8220;19739&#8243;][\/kd_header_random_image_banner][\/vc_column][\/vc_row][vc_row][vc_column][vc_row_inner][vc_column_inner width=&#8220;1\/2&#8243;][vc_column_text] TerrAktiv\u00ae PLUS \u2013 mikrobiell belebte Substrate f\u00fcr ges\u00fcndere Pflanzen Gartenbaubetriebe sind auf die effektive Unterdr\u00fcckung von Pflanzenkrankheiten angewiesen. Rechtliche Vorgaben lassen jedoch immer weniger M\u00f6glichkeiten zum Einsatz von Fungiziden zu. In der Folge k\u00f6nnen Pflanzenkrankheiten wie Pythium, Phytophthora und Fusarium vermehrt auftreten. Die Zugabe von Biostimulanzien kann eine suppressive Wirkung des Substrats erzeugen und Pflanzenkrankheiten verhindern.[\/vc_column_text][vc_column_text] TerrAktiv\u00ae PLUS \u2013 erfolgreiche Versuche zur suppressiven Wirkung gegen Pflanzenkrankheiten Klasmann-Deilmann hat in mehreren wissenschaftlichen Versuchsreihen u. a. den Wirkungsgrad verschiedener<\/p>\n","protected":false},"author":7,"featured_media":0,"parent":41239,"menu_order":452,"comment_status":"closed","ping_status":"closed","template":"","meta":{"_acf_changed":false,"inline_featured_image":false,"footnotes":""},"class_list":["post-41434","page","type-page","status-publish","hentry"],"acf":[],"yoast_head":"<!-- This site is optimized with the Yoast SEO plugin v27.5 - https:\/\/yoast.com\/product\/yoast-seo-wordpress\/ -->\n<title>TerrAktiv\u00ae PLUS - Klasmann-Deilmann<\/title>\n<meta name=\"robots\" content=\"index, follow, max-snippet:-1, max-image-preview:large, max-video-preview:-1\" \/>\n<link rel=\"canonical\" href=\"https:\/\/klasmann-deilmann.com\/de\/produkte-loesungen\/rohstoffe\/terraktiv-plus\/\" \/>\n<meta property=\"og:locale\" content=\"de_DE\" \/>\n<meta property=\"og:type\" content=\"article\" \/>\n<meta property=\"og:title\" content=\"TerrAktiv\u00ae PLUS - Klasmann-Deilmann\" \/>\n<meta property=\"og:description\" content=\"[vc_row][vc_column][kd_header_random_image_banner image=&#8220;19739&#8243;][\/kd_header_random_image_banner][\/vc_column][\/vc_row][vc_row][vc_column][vc_row_inner][vc_column_inner width=&#8220;1\/2&#8243;][vc_column_text] TerrAktiv\u00ae PLUS \u2013 mikrobiell belebte Substrate f\u00fcr ges\u00fcndere Pflanzen Gartenbaubetriebe sind auf die effektive Unterdr\u00fcckung von Pflanzenkrankheiten angewiesen. Rechtliche Vorgaben lassen jedoch immer weniger M\u00f6glichkeiten zum Einsatz von Fungiziden zu. In der Folge k\u00f6nnen Pflanzenkrankheiten wie Pythium, Phytophthora und Fusarium vermehrt auftreten. Die Zugabe von Biostimulanzien kann eine suppressive Wirkung des Substrats erzeugen und Pflanzenkrankheiten verhindern.[\/vc_column_text][vc_column_text] TerrAktiv\u00ae PLUS \u2013 erfolgreiche Versuche zur suppressiven Wirkung gegen Pflanzenkrankheiten Klasmann-Deilmann hat in mehreren wissenschaftlichen Versuchsreihen u. a. den Wirkungsgrad verschiedener\" \/>\n<meta property=\"og:url\" content=\"https:\/\/klasmann-deilmann.com\/de\/produkte-loesungen\/rohstoffe\/terraktiv-plus\/\" \/>\n<meta property=\"og:site_name\" content=\"Klasmann-Deilmann\" \/>\n<meta property=\"article:modified_time\" content=\"2023-12-06T10:19:53+00:00\" \/>\n<meta property=\"og:image\" content=\"https:\/\/klasmann-deilmann.com\/wp-content\/uploads\/klasmann-deilmann_raffael_koschmieder_raw_materials.jpg\" \/>\n<meta name=\"twitter:card\" content=\"summary_large_image\" \/>\n<meta name=\"twitter:label1\" content=\"Gesch\u00e4tzte Lesezeit\" \/>\n\t<meta name=\"twitter:data1\" content=\"3\u00a0Minuten\" \/>\n<script type=\"application\/ld+json\" class=\"yoast-schema-graph\">{\"@context\":\"https:\\\/\\\/schema.org\",\"@graph\":[{\"@type\":\"WebPage\",\"@id\":\"https:\\\/\\\/klasmann-deilmann.com\\\/de\\\/produkte-loesungen\\\/rohstoffe\\\/terraktiv-plus\\\/\",\"url\":\"https:\\\/\\\/klasmann-deilmann.com\\\/de\\\/produkte-loesungen\\\/rohstoffe\\\/terraktiv-plus\\\/\",\"name\":\"TerrAktiv\u00ae PLUS - Klasmann-Deilmann\",\"isPartOf\":{\"@id\":\"https:\\\/\\\/klasmann-deilmann.com\\\/en\\\/#website\"},\"primaryImageOfPage\":{\"@id\":\"https:\\\/\\\/klasmann-deilmann.com\\\/de\\\/produkte-loesungen\\\/rohstoffe\\\/terraktiv-plus\\\/#primaryimage\"},\"image\":{\"@id\":\"https:\\\/\\\/klasmann-deilmann.com\\\/de\\\/produkte-loesungen\\\/rohstoffe\\\/terraktiv-plus\\\/#primaryimage\"},\"thumbnailUrl\":\"https:\\\/\\\/klasmann-deilmann.com\\\/wp-content\\\/uploads\\\/klasmann-deilmann_raffael_koschmieder_raw_materials.jpg\",\"datePublished\":\"2021-11-16T12:55:35+00:00\",\"dateModified\":\"2023-12-06T10:19:53+00:00\",\"breadcrumb\":{\"@id\":\"https:\\\/\\\/klasmann-deilmann.com\\\/de\\\/produkte-loesungen\\\/rohstoffe\\\/terraktiv-plus\\\/#breadcrumb\"},\"inLanguage\":\"de\",\"potentialAction\":[{\"@type\":\"ReadAction\",\"target\":[\"https:\\\/\\\/klasmann-deilmann.com\\\/de\\\/produkte-loesungen\\\/rohstoffe\\\/terraktiv-plus\\\/\"]}]},{\"@type\":\"ImageObject\",\"inLanguage\":\"de\",\"@id\":\"https:\\\/\\\/klasmann-deilmann.com\\\/de\\\/produkte-loesungen\\\/rohstoffe\\\/terraktiv-plus\\\/#primaryimage\",\"url\":\"https:\\\/\\\/klasmann-deilmann.com\\\/wp-content\\\/uploads\\\/klasmann-deilmann_raffael_koschmieder_raw_materials.jpg\",\"contentUrl\":\"https:\\\/\\\/klasmann-deilmann.com\\\/wp-content\\\/uploads\\\/klasmann-deilmann_raffael_koschmieder_raw_materials.jpg\"},{\"@type\":\"BreadcrumbList\",\"@id\":\"https:\\\/\\\/klasmann-deilmann.com\\\/de\\\/produkte-loesungen\\\/rohstoffe\\\/terraktiv-plus\\\/#breadcrumb\",\"itemListElement\":[{\"@type\":\"ListItem\",\"position\":1,\"name\":\"Home\",\"item\":\"https:\\\/\\\/klasmann-deilmann.com\\\/de\\\/\"},{\"@type\":\"ListItem\",\"position\":2,\"name\":\"Produkte &#038; L\u00f6sungen\",\"item\":\"https:\\\/\\\/klasmann-deilmann.com\\\/de\\\/produkte-loesungen\\\/\"},{\"@type\":\"ListItem\",\"position\":3,\"name\":\"Rohstoffe\",\"item\":\"https:\\\/\\\/klasmann-deilmann.com\\\/de\\\/produkte-loesungen\\\/rohstoffe\\\/\"},{\"@type\":\"ListItem\",\"position\":4,\"name\":\"TerrAktiv\u00ae PLUS\"}]},{\"@type\":\"WebSite\",\"@id\":\"https:\\\/\\\/klasmann-deilmann.com\\\/en\\\/#website\",\"url\":\"https:\\\/\\\/klasmann-deilmann.com\\\/en\\\/\",\"name\":\"Klasmann-Deilmann\",\"description\":\"\",\"potentialAction\":[{\"@type\":\"SearchAction\",\"target\":{\"@type\":\"EntryPoint\",\"urlTemplate\":\"https:\\\/\\\/klasmann-deilmann.com\\\/en\\\/?s={search_term_string}\"},\"query-input\":{\"@type\":\"PropertyValueSpecification\",\"valueRequired\":true,\"valueName\":\"search_term_string\"}}],\"inLanguage\":\"de\"}]}<\/script>\n<!-- \/ Yoast SEO plugin. -->","yoast_head_json":{"title":"TerrAktiv\u00ae PLUS - Klasmann-Deilmann","robots":{"index":"index","follow":"follow","max-snippet":"max-snippet:-1","max-image-preview":"max-image-preview:large","max-video-preview":"max-video-preview:-1"},"canonical":"https:\/\/klasmann-deilmann.com\/de\/produkte-loesungen\/rohstoffe\/terraktiv-plus\/","og_locale":"de_DE","og_type":"article","og_title":"TerrAktiv\u00ae PLUS - Klasmann-Deilmann","og_description":"[vc_row][vc_column][kd_header_random_image_banner image=&#8220;19739&#8243;][\/kd_header_random_image_banner][\/vc_column][\/vc_row][vc_row][vc_column][vc_row_inner][vc_column_inner width=&#8220;1\/2&#8243;][vc_column_text] TerrAktiv\u00ae PLUS \u2013 mikrobiell belebte Substrate f\u00fcr ges\u00fcndere Pflanzen Gartenbaubetriebe sind auf die effektive Unterdr\u00fcckung von Pflanzenkrankheiten angewiesen. Rechtliche Vorgaben lassen jedoch immer weniger M\u00f6glichkeiten zum Einsatz von Fungiziden zu. In der Folge k\u00f6nnen Pflanzenkrankheiten wie Pythium, Phytophthora und Fusarium vermehrt auftreten. Die Zugabe von Biostimulanzien kann eine suppressive Wirkung des Substrats erzeugen und Pflanzenkrankheiten verhindern.[\/vc_column_text][vc_column_text] TerrAktiv\u00ae PLUS \u2013 erfolgreiche Versuche zur suppressiven Wirkung gegen Pflanzenkrankheiten Klasmann-Deilmann hat in mehreren wissenschaftlichen Versuchsreihen u. a. den Wirkungsgrad verschiedener","og_url":"https:\/\/klasmann-deilmann.com\/de\/produkte-loesungen\/rohstoffe\/terraktiv-plus\/","og_site_name":"Klasmann-Deilmann","article_modified_time":"2023-12-06T10:19:53+00:00","og_image":[{"url":"https:\/\/klasmann-deilmann.com\/wp-content\/uploads\/klasmann-deilmann_raffael_koschmieder_raw_materials.jpg","type":"","width":"","height":""}],"twitter_card":"summary_large_image","twitter_misc":{"Gesch\u00e4tzte Lesezeit":"3\u00a0Minuten"},"schema":{"@context":"https:\/\/schema.org","@graph":[{"@type":"WebPage","@id":"https:\/\/klasmann-deilmann.com\/de\/produkte-loesungen\/rohstoffe\/terraktiv-plus\/","url":"https:\/\/klasmann-deilmann.com\/de\/produkte-loesungen\/rohstoffe\/terraktiv-plus\/","name":"TerrAktiv\u00ae PLUS - Klasmann-Deilmann","isPartOf":{"@id":"https:\/\/klasmann-deilmann.com\/en\/#website"},"primaryImageOfPage":{"@id":"https:\/\/klasmann-deilmann.com\/de\/produkte-loesungen\/rohstoffe\/terraktiv-plus\/#primaryimage"},"image":{"@id":"https:\/\/klasmann-deilmann.com\/de\/produkte-loesungen\/rohstoffe\/terraktiv-plus\/#primaryimage"},"thumbnailUrl":"https:\/\/klasmann-deilmann.com\/wp-content\/uploads\/klasmann-deilmann_raffael_koschmieder_raw_materials.jpg","datePublished":"2021-11-16T12:55:35+00:00","dateModified":"2023-12-06T10:19:53+00:00","breadcrumb":{"@id":"https:\/\/klasmann-deilmann.com\/de\/produkte-loesungen\/rohstoffe\/terraktiv-plus\/#breadcrumb"},"inLanguage":"de","potentialAction":[{"@type":"ReadAction","target":["https:\/\/klasmann-deilmann.com\/de\/produkte-loesungen\/rohstoffe\/terraktiv-plus\/"]}]},{"@type":"ImageObject","inLanguage":"de","@id":"https:\/\/klasmann-deilmann.com\/de\/produkte-loesungen\/rohstoffe\/terraktiv-plus\/#primaryimage","url":"https:\/\/klasmann-deilmann.com\/wp-content\/uploads\/klasmann-deilmann_raffael_koschmieder_raw_materials.jpg","contentUrl":"https:\/\/klasmann-deilmann.com\/wp-content\/uploads\/klasmann-deilmann_raffael_koschmieder_raw_materials.jpg"},{"@type":"BreadcrumbList","@id":"https:\/\/klasmann-deilmann.com\/de\/produkte-loesungen\/rohstoffe\/terraktiv-plus\/#breadcrumb","itemListElement":[{"@type":"ListItem","position":1,"name":"Home","item":"https:\/\/klasmann-deilmann.com\/de\/"},{"@type":"ListItem","position":2,"name":"Produkte &#038; L\u00f6sungen","item":"https:\/\/klasmann-deilmann.com\/de\/produkte-loesungen\/"},{"@type":"ListItem","position":3,"name":"Rohstoffe","item":"https:\/\/klasmann-deilmann.com\/de\/produkte-loesungen\/rohstoffe\/"},{"@type":"ListItem","position":4,"name":"TerrAktiv\u00ae PLUS"}]},{"@type":"WebSite","@id":"https:\/\/klasmann-deilmann.com\/en\/#website","url":"https:\/\/klasmann-deilmann.com\/en\/","name":"Klasmann-Deilmann","description":"","potentialAction":[{"@type":"SearchAction","target":{"@type":"EntryPoint","urlTemplate":"https:\/\/klasmann-deilmann.com\/en\/?s={search_term_string}"},"query-input":{"@type":"PropertyValueSpecification","valueRequired":true,"valueName":"search_term_string"}}],"inLanguage":"de"}]}},"_links":{"self":[{"href":"https:\/\/klasmann-deilmann.com\/de\/wp-json\/wp\/v2\/pages\/41434","targetHints":{"allow":["GET"]}}],"collection":[{"href":"https:\/\/klasmann-deilmann.com\/de\/wp-json\/wp\/v2\/pages"}],"about":[{"href":"https:\/\/klasmann-deilmann.com\/de\/wp-json\/wp\/v2\/types\/page"}],"author":[{"embeddable":true,"href":"https:\/\/klasmann-deilmann.com\/de\/wp-json\/wp\/v2\/users\/7"}],"replies":[{"embeddable":true,"href":"https:\/\/klasmann-deilmann.com\/de\/wp-json\/wp\/v2\/comments?post=41434"}],"version-history":[{"count":10,"href":"https:\/\/klasmann-deilmann.com\/de\/wp-json\/wp\/v2\/pages\/41434\/revisions"}],"predecessor-version":[{"id":44722,"href":"https:\/\/klasmann-deilmann.com\/de\/wp-json\/wp\/v2\/pages\/41434\/revisions\/44722"}],"up":[{"embeddable":true,"href":"https:\/\/klasmann-deilmann.com\/de\/wp-json\/wp\/v2\/pages\/41239"}],"wp:attachment":[{"href":"https:\/\/klasmann-deilmann.com\/de\/wp-json\/wp\/v2\/media?parent=41434"}],"curies":[{"name":"wp","href":"https:\/\/api.w.org\/{rel}","templated":true}]}}