{"id":41239,"date":"2021-11-16T13:51:07","date_gmt":"2021-11-16T12:51:07","guid":{"rendered":"https:\/\/klasmann-deilmann.com\/?page_id=41239"},"modified":"2023-12-06T11:15:59","modified_gmt":"2023-12-06T10:15:59","slug":"rohstoffe","status":"publish","type":"page","link":"https:\/\/klasmann-deilmann.com\/de\/produkte-loesungen\/rohstoffe\/","title":{"rendered":"Rohstoffe"},"content":{"rendered":"<div class=\"wpb-content-wrapper\">\n<p>[vc_row][vc_column][kd_header_random_image_banner image=&#8220;18897&#8243;][\/kd_header_random_image_banner][\/vc_column][\/vc_row][vc_row css=&#8220;.vc_custom_1628859174073{padding-top: 70px !important;padding-bottom: 30px !important;background-color: #414345 !important;}&#8220;][vc_column][vc_row_inner][vc_column_inner][kd_menu_parent_grid menuitems=&#8220;%5B%7B%22sortof%22%3A%22menu%22%2C%22menuitem%22%3A%2241307%22%2C%22imageorcolor%22%3A%22image%22%2C%22bgimage%22%3A%2234447%22%2C%22bgcolor%22%3A%22kdgreen%22%7D%2C%7B%22sortof%22%3A%22menu%22%2C%22menuitem%22%3A%2241397%22%2C%22imageorcolor%22%3A%22image%22%2C%22bgimage%22%3A%2235470%22%2C%22bgcolor%22%3A%22kdgreen%22%7D%2C%7B%22sortof%22%3A%22menu%22%2C%22menuitem%22%3A%2241434%22%2C%22imageorcolor%22%3A%22image%22%2C%22bgimage%22%3A%2236802%22%2C%22bgcolor%22%3A%22kdgreen%22%7D%2C%7B%22sortof%22%3A%22menu%22%2C%22menuitem%22%3A%2241556%22%2C%22imageorcolor%22%3A%22image%22%2C%22bgimage%22%3A%2218886%22%2C%22bgcolor%22%3A%22kdgreen%22%7D%2C%7B%22sortof%22%3A%22menu%22%2C%22menuitem%22%3A%2241583%22%2C%22imageorcolor%22%3A%22image%22%2C%22bgimage%22%3A%2236699%22%2C%22bgcolor%22%3A%22kdgreen%22%7D%2C%7B%22sortof%22%3A%22menu%22%2C%22menuitem%22%3A%2241289%22%2C%22imageorcolor%22%3A%22image%22%2C%22bgimage%22%3A%2236820%22%2C%22bgcolor%22%3A%22whitegreen%22%7D%5D&#8220;][\/vc_column_inner][\/vc_row_inner][\/vc_column][\/vc_row][vc_row css=&#8220;.vc_custom_1701857757308{margin-top: 50px !important;margin-bottom: 30px !important;}&#8220;][vc_column width=&#8220;1\/2&#8243;][vc_row_inner][vc_column_inner][vc_column_text]<\/p>\n<h2>Liefersicherheit und Qualit\u00e4t im Einklang.<\/h2>\n<p>Unabh\u00e4ngig von aktuellen Krisen und unterbrochenen Lieferketten gehen aktuelle Prognosen davon aus, dass die Nachfrage nach Kultursubstraten und den daf\u00fcr notwendigen Rohstoffen in Zukunft international deutlich steigen wird.<\/p>\n<p>Klasmann-Deilmann hat fr\u00fchzeitig und mit Erfolg daf\u00fcr gesorgt, dass die weiter steigende Nachfrage nach Produkten f\u00fcr den Gartenbau mit einer stabilen Rohstoffversorgung und Lieferanteninfrastruktur gew\u00e4hrleistet werden kann.[\/vc_column_text][kd_download_button show_link_download1=&#8220;link&#8220; link1=&#8220;url:https%3A%2F%2Fklasmann-deilmann.com%2Fde%2Funternehmen%2Fliefersicherheit%2F|title:Liefersicherheit%3A%20Warum%20wir%20haben%2C%20was%20Sie%20brauchen.&#8220;][\/vc_column_inner][\/vc_row_inner][\/vc_column][vc_column width=&#8220;1\/2&#8243;][vc_row_inner][vc_column_inner][vc_column_text]<img loading=\"lazy\" decoding=\"async\" class=\"alignnone wp-image-77550 size-full\" src=\"https:\/\/klasmann-deilmann.com\/wp-content\/uploads\/klasmann-deilmann_raffael_koschmieder_raw_materials.jpg\" alt=\"\" width=\"2560\" height=\"1707\" srcset=\"https:\/\/klasmann-deilmann.com\/wp-content\/uploads\/klasmann-deilmann_raffael_koschmieder_raw_materials.jpg 2560w, https:\/\/klasmann-deilmann.com\/wp-content\/uploads\/klasmann-deilmann_raffael_koschmieder_raw_materials-300x200.jpg 300w, https:\/\/klasmann-deilmann.com\/wp-content\/uploads\/klasmann-deilmann_raffael_koschmieder_raw_materials-1024x683.jpg 1024w, https:\/\/klasmann-deilmann.com\/wp-content\/uploads\/klasmann-deilmann_raffael_koschmieder_raw_materials-768x512.jpg 768w, https:\/\/klasmann-deilmann.com\/wp-content\/uploads\/klasmann-deilmann_raffael_koschmieder_raw_materials-1536x1024.jpg 1536w, https:\/\/klasmann-deilmann.com\/wp-content\/uploads\/klasmann-deilmann_raffael_koschmieder_raw_materials-2048x1366.jpg 2048w\" sizes=\"auto, (max-width: 2560px) 100vw, 2560px\" \/>[\/vc_column_text][\/vc_column_inner][\/vc_row_inner][\/vc_column][\/vc_row][vc_row css=&#8220;.vc_custom_1629210488512{margin-top: 70px !important;}&#8220;][vc_column][kd_getintouch image=&#8220;32948&#8243;][\/vc_column][\/vc_row]<\/p>\n<\/div>\n","protected":false},"excerpt":{"rendered":"<p>[vc_row][vc_column][kd_header_random_image_banner image=&#8220;18897&#8243;][\/kd_header_random_image_banner][\/vc_column][\/vc_row][vc_row css=&#8220;.vc_custom_1628859174073{padding-top: 70px !important;padding-bottom: 30px !important;background-color: #414345 !important;}&#8220;][vc_column][vc_row_inner][vc_column_inner][kd_menu_parent_grid menuitems=&#8220;%5B%7B%22sortof%22%3A%22menu%22%2C%22menuitem%22%3A%2241307%22%2C%22imageorcolor%22%3A%22image%22%2C%22bgimage%22%3A%2234447%22%2C%22bgcolor%22%3A%22kdgreen%22%7D%2C%7B%22sortof%22%3A%22menu%22%2C%22menuitem%22%3A%2241397%22%2C%22imageorcolor%22%3A%22image%22%2C%22bgimage%22%3A%2235470%22%2C%22bgcolor%22%3A%22kdgreen%22%7D%2C%7B%22sortof%22%3A%22menu%22%2C%22menuitem%22%3A%2241434%22%2C%22imageorcolor%22%3A%22image%22%2C%22bgimage%22%3A%2236802%22%2C%22bgcolor%22%3A%22kdgreen%22%7D%2C%7B%22sortof%22%3A%22menu%22%2C%22menuitem%22%3A%2241556%22%2C%22imageorcolor%22%3A%22image%22%2C%22bgimage%22%3A%2218886%22%2C%22bgcolor%22%3A%22kdgreen%22%7D%2C%7B%22sortof%22%3A%22menu%22%2C%22menuitem%22%3A%2241583%22%2C%22imageorcolor%22%3A%22image%22%2C%22bgimage%22%3A%2236699%22%2C%22bgcolor%22%3A%22kdgreen%22%7D%2C%7B%22sortof%22%3A%22menu%22%2C%22menuitem%22%3A%2241289%22%2C%22imageorcolor%22%3A%22image%22%2C%22bgimage%22%3A%2236820%22%2C%22bgcolor%22%3A%22whitegreen%22%7D%5D&#8220;][\/vc_column_inner][\/vc_row_inner][\/vc_column][\/vc_row][vc_row css=&#8220;.vc_custom_1701857757308{margin-top: 50px !important;margin-bottom: 30px !important;}&#8220;][vc_column width=&#8220;1\/2&#8243;][vc_row_inner][vc_column_inner][vc_column_text] Liefersicherheit und Qualit\u00e4t im Einklang. Unabh\u00e4ngig von aktuellen Krisen und unterbrochenen Lieferketten gehen aktuelle Prognosen davon aus, dass die Nachfrage nach Kultursubstraten und den daf\u00fcr notwendigen Rohstoffen in Zukunft international deutlich steigen wird. Klasmann-Deilmann hat fr\u00fchzeitig und mit Erfolg daf\u00fcr gesorgt, dass die weiter steigende Nachfrage nach Produkten f\u00fcr den Gartenbau mit einer stabilen Rohstoffversorgung und Lieferanteninfrastruktur gew\u00e4hrleistet werden kann.[\/vc_column_text][kd_download_button show_link_download1=&#8220;link&#8220; link1=&#8220;url:https%3A%2F%2Fklasmann-deilmann.com%2Fde%2Funternehmen%2Fliefersicherheit%2F|title:Liefersicherheit%3A%20Warum%20wir%20haben%2C%20was%20Sie%20brauchen.&#8220;][\/vc_column_inner][\/vc_row_inner][\/vc_column][vc_column width=&#8220;1\/2&#8243;][vc_row_inner][vc_column_inner][vc_column_text][\/vc_column_text][\/vc_column_inner][\/vc_row_inner][\/vc_column][\/vc_row][vc_row css=&#8220;.vc_custom_1629210488512{margin-top:<\/p>\n","protected":false},"author":7,"featured_media":0,"parent":40410,"menu_order":435,"comment_status":"closed","ping_status":"closed","template":"","meta":{"_acf_changed":false,"inline_featured_image":false,"footnotes":""},"class_list":["post-41239","page","type-page","status-publish","hentry"],"acf":[],"yoast_head":"<!-- This site is optimized with the Yoast SEO plugin v27.4 - https:\/\/yoast.com\/product\/yoast-seo-wordpress\/ -->\n<title>Rohstoffe - Klasmann-Deilmann<\/title>\n<meta name=\"robots\" content=\"index, follow, max-snippet:-1, max-image-preview:large, max-video-preview:-1\" \/>\n<link rel=\"canonical\" href=\"https:\/\/klasmann-deilmann.com\/de\/produkte-loesungen\/rohstoffe\/\" \/>\n<meta property=\"og:locale\" content=\"de_DE\" \/>\n<meta property=\"og:type\" content=\"article\" \/>\n<meta property=\"og:title\" content=\"Rohstoffe - Klasmann-Deilmann\" \/>\n<meta property=\"og:description\" content=\"[vc_row][vc_column][kd_header_random_image_banner image=&#8220;18897&#8243;][\/kd_header_random_image_banner][\/vc_column][\/vc_row][vc_row css=&#8220;.vc_custom_1628859174073{padding-top: 70px !important;padding-bottom: 30px !important;background-color: #414345 !important;}&#8220;][vc_column][vc_row_inner][vc_column_inner][kd_menu_parent_grid menuitems=&#8220;%5B%7B%22sortof%22%3A%22menu%22%2C%22menuitem%22%3A%2241307%22%2C%22imageorcolor%22%3A%22image%22%2C%22bgimage%22%3A%2234447%22%2C%22bgcolor%22%3A%22kdgreen%22%7D%2C%7B%22sortof%22%3A%22menu%22%2C%22menuitem%22%3A%2241397%22%2C%22imageorcolor%22%3A%22image%22%2C%22bgimage%22%3A%2235470%22%2C%22bgcolor%22%3A%22kdgreen%22%7D%2C%7B%22sortof%22%3A%22menu%22%2C%22menuitem%22%3A%2241434%22%2C%22imageorcolor%22%3A%22image%22%2C%22bgimage%22%3A%2236802%22%2C%22bgcolor%22%3A%22kdgreen%22%7D%2C%7B%22sortof%22%3A%22menu%22%2C%22menuitem%22%3A%2241556%22%2C%22imageorcolor%22%3A%22image%22%2C%22bgimage%22%3A%2218886%22%2C%22bgcolor%22%3A%22kdgreen%22%7D%2C%7B%22sortof%22%3A%22menu%22%2C%22menuitem%22%3A%2241583%22%2C%22imageorcolor%22%3A%22image%22%2C%22bgimage%22%3A%2236699%22%2C%22bgcolor%22%3A%22kdgreen%22%7D%2C%7B%22sortof%22%3A%22menu%22%2C%22menuitem%22%3A%2241289%22%2C%22imageorcolor%22%3A%22image%22%2C%22bgimage%22%3A%2236820%22%2C%22bgcolor%22%3A%22whitegreen%22%7D%5D&#8220;][\/vc_column_inner][\/vc_row_inner][\/vc_column][\/vc_row][vc_row css=&#8220;.vc_custom_1701857757308{margin-top: 50px !important;margin-bottom: 30px !important;}&#8220;][vc_column width=&#8220;1\/2&#8243;][vc_row_inner][vc_column_inner][vc_column_text] Liefersicherheit und Qualit\u00e4t im Einklang. Unabh\u00e4ngig von aktuellen Krisen und unterbrochenen Lieferketten gehen aktuelle Prognosen davon aus, dass die Nachfrage nach Kultursubstraten und den daf\u00fcr notwendigen Rohstoffen in Zukunft international deutlich steigen wird. Klasmann-Deilmann hat fr\u00fchzeitig und mit Erfolg daf\u00fcr gesorgt, dass die weiter steigende Nachfrage nach Produkten f\u00fcr den Gartenbau mit einer stabilen Rohstoffversorgung und Lieferanteninfrastruktur gew\u00e4hrleistet werden kann.[\/vc_column_text][kd_download_button show_link_download1=&#8220;link&#8220; link1=&#8220;url:https%3A%2F%2Fklasmann-deilmann.com%2Fde%2Funternehmen%2Fliefersicherheit%2F|title:Liefersicherheit%3A%20Warum%20wir%20haben%2C%20was%20Sie%20brauchen.&#8220;][\/vc_column_inner][\/vc_row_inner][\/vc_column][vc_column width=&#8220;1\/2&#8243;][vc_row_inner][vc_column_inner][vc_column_text][\/vc_column_text][\/vc_column_inner][\/vc_row_inner][\/vc_column][\/vc_row][vc_row css=&#8220;.vc_custom_1629210488512{margin-top:\" \/>\n<meta property=\"og:url\" content=\"https:\/\/klasmann-deilmann.com\/de\/produkte-loesungen\/rohstoffe\/\" \/>\n<meta property=\"og:site_name\" content=\"Klasmann-Deilmann\" \/>\n<meta property=\"article:modified_time\" content=\"2023-12-06T10:15:59+00:00\" \/>\n<meta property=\"og:image\" content=\"https:\/\/klasmann-deilmann.com\/wp-content\/uploads\/klasmann-deilmann_raffael_koschmieder_raw_materials.jpg\" \/>\n<meta name=\"twitter:card\" content=\"summary_large_image\" \/>\n<meta name=\"twitter:label1\" content=\"Gesch\u00e4tzte Lesezeit\" \/>\n\t<meta name=\"twitter:data1\" content=\"1\u00a0Minute\" \/>\n<script type=\"application\/ld+json\" class=\"yoast-schema-graph\">{\"@context\":\"https:\\\/\\\/schema.org\",\"@graph\":[{\"@type\":\"WebPage\",\"@id\":\"https:\\\/\\\/klasmann-deilmann.com\\\/de\\\/produkte-loesungen\\\/rohstoffe\\\/\",\"url\":\"https:\\\/\\\/klasmann-deilmann.com\\\/de\\\/produkte-loesungen\\\/rohstoffe\\\/\",\"name\":\"Rohstoffe - Klasmann-Deilmann\",\"isPartOf\":{\"@id\":\"https:\\\/\\\/klasmann-deilmann.com\\\/en\\\/#website\"},\"primaryImageOfPage\":{\"@id\":\"https:\\\/\\\/klasmann-deilmann.com\\\/de\\\/produkte-loesungen\\\/rohstoffe\\\/#primaryimage\"},\"image\":{\"@id\":\"https:\\\/\\\/klasmann-deilmann.com\\\/de\\\/produkte-loesungen\\\/rohstoffe\\\/#primaryimage\"},\"thumbnailUrl\":\"https:\\\/\\\/klasmann-deilmann.com\\\/wp-content\\\/uploads\\\/klasmann-deilmann_raffael_koschmieder_raw_materials.jpg\",\"datePublished\":\"2021-11-16T12:51:07+00:00\",\"dateModified\":\"2023-12-06T10:15:59+00:00\",\"breadcrumb\":{\"@id\":\"https:\\\/\\\/klasmann-deilmann.com\\\/de\\\/produkte-loesungen\\\/rohstoffe\\\/#breadcrumb\"},\"inLanguage\":\"de\",\"potentialAction\":[{\"@type\":\"ReadAction\",\"target\":[\"https:\\\/\\\/klasmann-deilmann.com\\\/de\\\/produkte-loesungen\\\/rohstoffe\\\/\"]}]},{\"@type\":\"ImageObject\",\"inLanguage\":\"de\",\"@id\":\"https:\\\/\\\/klasmann-deilmann.com\\\/de\\\/produkte-loesungen\\\/rohstoffe\\\/#primaryimage\",\"url\":\"https:\\\/\\\/klasmann-deilmann.com\\\/wp-content\\\/uploads\\\/klasmann-deilmann_raffael_koschmieder_raw_materials.jpg\",\"contentUrl\":\"https:\\\/\\\/klasmann-deilmann.com\\\/wp-content\\\/uploads\\\/klasmann-deilmann_raffael_koschmieder_raw_materials.jpg\"},{\"@type\":\"BreadcrumbList\",\"@id\":\"https:\\\/\\\/klasmann-deilmann.com\\\/de\\\/produkte-loesungen\\\/rohstoffe\\\/#breadcrumb\",\"itemListElement\":[{\"@type\":\"ListItem\",\"position\":1,\"name\":\"Home\",\"item\":\"https:\\\/\\\/klasmann-deilmann.com\\\/de\\\/\"},{\"@type\":\"ListItem\",\"position\":2,\"name\":\"Produkte &#038; L\u00f6sungen\",\"item\":\"https:\\\/\\\/klasmann-deilmann.com\\\/de\\\/produkte-loesungen\\\/\"},{\"@type\":\"ListItem\",\"position\":3,\"name\":\"Rohstoffe\"}]},{\"@type\":\"WebSite\",\"@id\":\"https:\\\/\\\/klasmann-deilmann.com\\\/en\\\/#website\",\"url\":\"https:\\\/\\\/klasmann-deilmann.com\\\/en\\\/\",\"name\":\"Klasmann-Deilmann\",\"description\":\"\",\"potentialAction\":[{\"@type\":\"SearchAction\",\"target\":{\"@type\":\"EntryPoint\",\"urlTemplate\":\"https:\\\/\\\/klasmann-deilmann.com\\\/en\\\/?s={search_term_string}\"},\"query-input\":{\"@type\":\"PropertyValueSpecification\",\"valueRequired\":true,\"valueName\":\"search_term_string\"}}],\"inLanguage\":\"de\"}]}<\/script>\n<!-- \/ Yoast SEO plugin. -->","yoast_head_json":{"title":"Rohstoffe - Klasmann-Deilmann","robots":{"index":"index","follow":"follow","max-snippet":"max-snippet:-1","max-image-preview":"max-image-preview:large","max-video-preview":"max-video-preview:-1"},"canonical":"https:\/\/klasmann-deilmann.com\/de\/produkte-loesungen\/rohstoffe\/","og_locale":"de_DE","og_type":"article","og_title":"Rohstoffe - Klasmann-Deilmann","og_description":"[vc_row][vc_column][kd_header_random_image_banner image=&#8220;18897&#8243;][\/kd_header_random_image_banner][\/vc_column][\/vc_row][vc_row css=&#8220;.vc_custom_1628859174073{padding-top: 70px !important;padding-bottom: 30px !important;background-color: #414345 !important;}&#8220;][vc_column][vc_row_inner][vc_column_inner][kd_menu_parent_grid menuitems=&#8220;%5B%7B%22sortof%22%3A%22menu%22%2C%22menuitem%22%3A%2241307%22%2C%22imageorcolor%22%3A%22image%22%2C%22bgimage%22%3A%2234447%22%2C%22bgcolor%22%3A%22kdgreen%22%7D%2C%7B%22sortof%22%3A%22menu%22%2C%22menuitem%22%3A%2241397%22%2C%22imageorcolor%22%3A%22image%22%2C%22bgimage%22%3A%2235470%22%2C%22bgcolor%22%3A%22kdgreen%22%7D%2C%7B%22sortof%22%3A%22menu%22%2C%22menuitem%22%3A%2241434%22%2C%22imageorcolor%22%3A%22image%22%2C%22bgimage%22%3A%2236802%22%2C%22bgcolor%22%3A%22kdgreen%22%7D%2C%7B%22sortof%22%3A%22menu%22%2C%22menuitem%22%3A%2241556%22%2C%22imageorcolor%22%3A%22image%22%2C%22bgimage%22%3A%2218886%22%2C%22bgcolor%22%3A%22kdgreen%22%7D%2C%7B%22sortof%22%3A%22menu%22%2C%22menuitem%22%3A%2241583%22%2C%22imageorcolor%22%3A%22image%22%2C%22bgimage%22%3A%2236699%22%2C%22bgcolor%22%3A%22kdgreen%22%7D%2C%7B%22sortof%22%3A%22menu%22%2C%22menuitem%22%3A%2241289%22%2C%22imageorcolor%22%3A%22image%22%2C%22bgimage%22%3A%2236820%22%2C%22bgcolor%22%3A%22whitegreen%22%7D%5D&#8220;][\/vc_column_inner][\/vc_row_inner][\/vc_column][\/vc_row][vc_row css=&#8220;.vc_custom_1701857757308{margin-top: 50px !important;margin-bottom: 30px !important;}&#8220;][vc_column width=&#8220;1\/2&#8243;][vc_row_inner][vc_column_inner][vc_column_text] Liefersicherheit und Qualit\u00e4t im Einklang. Unabh\u00e4ngig von aktuellen Krisen und unterbrochenen Lieferketten gehen aktuelle Prognosen davon aus, dass die Nachfrage nach Kultursubstraten und den daf\u00fcr notwendigen Rohstoffen in Zukunft international deutlich steigen wird. Klasmann-Deilmann hat fr\u00fchzeitig und mit Erfolg daf\u00fcr gesorgt, dass die weiter steigende Nachfrage nach Produkten f\u00fcr den Gartenbau mit einer stabilen Rohstoffversorgung und Lieferanteninfrastruktur gew\u00e4hrleistet werden kann.[\/vc_column_text][kd_download_button show_link_download1=&#8220;link&#8220; link1=&#8220;url:https%3A%2F%2Fklasmann-deilmann.com%2Fde%2Funternehmen%2Fliefersicherheit%2F|title:Liefersicherheit%3A%20Warum%20wir%20haben%2C%20was%20Sie%20brauchen.&#8220;][\/vc_column_inner][\/vc_row_inner][\/vc_column][vc_column width=&#8220;1\/2&#8243;][vc_row_inner][vc_column_inner][vc_column_text][\/vc_column_text][\/vc_column_inner][\/vc_row_inner][\/vc_column][\/vc_row][vc_row css=&#8220;.vc_custom_1629210488512{margin-top:","og_url":"https:\/\/klasmann-deilmann.com\/de\/produkte-loesungen\/rohstoffe\/","og_site_name":"Klasmann-Deilmann","article_modified_time":"2023-12-06T10:15:59+00:00","og_image":[{"url":"https:\/\/klasmann-deilmann.com\/wp-content\/uploads\/klasmann-deilmann_raffael_koschmieder_raw_materials.jpg","type":"","width":"","height":""}],"twitter_card":"summary_large_image","twitter_misc":{"Gesch\u00e4tzte Lesezeit":"1\u00a0Minute"},"schema":{"@context":"https:\/\/schema.org","@graph":[{"@type":"WebPage","@id":"https:\/\/klasmann-deilmann.com\/de\/produkte-loesungen\/rohstoffe\/","url":"https:\/\/klasmann-deilmann.com\/de\/produkte-loesungen\/rohstoffe\/","name":"Rohstoffe - Klasmann-Deilmann","isPartOf":{"@id":"https:\/\/klasmann-deilmann.com\/en\/#website"},"primaryImageOfPage":{"@id":"https:\/\/klasmann-deilmann.com\/de\/produkte-loesungen\/rohstoffe\/#primaryimage"},"image":{"@id":"https:\/\/klasmann-deilmann.com\/de\/produkte-loesungen\/rohstoffe\/#primaryimage"},"thumbnailUrl":"https:\/\/klasmann-deilmann.com\/wp-content\/uploads\/klasmann-deilmann_raffael_koschmieder_raw_materials.jpg","datePublished":"2021-11-16T12:51:07+00:00","dateModified":"2023-12-06T10:15:59+00:00","breadcrumb":{"@id":"https:\/\/klasmann-deilmann.com\/de\/produkte-loesungen\/rohstoffe\/#breadcrumb"},"inLanguage":"de","potentialAction":[{"@type":"ReadAction","target":["https:\/\/klasmann-deilmann.com\/de\/produkte-loesungen\/rohstoffe\/"]}]},{"@type":"ImageObject","inLanguage":"de","@id":"https:\/\/klasmann-deilmann.com\/de\/produkte-loesungen\/rohstoffe\/#primaryimage","url":"https:\/\/klasmann-deilmann.com\/wp-content\/uploads\/klasmann-deilmann_raffael_koschmieder_raw_materials.jpg","contentUrl":"https:\/\/klasmann-deilmann.com\/wp-content\/uploads\/klasmann-deilmann_raffael_koschmieder_raw_materials.jpg"},{"@type":"BreadcrumbList","@id":"https:\/\/klasmann-deilmann.com\/de\/produkte-loesungen\/rohstoffe\/#breadcrumb","itemListElement":[{"@type":"ListItem","position":1,"name":"Home","item":"https:\/\/klasmann-deilmann.com\/de\/"},{"@type":"ListItem","position":2,"name":"Produkte &#038; L\u00f6sungen","item":"https:\/\/klasmann-deilmann.com\/de\/produkte-loesungen\/"},{"@type":"ListItem","position":3,"name":"Rohstoffe"}]},{"@type":"WebSite","@id":"https:\/\/klasmann-deilmann.com\/en\/#website","url":"https:\/\/klasmann-deilmann.com\/en\/","name":"Klasmann-Deilmann","description":"","potentialAction":[{"@type":"SearchAction","target":{"@type":"EntryPoint","urlTemplate":"https:\/\/klasmann-deilmann.com\/en\/?s={search_term_string}"},"query-input":{"@type":"PropertyValueSpecification","valueRequired":true,"valueName":"search_term_string"}}],"inLanguage":"de"}]}},"_links":{"self":[{"href":"https:\/\/klasmann-deilmann.com\/de\/wp-json\/wp\/v2\/pages\/41239","targetHints":{"allow":["GET"]}}],"collection":[{"href":"https:\/\/klasmann-deilmann.com\/de\/wp-json\/wp\/v2\/pages"}],"about":[{"href":"https:\/\/klasmann-deilmann.com\/de\/wp-json\/wp\/v2\/types\/page"}],"author":[{"embeddable":true,"href":"https:\/\/klasmann-deilmann.com\/de\/wp-json\/wp\/v2\/users\/7"}],"replies":[{"embeddable":true,"href":"https:\/\/klasmann-deilmann.com\/de\/wp-json\/wp\/v2\/comments?post=41239"}],"version-history":[{"count":5,"href":"https:\/\/klasmann-deilmann.com\/de\/wp-json\/wp\/v2\/pages\/41239\/revisions"}],"predecessor-version":[{"id":54370,"href":"https:\/\/klasmann-deilmann.com\/de\/wp-json\/wp\/v2\/pages\/41239\/revisions\/54370"}],"up":[{"embeddable":true,"href":"https:\/\/klasmann-deilmann.com\/de\/wp-json\/wp\/v2\/pages\/40410"}],"wp:attachment":[{"href":"https:\/\/klasmann-deilmann.com\/de\/wp-json\/wp\/v2\/media?parent=41239"}],"curies":[{"name":"wp","href":"https:\/\/api.w.org\/{rel}","templated":true}]}}