{"id":41101,"date":"2021-11-16T13:50:17","date_gmt":"2021-11-16T12:50:17","guid":{"rendered":"https:\/\/klasmann-deilmann.com\/?page_id=41101"},"modified":"2026-04-28T14:24:09","modified_gmt":"2026-04-28T12:24:09","slug":"advanced-substrate","status":"publish","type":"page","link":"https:\/\/klasmann-deilmann.com\/de\/produkte-loesungen\/advanced-substrate\/","title":{"rendered":"ADVANCED-Substrate"},"content":{"rendered":"<div class=\"wpb-content-wrapper\">[vc_row][vc_column][kd_header_random_image_banner image=&#8220;35840&#8243;][\/kd_header_random_image_banner][\/vc_column][\/vc_row][vc_row][vc_column][vc_row_inner][vc_column_inner][vc_column_text]<img loading=\"lazy\" decoding=\"async\" class=\"alignnone wp-image-36974\" src=\"https:\/\/klasmann-deilmann.com\/wp-content\/uploads\/klasmann-deilmann_K_Substrates_Advanced.png\" alt=\"\" width=\"239\" height=\"55\" \/><\/p>\n<h2>Welcome to your advance<\/h2>\n<p>[\/vc_column_text][\/vc_column_inner][vc_column_inner width=&#8220;1\/2&#8243;][vc_column_text]ADVANCED-Substrate setzen den Ma\u00dfstab f\u00fcr den zukunftsorientierten Gartenbau. Sie kombinieren die wertvollsten Rohstoffe zu leistungsstarken Mischungen mit einem niedrigen C0<sub>2<\/sub>-Abdruck. Holzfasern, Perlite, Kokos, Gr\u00fcnkompost und Torf sichern wichtige Eigenschaften im Substrat. Sie erm\u00f6glichen eine pr\u00e4zise Kultursteuerung in Ihrem Betrieb und das gesunde Wachstum Ihrer Pflanzen.<\/p>\n<p>ADVANCED-Substrate decken alle Pflanzen- und Anbausegmente ab.[\/vc_column_text][\/vc_column_inner][vc_column_inner width=&#8220;1\/2&#8243;][vc_column_text]Die Rezepturen sind praxiserprobt und haben sich bei allen g\u00e4ngigen Kulturverfahren im internationalen Produktionsgartenbau bew\u00e4hrt.<\/p>\n<p>Jahrzehntelange Erfahrung mit allen wichtigen Rohstoffen und das umfassende Sortiment an Kultursubstraten verschaffen uns einen einzigartigen Vorsprung. Das macht Ihren n\u00e4chsten Schritt leichter. Wenn Sie bereit sind, begleiten wir Sie gerne.[\/vc_column_text][\/vc_column_inner][\/vc_row_inner][\/vc_column][\/vc_row][vc_row][vc_column][vc_row_inner][vc_column_inner][vc_column_text]<\/p>\n<h2>\u201cADVANCED-Substrate von Klasmann-Deilmann\u2009&#8230;\u201d<\/h2>\n<p>[\/vc_column_text][\/vc_column_inner][\/vc_row_inner][vc_row_inner][vc_column_inner][kd_containerslider bgheight=&#8220;aspectratio&#8220; selectedaspectratio=&#8220;56.25&#8243; kindofbanner=&#8220;slideshow&#8220; sliderfunctions=&#8220;showdots,showarrows&#8220; timetillslide=&#8220;10&#8243;][kd_slider_image image=&#8220;107036&#8243; pos_container=&#8220;pcenterleft&#8220; pos_image=&#8220;custom&#8220; source_pos_hor=&#8220;15&#8243; animatecontent=&#8220;noanimation&#8220;]<\/p>\n<div class=\"kd_quoteimagebox nolink cf picright\">\n<div class=\"image\" style=\"background: url() no-repeat center center;\">\n<div class=\"imagesizer\" style=\"width: 100%;  height:315px;\"><\/div>\n<\/div>\n<div class=\"overlay\">\n<div class=\"kd_quoteimagebox_overlay standard kdgreen\">\n<div class=\"overlay_arrow kdgreen\"><\/div>\n<\/div>\n<div class=\"kd_quoteimagebox_textaligner cf\">\n<div class=\"kd_quoteimagebox_text cf\">\n<div class=\"kd_quote-content\">\n<p>\u201e&#8230; sind das Ergebnis jahrzehntelanger Forschung, Entwicklung und Erfahrung. Sie garantieren die richtige Rezeptur f\u00fcr jede Kultur, die besten Rohstoffe f\u00fcr jede Anbaumethode, die h\u00f6chste Qualit\u00e4t f\u00fcr Ihren Betrieb &#8211; und den Einsatz besonders nachhaltiger Ressourcen f\u00fcr Umwelt und Klima. Wir sind \u00fcberzeugt: Mehr Fortschritt bedeutet mehr Erfolg f\u00fcr Ihre Kulturen.&#8220;<\/p>\n<\/p><\/div>\n<div class=\"kd_quote-source\">\n\t\t\t\t\t\tDr. Sebastian Kipp, Director of Innovation bei Klasmann-Deilmann\n\t\t\t\t\t<\/div>\n<\/p><\/div>\n<\/p><\/div>\n<\/p><\/div>\n<\/p><\/div>\n<p>[\/kd_slider_image][kd_slider_image image=&#8220;107463&#8243; pos_container=&#8220;pcenterleft&#8220; pos_image=&#8220;custom&#8220; source_pos_hor=&#8220;0&#8243; source_pos_ver=&#8220;0&#8243; animatecontent=&#8220;noanimation&#8220;]<\/p>\n<div class=\"kd_quoteimagebox nolink cf picleft\">\n<div class=\"image\" style=\"background: url() no-repeat center center;\">\n<div class=\"imagesizer\" style=\"width: 100%;  height:315px;\"><\/div>\n<\/div>\n<div class=\"overlay\">\n<div class=\"kd_quoteimagebox_overlay standard kdgreen\">\n<div class=\"overlay_arrow kdgreen\"><\/div>\n<\/div>\n<div class=\"kd_quoteimagebox_textaligner cf\">\n<div class=\"kd_quoteimagebox_text cf\">\n<div class=\"kd_quote-content\">\n<p>\u201e&#8230; enthalten ausgewogene Anteile an alternativen Rohstoffen. Wir setzen auf bew\u00e4hrte Bestandteile wie Holzfasern, Kokos, Gr\u00fcnkompost und Perlite. Die erprobten Rezepturen erf\u00fcllen alle Anforderungen an einen zukunftsweisenden Gartenbau. Sie verbinden ein H\u00f6chstma\u00df an Kultursicherheit mit zuverl\u00e4ssiger Verf\u00fcgbarkeit und einem reduzierten \u00f6kologischen Fu\u00dfabdruck.&#8220;<\/p>\n<\/p><\/div>\n<div class=\"kd_quote-source\">\n\t\t\t\t\t\tAnja Fritzen, Technische Beraterin bei Klasmann-Deilmann\n\t\t\t\t\t<\/div>\n<\/p><\/div>\n<\/p><\/div>\n<\/p><\/div>\n<\/p><\/div>\n<p>[\/kd_slider_image][kd_slider_image image=&#8220;107482&#8243; pos_container=&#8220;ptopleft&#8220; pos_image=&#8220;itopright&#8220; animatecontent=&#8220;noanimation&#8220;]<\/p>\n<div class=\"kd_quoteimagebox nolink cf picright\">\n<div class=\"image\" style=\"background: url() no-repeat center center;\">\n<div class=\"imagesizer\" style=\"width: 100%;  height:315px;\"><\/div>\n<\/div>\n<div class=\"overlay\">\n<div class=\"kd_quoteimagebox_overlay standard kdgreen\">\n<div class=\"overlay_arrow kdgreen\"><\/div>\n<\/div>\n<div class=\"kd_quoteimagebox_textaligner cf\">\n<div class=\"kd_quoteimagebox_text cf\">\n<div class=\"kd_quote-content\">\n<p>\u201e&#8230; sind der n\u00e4chste logische Schritt auf einem Weg, den wir seit mehr als drei\u00dfig Jahren gehen. Moderne Rohstoffe schaffen eine breite Palette von M\u00f6glichkeiten, um die weltweit steigende Nachfrage nach Kultursubstraten zu bedienen. Wir verwenden mehr alternative Ausgangsstoffe, ohne Kompromisse bei der Qualit\u00e4t einzugehen. Wir setzen auf mehr Nachhaltigkeit und gleichbleibend hohe Kultursicherheit. Mit den zukunftsweisenden ADVANCED-Substraten bleiben Sie auf dem neuesten Stand einer der wichtigsten gartenbaulichen Entwicklungen der letzten Jahrzehnte.\u201d<\/p>\n<\/p><\/div>\n<div class=\"kd_quote-source\">\n\t\t\t\t\t\tTheresa Rolfes, Teamleiterin Qualit\u00e4tsmanagement bei Klasmann-Deilmann\n\t\t\t\t\t<\/div>\n<\/p><\/div>\n<\/p><\/div>\n<\/p><\/div>\n<\/p><\/div>\n<p>[\/kd_slider_image][\/kd_containerslider][\/vc_column_inner][\/vc_row_inner][\/vc_column][\/vc_row][vc_row css=&#8220;.vc_custom_1629991410021{margin-top: 70px !important;padding-bottom: 30px !important;background-color: #414345 !important;}&#8220;][vc_column][vc_row_inner][vc_column_inner width=&#8220;2\/3&#8243;][vc_column_text]<\/p>\n<h2>Ihr Weg zu ADVANCED-L\u00f6sungen f\u00fcr:<\/h2>\n<p>[\/vc_column_text][\/vc_column_inner][\/vc_row_inner][vc_row_inner][vc_column_inner][kd_menu_parent_grid menuitems=&#8220;%5B%7B%22sortof%22%3A%22custom%22%2C%22menusinglename%22%3A%22Jungpflanzenanzucht%22%2C%22link%22%3A%22url%3Ahttps%253A%252F%252Fklasmann-deilmann.com%252Fde%252Fanwendungsfelder%252Fjungpflanzenanzucht%252F%7Ctitle%3AJungpflanzenanzucht%22%2C%22menuitem%22%3A%2238643%22%2C%22imageorcolor%22%3A%22image%22%2C%22bgimage%22%3A%2234497%22%2C%22bgcolor%22%3A%22whitegreen%22%7D%2C%7B%22sortof%22%3A%22custom%22%2C%22menusinglename%22%3A%22Presstopfsubstrate%22%2C%22link%22%3A%22url%3Ahttps%253A%252F%252Fklasmann-deilmann.com%252Fde%252Fanwendungsfelder%252Fpresstopferden%252F%7Ctitle%3ABlocking%22%2C%22menuitem%22%3A%2238643%22%2C%22imageorcolor%22%3A%22image%22%2C%22bgimage%22%3A%2236720%22%2C%22bgcolor%22%3A%22whitegreen%22%7D%2C%7B%22sortof%22%3A%22custom%22%2C%22menusinglename%22%3A%22Beetpflanzen%22%2C%22link%22%3A%22url%3Ahttps%253A%252F%252Fklasmann-deilmann.com%252Fde%252Fanwendungsfelder%252Fbeet-und-balkonpflanzen%252F%7Ctitle%3ABedding%2520plants%22%2C%22menuitem%22%3A%2238643%22%2C%22imageorcolor%22%3A%22image%22%2C%22bgimage%22%3A%2234809%22%2C%22bgcolor%22%3A%22whitegreen%22%7D%2C%7B%22sortof%22%3A%22custom%22%2C%22menusinglename%22%3A%22Topfpflanzen%22%2C%22link%22%3A%22url%3Ahttps%253A%252F%252Fklasmann-deilmann.com%252Fde%252Fanwendungsfelder%252Ftopfpflanzen%252F%7Ctitle%3APot%2520plants%22%2C%22menuitem%22%3A%2238643%22%2C%22imageorcolor%22%3A%22image%22%2C%22bgimage%22%3A%2236692%22%2C%22bgcolor%22%3A%22whitegreen%22%7D%2C%7B%22sortof%22%3A%22custom%22%2C%22menusinglename%22%3A%22Containerpflanzen%22%2C%22link%22%3A%22url%3Ahttps%253A%252F%252Fklasmann-deilmann.com%252Fde%252Fanwendungsfelder%252Fcontainerpflanzen%252F%7Ctitle%3AContainerpflanzen%22%2C%22menuitem%22%3A%2238643%22%2C%22imageorcolor%22%3A%22image%22%2C%22bgimage%22%3A%2234831%22%2C%22bgcolor%22%3A%22whitegreen%22%7D%2C%7B%22sortof%22%3A%22custom%22%2C%22menusinglename%22%3A%22Beerenobst%22%2C%22link%22%3A%22url%3Ahttps%253A%252F%252Fklasmann-deilmann.com%252Fde%252Fanwendungsfelder%252Fbeerenobst%252F%7Ctitle%3ABeerenobst%22%2C%22menuitem%22%3A%2238643%22%2C%22imageorcolor%22%3A%22image%22%2C%22bgimage%22%3A%2235883%22%2C%22bgcolor%22%3A%22whitegreen%22%7D%5D&#8220;][\/vc_column_inner][\/vc_row_inner][\/vc_column][\/vc_row][vc_row css=&#8220;.vc_custom_1628780977040{margin-bottom: 70px !important;}&#8220;][vc_column][vc_row_inner][vc_column_inner][vc_column_text]<\/p>\n<h2>Das sagen unsere Kunden \u00fcber alternative Ausgangsstoffe in ihren Substraten:<\/h2>\n<p>[\/vc_column_text][\/vc_column_inner][\/vc_row_inner][vc_row_inner][vc_column_inner][kd_containerslider bgheight=&#8220;aspectratio&#8220; selectedaspectratio=&#8220;56.25&#8243; kindofbanner=&#8220;slideshow&#8220; sliderfunctions=&#8220;showdots,showarrows&#8220; timetillslide=&#8220;10&#8243;][kd_slider_image image=&#8220;36119&#8243; pos_container=&#8220;ptopleft&#8220; pos_image=&#8220;custom&#8220; source_pos_hor=&#8220;80&#8243;][kd_quote source_text=&#8220;Thierry van Paemel, zufriedener ADVANCED-Kunde Inhaber von \u201eBVBA Helleborus\u201c F\u00fchrender Betrieb im Anbau von Helleborus in Belgien&#8220; posarrow=&#8220;ptopright&#8220; color=&#8220;kdgreen&#8220;]\u201eHelleborus ist ein Nischenprodukt. Hier ist die richtige Substratrezeptur entscheidend. Wir sehen gro\u00dfe Erfolge mit TerrAktiv\u00ae und GreenFibre\u00ae in unserer Mischung. Die Pflanzen sind kr\u00e4ftiger, kompakter und widerstandsf\u00e4higer. Wir sind sehr dankbar, dass wir mit Klasmann-Deilmann einen so zuverl\u00e4ssigen Partner haben.\u201d[\/kd_quote][\/kd_slider_image][kd_slider_image image=&#8220;36730&#8243; pos_container=&#8220;ptopleft&#8220; pos_image=&#8220;custom&#8220; source_pos_hor=&#8220;70&#8243;][kd_quote source_text=&#8220;Lode De Waele, zufriedener ADVANCED-Kunde Eigent\u00fcmer von \u201eDe Waele Handelswekerij BVBA\u201c F\u00fchrender Betrieb im Anbau von Containerpflanzen in Belgien&#8220; posarrow=&#8220;ptopright&#8220; color=&#8220;kdgreen&#8220;]\u201eUnsere Kunden fragen immer h\u00e4ufiger nach Kultursubstraten mit alternativen Ausgangsstoffen. Gemeinsam mit Klasmann-Deilmann konnten wir den GreenFibre\u00ae-Anteil in unseren Substraten auf 20 % erh\u00f6hen. Dieser wichtige Schritt sorgt zudem f\u00fcr eine bessere Kulturf\u00fchrung, da der Wasserhaushalt ausgeglichener ist und sich das Substrat leichter wieder befeuchten l\u00e4sst.\u201c[\/kd_quote][\/kd_slider_image][\/kd_containerslider][\/vc_column_inner][\/vc_row_inner][vc_row_inner][vc_column_inner][kd_download_button show_link_download1=&#8220;link&#8220; link1=&#8220;url:https%3A%2F%2Fklasmann-deilmann.com%2Fde%2Fprodukte-loesungen%2Fadvanced-substrate%2Fadvanced-kunden%2F|title:Schauen%20Sie%20sich%20auch%20die%20Videos%20echter%20ADVANCED-Kunden%20an.&#8220;][\/vc_column_inner][\/vc_row_inner][\/vc_column][\/vc_row][vc_row css=&#8220;.vc_custom_1701858189714{margin-top: 70px !important;margin-bottom: 30px !important;background-color: #414345 !important;}&#8220;][vc_column width=&#8220;1\/2&#8243;][vc_row_inner][vc_column_inner][vc_column_text]<\/p>\n<h2>Liefersicherheit und Qualit\u00e4t im Einklang.<\/h2>\n<p>Unabh\u00e4ngig von aktuellen Krisen und unterbrochenen Lieferketten gehen aktuelle Prognosen davon aus, dass die Nachfrage nach Kultursubstraten und den daf\u00fcr notwendigen Rohstoffen in Zukunft international deutlich steigen wird.<\/p>\n<p>Klasmann-Deilmann hat fr\u00fchzeitig und mit Erfolg daf\u00fcr gesorgt, dass die weiter steigende Nachfrage nach Produkten f\u00fcr den Gartenbau mit einer stabilen Rohstoffversorgung und Lieferanteninfrastruktur gew\u00e4hrleistet werden kann.[\/vc_column_text][kd_download_button show_link_download1=&#8220;link&#8220; link1=&#8220;url:https%3A%2F%2Fklasmann-deilmann.com%2Fde%2Funternehmen%2Fliefersicherheit%2F|title:Liefersicherheit%3A%20Warum%20wir%20haben%2C%20was%20Sie%20brauchen.&#8220;][\/vc_column_inner][\/vc_row_inner][\/vc_column][vc_column width=&#8220;1\/2&#8243;][vc_row_inner][vc_column_inner][vc_column_text]<img loading=\"lazy\" decoding=\"async\" class=\"alignnone wp-image-77550 size-full\" src=\"https:\/\/klasmann-deilmann.com\/wp-content\/uploads\/klasmann-deilmann_raffael_koschmieder_raw_materials.jpg\" alt=\"\" width=\"2560\" height=\"1707\" srcset=\"https:\/\/klasmann-deilmann.com\/wp-content\/uploads\/klasmann-deilmann_raffael_koschmieder_raw_materials.jpg 2560w, https:\/\/klasmann-deilmann.com\/wp-content\/uploads\/klasmann-deilmann_raffael_koschmieder_raw_materials-300x200.jpg 300w, https:\/\/klasmann-deilmann.com\/wp-content\/uploads\/klasmann-deilmann_raffael_koschmieder_raw_materials-1024x683.jpg 1024w, https:\/\/klasmann-deilmann.com\/wp-content\/uploads\/klasmann-deilmann_raffael_koschmieder_raw_materials-768x512.jpg 768w, https:\/\/klasmann-deilmann.com\/wp-content\/uploads\/klasmann-deilmann_raffael_koschmieder_raw_materials-1536x1024.jpg 1536w, https:\/\/klasmann-deilmann.com\/wp-content\/uploads\/klasmann-deilmann_raffael_koschmieder_raw_materials-2048x1366.jpg 2048w\" sizes=\"auto, (max-width: 2560px) 100vw, 2560px\" \/>[\/vc_column_text][\/vc_column_inner][\/vc_row_inner][\/vc_column][\/vc_row][vc_row css=&#8220;.vc_custom_1628778681277{margin-top: 70px !important;}&#8220;][vc_column][kd_getintouch image=&#8220;32948&#8243;][\/vc_column][\/vc_row]<\/div>\n","protected":false},"excerpt":{"rendered":"<p>[vc_row][vc_column][kd_header_random_image_banner image=&#8220;35840&#8243;][\/kd_header_random_image_banner][\/vc_column][\/vc_row][vc_row][vc_column][vc_row_inner][vc_column_inner][vc_column_text] Welcome to your advance [\/vc_column_text][\/vc_column_inner][vc_column_inner width=&#8220;1\/2&#8243;][vc_column_text]ADVANCED-Substrate setzen den Ma\u00dfstab f\u00fcr den zukunftsorientierten Gartenbau. Sie kombinieren die wertvollsten Rohstoffe zu leistungsstarken Mischungen mit einem niedrigen C02-Abdruck. Holzfasern, Perlite, Kokos, Gr\u00fcnkompost und Torf sichern wichtige Eigenschaften im Substrat. Sie erm\u00f6glichen eine pr\u00e4zise Kultursteuerung in Ihrem Betrieb und das gesunde Wachstum Ihrer Pflanzen. ADVANCED-Substrate decken alle Pflanzen- und Anbausegmente ab.[\/vc_column_text][\/vc_column_inner][vc_column_inner width=&#8220;1\/2&#8243;][vc_column_text]Die Rezepturen sind praxiserprobt und haben sich bei allen g\u00e4ngigen Kulturverfahren im internationalen Produktionsgartenbau bew\u00e4hrt. Jahrzehntelange Erfahrung mit allen wichtigen Rohstoffen<\/p>\n","protected":false},"author":7,"featured_media":0,"parent":40410,"menu_order":414,"comment_status":"closed","ping_status":"closed","template":"","meta":{"_acf_changed":false,"inline_featured_image":false,"footnotes":""},"class_list":["post-41101","page","type-page","status-publish","hentry"],"acf":[],"yoast_head":"<!-- This site is optimized with the Yoast SEO plugin v27.5 - https:\/\/yoast.com\/product\/yoast-seo-wordpress\/ -->\n<title>ADVANCED-Substrate - Klasmann-Deilmann<\/title>\n<meta name=\"robots\" content=\"index, follow, max-snippet:-1, max-image-preview:large, max-video-preview:-1\" \/>\n<link rel=\"canonical\" href=\"https:\/\/klasmann-deilmann.com\/de\/produkte-loesungen\/advanced-substrate\/\" \/>\n<meta property=\"og:locale\" content=\"de_DE\" \/>\n<meta property=\"og:type\" content=\"article\" \/>\n<meta property=\"og:title\" content=\"ADVANCED-Substrate - Klasmann-Deilmann\" \/>\n<meta property=\"og:description\" content=\"[vc_row][vc_column][kd_header_random_image_banner image=&#8220;35840&#8243;][\/kd_header_random_image_banner][\/vc_column][\/vc_row][vc_row][vc_column][vc_row_inner][vc_column_inner][vc_column_text] Welcome to your advance [\/vc_column_text][\/vc_column_inner][vc_column_inner width=&#8220;1\/2&#8243;][vc_column_text]ADVANCED-Substrate setzen den Ma\u00dfstab f\u00fcr den zukunftsorientierten Gartenbau. Sie kombinieren die wertvollsten Rohstoffe zu leistungsstarken Mischungen mit einem niedrigen C02-Abdruck. Holzfasern, Perlite, Kokos, Gr\u00fcnkompost und Torf sichern wichtige Eigenschaften im Substrat. Sie erm\u00f6glichen eine pr\u00e4zise Kultursteuerung in Ihrem Betrieb und das gesunde Wachstum Ihrer Pflanzen. ADVANCED-Substrate decken alle Pflanzen- und Anbausegmente ab.[\/vc_column_text][\/vc_column_inner][vc_column_inner width=&#8220;1\/2&#8243;][vc_column_text]Die Rezepturen sind praxiserprobt und haben sich bei allen g\u00e4ngigen Kulturverfahren im internationalen Produktionsgartenbau bew\u00e4hrt. Jahrzehntelange Erfahrung mit allen wichtigen Rohstoffen\" \/>\n<meta property=\"og:url\" content=\"https:\/\/klasmann-deilmann.com\/de\/produkte-loesungen\/advanced-substrate\/\" \/>\n<meta property=\"og:site_name\" content=\"Klasmann-Deilmann\" \/>\n<meta property=\"article:modified_time\" content=\"2026-04-28T12:24:09+00:00\" \/>\n<meta property=\"og:image\" content=\"https:\/\/klasmann-deilmann.com\/wp-content\/uploads\/advanced_logo.png\" \/>\n\t<meta property=\"og:image:width\" content=\"2560\" \/>\n\t<meta property=\"og:image:height\" content=\"589\" \/>\n\t<meta property=\"og:image:type\" content=\"image\/png\" \/>\n<meta name=\"twitter:card\" content=\"summary_large_image\" \/>\n<meta name=\"twitter:label1\" content=\"Gesch\u00e4tzte Lesezeit\" \/>\n\t<meta name=\"twitter:data1\" content=\"3\u00a0Minuten\" \/>\n<script type=\"application\/ld+json\" class=\"yoast-schema-graph\">{\"@context\":\"https:\\\/\\\/schema.org\",\"@graph\":[{\"@type\":\"WebPage\",\"@id\":\"https:\\\/\\\/klasmann-deilmann.com\\\/de\\\/produkte-loesungen\\\/advanced-substrate\\\/\",\"url\":\"https:\\\/\\\/klasmann-deilmann.com\\\/de\\\/produkte-loesungen\\\/advanced-substrate\\\/\",\"name\":\"ADVANCED-Substrate - Klasmann-Deilmann\",\"isPartOf\":{\"@id\":\"https:\\\/\\\/klasmann-deilmann.com\\\/en\\\/#website\"},\"primaryImageOfPage\":{\"@id\":\"https:\\\/\\\/klasmann-deilmann.com\\\/de\\\/produkte-loesungen\\\/advanced-substrate\\\/#primaryimage\"},\"image\":{\"@id\":\"https:\\\/\\\/klasmann-deilmann.com\\\/de\\\/produkte-loesungen\\\/advanced-substrate\\\/#primaryimage\"},\"thumbnailUrl\":\"https:\\\/\\\/klasmann-deilmann.com\\\/wp-content\\\/uploads\\\/klasmann-deilmann_K_Substrates_Advanced.png\",\"datePublished\":\"2021-11-16T12:50:17+00:00\",\"dateModified\":\"2026-04-28T12:24:09+00:00\",\"breadcrumb\":{\"@id\":\"https:\\\/\\\/klasmann-deilmann.com\\\/de\\\/produkte-loesungen\\\/advanced-substrate\\\/#breadcrumb\"},\"inLanguage\":\"de\",\"potentialAction\":[{\"@type\":\"ReadAction\",\"target\":[\"https:\\\/\\\/klasmann-deilmann.com\\\/de\\\/produkte-loesungen\\\/advanced-substrate\\\/\"]}]},{\"@type\":\"ImageObject\",\"inLanguage\":\"de\",\"@id\":\"https:\\\/\\\/klasmann-deilmann.com\\\/de\\\/produkte-loesungen\\\/advanced-substrate\\\/#primaryimage\",\"url\":\"https:\\\/\\\/klasmann-deilmann.com\\\/wp-content\\\/uploads\\\/klasmann-deilmann_K_Substrates_Advanced.png\",\"contentUrl\":\"https:\\\/\\\/klasmann-deilmann.com\\\/wp-content\\\/uploads\\\/klasmann-deilmann_K_Substrates_Advanced.png\"},{\"@type\":\"BreadcrumbList\",\"@id\":\"https:\\\/\\\/klasmann-deilmann.com\\\/de\\\/produkte-loesungen\\\/advanced-substrate\\\/#breadcrumb\",\"itemListElement\":[{\"@type\":\"ListItem\",\"position\":1,\"name\":\"Home\",\"item\":\"https:\\\/\\\/klasmann-deilmann.com\\\/de\\\/\"},{\"@type\":\"ListItem\",\"position\":2,\"name\":\"Produkte &#038; L\u00f6sungen\",\"item\":\"https:\\\/\\\/klasmann-deilmann.com\\\/de\\\/produkte-loesungen\\\/\"},{\"@type\":\"ListItem\",\"position\":3,\"name\":\"ADVANCED-Substrate\"}]},{\"@type\":\"WebSite\",\"@id\":\"https:\\\/\\\/klasmann-deilmann.com\\\/en\\\/#website\",\"url\":\"https:\\\/\\\/klasmann-deilmann.com\\\/en\\\/\",\"name\":\"Klasmann-Deilmann\",\"description\":\"\",\"potentialAction\":[{\"@type\":\"SearchAction\",\"target\":{\"@type\":\"EntryPoint\",\"urlTemplate\":\"https:\\\/\\\/klasmann-deilmann.com\\\/en\\\/?s={search_term_string}\"},\"query-input\":{\"@type\":\"PropertyValueSpecification\",\"valueRequired\":true,\"valueName\":\"search_term_string\"}}],\"inLanguage\":\"de\"}]}<\/script>\n<!-- \/ Yoast SEO plugin. -->","yoast_head_json":{"title":"ADVANCED-Substrate - Klasmann-Deilmann","robots":{"index":"index","follow":"follow","max-snippet":"max-snippet:-1","max-image-preview":"max-image-preview:large","max-video-preview":"max-video-preview:-1"},"canonical":"https:\/\/klasmann-deilmann.com\/de\/produkte-loesungen\/advanced-substrate\/","og_locale":"de_DE","og_type":"article","og_title":"ADVANCED-Substrate - Klasmann-Deilmann","og_description":"[vc_row][vc_column][kd_header_random_image_banner image=&#8220;35840&#8243;][\/kd_header_random_image_banner][\/vc_column][\/vc_row][vc_row][vc_column][vc_row_inner][vc_column_inner][vc_column_text] Welcome to your advance [\/vc_column_text][\/vc_column_inner][vc_column_inner width=&#8220;1\/2&#8243;][vc_column_text]ADVANCED-Substrate setzen den Ma\u00dfstab f\u00fcr den zukunftsorientierten Gartenbau. Sie kombinieren die wertvollsten Rohstoffe zu leistungsstarken Mischungen mit einem niedrigen C02-Abdruck. Holzfasern, Perlite, Kokos, Gr\u00fcnkompost und Torf sichern wichtige Eigenschaften im Substrat. Sie erm\u00f6glichen eine pr\u00e4zise Kultursteuerung in Ihrem Betrieb und das gesunde Wachstum Ihrer Pflanzen. ADVANCED-Substrate decken alle Pflanzen- und Anbausegmente ab.[\/vc_column_text][\/vc_column_inner][vc_column_inner width=&#8220;1\/2&#8243;][vc_column_text]Die Rezepturen sind praxiserprobt und haben sich bei allen g\u00e4ngigen Kulturverfahren im internationalen Produktionsgartenbau bew\u00e4hrt. Jahrzehntelange Erfahrung mit allen wichtigen Rohstoffen","og_url":"https:\/\/klasmann-deilmann.com\/de\/produkte-loesungen\/advanced-substrate\/","og_site_name":"Klasmann-Deilmann","article_modified_time":"2026-04-28T12:24:09+00:00","og_image":[{"width":2560,"height":589,"url":"https:\/\/klasmann-deilmann.com\/wp-content\/uploads\/advanced_logo.png","type":"image\/png"}],"twitter_card":"summary_large_image","twitter_misc":{"Gesch\u00e4tzte Lesezeit":"3\u00a0Minuten"},"schema":{"@context":"https:\/\/schema.org","@graph":[{"@type":"WebPage","@id":"https:\/\/klasmann-deilmann.com\/de\/produkte-loesungen\/advanced-substrate\/","url":"https:\/\/klasmann-deilmann.com\/de\/produkte-loesungen\/advanced-substrate\/","name":"ADVANCED-Substrate - Klasmann-Deilmann","isPartOf":{"@id":"https:\/\/klasmann-deilmann.com\/en\/#website"},"primaryImageOfPage":{"@id":"https:\/\/klasmann-deilmann.com\/de\/produkte-loesungen\/advanced-substrate\/#primaryimage"},"image":{"@id":"https:\/\/klasmann-deilmann.com\/de\/produkte-loesungen\/advanced-substrate\/#primaryimage"},"thumbnailUrl":"https:\/\/klasmann-deilmann.com\/wp-content\/uploads\/klasmann-deilmann_K_Substrates_Advanced.png","datePublished":"2021-11-16T12:50:17+00:00","dateModified":"2026-04-28T12:24:09+00:00","breadcrumb":{"@id":"https:\/\/klasmann-deilmann.com\/de\/produkte-loesungen\/advanced-substrate\/#breadcrumb"},"inLanguage":"de","potentialAction":[{"@type":"ReadAction","target":["https:\/\/klasmann-deilmann.com\/de\/produkte-loesungen\/advanced-substrate\/"]}]},{"@type":"ImageObject","inLanguage":"de","@id":"https:\/\/klasmann-deilmann.com\/de\/produkte-loesungen\/advanced-substrate\/#primaryimage","url":"https:\/\/klasmann-deilmann.com\/wp-content\/uploads\/klasmann-deilmann_K_Substrates_Advanced.png","contentUrl":"https:\/\/klasmann-deilmann.com\/wp-content\/uploads\/klasmann-deilmann_K_Substrates_Advanced.png"},{"@type":"BreadcrumbList","@id":"https:\/\/klasmann-deilmann.com\/de\/produkte-loesungen\/advanced-substrate\/#breadcrumb","itemListElement":[{"@type":"ListItem","position":1,"name":"Home","item":"https:\/\/klasmann-deilmann.com\/de\/"},{"@type":"ListItem","position":2,"name":"Produkte &#038; L\u00f6sungen","item":"https:\/\/klasmann-deilmann.com\/de\/produkte-loesungen\/"},{"@type":"ListItem","position":3,"name":"ADVANCED-Substrate"}]},{"@type":"WebSite","@id":"https:\/\/klasmann-deilmann.com\/en\/#website","url":"https:\/\/klasmann-deilmann.com\/en\/","name":"Klasmann-Deilmann","description":"","potentialAction":[{"@type":"SearchAction","target":{"@type":"EntryPoint","urlTemplate":"https:\/\/klasmann-deilmann.com\/en\/?s={search_term_string}"},"query-input":{"@type":"PropertyValueSpecification","valueRequired":true,"valueName":"search_term_string"}}],"inLanguage":"de"}]}},"_links":{"self":[{"href":"https:\/\/klasmann-deilmann.com\/de\/wp-json\/wp\/v2\/pages\/41101","targetHints":{"allow":["GET"]}}],"collection":[{"href":"https:\/\/klasmann-deilmann.com\/de\/wp-json\/wp\/v2\/pages"}],"about":[{"href":"https:\/\/klasmann-deilmann.com\/de\/wp-json\/wp\/v2\/types\/page"}],"author":[{"embeddable":true,"href":"https:\/\/klasmann-deilmann.com\/de\/wp-json\/wp\/v2\/users\/7"}],"replies":[{"embeddable":true,"href":"https:\/\/klasmann-deilmann.com\/de\/wp-json\/wp\/v2\/comments?post=41101"}],"version-history":[{"count":47,"href":"https:\/\/klasmann-deilmann.com\/de\/wp-json\/wp\/v2\/pages\/41101\/revisions"}],"predecessor-version":[{"id":107494,"href":"https:\/\/klasmann-deilmann.com\/de\/wp-json\/wp\/v2\/pages\/41101\/revisions\/107494"}],"up":[{"embeddable":true,"href":"https:\/\/klasmann-deilmann.com\/de\/wp-json\/wp\/v2\/pages\/40410"}],"wp:attachment":[{"href":"https:\/\/klasmann-deilmann.com\/de\/wp-json\/wp\/v2\/media?parent=41101"}],"curies":[{"name":"wp","href":"https:\/\/api.w.org\/{rel}","templated":true}]}}