{"id":41099,"date":"2021-11-16T13:48:06","date_gmt":"2021-11-16T12:48:06","guid":{"rendered":"https:\/\/klasmann-deilmann.com\/?page_id=41099"},"modified":"2021-11-24T09:55:05","modified_gmt":"2021-11-24T08:55:05","slug":"proline-substrate-produkte","status":"publish","type":"page","link":"https:\/\/klasmann-deilmann.com\/de\/produkte-loesungen\/proline-substrate\/proline-substrate-produkte\/","title":{"rendered":"ProLine Substrate Produkte"},"content":{"rendered":"<div class=\"wpb-content-wrapper\">[vc_row][vc_column][kd_header_random_image_banner image=&#8220;34814&#8243;][\/kd_header_random_image_banner][\/vc_column][\/vc_row][vc_section el_id=&#8220;proline-potgrond-terraktiv&#8220;][vc_row][vc_column][vc_row_inner][vc_column_inner][kd_single_products productselect=&#8220;45248&#8243;][\/vc_column_inner][\/vc_row_inner][\/vc_column][\/vc_row][\/vc_section][vc_section el_id=&#8220;proline-potgrond-terraktiv-greenfibre&#8220;][vc_row][vc_column][vc_row_inner][vc_column_inner][kd_single_products productselect=&#8220;45249&#8243;][\/vc_column_inner][\/vc_row_inner][\/vc_column][\/vc_row][\/vc_section][vc_section el_id=&#8220;proline-tray-substrate-terraktiv-coir&#8220;][vc_row][vc_column][vc_row_inner][vc_column_inner][kd_single_products productselect=&#8220;45251&#8243;][\/vc_column_inner][\/vc_row_inner][\/vc_column][\/vc_row][\/vc_section][vc_section el_id=&#8220;proline-tray-substrate-coir-terraktiv&#8220;][vc_row][vc_column][vc_row_inner][vc_column_inner][kd_single_products productselect=&#8220;45253&#8243;][\/vc_column_inner][\/vc_row_inner][\/vc_column][\/vc_row][\/vc_section][vc_section el_id=&#8220;proline-pot-herb-substrate&#8220;][vc_row][vc_column][vc_row_inner][vc_column_inner][kd_single_products productselect=&#8220;45255&#8243;][\/vc_column_inner][\/vc_row_inner][\/vc_column][\/vc_row][\/vc_section][vc_section el_id=&#8220;proline-herb-substrate-terraktiv-coir-greenfibre&#8220;][vc_row][vc_column][vc_row_inner][vc_column_inner][kd_single_products productselect=&#8220;45257&#8243;][\/vc_column_inner][\/vc_row_inner][\/vc_column][\/vc_row][\/vc_section][vc_section el_id=&#8220;proline-herb-substrate-terraktiv-coir-greenfibre&#8220;][vc_row][vc_column][vc_row_inner][vc_column_inner][kd_single_products productselect=&#8220;45260&#8243;][\/vc_column_inner][\/vc_row_inner][\/vc_column][\/vc_row][\/vc_section][vc_section el_id=&#8220;proline-potting-terraktiv-greenfibre&#8220;][vc_row][vc_column][vc_row_inner][vc_column_inner][kd_single_products productselect=&#8220;45263&#8243;][\/vc_column_inner][\/vc_row_inner][\/vc_column][\/vc_row][\/vc_section][vc_section el_id=&#8220;proline-potting-terraktiv-greenfibre-1&#8243;][vc_row][vc_column][vc_row_inner][vc_column_inner][kd_single_products productselect=&#8220;45280&#8243;][\/vc_column_inner][\/vc_row_inner][\/vc_column][\/vc_row][\/vc_section][vc_section el_id=&#8220;proline-container-terraktiv-greenfibre&#8220;][vc_row][vc_column][vc_row_inner][vc_column_inner][kd_single_products productselect=&#8220;45284&#8243;][\/vc_column_inner][\/vc_row_inner][\/vc_column][\/vc_row][\/vc_section][vc_section el_id=&#8220;proline-container-coarse-blueberries&#8220;][vc_row][vc_column][vc_row_inner][vc_column_inner][kd_single_products productselect=&#8220;45287&#8243;][\/vc_column_inner][\/vc_row_inner][\/vc_column][\/vc_row][\/vc_section][vc_row css=&#8220;.vc_custom_1628596781167{margin-top: 70px !important;background-color: #414345 !important;}&#8220;][vc_column][vc_row_inner content_placement=&#8220;middle&#8220;][vc_column_inner width=&#8220;1\/2&#8243;][vc_column_text]<img loading=\"lazy\" decoding=\"async\" width=\"2560\" height=\"1788\" class=\"alignnone size-full wp-image-34601\" src=\"\/wp-content\/uploads\/organic-growing-1.jpg\" alt=\"\" srcset=\"https:\/\/klasmann-deilmann.com\/wp-content\/uploads\/organic-growing-1.jpg 2560w, https:\/\/klasmann-deilmann.com\/wp-content\/uploads\/organic-growing-1-300x210.jpg 300w, https:\/\/klasmann-deilmann.com\/wp-content\/uploads\/organic-growing-1-1024x715.jpg 1024w, https:\/\/klasmann-deilmann.com\/wp-content\/uploads\/organic-growing-1-768x536.jpg 768w, https:\/\/klasmann-deilmann.com\/wp-content\/uploads\/organic-growing-1-1536x1073.jpg 1536w, https:\/\/klasmann-deilmann.com\/wp-content\/uploads\/organic-growing-1-2048x1430.jpg 2048w\" sizes=\"auto, (max-width: 2560px) 100vw, 2560px\" \/>[\/vc_column_text][\/vc_column_inner][vc_column_inner width=&#8220;1\/2&#8243;][vc_column_text]<\/p>\n<h2>\u00d6kologischer Anbau:<\/h2>\n<h4>Sie sind auf der Suche nach dem richtigen Substrat f\u00fcr den \u00f6kologischen Anbau? Dann ist unser ProLine-Substratsortiment die perfekte Wahl f\u00fcr Sie. Mehr Informationen finden Sie hier:<\/h4>\n<p>[\/vc_column_text][kd_download_button show_link_download1=&#8220;link&#8220; link1=&#8220;url:https%3A%2F%2Fklasmann-deilmann.com%2Fde%2Fprodukte-loesungen%2Fproline-substrate%2F|title:Erfahren%20Sie%20mehr%20%C3%BCber%20ProLine&#8220;][\/vc_column_inner][\/vc_row_inner][\/vc_column][\/vc_row][vc_row css=&#8220;.vc_custom_1628596773135{padding-top: 70px !important;}&#8220;][vc_column][vc_row_inner content_placement=&#8220;middle&#8220;][vc_column_inner width=&#8220;1\/2&#8243;][vc_column_text]<\/p>\n<h2><strong>Individuelle Substratmischungen:<\/strong><\/h2>\n<h4 style=\"text-align: left;\">Von der Jungpflanzenanzucht \u00fcber Beetpflanzen bis Beerenobst sind kundenspezifische Rezepturen f\u00fcr alle Anwendungsbereiche erh\u00e4ltlich. Unsere langj\u00e4hrige Erfahrung erm\u00f6glicht es uns, Ihnen ma\u00dfgeschneiderte Substratl\u00f6sungen anzubieten, die passgenau auf alle physikalischen und chemischen Anforderungen Ihrer Kulturen und Ihres Anbausystems abgestimmt sind. Ihren pers\u00f6nlichen Ansprechpartner finden Sie hier:<\/h4>\n<p>[\/vc_column_text][\/vc_column_inner][vc_column_inner width=&#8220;1\/2&#8243;][vc_column_text]<img loading=\"lazy\" decoding=\"async\" width=\"2560\" height=\"1707\" class=\"alignnone size-full wp-image-34604\" src=\"\/wp-content\/uploads\/individual_compositions.jpg\" alt=\"\" srcset=\"https:\/\/klasmann-deilmann.com\/wp-content\/uploads\/individual_compositions.jpg 2560w, https:\/\/klasmann-deilmann.com\/wp-content\/uploads\/individual_compositions-300x200.jpg 300w, https:\/\/klasmann-deilmann.com\/wp-content\/uploads\/individual_compositions-1024x683.jpg 1024w, https:\/\/klasmann-deilmann.com\/wp-content\/uploads\/individual_compositions-768x512.jpg 768w, https:\/\/klasmann-deilmann.com\/wp-content\/uploads\/individual_compositions-1536x1024.jpg 1536w, https:\/\/klasmann-deilmann.com\/wp-content\/uploads\/individual_compositions-2048x1366.jpg 2048w\" sizes=\"auto, (max-width: 2560px) 100vw, 2560px\" \/>[\/vc_column_text][\/vc_column_inner][\/vc_row_inner][\/vc_column][\/vc_row][vc_row css=&#8220;.vc_custom_1627485951011{padding-top: 50px !important;padding-bottom: 50px !important;}&#8220;][vc_column][kd_getintouch image=&#8220;32948&#8243;][\/vc_column][\/vc_row]<\/div>\n","protected":false},"excerpt":{"rendered":"<p>[vc_row][vc_column][kd_header_random_image_banner image=&#8220;34814&#8243;][\/kd_header_random_image_banner][\/vc_column][\/vc_row][vc_section el_id=&#8220;proline-potgrond-terraktiv&#8220;][vc_row][vc_column][vc_row_inner][vc_column_inner][kd_single_products productselect=&#8220;45248&#8243;][\/vc_column_inner][\/vc_row_inner][\/vc_column][\/vc_row][\/vc_section][vc_section el_id=&#8220;proline-potgrond-terraktiv-greenfibre&#8220;][vc_row][vc_column][vc_row_inner][vc_column_inner][kd_single_products productselect=&#8220;45249&#8243;][\/vc_column_inner][\/vc_row_inner][\/vc_column][\/vc_row][\/vc_section][vc_section el_id=&#8220;proline-tray-substrate-terraktiv-coir&#8220;][vc_row][vc_column][vc_row_inner][vc_column_inner][kd_single_products productselect=&#8220;45251&#8243;][\/vc_column_inner][\/vc_row_inner][\/vc_column][\/vc_row][\/vc_section][vc_section el_id=&#8220;proline-tray-substrate-coir-terraktiv&#8220;][vc_row][vc_column][vc_row_inner][vc_column_inner][kd_single_products productselect=&#8220;45253&#8243;][\/vc_column_inner][\/vc_row_inner][\/vc_column][\/vc_row][\/vc_section][vc_section el_id=&#8220;proline-pot-herb-substrate&#8220;][vc_row][vc_column][vc_row_inner][vc_column_inner][kd_single_products productselect=&#8220;45255&#8243;][\/vc_column_inner][\/vc_row_inner][\/vc_column][\/vc_row][\/vc_section][vc_section el_id=&#8220;proline-herb-substrate-terraktiv-coir-greenfibre&#8220;][vc_row][vc_column][vc_row_inner][vc_column_inner][kd_single_products productselect=&#8220;45257&#8243;][\/vc_column_inner][\/vc_row_inner][\/vc_column][\/vc_row][\/vc_section][vc_section el_id=&#8220;proline-herb-substrate-terraktiv-coir-greenfibre&#8220;][vc_row][vc_column][vc_row_inner][vc_column_inner][kd_single_products productselect=&#8220;45260&#8243;][\/vc_column_inner][\/vc_row_inner][\/vc_column][\/vc_row][\/vc_section][vc_section el_id=&#8220;proline-potting-terraktiv-greenfibre&#8220;][vc_row][vc_column][vc_row_inner][vc_column_inner][kd_single_products productselect=&#8220;45263&#8243;][\/vc_column_inner][\/vc_row_inner][\/vc_column][\/vc_row][\/vc_section][vc_section el_id=&#8220;proline-potting-terraktiv-greenfibre-1&#8243;][vc_row][vc_column][vc_row_inner][vc_column_inner][kd_single_products productselect=&#8220;45280&#8243;][\/vc_column_inner][\/vc_row_inner][\/vc_column][\/vc_row][\/vc_section][vc_section el_id=&#8220;proline-container-terraktiv-greenfibre&#8220;][vc_row][vc_column][vc_row_inner][vc_column_inner][kd_single_products productselect=&#8220;45284&#8243;][\/vc_column_inner][\/vc_row_inner][\/vc_column][\/vc_row][\/vc_section][vc_section el_id=&#8220;proline-container-coarse-blueberries&#8220;][vc_row][vc_column][vc_row_inner][vc_column_inner][kd_single_products productselect=&#8220;45287&#8243;][\/vc_column_inner][\/vc_row_inner][\/vc_column][\/vc_row][\/vc_section][vc_row css=&#8220;.vc_custom_1628596781167{margin-top: 70px !important;background-color: #414345 !important;}&#8220;][vc_column][vc_row_inner content_placement=&#8220;middle&#8220;][vc_column_inner width=&#8220;1\/2&#8243;][vc_column_text][\/vc_column_text][\/vc_column_inner][vc_column_inner width=&#8220;1\/2&#8243;][vc_column_text] \u00d6kologischer Anbau: Sie sind auf der Suche nach dem richtigen Substrat f\u00fcr den \u00f6kologischen Anbau? Dann ist unser ProLine-Substratsortiment die perfekte Wahl f\u00fcr Sie. Mehr Informationen finden Sie hier: [\/vc_column_text][kd_download_button show_link_download1=&#8220;link&#8220; link1=&#8220;url:https%3A%2F%2Fklasmann-deilmann.com%2Fde%2Fprodukte-loesungen%2Fproline-substrate%2F|title:Erfahren%20Sie%20mehr%20%C3%BCber%20ProLine&#8220;][\/vc_column_inner][\/vc_row_inner][\/vc_column][\/vc_row][vc_row css=&#8220;.vc_custom_1628596773135{padding-top: 70px !important;}&#8220;][vc_column][vc_row_inner content_placement=&#8220;middle&#8220;][vc_column_inner width=&#8220;1\/2&#8243;][vc_column_text] Individuelle Substratmischungen: Von der Jungpflanzenanzucht \u00fcber Beetpflanzen bis Beerenobst sind kundenspezifische<\/p>\n","protected":false},"author":7,"featured_media":0,"parent":40968,"menu_order":409,"comment_status":"closed","ping_status":"closed","template":"","meta":{"_acf_changed":false,"inline_featured_image":false,"footnotes":""},"class_list":["post-41099","page","type-page","status-publish","hentry"],"acf":[],"yoast_head":"<!-- This site is optimized with the Yoast SEO plugin v27.3 - https:\/\/yoast.com\/product\/yoast-seo-wordpress\/ -->\n<title>ProLine Substrate Produkte - Klasmann-Deilmann<\/title>\n<meta name=\"robots\" content=\"index, follow, max-snippet:-1, max-image-preview:large, max-video-preview:-1\" \/>\n<link rel=\"canonical\" href=\"https:\/\/klasmann-deilmann.com\/de\/produkte-loesungen\/proline-substrate\/proline-substrate-produkte\/\" \/>\n<meta property=\"og:locale\" content=\"de_DE\" \/>\n<meta property=\"og:type\" content=\"article\" \/>\n<meta property=\"og:title\" content=\"ProLine Substrate Produkte - Klasmann-Deilmann\" \/>\n<meta property=\"og:description\" content=\"[vc_row][vc_column][kd_header_random_image_banner image=&#8220;34814&#8243;][\/kd_header_random_image_banner][\/vc_column][\/vc_row][vc_section el_id=&#8220;proline-potgrond-terraktiv&#8220;][vc_row][vc_column][vc_row_inner][vc_column_inner][kd_single_products productselect=&#8220;45248&#8243;][\/vc_column_inner][\/vc_row_inner][\/vc_column][\/vc_row][\/vc_section][vc_section el_id=&#8220;proline-potgrond-terraktiv-greenfibre&#8220;][vc_row][vc_column][vc_row_inner][vc_column_inner][kd_single_products productselect=&#8220;45249&#8243;][\/vc_column_inner][\/vc_row_inner][\/vc_column][\/vc_row][\/vc_section][vc_section el_id=&#8220;proline-tray-substrate-terraktiv-coir&#8220;][vc_row][vc_column][vc_row_inner][vc_column_inner][kd_single_products productselect=&#8220;45251&#8243;][\/vc_column_inner][\/vc_row_inner][\/vc_column][\/vc_row][\/vc_section][vc_section el_id=&#8220;proline-tray-substrate-coir-terraktiv&#8220;][vc_row][vc_column][vc_row_inner][vc_column_inner][kd_single_products productselect=&#8220;45253&#8243;][\/vc_column_inner][\/vc_row_inner][\/vc_column][\/vc_row][\/vc_section][vc_section el_id=&#8220;proline-pot-herb-substrate&#8220;][vc_row][vc_column][vc_row_inner][vc_column_inner][kd_single_products productselect=&#8220;45255&#8243;][\/vc_column_inner][\/vc_row_inner][\/vc_column][\/vc_row][\/vc_section][vc_section el_id=&#8220;proline-herb-substrate-terraktiv-coir-greenfibre&#8220;][vc_row][vc_column][vc_row_inner][vc_column_inner][kd_single_products productselect=&#8220;45257&#8243;][\/vc_column_inner][\/vc_row_inner][\/vc_column][\/vc_row][\/vc_section][vc_section el_id=&#8220;proline-herb-substrate-terraktiv-coir-greenfibre&#8220;][vc_row][vc_column][vc_row_inner][vc_column_inner][kd_single_products productselect=&#8220;45260&#8243;][\/vc_column_inner][\/vc_row_inner][\/vc_column][\/vc_row][\/vc_section][vc_section el_id=&#8220;proline-potting-terraktiv-greenfibre&#8220;][vc_row][vc_column][vc_row_inner][vc_column_inner][kd_single_products productselect=&#8220;45263&#8243;][\/vc_column_inner][\/vc_row_inner][\/vc_column][\/vc_row][\/vc_section][vc_section el_id=&#8220;proline-potting-terraktiv-greenfibre-1&#8243;][vc_row][vc_column][vc_row_inner][vc_column_inner][kd_single_products productselect=&#8220;45280&#8243;][\/vc_column_inner][\/vc_row_inner][\/vc_column][\/vc_row][\/vc_section][vc_section el_id=&#8220;proline-container-terraktiv-greenfibre&#8220;][vc_row][vc_column][vc_row_inner][vc_column_inner][kd_single_products productselect=&#8220;45284&#8243;][\/vc_column_inner][\/vc_row_inner][\/vc_column][\/vc_row][\/vc_section][vc_section el_id=&#8220;proline-container-coarse-blueberries&#8220;][vc_row][vc_column][vc_row_inner][vc_column_inner][kd_single_products productselect=&#8220;45287&#8243;][\/vc_column_inner][\/vc_row_inner][\/vc_column][\/vc_row][\/vc_section][vc_row css=&#8220;.vc_custom_1628596781167{margin-top: 70px !important;background-color: #414345 !important;}&#8220;][vc_column][vc_row_inner content_placement=&#8220;middle&#8220;][vc_column_inner width=&#8220;1\/2&#8243;][vc_column_text][\/vc_column_text][\/vc_column_inner][vc_column_inner width=&#8220;1\/2&#8243;][vc_column_text] \u00d6kologischer Anbau: Sie sind auf der Suche nach dem richtigen Substrat f\u00fcr den \u00f6kologischen Anbau? Dann ist unser ProLine-Substratsortiment die perfekte Wahl f\u00fcr Sie. Mehr Informationen finden Sie hier: [\/vc_column_text][kd_download_button show_link_download1=&#8220;link&#8220; link1=&#8220;url:https%3A%2F%2Fklasmann-deilmann.com%2Fde%2Fprodukte-loesungen%2Fproline-substrate%2F|title:Erfahren%20Sie%20mehr%20%C3%BCber%20ProLine&#8220;][\/vc_column_inner][\/vc_row_inner][\/vc_column][\/vc_row][vc_row css=&#8220;.vc_custom_1628596773135{padding-top: 70px !important;}&#8220;][vc_column][vc_row_inner content_placement=&#8220;middle&#8220;][vc_column_inner width=&#8220;1\/2&#8243;][vc_column_text] Individuelle Substratmischungen: Von der Jungpflanzenanzucht \u00fcber Beetpflanzen bis Beerenobst sind kundenspezifische\" \/>\n<meta property=\"og:url\" content=\"https:\/\/klasmann-deilmann.com\/de\/produkte-loesungen\/proline-substrate\/proline-substrate-produkte\/\" \/>\n<meta property=\"og:site_name\" content=\"Klasmann-Deilmann\" \/>\n<meta property=\"article:modified_time\" content=\"2021-11-24T08:55:05+00:00\" \/>\n<meta property=\"og:image\" content=\"https:\/\/klasmann-deilmann.com\/wp-content\/uploads\/organic-growing-1.jpg\" \/>\n<meta name=\"twitter:card\" content=\"summary_large_image\" \/>\n<meta name=\"twitter:label1\" content=\"Gesch\u00e4tzte Lesezeit\" \/>\n\t<meta name=\"twitter:data1\" content=\"1\u00a0Minute\" \/>\n<script type=\"application\/ld+json\" class=\"yoast-schema-graph\">{\"@context\":\"https:\\\/\\\/schema.org\",\"@graph\":[{\"@type\":\"WebPage\",\"@id\":\"https:\\\/\\\/klasmann-deilmann.com\\\/de\\\/produkte-loesungen\\\/proline-substrate\\\/proline-substrate-produkte\\\/\",\"url\":\"https:\\\/\\\/klasmann-deilmann.com\\\/de\\\/produkte-loesungen\\\/proline-substrate\\\/proline-substrate-produkte\\\/\",\"name\":\"ProLine Substrate Produkte - Klasmann-Deilmann\",\"isPartOf\":{\"@id\":\"https:\\\/\\\/klasmann-deilmann.com\\\/en\\\/#website\"},\"datePublished\":\"2021-11-16T12:48:06+00:00\",\"dateModified\":\"2021-11-24T08:55:05+00:00\",\"breadcrumb\":{\"@id\":\"https:\\\/\\\/klasmann-deilmann.com\\\/de\\\/produkte-loesungen\\\/proline-substrate\\\/proline-substrate-produkte\\\/#breadcrumb\"},\"inLanguage\":\"de\",\"potentialAction\":[{\"@type\":\"ReadAction\",\"target\":[\"https:\\\/\\\/klasmann-deilmann.com\\\/de\\\/produkte-loesungen\\\/proline-substrate\\\/proline-substrate-produkte\\\/\"]}]},{\"@type\":\"BreadcrumbList\",\"@id\":\"https:\\\/\\\/klasmann-deilmann.com\\\/de\\\/produkte-loesungen\\\/proline-substrate\\\/proline-substrate-produkte\\\/#breadcrumb\",\"itemListElement\":[{\"@type\":\"ListItem\",\"position\":1,\"name\":\"Home\",\"item\":\"https:\\\/\\\/klasmann-deilmann.com\\\/de\\\/\"},{\"@type\":\"ListItem\",\"position\":2,\"name\":\"Produkte &#038; L\u00f6sungen\",\"item\":\"https:\\\/\\\/klasmann-deilmann.com\\\/de\\\/produkte-loesungen\\\/\"},{\"@type\":\"ListItem\",\"position\":3,\"name\":\"ProLine Substrate\",\"item\":\"https:\\\/\\\/klasmann-deilmann.com\\\/de\\\/produkte-loesungen\\\/proline-substrate\\\/\"},{\"@type\":\"ListItem\",\"position\":4,\"name\":\"ProLine Substrate Produkte\"}]},{\"@type\":\"WebSite\",\"@id\":\"https:\\\/\\\/klasmann-deilmann.com\\\/en\\\/#website\",\"url\":\"https:\\\/\\\/klasmann-deilmann.com\\\/en\\\/\",\"name\":\"Klasmann-Deilmann\",\"description\":\"\",\"potentialAction\":[{\"@type\":\"SearchAction\",\"target\":{\"@type\":\"EntryPoint\",\"urlTemplate\":\"https:\\\/\\\/klasmann-deilmann.com\\\/en\\\/?s={search_term_string}\"},\"query-input\":{\"@type\":\"PropertyValueSpecification\",\"valueRequired\":true,\"valueName\":\"search_term_string\"}}],\"inLanguage\":\"de\"}]}<\/script>\n<!-- \/ Yoast SEO plugin. -->","yoast_head_json":{"title":"ProLine Substrate Produkte - Klasmann-Deilmann","robots":{"index":"index","follow":"follow","max-snippet":"max-snippet:-1","max-image-preview":"max-image-preview:large","max-video-preview":"max-video-preview:-1"},"canonical":"https:\/\/klasmann-deilmann.com\/de\/produkte-loesungen\/proline-substrate\/proline-substrate-produkte\/","og_locale":"de_DE","og_type":"article","og_title":"ProLine Substrate Produkte - Klasmann-Deilmann","og_description":"[vc_row][vc_column][kd_header_random_image_banner image=&#8220;34814&#8243;][\/kd_header_random_image_banner][\/vc_column][\/vc_row][vc_section el_id=&#8220;proline-potgrond-terraktiv&#8220;][vc_row][vc_column][vc_row_inner][vc_column_inner][kd_single_products productselect=&#8220;45248&#8243;][\/vc_column_inner][\/vc_row_inner][\/vc_column][\/vc_row][\/vc_section][vc_section el_id=&#8220;proline-potgrond-terraktiv-greenfibre&#8220;][vc_row][vc_column][vc_row_inner][vc_column_inner][kd_single_products productselect=&#8220;45249&#8243;][\/vc_column_inner][\/vc_row_inner][\/vc_column][\/vc_row][\/vc_section][vc_section el_id=&#8220;proline-tray-substrate-terraktiv-coir&#8220;][vc_row][vc_column][vc_row_inner][vc_column_inner][kd_single_products productselect=&#8220;45251&#8243;][\/vc_column_inner][\/vc_row_inner][\/vc_column][\/vc_row][\/vc_section][vc_section el_id=&#8220;proline-tray-substrate-coir-terraktiv&#8220;][vc_row][vc_column][vc_row_inner][vc_column_inner][kd_single_products productselect=&#8220;45253&#8243;][\/vc_column_inner][\/vc_row_inner][\/vc_column][\/vc_row][\/vc_section][vc_section el_id=&#8220;proline-pot-herb-substrate&#8220;][vc_row][vc_column][vc_row_inner][vc_column_inner][kd_single_products productselect=&#8220;45255&#8243;][\/vc_column_inner][\/vc_row_inner][\/vc_column][\/vc_row][\/vc_section][vc_section el_id=&#8220;proline-herb-substrate-terraktiv-coir-greenfibre&#8220;][vc_row][vc_column][vc_row_inner][vc_column_inner][kd_single_products productselect=&#8220;45257&#8243;][\/vc_column_inner][\/vc_row_inner][\/vc_column][\/vc_row][\/vc_section][vc_section el_id=&#8220;proline-herb-substrate-terraktiv-coir-greenfibre&#8220;][vc_row][vc_column][vc_row_inner][vc_column_inner][kd_single_products productselect=&#8220;45260&#8243;][\/vc_column_inner][\/vc_row_inner][\/vc_column][\/vc_row][\/vc_section][vc_section el_id=&#8220;proline-potting-terraktiv-greenfibre&#8220;][vc_row][vc_column][vc_row_inner][vc_column_inner][kd_single_products productselect=&#8220;45263&#8243;][\/vc_column_inner][\/vc_row_inner][\/vc_column][\/vc_row][\/vc_section][vc_section el_id=&#8220;proline-potting-terraktiv-greenfibre-1&#8243;][vc_row][vc_column][vc_row_inner][vc_column_inner][kd_single_products productselect=&#8220;45280&#8243;][\/vc_column_inner][\/vc_row_inner][\/vc_column][\/vc_row][\/vc_section][vc_section el_id=&#8220;proline-container-terraktiv-greenfibre&#8220;][vc_row][vc_column][vc_row_inner][vc_column_inner][kd_single_products productselect=&#8220;45284&#8243;][\/vc_column_inner][\/vc_row_inner][\/vc_column][\/vc_row][\/vc_section][vc_section el_id=&#8220;proline-container-coarse-blueberries&#8220;][vc_row][vc_column][vc_row_inner][vc_column_inner][kd_single_products productselect=&#8220;45287&#8243;][\/vc_column_inner][\/vc_row_inner][\/vc_column][\/vc_row][\/vc_section][vc_row css=&#8220;.vc_custom_1628596781167{margin-top: 70px !important;background-color: #414345 !important;}&#8220;][vc_column][vc_row_inner content_placement=&#8220;middle&#8220;][vc_column_inner width=&#8220;1\/2&#8243;][vc_column_text][\/vc_column_text][\/vc_column_inner][vc_column_inner width=&#8220;1\/2&#8243;][vc_column_text] \u00d6kologischer Anbau: Sie sind auf der Suche nach dem richtigen Substrat f\u00fcr den \u00f6kologischen Anbau? Dann ist unser ProLine-Substratsortiment die perfekte Wahl f\u00fcr Sie. Mehr Informationen finden Sie hier: [\/vc_column_text][kd_download_button show_link_download1=&#8220;link&#8220; link1=&#8220;url:https%3A%2F%2Fklasmann-deilmann.com%2Fde%2Fprodukte-loesungen%2Fproline-substrate%2F|title:Erfahren%20Sie%20mehr%20%C3%BCber%20ProLine&#8220;][\/vc_column_inner][\/vc_row_inner][\/vc_column][\/vc_row][vc_row css=&#8220;.vc_custom_1628596773135{padding-top: 70px !important;}&#8220;][vc_column][vc_row_inner content_placement=&#8220;middle&#8220;][vc_column_inner width=&#8220;1\/2&#8243;][vc_column_text] Individuelle Substratmischungen: Von der Jungpflanzenanzucht \u00fcber Beetpflanzen bis Beerenobst sind kundenspezifische","og_url":"https:\/\/klasmann-deilmann.com\/de\/produkte-loesungen\/proline-substrate\/proline-substrate-produkte\/","og_site_name":"Klasmann-Deilmann","article_modified_time":"2021-11-24T08:55:05+00:00","og_image":[{"url":"https:\/\/klasmann-deilmann.com\/wp-content\/uploads\/organic-growing-1.jpg","type":"","width":"","height":""}],"twitter_card":"summary_large_image","twitter_misc":{"Gesch\u00e4tzte Lesezeit":"1\u00a0Minute"},"schema":{"@context":"https:\/\/schema.org","@graph":[{"@type":"WebPage","@id":"https:\/\/klasmann-deilmann.com\/de\/produkte-loesungen\/proline-substrate\/proline-substrate-produkte\/","url":"https:\/\/klasmann-deilmann.com\/de\/produkte-loesungen\/proline-substrate\/proline-substrate-produkte\/","name":"ProLine Substrate Produkte - Klasmann-Deilmann","isPartOf":{"@id":"https:\/\/klasmann-deilmann.com\/en\/#website"},"datePublished":"2021-11-16T12:48:06+00:00","dateModified":"2021-11-24T08:55:05+00:00","breadcrumb":{"@id":"https:\/\/klasmann-deilmann.com\/de\/produkte-loesungen\/proline-substrate\/proline-substrate-produkte\/#breadcrumb"},"inLanguage":"de","potentialAction":[{"@type":"ReadAction","target":["https:\/\/klasmann-deilmann.com\/de\/produkte-loesungen\/proline-substrate\/proline-substrate-produkte\/"]}]},{"@type":"BreadcrumbList","@id":"https:\/\/klasmann-deilmann.com\/de\/produkte-loesungen\/proline-substrate\/proline-substrate-produkte\/#breadcrumb","itemListElement":[{"@type":"ListItem","position":1,"name":"Home","item":"https:\/\/klasmann-deilmann.com\/de\/"},{"@type":"ListItem","position":2,"name":"Produkte &#038; L\u00f6sungen","item":"https:\/\/klasmann-deilmann.com\/de\/produkte-loesungen\/"},{"@type":"ListItem","position":3,"name":"ProLine Substrate","item":"https:\/\/klasmann-deilmann.com\/de\/produkte-loesungen\/proline-substrate\/"},{"@type":"ListItem","position":4,"name":"ProLine Substrate Produkte"}]},{"@type":"WebSite","@id":"https:\/\/klasmann-deilmann.com\/en\/#website","url":"https:\/\/klasmann-deilmann.com\/en\/","name":"Klasmann-Deilmann","description":"","potentialAction":[{"@type":"SearchAction","target":{"@type":"EntryPoint","urlTemplate":"https:\/\/klasmann-deilmann.com\/en\/?s={search_term_string}"},"query-input":{"@type":"PropertyValueSpecification","valueRequired":true,"valueName":"search_term_string"}}],"inLanguage":"de"}]}},"_links":{"self":[{"href":"https:\/\/klasmann-deilmann.com\/de\/wp-json\/wp\/v2\/pages\/41099","targetHints":{"allow":["GET"]}}],"collection":[{"href":"https:\/\/klasmann-deilmann.com\/de\/wp-json\/wp\/v2\/pages"}],"about":[{"href":"https:\/\/klasmann-deilmann.com\/de\/wp-json\/wp\/v2\/types\/page"}],"author":[{"embeddable":true,"href":"https:\/\/klasmann-deilmann.com\/de\/wp-json\/wp\/v2\/users\/7"}],"replies":[{"embeddable":true,"href":"https:\/\/klasmann-deilmann.com\/de\/wp-json\/wp\/v2\/comments?post=41099"}],"version-history":[{"count":13,"href":"https:\/\/klasmann-deilmann.com\/de\/wp-json\/wp\/v2\/pages\/41099\/revisions"}],"predecessor-version":[{"id":45046,"href":"https:\/\/klasmann-deilmann.com\/de\/wp-json\/wp\/v2\/pages\/41099\/revisions\/45046"}],"up":[{"embeddable":true,"href":"https:\/\/klasmann-deilmann.com\/de\/wp-json\/wp\/v2\/pages\/40968"}],"wp:attachment":[{"href":"https:\/\/klasmann-deilmann.com\/de\/wp-json\/wp\/v2\/media?parent=41099"}],"curies":[{"name":"wp","href":"https:\/\/api.w.org\/{rel}","templated":true}]}}