{"id":41065,"date":"2021-11-16T13:47:29","date_gmt":"2021-11-16T12:47:29","guid":{"rendered":"https:\/\/klasmann-deilmann.com\/?page_id=41065"},"modified":"2021-11-18T12:13:37","modified_gmt":"2021-11-18T11:13:37","slug":"proline-substrate-grafiken","status":"publish","type":"page","link":"https:\/\/klasmann-deilmann.com\/de\/produkte-loesungen\/proline-substrate\/proline-substrate-grafiken\/","title":{"rendered":"ProLine Substrate Grafiken"},"content":{"rendered":"<div class=\"wpb-content-wrapper\">[vc_row][vc_column][kd_header_random_image_banner image=&#8220;34814&#8243;][\/kd_header_random_image_banner][\/vc_column][\/vc_row][vc_row][vc_column][vc_row_inner][vc_column_inner][vc_column_text]<\/p>\n<h2>ProLine L\u00f6sungen zur Trauerm\u00fcckenprophylaxe<\/h2>\n<p>[\/vc_column_text][\/vc_column_inner][\/vc_row_inner][vc_row_inner][vc_column_inner][vc_column_text]In langj\u00e4hriger Forschungsarbeit mit Universit\u00e4ten und Versuchsanstalten untersuchten wir, welche Substratkomponenten die Entwicklung von Trauerm\u00fcckenlarven im Substrat beeinflussen. Basierend auf den Ergebnissen, entwickelten wir ein innovatives Substratkonzept, das die Trauerm\u00fcckenattraktivit\u00e4t gezielt reduziert. Neben einer besonderen Auswahl und Kombination von Substratkomponenten stehen speziell entwickelte organische D\u00fcnger im Mittelpunkt dieses Konzeptes. Die neuen D\u00fcngertypen k\u00f6nnen von den Trauerm\u00fcckenlarven nicht direkt genutzt werden und erm\u00f6glichen gleichzeitig eine effizientere N\u00e4hrstoffaufnahme durch die Pflanzen. Sie sind zudem reich an wertvollen, pflanzenst\u00e4rkenden Aminos\u00e4uren.[\/vc_column_text][\/vc_column_inner][\/vc_row_inner][\/vc_column][\/vc_row][vc_row background_color=&#8220;kdlightgray&#8220; css=&#8220;.vc_custom_1629189980437{margin-top: 30px !important;padding-top: 70px !important;padding-bottom: 30px !important;}&#8220;][vc_column][vc_row_inner][vc_column_inner][vc_column_text]<img loading=\"lazy\" decoding=\"async\" width=\"2560\" height=\"980\" class=\"alignnone size-full wp-image-44678\" src=\"\/wp-content\/uploads\/proline_diagramm_de.png\" alt=\"\" srcset=\"https:\/\/klasmann-deilmann.com\/wp-content\/uploads\/proline_diagramm_de.png 2560w, https:\/\/klasmann-deilmann.com\/wp-content\/uploads\/proline_diagramm_de-300x115.png 300w, https:\/\/klasmann-deilmann.com\/wp-content\/uploads\/proline_diagramm_de-1024x392.png 1024w, https:\/\/klasmann-deilmann.com\/wp-content\/uploads\/proline_diagramm_de-768x294.png 768w, https:\/\/klasmann-deilmann.com\/wp-content\/uploads\/proline_diagramm_de-1536x588.png 1536w, https:\/\/klasmann-deilmann.com\/wp-content\/uploads\/proline_diagramm_de-2048x784.png 2048w\" sizes=\"auto, (max-width: 2560px) 100vw, 2560px\" \/>[\/vc_column_text][\/vc_column_inner][\/vc_row_inner][vc_row_inner][vc_column_inner][vc_column_text]Wir bieten diese D\u00fcnger als rein pflanzliche Variante oder mit tierischen Bestandteilen an. Beide D\u00fcngertypen erm\u00f6glichen eine hohe Grundaufd\u00fcngung, ohne dass sich der Trauerm\u00fcckendruck erh\u00f6ht. Eingesetzt wird dieses innovative Substratkonzept vor allem bei Kr\u00e4utersubstraten in Kombination mit fl\u00fcssiger Nachd\u00fcngung w\u00e4hrend der Kultivierungszeit. Weitere Einsatzm\u00f6glichkeiten zeigen sich in Gem\u00fcseanzuchtsubstraten f\u00fcr empfindliche Kulturen wie z. B. Gurken.[\/vc_column_text][\/vc_column_inner][\/vc_row_inner][\/vc_column][\/vc_row][vc_row css=&#8220;.vc_custom_1629190006898{margin-top: 100px !important;}&#8220;][vc_column][kd_getintouch image=&#8220;32948&#8243;][\/vc_column][\/vc_row]<\/div>\n","protected":false},"excerpt":{"rendered":"<p>[vc_row][vc_column][kd_header_random_image_banner image=&#8220;34814&#8243;][\/kd_header_random_image_banner][\/vc_column][\/vc_row][vc_row][vc_column][vc_row_inner][vc_column_inner][vc_column_text] ProLine L\u00f6sungen zur Trauerm\u00fcckenprophylaxe [\/vc_column_text][\/vc_column_inner][\/vc_row_inner][vc_row_inner][vc_column_inner][vc_column_text]In langj\u00e4hriger Forschungsarbeit mit Universit\u00e4ten und Versuchsanstalten untersuchten wir, welche Substratkomponenten die Entwicklung von Trauerm\u00fcckenlarven im Substrat beeinflussen. Basierend auf den Ergebnissen, entwickelten wir ein innovatives Substratkonzept, das die Trauerm\u00fcckenattraktivit\u00e4t gezielt reduziert. Neben einer besonderen Auswahl und Kombination von Substratkomponenten stehen speziell entwickelte organische D\u00fcnger im Mittelpunkt dieses Konzeptes. Die neuen D\u00fcngertypen k\u00f6nnen von den Trauerm\u00fcckenlarven nicht direkt genutzt werden und erm\u00f6glichen gleichzeitig eine effizientere N\u00e4hrstoffaufnahme durch die Pflanzen. Sie sind zudem reich an<\/p>\n","protected":false},"author":7,"featured_media":0,"parent":40968,"menu_order":404,"comment_status":"closed","ping_status":"closed","template":"","meta":{"_acf_changed":false,"inline_featured_image":false,"footnotes":""},"class_list":["post-41065","page","type-page","status-publish","hentry"],"acf":[],"yoast_head":"<!-- This site is optimized with the Yoast SEO plugin v27.3 - https:\/\/yoast.com\/product\/yoast-seo-wordpress\/ -->\n<title>ProLine Substrate Grafiken - Klasmann-Deilmann<\/title>\n<meta name=\"robots\" content=\"index, follow, max-snippet:-1, max-image-preview:large, max-video-preview:-1\" \/>\n<link rel=\"canonical\" href=\"https:\/\/klasmann-deilmann.com\/de\/produkte-loesungen\/proline-substrate\/proline-substrate-grafiken\/\" \/>\n<meta property=\"og:locale\" content=\"de_DE\" \/>\n<meta property=\"og:type\" content=\"article\" \/>\n<meta property=\"og:title\" content=\"ProLine Substrate Grafiken - Klasmann-Deilmann\" \/>\n<meta property=\"og:description\" content=\"[vc_row][vc_column][kd_header_random_image_banner image=&#8220;34814&#8243;][\/kd_header_random_image_banner][\/vc_column][\/vc_row][vc_row][vc_column][vc_row_inner][vc_column_inner][vc_column_text] ProLine L\u00f6sungen zur Trauerm\u00fcckenprophylaxe [\/vc_column_text][\/vc_column_inner][\/vc_row_inner][vc_row_inner][vc_column_inner][vc_column_text]In langj\u00e4hriger Forschungsarbeit mit Universit\u00e4ten und Versuchsanstalten untersuchten wir, welche Substratkomponenten die Entwicklung von Trauerm\u00fcckenlarven im Substrat beeinflussen. Basierend auf den Ergebnissen, entwickelten wir ein innovatives Substratkonzept, das die Trauerm\u00fcckenattraktivit\u00e4t gezielt reduziert. Neben einer besonderen Auswahl und Kombination von Substratkomponenten stehen speziell entwickelte organische D\u00fcnger im Mittelpunkt dieses Konzeptes. Die neuen D\u00fcngertypen k\u00f6nnen von den Trauerm\u00fcckenlarven nicht direkt genutzt werden und erm\u00f6glichen gleichzeitig eine effizientere N\u00e4hrstoffaufnahme durch die Pflanzen. Sie sind zudem reich an\" \/>\n<meta property=\"og:url\" content=\"https:\/\/klasmann-deilmann.com\/de\/produkte-loesungen\/proline-substrate\/proline-substrate-grafiken\/\" \/>\n<meta property=\"og:site_name\" content=\"Klasmann-Deilmann\" \/>\n<meta property=\"article:modified_time\" content=\"2021-11-18T11:13:37+00:00\" \/>\n<meta property=\"og:image\" content=\"https:\/\/klasmann-deilmann.com\/wp-content\/uploads\/proline_diagramm_de.png\" \/>\n<meta name=\"twitter:card\" content=\"summary_large_image\" \/>\n<meta name=\"twitter:label1\" content=\"Gesch\u00e4tzte Lesezeit\" \/>\n\t<meta name=\"twitter:data1\" content=\"1\u00a0Minute\" \/>\n<script type=\"application\/ld+json\" class=\"yoast-schema-graph\">{\"@context\":\"https:\\\/\\\/schema.org\",\"@graph\":[{\"@type\":\"WebPage\",\"@id\":\"https:\\\/\\\/klasmann-deilmann.com\\\/de\\\/produkte-loesungen\\\/proline-substrate\\\/proline-substrate-grafiken\\\/\",\"url\":\"https:\\\/\\\/klasmann-deilmann.com\\\/de\\\/produkte-loesungen\\\/proline-substrate\\\/proline-substrate-grafiken\\\/\",\"name\":\"ProLine Substrate Grafiken - Klasmann-Deilmann\",\"isPartOf\":{\"@id\":\"https:\\\/\\\/klasmann-deilmann.com\\\/en\\\/#website\"},\"datePublished\":\"2021-11-16T12:47:29+00:00\",\"dateModified\":\"2021-11-18T11:13:37+00:00\",\"breadcrumb\":{\"@id\":\"https:\\\/\\\/klasmann-deilmann.com\\\/de\\\/produkte-loesungen\\\/proline-substrate\\\/proline-substrate-grafiken\\\/#breadcrumb\"},\"inLanguage\":\"de\",\"potentialAction\":[{\"@type\":\"ReadAction\",\"target\":[\"https:\\\/\\\/klasmann-deilmann.com\\\/de\\\/produkte-loesungen\\\/proline-substrate\\\/proline-substrate-grafiken\\\/\"]}]},{\"@type\":\"BreadcrumbList\",\"@id\":\"https:\\\/\\\/klasmann-deilmann.com\\\/de\\\/produkte-loesungen\\\/proline-substrate\\\/proline-substrate-grafiken\\\/#breadcrumb\",\"itemListElement\":[{\"@type\":\"ListItem\",\"position\":1,\"name\":\"Home\",\"item\":\"https:\\\/\\\/klasmann-deilmann.com\\\/de\\\/\"},{\"@type\":\"ListItem\",\"position\":2,\"name\":\"Produkte &#038; L\u00f6sungen\",\"item\":\"https:\\\/\\\/klasmann-deilmann.com\\\/de\\\/produkte-loesungen\\\/\"},{\"@type\":\"ListItem\",\"position\":3,\"name\":\"ProLine Substrate\",\"item\":\"https:\\\/\\\/klasmann-deilmann.com\\\/de\\\/produkte-loesungen\\\/proline-substrate\\\/\"},{\"@type\":\"ListItem\",\"position\":4,\"name\":\"ProLine Substrate Grafiken\"}]},{\"@type\":\"WebSite\",\"@id\":\"https:\\\/\\\/klasmann-deilmann.com\\\/en\\\/#website\",\"url\":\"https:\\\/\\\/klasmann-deilmann.com\\\/en\\\/\",\"name\":\"Klasmann-Deilmann\",\"description\":\"\",\"potentialAction\":[{\"@type\":\"SearchAction\",\"target\":{\"@type\":\"EntryPoint\",\"urlTemplate\":\"https:\\\/\\\/klasmann-deilmann.com\\\/en\\\/?s={search_term_string}\"},\"query-input\":{\"@type\":\"PropertyValueSpecification\",\"valueRequired\":true,\"valueName\":\"search_term_string\"}}],\"inLanguage\":\"de\"}]}<\/script>\n<!-- \/ Yoast SEO plugin. -->","yoast_head_json":{"title":"ProLine Substrate Grafiken - Klasmann-Deilmann","robots":{"index":"index","follow":"follow","max-snippet":"max-snippet:-1","max-image-preview":"max-image-preview:large","max-video-preview":"max-video-preview:-1"},"canonical":"https:\/\/klasmann-deilmann.com\/de\/produkte-loesungen\/proline-substrate\/proline-substrate-grafiken\/","og_locale":"de_DE","og_type":"article","og_title":"ProLine Substrate Grafiken - Klasmann-Deilmann","og_description":"[vc_row][vc_column][kd_header_random_image_banner image=&#8220;34814&#8243;][\/kd_header_random_image_banner][\/vc_column][\/vc_row][vc_row][vc_column][vc_row_inner][vc_column_inner][vc_column_text] ProLine L\u00f6sungen zur Trauerm\u00fcckenprophylaxe [\/vc_column_text][\/vc_column_inner][\/vc_row_inner][vc_row_inner][vc_column_inner][vc_column_text]In langj\u00e4hriger Forschungsarbeit mit Universit\u00e4ten und Versuchsanstalten untersuchten wir, welche Substratkomponenten die Entwicklung von Trauerm\u00fcckenlarven im Substrat beeinflussen. Basierend auf den Ergebnissen, entwickelten wir ein innovatives Substratkonzept, das die Trauerm\u00fcckenattraktivit\u00e4t gezielt reduziert. Neben einer besonderen Auswahl und Kombination von Substratkomponenten stehen speziell entwickelte organische D\u00fcnger im Mittelpunkt dieses Konzeptes. Die neuen D\u00fcngertypen k\u00f6nnen von den Trauerm\u00fcckenlarven nicht direkt genutzt werden und erm\u00f6glichen gleichzeitig eine effizientere N\u00e4hrstoffaufnahme durch die Pflanzen. Sie sind zudem reich an","og_url":"https:\/\/klasmann-deilmann.com\/de\/produkte-loesungen\/proline-substrate\/proline-substrate-grafiken\/","og_site_name":"Klasmann-Deilmann","article_modified_time":"2021-11-18T11:13:37+00:00","og_image":[{"url":"https:\/\/klasmann-deilmann.com\/wp-content\/uploads\/proline_diagramm_de.png","type":"","width":"","height":""}],"twitter_card":"summary_large_image","twitter_misc":{"Gesch\u00e4tzte Lesezeit":"1\u00a0Minute"},"schema":{"@context":"https:\/\/schema.org","@graph":[{"@type":"WebPage","@id":"https:\/\/klasmann-deilmann.com\/de\/produkte-loesungen\/proline-substrate\/proline-substrate-grafiken\/","url":"https:\/\/klasmann-deilmann.com\/de\/produkte-loesungen\/proline-substrate\/proline-substrate-grafiken\/","name":"ProLine Substrate Grafiken - Klasmann-Deilmann","isPartOf":{"@id":"https:\/\/klasmann-deilmann.com\/en\/#website"},"datePublished":"2021-11-16T12:47:29+00:00","dateModified":"2021-11-18T11:13:37+00:00","breadcrumb":{"@id":"https:\/\/klasmann-deilmann.com\/de\/produkte-loesungen\/proline-substrate\/proline-substrate-grafiken\/#breadcrumb"},"inLanguage":"de","potentialAction":[{"@type":"ReadAction","target":["https:\/\/klasmann-deilmann.com\/de\/produkte-loesungen\/proline-substrate\/proline-substrate-grafiken\/"]}]},{"@type":"BreadcrumbList","@id":"https:\/\/klasmann-deilmann.com\/de\/produkte-loesungen\/proline-substrate\/proline-substrate-grafiken\/#breadcrumb","itemListElement":[{"@type":"ListItem","position":1,"name":"Home","item":"https:\/\/klasmann-deilmann.com\/de\/"},{"@type":"ListItem","position":2,"name":"Produkte &#038; L\u00f6sungen","item":"https:\/\/klasmann-deilmann.com\/de\/produkte-loesungen\/"},{"@type":"ListItem","position":3,"name":"ProLine Substrate","item":"https:\/\/klasmann-deilmann.com\/de\/produkte-loesungen\/proline-substrate\/"},{"@type":"ListItem","position":4,"name":"ProLine Substrate Grafiken"}]},{"@type":"WebSite","@id":"https:\/\/klasmann-deilmann.com\/en\/#website","url":"https:\/\/klasmann-deilmann.com\/en\/","name":"Klasmann-Deilmann","description":"","potentialAction":[{"@type":"SearchAction","target":{"@type":"EntryPoint","urlTemplate":"https:\/\/klasmann-deilmann.com\/en\/?s={search_term_string}"},"query-input":{"@type":"PropertyValueSpecification","valueRequired":true,"valueName":"search_term_string"}}],"inLanguage":"de"}]}},"_links":{"self":[{"href":"https:\/\/klasmann-deilmann.com\/de\/wp-json\/wp\/v2\/pages\/41065","targetHints":{"allow":["GET"]}}],"collection":[{"href":"https:\/\/klasmann-deilmann.com\/de\/wp-json\/wp\/v2\/pages"}],"about":[{"href":"https:\/\/klasmann-deilmann.com\/de\/wp-json\/wp\/v2\/types\/page"}],"author":[{"embeddable":true,"href":"https:\/\/klasmann-deilmann.com\/de\/wp-json\/wp\/v2\/users\/7"}],"replies":[{"embeddable":true,"href":"https:\/\/klasmann-deilmann.com\/de\/wp-json\/wp\/v2\/comments?post=41065"}],"version-history":[{"count":4,"href":"https:\/\/klasmann-deilmann.com\/de\/wp-json\/wp\/v2\/pages\/41065\/revisions"}],"predecessor-version":[{"id":44689,"href":"https:\/\/klasmann-deilmann.com\/de\/wp-json\/wp\/v2\/pages\/41065\/revisions\/44689"}],"up":[{"embeddable":true,"href":"https:\/\/klasmann-deilmann.com\/de\/wp-json\/wp\/v2\/pages\/40968"}],"wp:attachment":[{"href":"https:\/\/klasmann-deilmann.com\/de\/wp-json\/wp\/v2\/media?parent=41065"}],"curies":[{"name":"wp","href":"https:\/\/api.w.org\/{rel}","templated":true}]}}