{"id":40300,"date":"2021-11-16T13:37:54","date_gmt":"2021-11-16T12:37:54","guid":{"rendered":"https:\/\/klasmann-deilmann.com\/?page_id=40300"},"modified":"2026-04-28T14:53:05","modified_gmt":"2026-04-28T12:53:05","slug":"das-sagt-unser-team","status":"publish","type":"page","link":"https:\/\/klasmann-deilmann.com\/de\/karriere\/das-sagt-unser-team\/","title":{"rendered":"Das sagt unser Team"},"content":{"rendered":"<div class=\"wpb-content-wrapper\">[vc_row][vc_column][kd_header_random_image_banner image=&#8220;48964&#8243;][\/kd_header_random_image_banner][\/vc_column][\/vc_row][vc_row equal_height=&#8220;yes&#8220; css=&#8220;.vc_custom_1643894796026{padding-top: 30px !important;padding-bottom: 30px !important;background-color: #414345 !important;}&#8220;][vc_column][vc_row_inner equal_height=&#8220;yes&#8220;][vc_column_inner][vc_column_text]<\/p>\n<h2>Unser Team hat das Wort:<br \/>\nDas sagen Mitarbeitende \u00fcber Klasmann-Deilmann<\/h2>\n<p>[\/vc_column_text][\/vc_column_inner][\/vc_row_inner][vc_row_inner equal_height=&#8220;yes&#8220;][vc_column_inner width=&#8220;1\/2&#8243;][vc_hoverbox image=&#8220;49519&#8243; shape=&#8220;75&#8243; primary_title=&#8220;Hermann Konnemann&#8220; hover_title=&#8220;&#8220; hover_align=&#8220;left&#8220; hover_background_color=&#8220;custom&#8220; hover_custom_background=&#8220;#44a12b&#8220;]<\/p>\n<p style=\"text-align: left;\"><strong>Seit wann bist Du bei Klasmann-Deilmann?<\/strong><br \/>\nSeit 2007.<br \/>\n<strong>In welcher Abteilung arbeitest Du?<\/strong><br \/>\nProduct Development and Market Support, Bereich Advisory<br \/>\n<strong>Was sind Deine Aufgaben?<\/strong><br \/>\nNeben der technischen Beratung, also Produktberatung aus dem B\u00fcro und Kundenbetreuung vor Ort, kam nach und nach das technische Marketing hinzu. Da erstelle und konzipiere ich Inhalte f\u00fcr technische Unterlagen, Brosch\u00fcren, unsere Website etc.<br \/>\n<strong>Klasmann-Deilmann in 3 Worten:<\/strong><br \/>\nInternational, Stark, Innovativ.<br \/>\n<strong>Wieso sollten sich andere bei uns bewerben?<\/strong><br \/>\nTechniker erwartet eine tolle Kombination aus abwechslungsreicher Beratung von G\u00e4rtnern und Vertriebskolleginnen und -kollegen. Man arbeitet auch eng mit Produktion, Labor, externen Lieferanten \u2026 zusammen und ist in die Produktentwicklung involviert. Dem Kunden am Ende innovative L\u00f6sungen anbieten zu k\u00f6nnen, ist sehr motivierend.<\/p>\n<p>[\/vc_hoverbox][\/vc_column_inner][vc_column_inner width=&#8220;1\/2&#8243;][vc_hoverbox image=&#8220;49472&#8243; shape=&#8220;75&#8243; primary_title=&#8220;Dirk Sajogo&#8220; hover_title=&#8220;&#8220; hover_align=&#8220;left&#8220; hover_background_color=&#8220;custom&#8220; hover_custom_background=&#8220;#44a12b&#8220;]<\/p>\n<p style=\"text-align: left;\"><strong>Seit wann bist Du bei Klasmann-Deilmann?<\/strong><br \/>\nSeit dem 1.10.2011.<br \/>\n<strong>In welcher Abteilung arbeitest Du?<\/strong><br \/>\nHuman Resources and Legal.<br \/>\n<strong>Was sind Deine Aufgaben?<\/strong><br \/>\nIch bin der Leiter der Abteilung Human Resources and Legal. Im Bereich Human Resources verantworte ich Personalstrategie, -entwicklung, -planung sowie das Recruiting. Au\u00dferdem geh\u00f6ren Themen wie Merger and Acquisitions, Vertr\u00e4ge und auch Verhandlungen zu meiner Arbeit.<br \/>\n<strong>Klasmann-Deilmann in 3 Worten:<\/strong><br \/>\nFamili\u00e4r. International. Zukunftsorientiert.<br \/>\n<strong>Wieso sollten sich andere bei uns bewerben?<\/strong><br \/>\nWer spannende Aufgaben in einem international agierenden Unternehmen sucht, Chancen und M\u00f6glichkeiten f\u00fcr die pers\u00f6nliche (Weiter-)Entwicklung sch\u00e4tzt und gerne in einem sympathischen und motivierten Team arbeitet, ist bei Klasmann-Deilmann genau richtig.<\/p>\n<p>[\/vc_hoverbox][\/vc_column_inner][\/vc_row_inner][vc_row_inner equal_height=&#8220;yes&#8220;][vc_column_inner width=&#8220;1\/2&#8243;][vc_hoverbox image=&#8220;49461&#8243; shape=&#8220;75&#8243; primary_title=&#8220;Sebastian Kipp&#8220; hover_title=&#8220;&#8220; hover_align=&#8220;left&#8220; hover_background_color=&#8220;custom&#8220; hover_custom_background=&#8220;#44a12b&#8220;]<\/p>\n<p style=\"text-align: left;\"><strong>Seit wann bist Du bei Klasmann-Deilmann?<\/strong><br \/>\nSeit Januar 2017.<br \/>\n<strong>In welcher Abteilung arbeitest Du?<\/strong><br \/>\nProduct Development and Market Support.<br \/>\n<strong>Was sind Deine Aufgaben?<\/strong><br \/>\nIch leite den Bereich Product Development and Market Support. Hier entwickeln wir neue Produkte und Gesch\u00e4ftsmodelle, und unterst\u00fctzen unsere Vertriebsgesellschaften bei der Umsetzung der strategischen Ziele. Dabei steht insbesondere der Ersatz von Torf durch alternative Rohstoffe im Fokus.<br \/>\n<strong>Klasmann-Deilmann in 3 Worten:<\/strong><br \/>\nJung. Dynamisch. Famili\u00e4r.<br \/>\n<strong>Wieso sollten sich andere bei uns bewerben?<\/strong><br \/>\nKlasmann-Deilmann bietet vielf\u00e4ltige M\u00f6glichkeiten, an der Ver\u00e4nderung unseres Unternehmens und einer ganzen Branche mitzuarbeiten. Wer sich pers\u00f6nlich entfalten und in tollen Teams arbeiten m\u00f6chte, ist bei uns genau richtig.<\/p>\n<p>[\/vc_hoverbox][\/vc_column_inner][vc_column_inner width=&#8220;1\/2&#8243;][vc_hoverbox image=&#8220;49407&#8243; shape=&#8220;75&#8243; primary_title=&#8220;Greta R\u00fcschen&#8220; hover_title=&#8220;&#8220; hover_align=&#8220;left&#8220; hover_background_color=&#8220;custom&#8220; hover_custom_background=&#8220;#44a12b&#8220;]<\/p>\n<p style=\"text-align: left;\"><strong>Seit wann bist Du bei Klasmann-Deilmann?<\/strong><br \/>\nSeit Dezember 2018.<br \/>\n<strong>In welcher Abteilung arbeitest Du?<\/strong><br \/>\nProduct Development and Market Support.<br \/>\n<strong>Was sind Deine Aufgaben?<\/strong><br \/>\nMeine Aufgaben drehen sich um die Erhaltung und Verbesserung unserer Produktqualit\u00e4t, vor allem in unserem Labor in Geeste. Daneben bin ich die Ansprechpartnerin f\u00fcr unsere internationalen Kolleginnen und Kollegen in den weiteren Klasmann-Deilmann-Laboren sowie f\u00fcr externe Labors. Das Qualit\u00e4tsmanagement unterst\u00fctze ich, wenn es um Zertifizierungen und Audits geht.<br \/>\n<strong>Klasmann-Deilmann in 3 Worten:<\/strong><br \/>\nZukunft. Verantwortung. Teamwork.<br \/>\n<strong>Dein pers\u00f6nliches Highlight:<\/strong><br \/>\nMein pers\u00f6nliches Highlight ist der au\u00dfergew\u00f6hnlich gute Zusammenhalt unter den Kolleginnen und Kollegen.<\/p>\n<p>[\/vc_hoverbox][\/vc_column_inner][\/vc_row_inner][vc_row_inner equal_height=&#8220;yes&#8220;][vc_column_inner width=&#8220;1\/2&#8243;][vc_hoverbox image=&#8220;48871&#8243; shape=&#8220;75&#8243; primary_title=&#8220;Dirk R\u00f6se&#8220; hover_title=&#8220;&#8220; hover_align=&#8220;left&#8220; hover_background_color=&#8220;custom&#8220; hover_custom_background=&#8220;#44a12b&#8220;]<\/p>\n<p style=\"text-align: left;\"><strong>Seit wann bist Du bei Klasmann-Deilmann?<\/strong><br \/>\nSeit 2004.<br \/>\n<strong>In welcher Abteilung arbeitest Du?<\/strong><br \/>\nCorporate Communications.<br \/>\n<strong>Was sind Deine Aufgaben?<\/strong><br \/>\nAlles, was mit Buchstaben und Botschaft zu tun hat. Kommunikation und Krise. Politik und Presse. Nachhaltigkeit und Nachricht.<br \/>\n<strong>Klasmann-Deilmann in 3 Worten:<\/strong><br \/>\nEhrgeizig. Partnerschaftlich. Nachhaltig.<br \/>\n<strong>Wieso sollten sich andere bei uns bewerben?<\/strong><br \/>\nKlasmann-Deilmann verbessert die Welt, auch wenn die Schritte manchmal klein sind.<\/p>\n<p>[\/vc_hoverbox][\/vc_column_inner][vc_column_inner width=&#8220;1\/2&#8243;][vc_hoverbox image=&#8220;48907&#8243; shape=&#8220;75&#8243; primary_title=&#8220;Anja Fritzen&#8220; hover_title=&#8220;&#8220; hover_align=&#8220;left&#8220; hover_background_color=&#8220;custom&#8220; hover_custom_background=&#8220;#44a12b&#8220;]<\/p>\n<p style=\"text-align: left;\"><strong>Seit wann bist Du bei Klasmann-Deilmann?<\/strong><br \/>\nSeit 2014.<br \/>\n<strong>In welcher Abteilung arbeitest Du?<\/strong><br \/>\nProduct Development and Market Support.<br \/>\n<strong>Was sind Deine Aufgaben?<\/strong><br \/>\nTechnische Kundenberatung inkl. Kundenbesuche und Betreuung von Besuchergruppen. Au\u00dferdem leite ich das Team Advisory Services.<br \/>\n<strong>Klasmann-Deilmann in 3 Worten:<\/strong><br \/>\nZuverl\u00e4ssig. Qualit\u00e4t. Gute Kundenbetreuung (auch wenn ich damit jetzt auf vier W\u00f6rter komme)<br \/>\n<strong>Wieso sollten sich andere bei uns bewerben?<\/strong><br \/>\nBei uns im Unternehmen hat man die Chance, mit ganz vielen Kolleginnen und Kollegen aus unterschiedlichen L\u00e4ndern zusammenzuarbeiten.<\/p>\n<p>[\/vc_hoverbox][\/vc_column_inner][\/vc_row_inner][vc_row_inner equal_height=&#8220;yes&#8220;][vc_column_inner width=&#8220;1\/2&#8243;][vc_hoverbox image=&#8220;48847&#8243; shape=&#8220;75&#8243; primary_title=&#8220;Tim Hagen&#8220; hover_title=&#8220;&#8220; hover_align=&#8220;left&#8220; hover_background_color=&#8220;custom&#8220; hover_custom_background=&#8220;#44a12b&#8220;]<\/p>\n<p style=\"text-align: left;\"><strong>Seit wann bist Du bei Klasmann-Deilmann?<\/strong><br \/>\nSeit September 2020.<br \/>\n<strong>In welcher Abteilung arbeitest Du?<\/strong><br \/>\nHuman Resources and Legal.<br \/>\n<strong>Was sind Deine Aufgaben?<\/strong><br \/>\nIch arbeite an der Entwicklung und Umsetzung mehrerer strategischer Handlungsfelder mit. Au\u00dferdem k\u00fcmmere ich mich ums Recruiting und die Personalentwicklung, bin Ausbildungsleiter und auch weitere (Sonder-)Projekte geh\u00f6ren zu meiner Arbeit. Zudem bin ich Mitglied im Innovation Board.<br \/>\n<strong>Klasmann-Deilmann in 3 Worten:<\/strong><br \/>\nInternational. Innovativ. Famili\u00e4r.<br \/>\n<strong>Wieso sollten sich andere bei uns bewerben?<\/strong><br \/>\nKlasmann-Deilmann erm\u00f6glicht es allen Mitarbeitenden, einen Beitrag zum Unternehmen zu leisten und die Unternehmensentwicklung mitzugestalten.<\/p>\n<p>[\/vc_hoverbox][\/vc_column_inner][vc_column_inner width=&#8220;1\/2&#8243;][vc_hoverbox image=&#8220;48931&#8243; shape=&#8220;75&#8243; primary_title=&#8220;Tanja Theising&#8220; hover_title=&#8220;&#8220; hover_align=&#8220;left&#8220; hover_background_color=&#8220;custom&#8220; hover_custom_background=&#8220;#44a12b&#8220;]<\/p>\n<p style=\"text-align: left;\"><strong>Seit wann bist Du bei Klasmann-Deilmann?<\/strong><br \/>\nSeit dem 1.8.1998. Ich machte damals meine Ausbildung zur Industriekauffrau und wurde anschlie\u00dfend auch \u00fcbernommen.<br \/>\n<strong>In welcher Abteilung arbeitest Du?<\/strong><br \/>\nIm Bereich Gesch\u00e4ftsf\u00fchrung.<br \/>\n<strong>Was sind Deine Aufgaben?<\/strong><br \/>\nIch arbeite als Assistenz der Gesch\u00e4ftsf\u00fchrung und Ausbildungsleiterin. Au\u00dferdem bin ich f\u00fcr alle meine Kolleginnen und Kollegen die Ansprechpartnerin, wenn sie nicht wissen, an wen sie sich wenden sollen.<br \/>\n<strong>Klasmann-Deilmann in 3 Worten:<\/strong><br \/>\nFamili\u00e4res Arbeitsumfeld. Tolle Kollegen. Interessante Aufgaben.<br \/>\n<strong>Dein pers\u00f6nliches Highlight:<\/strong><br \/>\nMein Highlight sind eindeutig die tollen Kolleginnen und Kollegen, die oft auch zu sehr guten und langj\u00e4hrigen Freunden wurden.<\/p>\n<p>[\/vc_hoverbox][\/vc_column_inner][\/vc_row_inner][vc_row_inner equal_height=&#8220;yes&#8220;][vc_column_inner width=&#8220;1\/2&#8243;][vc_hoverbox image=&#8220;48835&#8243; shape=&#8220;75&#8243; primary_title=&#8220;Tino Wehkamp&#8220; hover_title=&#8220;&#8220; hover_align=&#8220;left&#8220; hover_background_color=&#8220;custom&#8220; hover_custom_background=&#8220;#44a12b&#8220;]<\/p>\n<p style=\"text-align: left;\"><strong>Seit wann bist Du bei Klasmann-Deilmann?<\/strong><br \/>\nSeit dem 1.7.2003.<br \/>\n<strong>In welcher Abteilung arbeitest Du?<\/strong><br \/>\nIn der IT-Abteilung.<br \/>\n<strong>Was sind Deine Aufgaben?<\/strong><br \/>\nIch bin der Leiter der IT-Abteilung. Au\u00dferdem k\u00fcmmere ich mich um die Betreuung und Weiterentwicklung der SAP-Systeme in der Klasmann-Deilmann-Gruppe. Dar\u00fcber hinaus entwickle ich Strategien, um bestehende Arbeitsabl\u00e4ufe und Prozesse zu verbessern.<br \/>\n<strong>Klasmann-Deilmann in 3 Worten:<\/strong><br \/>\nInnovativ. Nachhaltig. Kundenorientiert.<br \/>\n<strong>Wieso sollten sich andere bei uns bewerben?<\/strong><br \/>\nEs gibt viele Gr\u00fcnde, aber gerade f\u00fcr Auszubildende in der IT gibt es bei uns die M\u00f6glichkeit, das Berufsfeld umfassend kennenzulernen.<\/p>\n<p>[\/vc_hoverbox][\/vc_column_inner][vc_column_inner width=&#8220;1\/2&#8243;][vc_hoverbox image=&#8220;58115&#8243; shape=&#8220;75&#8243; primary_title=&#8220;Theresa Rolfes&#8220; hover_title=&#8220;&#8220; hover_align=&#8220;left&#8220; hover_background_color=&#8220;custom&#8220; hover_custom_background=&#8220;#44a12b&#8220;]<\/p>\n<p style=\"text-align: left;\"><strong>Seit wann bist Du bei Klasmann-Deilmann?<\/strong><br \/>\nSeit April 2016.<br \/>\n<strong>In welcher Abteilung arbeitest Du?<\/strong><br \/>\nProduct Development and Market Support.<br \/>\n<strong>Was sind Deine Aufgaben?<\/strong><br \/>\nIch leite das Team Quality and Lab Services. Wir k\u00fcmmern uns um die Qualit\u00e4tssicherung und -management. Dazu geh\u00f6rt auch die Analytik in unseren internen sowie externen Laboren. Zudem leite ich gemeinsam mit einem Kollegen ein spannendes Projekt, das unsere Produktqualit\u00e4t wie auch unsere Qualit\u00e4tssicherung weiter verbessern wird.<br \/>\n<strong>Klasmann-Deilmann in 3 Worten:<\/strong><br \/>\nQualit\u00e4t. Innovativ. Famili\u00e4r.<br \/>\n<strong>Wieso sollten sich andere bei uns bewerben?<\/strong><br \/>\nBei Klasmann-Deilmann gibt es immer neue Ideen und Entwicklungen, die das Unternehmen voranbringen und die Arbeit jeden Tag spannend machen. Als Mitarbeitende ist man immer ein Teil davon \u2013 das sch\u00e4tze ich sehr.<\/p>\n<p>[\/vc_hoverbox][\/vc_column_inner][\/vc_row_inner][vc_row_inner equal_height=&#8220;yes&#8220;][vc_column_inner width=&#8220;1\/2&#8243;][vc_hoverbox image=&#8220;48883&#8243; shape=&#8220;75&#8243; primary_title=&#8220;Florian Hensmann und Anthony Droui&#8220; hover_title=&#8220;&#8220; hover_align=&#8220;left&#8220; hover_background_color=&#8220;custom&#8220; hover_custom_background=&#8220;#44a12b&#8220;]<\/p>\n<p style=\"text-align: left;\"><strong>Seit wann seid Ihr bei Klasmann-Deilmann?<\/strong><br \/>\nTony seit Juni 2017 und Florian seit April 2018.<br \/>\n<strong>In welcher Abteilung arbeitet Ihr?<\/strong><br \/>\nProduct Development and Market Support<br \/>\n<strong>Was sind Eure Aufgaben?<\/strong><br \/>\nWir sind Probleml\u00f6ser, Substratentwickler, Pflanzenfl\u00fcsterer und Innovationstreiber.<br \/>\n<strong>Klasmann-Deilmann in 3 Worten:<\/strong><br \/>\nKundenorientiert. Zukunftsweisend. Know-how.<br \/>\n<strong>Wieso sollten sich andere bei uns bewerben?<\/strong><br \/>\nWir haben bei der Durchf\u00fchrung unserer Aufgaben volles Vertrauen und sind daher auch flexibel bei der Umsetzung von neuen Projekten. Das ist sehr motivierend und bereitet viel Freude an der Arbeit.<\/p>\n<p>[\/vc_hoverbox][\/vc_column_inner][vc_column_inner width=&#8220;1\/2&#8243;][vc_hoverbox image=&#8220;48895&#8243; shape=&#8220;75&#8243; primary_title=&#8220;Sarah Hood&#8220; hover_title=&#8220;&#8220; hover_align=&#8220;left&#8220; hover_background_color=&#8220;custom&#8220; hover_custom_background=&#8220;#44a12b&#8220;]<\/p>\n<p style=\"text-align: left;\"><strong>Seit wann bist Du bei Klasmann-Deilmann?<\/strong><br \/>\nSeit dem 1. April 2018.<br \/>\n<strong>In welcher Abteilung arbeitest Du?<\/strong><br \/>\nIch bin unsere Corporate Strategy Managerin.<br \/>\n<strong>Was sind Deine Aufgaben?<\/strong><br \/>\nBei mir fallen beinah t\u00e4glich unterschiedliche Aufgaben an. Ich k\u00fcmmere mich um die Strategieentwicklung sowie -koordination, arbeite in mehreren Projekten mit, bin die Projektassistenz der Gesch\u00e4ftsf\u00fchrung und Mitglied im Innovation Board. Aber das sind nur einige der Aufgaben, denen ich in meiner t\u00e4glichen Arbeit nachgehe.<br \/>\n<strong>Klasmann-Deilmann in 3 Worten:<\/strong><br \/>\nHidden Champion. Innovativ. Kundennah.<br \/>\n<strong>Wieso sollten sich andere bei uns bewerben?<\/strong><br \/>\nKlasmann-Deilmann ist ein international agierendes Unternehmen mit Konzernstrukturen, das vielf\u00e4ltige und spannende Aufgabenbereiche bereith\u00e4lt und allen Mitarbeitenden das aktive Mitgestalten erm\u00f6glicht.<\/p>\n<p>[\/vc_hoverbox][\/vc_column_inner][\/vc_row_inner][vc_row_inner equal_height=&#8220;yes&#8220;][vc_column_inner width=&#8220;1\/2&#8243;][\/vc_column_inner][vc_column_inner width=&#8220;1\/2&#8243;][\/vc_column_inner][\/vc_row_inner][\/vc_column][\/vc_row][vc_row css=&#8220;.vc_custom_1628778681277{margin-top: 70px !important;}&#8220;][vc_column][kd_getintouch image=&#8220;32948&#8243;][\/vc_column][\/vc_row]<\/p><\/div>\n","protected":false},"excerpt":{"rendered":"<p>[vc_row][vc_column][kd_header_random_image_banner image=&#8220;48964&#8243;][\/kd_header_random_image_banner][\/vc_column][\/vc_row][vc_row equal_height=&#8220;yes&#8220; css=&#8220;.vc_custom_1643894796026{padding-top: 30px !important;padding-bottom: 30px !important;background-color: #414345 !important;}&#8220;][vc_column][vc_row_inner equal_height=&#8220;yes&#8220;][vc_column_inner][vc_column_text] Unser Team hat das Wort: Das sagen Mitarbeitende \u00fcber Klasmann-Deilmann [\/vc_column_text][\/vc_column_inner][\/vc_row_inner][vc_row_inner equal_height=&#8220;yes&#8220;][vc_column_inner width=&#8220;1\/2&#8243;][vc_hoverbox image=&#8220;49519&#8243; shape=&#8220;75&#8243; primary_title=&#8220;Hermann Konnemann&#8220; hover_title=&#8220;&#8220; hover_align=&#8220;left&#8220; hover_background_color=&#8220;custom&#8220; hover_custom_background=&#8220;#44a12b&#8220;] Seit wann bist Du bei Klasmann-Deilmann? Seit 2007. In welcher Abteilung arbeitest Du? Product Development and Market Support, Bereich Advisory Was sind Deine Aufgaben? Neben der technischen Beratung, also Produktberatung aus dem B\u00fcro und Kundenbetreuung vor Ort, kam nach und nach das technische Marketing hinzu. Da erstelle und<\/p>\n","protected":false},"author":7,"featured_media":0,"parent":40037,"menu_order":309,"comment_status":"closed","ping_status":"closed","template":"","meta":{"_acf_changed":false,"inline_featured_image":false,"footnotes":""},"class_list":["post-40300","page","type-page","status-publish","hentry"],"acf":[],"yoast_head":"<!-- This site is optimized with the Yoast SEO plugin v27.5 - https:\/\/yoast.com\/product\/yoast-seo-wordpress\/ -->\n<title>Das sagt unser Team - Klasmann-Deilmann<\/title>\n<meta name=\"robots\" content=\"index, follow, max-snippet:-1, max-image-preview:large, max-video-preview:-1\" \/>\n<link rel=\"canonical\" href=\"https:\/\/klasmann-deilmann.com\/de\/karriere\/das-sagt-unser-team\/\" \/>\n<meta property=\"og:locale\" content=\"de_DE\" \/>\n<meta property=\"og:type\" content=\"article\" \/>\n<meta property=\"og:title\" content=\"Das sagt unser Team - Klasmann-Deilmann\" \/>\n<meta property=\"og:description\" content=\"[vc_row][vc_column][kd_header_random_image_banner image=&#8220;48964&#8243;][\/kd_header_random_image_banner][\/vc_column][\/vc_row][vc_row equal_height=&#8220;yes&#8220; css=&#8220;.vc_custom_1643894796026{padding-top: 30px !important;padding-bottom: 30px !important;background-color: #414345 !important;}&#8220;][vc_column][vc_row_inner equal_height=&#8220;yes&#8220;][vc_column_inner][vc_column_text] Unser Team hat das Wort: Das sagen Mitarbeitende \u00fcber Klasmann-Deilmann [\/vc_column_text][\/vc_column_inner][\/vc_row_inner][vc_row_inner equal_height=&#8220;yes&#8220;][vc_column_inner width=&#8220;1\/2&#8243;][vc_hoverbox image=&#8220;49519&#8243; shape=&#8220;75&#8243; primary_title=&#8220;Hermann Konnemann&#8220; hover_title=&#8220;&#8220; hover_align=&#8220;left&#8220; hover_background_color=&#8220;custom&#8220; hover_custom_background=&#8220;#44a12b&#8220;] Seit wann bist Du bei Klasmann-Deilmann? Seit 2007. In welcher Abteilung arbeitest Du? Product Development and Market Support, Bereich Advisory Was sind Deine Aufgaben? Neben der technischen Beratung, also Produktberatung aus dem B\u00fcro und Kundenbetreuung vor Ort, kam nach und nach das technische Marketing hinzu. Da erstelle und\" \/>\n<meta property=\"og:url\" content=\"https:\/\/klasmann-deilmann.com\/de\/karriere\/das-sagt-unser-team\/\" \/>\n<meta property=\"og:site_name\" content=\"Klasmann-Deilmann\" \/>\n<meta property=\"article:modified_time\" content=\"2026-04-28T12:53:05+00:00\" \/>\n<meta name=\"twitter:card\" content=\"summary_large_image\" \/>\n<meta name=\"twitter:label1\" content=\"Gesch\u00e4tzte Lesezeit\" \/>\n\t<meta name=\"twitter:data1\" content=\"9\u00a0Minuten\" \/>\n<script type=\"application\/ld+json\" class=\"yoast-schema-graph\">{\"@context\":\"https:\\\/\\\/schema.org\",\"@graph\":[{\"@type\":\"WebPage\",\"@id\":\"https:\\\/\\\/klasmann-deilmann.com\\\/de\\\/karriere\\\/das-sagt-unser-team\\\/\",\"url\":\"https:\\\/\\\/klasmann-deilmann.com\\\/de\\\/karriere\\\/das-sagt-unser-team\\\/\",\"name\":\"Das sagt unser Team - Klasmann-Deilmann\",\"isPartOf\":{\"@id\":\"https:\\\/\\\/klasmann-deilmann.com\\\/en\\\/#website\"},\"datePublished\":\"2021-11-16T12:37:54+00:00\",\"dateModified\":\"2026-04-28T12:53:05+00:00\",\"breadcrumb\":{\"@id\":\"https:\\\/\\\/klasmann-deilmann.com\\\/de\\\/karriere\\\/das-sagt-unser-team\\\/#breadcrumb\"},\"inLanguage\":\"de\",\"potentialAction\":[{\"@type\":\"ReadAction\",\"target\":[\"https:\\\/\\\/klasmann-deilmann.com\\\/de\\\/karriere\\\/das-sagt-unser-team\\\/\"]}]},{\"@type\":\"BreadcrumbList\",\"@id\":\"https:\\\/\\\/klasmann-deilmann.com\\\/de\\\/karriere\\\/das-sagt-unser-team\\\/#breadcrumb\",\"itemListElement\":[{\"@type\":\"ListItem\",\"position\":1,\"name\":\"Home\",\"item\":\"https:\\\/\\\/klasmann-deilmann.com\\\/de\\\/\"},{\"@type\":\"ListItem\",\"position\":2,\"name\":\"Karriere\",\"item\":\"https:\\\/\\\/klasmann-deilmann.com\\\/de\\\/karriere\\\/\"},{\"@type\":\"ListItem\",\"position\":3,\"name\":\"Das sagt unser Team\"}]},{\"@type\":\"WebSite\",\"@id\":\"https:\\\/\\\/klasmann-deilmann.com\\\/en\\\/#website\",\"url\":\"https:\\\/\\\/klasmann-deilmann.com\\\/en\\\/\",\"name\":\"Klasmann-Deilmann\",\"description\":\"\",\"potentialAction\":[{\"@type\":\"SearchAction\",\"target\":{\"@type\":\"EntryPoint\",\"urlTemplate\":\"https:\\\/\\\/klasmann-deilmann.com\\\/en\\\/?s={search_term_string}\"},\"query-input\":{\"@type\":\"PropertyValueSpecification\",\"valueRequired\":true,\"valueName\":\"search_term_string\"}}],\"inLanguage\":\"de\"}]}<\/script>\n<!-- \/ Yoast SEO plugin. -->","yoast_head_json":{"title":"Das sagt unser Team - Klasmann-Deilmann","robots":{"index":"index","follow":"follow","max-snippet":"max-snippet:-1","max-image-preview":"max-image-preview:large","max-video-preview":"max-video-preview:-1"},"canonical":"https:\/\/klasmann-deilmann.com\/de\/karriere\/das-sagt-unser-team\/","og_locale":"de_DE","og_type":"article","og_title":"Das sagt unser Team - Klasmann-Deilmann","og_description":"[vc_row][vc_column][kd_header_random_image_banner image=&#8220;48964&#8243;][\/kd_header_random_image_banner][\/vc_column][\/vc_row][vc_row equal_height=&#8220;yes&#8220; css=&#8220;.vc_custom_1643894796026{padding-top: 30px !important;padding-bottom: 30px !important;background-color: #414345 !important;}&#8220;][vc_column][vc_row_inner equal_height=&#8220;yes&#8220;][vc_column_inner][vc_column_text] Unser Team hat das Wort: Das sagen Mitarbeitende \u00fcber Klasmann-Deilmann [\/vc_column_text][\/vc_column_inner][\/vc_row_inner][vc_row_inner equal_height=&#8220;yes&#8220;][vc_column_inner width=&#8220;1\/2&#8243;][vc_hoverbox image=&#8220;49519&#8243; shape=&#8220;75&#8243; primary_title=&#8220;Hermann Konnemann&#8220; hover_title=&#8220;&#8220; hover_align=&#8220;left&#8220; hover_background_color=&#8220;custom&#8220; hover_custom_background=&#8220;#44a12b&#8220;] Seit wann bist Du bei Klasmann-Deilmann? Seit 2007. In welcher Abteilung arbeitest Du? Product Development and Market Support, Bereich Advisory Was sind Deine Aufgaben? Neben der technischen Beratung, also Produktberatung aus dem B\u00fcro und Kundenbetreuung vor Ort, kam nach und nach das technische Marketing hinzu. Da erstelle und","og_url":"https:\/\/klasmann-deilmann.com\/de\/karriere\/das-sagt-unser-team\/","og_site_name":"Klasmann-Deilmann","article_modified_time":"2026-04-28T12:53:05+00:00","twitter_card":"summary_large_image","twitter_misc":{"Gesch\u00e4tzte Lesezeit":"9\u00a0Minuten"},"schema":{"@context":"https:\/\/schema.org","@graph":[{"@type":"WebPage","@id":"https:\/\/klasmann-deilmann.com\/de\/karriere\/das-sagt-unser-team\/","url":"https:\/\/klasmann-deilmann.com\/de\/karriere\/das-sagt-unser-team\/","name":"Das sagt unser Team - Klasmann-Deilmann","isPartOf":{"@id":"https:\/\/klasmann-deilmann.com\/en\/#website"},"datePublished":"2021-11-16T12:37:54+00:00","dateModified":"2026-04-28T12:53:05+00:00","breadcrumb":{"@id":"https:\/\/klasmann-deilmann.com\/de\/karriere\/das-sagt-unser-team\/#breadcrumb"},"inLanguage":"de","potentialAction":[{"@type":"ReadAction","target":["https:\/\/klasmann-deilmann.com\/de\/karriere\/das-sagt-unser-team\/"]}]},{"@type":"BreadcrumbList","@id":"https:\/\/klasmann-deilmann.com\/de\/karriere\/das-sagt-unser-team\/#breadcrumb","itemListElement":[{"@type":"ListItem","position":1,"name":"Home","item":"https:\/\/klasmann-deilmann.com\/de\/"},{"@type":"ListItem","position":2,"name":"Karriere","item":"https:\/\/klasmann-deilmann.com\/de\/karriere\/"},{"@type":"ListItem","position":3,"name":"Das sagt unser Team"}]},{"@type":"WebSite","@id":"https:\/\/klasmann-deilmann.com\/en\/#website","url":"https:\/\/klasmann-deilmann.com\/en\/","name":"Klasmann-Deilmann","description":"","potentialAction":[{"@type":"SearchAction","target":{"@type":"EntryPoint","urlTemplate":"https:\/\/klasmann-deilmann.com\/en\/?s={search_term_string}"},"query-input":{"@type":"PropertyValueSpecification","valueRequired":true,"valueName":"search_term_string"}}],"inLanguage":"de"}]}},"_links":{"self":[{"href":"https:\/\/klasmann-deilmann.com\/de\/wp-json\/wp\/v2\/pages\/40300","targetHints":{"allow":["GET"]}}],"collection":[{"href":"https:\/\/klasmann-deilmann.com\/de\/wp-json\/wp\/v2\/pages"}],"about":[{"href":"https:\/\/klasmann-deilmann.com\/de\/wp-json\/wp\/v2\/types\/page"}],"author":[{"embeddable":true,"href":"https:\/\/klasmann-deilmann.com\/de\/wp-json\/wp\/v2\/users\/7"}],"replies":[{"embeddable":true,"href":"https:\/\/klasmann-deilmann.com\/de\/wp-json\/wp\/v2\/comments?post=40300"}],"version-history":[{"count":33,"href":"https:\/\/klasmann-deilmann.com\/de\/wp-json\/wp\/v2\/pages\/40300\/revisions"}],"predecessor-version":[{"id":107496,"href":"https:\/\/klasmann-deilmann.com\/de\/wp-json\/wp\/v2\/pages\/40300\/revisions\/107496"}],"up":[{"embeddable":true,"href":"https:\/\/klasmann-deilmann.com\/de\/wp-json\/wp\/v2\/pages\/40037"}],"wp:attachment":[{"href":"https:\/\/klasmann-deilmann.com\/de\/wp-json\/wp\/v2\/media?parent=40300"}],"curies":[{"name":"wp","href":"https:\/\/api.w.org\/{rel}","templated":true}]}}