{"id":40037,"date":"2021-11-16T13:28:36","date_gmt":"2021-11-16T12:28:36","guid":{"rendered":"https:\/\/klasmann-deilmann.com\/?page_id=40037"},"modified":"2026-04-28T11:44:52","modified_gmt":"2026-04-28T09:44:52","slug":"karriere","status":"publish","type":"page","link":"https:\/\/klasmann-deilmann.com\/de\/karriere\/","title":{"rendered":"Karriere"},"content":{"rendered":"<div class=\"wpb-content-wrapper\">[vc_row][vc_column][kd_header_random_image_banner kindofbanner=&#8220;slideshow&#8220; timetillslide=&#8220;5&#8243; image=&#8220;89937,87636,89950,83940,107387&#8243;][\/kd_header_random_image_banner][\/vc_column][\/vc_row][vc_row css=&#8220;.vc_custom_1628171278560{padding-top: 30px !important;padding-bottom: 70px !important;background-color: #414345 !important;}&#8220;][vc_column][vc_row_inner][vc_column_inner][vc_column_text]<\/p>\n<h2>Wor\u00fcber m\u00f6chten Sie mehr erfahren?<\/h2>\n<p>[\/vc_column_text][\/vc_column_inner][\/vc_row_inner][vc_row_inner][vc_column_inner][kd_menu_parent_grid menuitems=&#8220;%5B%7B%22sortof%22%3A%22menu%22%2C%22menuitem%22%3A%2240088%22%2C%22imageorcolor%22%3A%22image%22%2C%22bgimage%22%3A%2236387%22%2C%22bgcolor%22%3A%22kdgreen%22%7D%2C%7B%22sortof%22%3A%22menu%22%2C%22menuitem%22%3A%2240106%22%2C%22imageorcolor%22%3A%22image%22%2C%22bgimage%22%3A%2236331%22%2C%22bgcolor%22%3A%22kdgreen%22%7D%2C%7B%22sortof%22%3A%22menu%22%2C%22menuitem%22%3A%2240172%22%2C%22imageorcolor%22%3A%22image%22%2C%22bgimage%22%3A%2236240%22%2C%22bgcolor%22%3A%22kdgreen%22%7D%2C%7B%22sortof%22%3A%22menu%22%2C%22menuitem%22%3A%2240214%22%2C%22imageorcolor%22%3A%22image%22%2C%22bgimage%22%3A%2236369%22%2C%22bgcolor%22%3A%22kdgreen%22%7D%2C%7B%22sortof%22%3A%22menu%22%2C%22menuitem%22%3A%2240300%22%2C%22imageorcolor%22%3A%22image%22%2C%22bgimage%22%3A%2250233%22%2C%22bgcolor%22%3A%22whitegreen%22%7D%2C%7B%22sortof%22%3A%22custom%22%2C%22menusinglename%22%3A%22Kontakt%22%2C%22link%22%3A%22url%3Ahttps%253A%252F%252Fklasmann-deilmann.com%252Fde%252Fkarriere%252Fkontakt%252F%7Ctitle%3AKontakt%22%2C%22menuitem%22%3A%2238643%22%2C%22imageorcolor%22%3A%22image%22%2C%22bgimage%22%3A%2234474%22%2C%22bgcolor%22%3A%22kdgreen%22%7D%5D&#8220;][\/vc_column_inner][\/vc_row_inner][\/vc_column][\/vc_row][vc_row css=&#8220;.vc_custom_1661328372295{padding-top: 70px !important;}&#8220;][vc_column][vc_row_inner content_placement=&#8220;middle&#8220;][vc_column_inner][vc_column_text]<\/p>\n<h2>Wir sind dauerhaft durch die Emsl\u00e4ndische Stiftung f\u00fcr Familie und Beruf ausgezeichnet<\/h2>\n<p>[\/vc_column_text][\/vc_column_inner][\/vc_row_inner][vc_row_inner content_placement=&#8220;top&#8220;][vc_column_inner width=&#8220;5\/6&#8243;][vc_column_text]In den vergangenen elf Jahren hat Klasmann-Deilmann viele Anstrengungen unternommen, um das Unternehmen noch familienfreundlicher zu gestalten. Es wurden Workshops durchgef\u00fchrt, um die Thematik aufzuarbeiten, Prozesse zu verbessern sowie Optimierungspotentiale zu finden. Nachdem wir fortlaufend das Siegel durch die Emsl\u00e4ndische Stiftung f\u00fcr Familie und Beruf erhalten haben, kann sich Klasmann-Deilmann seit 2022 \u00fcber die dauerhafte Auszeichnung freuen.<\/p>\n<p>Mit einer strategischen Personalplanung und der Entwicklung von F\u00fchrungsleitlinien startete die Klasmann-Deilmann GmbH nach ihrer Erstzertifizierung 2011 als familienfreundliches Unternehmen durch. In den darauffolgenden Zertifizierungsschritten konnten weitere Ma\u00dfnahmen und Angebote entwickelt werden, die sich stets an den Bed\u00fcrfnissen der Besch\u00e4ftigten orientierten. <a href=\"https:\/\/klasmann-deilmann.com\/de\/familienfreundlichkeit-bei-klasmann-deilmann\/\" rel=\"noopener\"><u>Welche das sind und wie die Besch\u00e4ftigten davon profitieren, erfahren Sie hier<\/u><\/a>.[\/vc_column_text][\/vc_column_inner][vc_column_inner width=&#8220;1\/6&#8243;][vc_column_text]<img loading=\"lazy\" decoding=\"async\" class=\"alignnone wp-image-54507 size-full\" src=\"https:\/\/klasmann-deilmann.com\/wp-content\/uploads\/Gu\u0308tesiegel-seit2011-e1661328661794.png\" alt=\"\" width=\"1422\" height=\"1701\" srcset=\"https:\/\/klasmann-deilmann.com\/wp-content\/uploads\/Gu\u0308tesiegel-seit2011-e1661328661794.png 1422w, https:\/\/klasmann-deilmann.com\/wp-content\/uploads\/Gu\u0308tesiegel-seit2011-e1661328661794-251x300.png 251w, https:\/\/klasmann-deilmann.com\/wp-content\/uploads\/Gu\u0308tesiegel-seit2011-e1661328661794-856x1024.png 856w, https:\/\/klasmann-deilmann.com\/wp-content\/uploads\/Gu\u0308tesiegel-seit2011-e1661328661794-768x919.png 768w, https:\/\/klasmann-deilmann.com\/wp-content\/uploads\/Gu\u0308tesiegel-seit2011-e1661328661794-1284x1536.png 1284w\" sizes=\"auto, (max-width: 1422px) 100vw, 1422px\" \/>[\/vc_column_text][\/vc_column_inner][\/vc_row_inner][vc_row_inner content_placement=&#8220;middle&#8220;][vc_column_inner][vc_column_text]<\/p>\n<h2>Top-Ausbildungsbetrieb von Herzen<\/h2>\n<p>[\/vc_column_text][\/vc_column_inner][\/vc_row_inner][vc_row_inner content_placement=&#8220;top&#8220;][vc_column_inner width=&#8220;5\/6&#8243;][vc_column_text]Wir legen gro\u00dfen Wert darauf, dass junge Erwachsene bei uns erfolgreich ins Berufsleben starten. Daf\u00fcr bieten wir entweder den Weg \u00fcber eine Ausbildung oder ein duales Studium.<\/p>\n<p>Egal f\u00fcr welchen Weg du dich entscheidest, bei uns wirst du zu jeder Zeit gut betreut. Freue dich auf eine abwechslungsreiche Ausbildung, in der du viele Einblicke in alle Bereiche eines international agierenden Unternehmens erh\u00e4ltst. Du wirst schnell mit eigenen Aufgaben und Projekten betraut und kannst dich auf flache Hierarchien freuen.<\/p>\n<p>Auch die IHK best\u00e4tigt das und wir geh\u00f6ren zu den Top-Ausbildungsbetrieben. Neugierig geworden? Mehr Informationen findest du <a href=\"https:\/\/klasmann-deilmann.com\/de\/karriere\/ausbildung-und-duales-studium\/\">hier<\/a>.[\/vc_column_text][\/vc_column_inner][vc_column_inner width=&#8220;1\/6&#8243;][vc_column_text]<img loading=\"lazy\" decoding=\"async\" width=\"711\" height=\"525\" class=\"alignnone size-full wp-image-82585\" src=\"\/wp-content\/uploads\/IHK_AusbildungsSiegel_Laufzeit_2023-2026_A4_RGB.png\" alt=\"\" srcset=\"https:\/\/klasmann-deilmann.com\/wp-content\/uploads\/IHK_AusbildungsSiegel_Laufzeit_2023-2026_A4_RGB.png 711w, https:\/\/klasmann-deilmann.com\/wp-content\/uploads\/IHK_AusbildungsSiegel_Laufzeit_2023-2026_A4_RGB-300x222.png 300w\" sizes=\"auto, (max-width: 711px) 100vw, 711px\" \/>[\/vc_column_text][\/vc_column_inner][\/vc_row_inner][vc_row_inner content_placement=&#8220;middle&#8220; disable_element=&#8220;yes&#8220;][vc_column_inner width=&#8220;5\/6&#8243;][vc_column_text]<\/p>\n<h2>Arbeitgeber der Zukunft<\/h2>\n<p>[\/vc_column_text][vc_column_text]Innovation und Nachhaltigkeit sind integraler Bestandteil unserer Unternehmenskultur. Mit unseren Ideen bringen wir den Gartenbau voran und stehen unseren Kundinnen und Kunden jederzeit zur Seite.<\/p>\n<p>Das sp\u00fcrt man auch am Arbeitsplatz. Moderne Ausstattung, zunehmende Digitalisierung, nachhaltige Ziele, wegweisende Projekte. Mehr Informationen dazu finden Sie <a href=\"https:\/\/klasmann-deilmann.com\/de\/arbeitgeber-der-zukunft\/\">hier<\/a>.[\/vc_column_text][\/vc_column_inner][vc_column_inner width=&#8220;1\/6&#8243;][vc_column_text]<img loading=\"lazy\" decoding=\"async\" width=\"261\" height=\"418\" class=\"alignnone size-full wp-image-79129\" src=\"\/wp-content\/uploads\/klasmann-deilmann_arbeitgeber_der_zukunft.png\" alt=\"\" srcset=\"https:\/\/klasmann-deilmann.com\/wp-content\/uploads\/klasmann-deilmann_arbeitgeber_der_zukunft.png 261w, https:\/\/klasmann-deilmann.com\/wp-content\/uploads\/klasmann-deilmann_arbeitgeber_der_zukunft-187x300.png 187w\" sizes=\"auto, (max-width: 261px) 100vw, 261px\" \/>[\/vc_column_text][\/vc_column_inner][\/vc_row_inner][\/vc_column][\/vc_row][vc_row][vc_column css=&#8220;.vc_custom_1628522377320{margin-top: 70px !important;}&#8220;][kd_getintouch image=&#8220;32948&#8243;][\/vc_column][\/vc_row]<\/div>\n","protected":false},"excerpt":{"rendered":"<p>[vc_row][vc_column][kd_header_random_image_banner kindofbanner=&#8220;slideshow&#8220; timetillslide=&#8220;5&#8243; image=&#8220;89937,87636,89950,83940,107387&#8243;][\/kd_header_random_image_banner][\/vc_column][\/vc_row][vc_row css=&#8220;.vc_custom_1628171278560{padding-top: 30px !important;padding-bottom: 70px !important;background-color: #414345 !important;}&#8220;][vc_column][vc_row_inner][vc_column_inner][vc_column_text] Wor\u00fcber m\u00f6chten Sie mehr erfahren? [\/vc_column_text][\/vc_column_inner][\/vc_row_inner][vc_row_inner][vc_column_inner][kd_menu_parent_grid menuitems=&#8220;%5B%7B%22sortof%22%3A%22menu%22%2C%22menuitem%22%3A%2240088%22%2C%22imageorcolor%22%3A%22image%22%2C%22bgimage%22%3A%2236387%22%2C%22bgcolor%22%3A%22kdgreen%22%7D%2C%7B%22sortof%22%3A%22menu%22%2C%22menuitem%22%3A%2240106%22%2C%22imageorcolor%22%3A%22image%22%2C%22bgimage%22%3A%2236331%22%2C%22bgcolor%22%3A%22kdgreen%22%7D%2C%7B%22sortof%22%3A%22menu%22%2C%22menuitem%22%3A%2240172%22%2C%22imageorcolor%22%3A%22image%22%2C%22bgimage%22%3A%2236240%22%2C%22bgcolor%22%3A%22kdgreen%22%7D%2C%7B%22sortof%22%3A%22menu%22%2C%22menuitem%22%3A%2240214%22%2C%22imageorcolor%22%3A%22image%22%2C%22bgimage%22%3A%2236369%22%2C%22bgcolor%22%3A%22kdgreen%22%7D%2C%7B%22sortof%22%3A%22menu%22%2C%22menuitem%22%3A%2240300%22%2C%22imageorcolor%22%3A%22image%22%2C%22bgimage%22%3A%2250233%22%2C%22bgcolor%22%3A%22whitegreen%22%7D%2C%7B%22sortof%22%3A%22custom%22%2C%22menusinglename%22%3A%22Kontakt%22%2C%22link%22%3A%22url%3Ahttps%253A%252F%252Fklasmann-deilmann.com%252Fde%252Fkarriere%252Fkontakt%252F%7Ctitle%3AKontakt%22%2C%22menuitem%22%3A%2238643%22%2C%22imageorcolor%22%3A%22image%22%2C%22bgimage%22%3A%2234474%22%2C%22bgcolor%22%3A%22kdgreen%22%7D%5D&#8220;][\/vc_column_inner][\/vc_row_inner][\/vc_column][\/vc_row][vc_row css=&#8220;.vc_custom_1661328372295{padding-top: 70px !important;}&#8220;][vc_column][vc_row_inner content_placement=&#8220;middle&#8220;][vc_column_inner][vc_column_text] Wir sind dauerhaft durch die Emsl\u00e4ndische Stiftung f\u00fcr Familie und Beruf ausgezeichnet [\/vc_column_text][\/vc_column_inner][\/vc_row_inner][vc_row_inner content_placement=&#8220;top&#8220;][vc_column_inner width=&#8220;5\/6&#8243;][vc_column_text]In den vergangenen elf Jahren hat Klasmann-Deilmann viele Anstrengungen unternommen, um das Unternehmen noch familienfreundlicher zu gestalten. Es wurden Workshops durchgef\u00fchrt, um die Thematik aufzuarbeiten, Prozesse zu verbessern sowie Optimierungspotentiale zu finden. Nachdem wir fortlaufend das Siegel durch die Emsl\u00e4ndische Stiftung f\u00fcr Familie und<\/p>\n","protected":false},"author":7,"featured_media":0,"parent":0,"menu_order":281,"comment_status":"closed","ping_status":"closed","template":"page-social-position.php","meta":{"_acf_changed":false,"inline_featured_image":false,"footnotes":""},"class_list":["post-40037","page","type-page","status-publish","hentry"],"acf":[],"yoast_head":"<!-- This site is optimized with the Yoast SEO plugin v27.5 - https:\/\/yoast.com\/product\/yoast-seo-wordpress\/ -->\n<title>Karriere - Klasmann-Deilmann<\/title>\n<meta name=\"robots\" content=\"index, follow, max-snippet:-1, max-image-preview:large, max-video-preview:-1\" \/>\n<link rel=\"canonical\" href=\"https:\/\/klasmann-deilmann.com\/de\/karriere\/\" \/>\n<meta property=\"og:locale\" content=\"de_DE\" \/>\n<meta property=\"og:type\" content=\"article\" \/>\n<meta property=\"og:title\" content=\"Karriere - Klasmann-Deilmann\" \/>\n<meta property=\"og:description\" content=\"[vc_row][vc_column][kd_header_random_image_banner kindofbanner=&#8220;slideshow&#8220; timetillslide=&#8220;5&#8243; image=&#8220;89937,87636,89950,83940,107387&#8243;][\/kd_header_random_image_banner][\/vc_column][\/vc_row][vc_row css=&#8220;.vc_custom_1628171278560{padding-top: 30px !important;padding-bottom: 70px !important;background-color: #414345 !important;}&#8220;][vc_column][vc_row_inner][vc_column_inner][vc_column_text] Wor\u00fcber m\u00f6chten Sie mehr erfahren? [\/vc_column_text][\/vc_column_inner][\/vc_row_inner][vc_row_inner][vc_column_inner][kd_menu_parent_grid menuitems=&#8220;%5B%7B%22sortof%22%3A%22menu%22%2C%22menuitem%22%3A%2240088%22%2C%22imageorcolor%22%3A%22image%22%2C%22bgimage%22%3A%2236387%22%2C%22bgcolor%22%3A%22kdgreen%22%7D%2C%7B%22sortof%22%3A%22menu%22%2C%22menuitem%22%3A%2240106%22%2C%22imageorcolor%22%3A%22image%22%2C%22bgimage%22%3A%2236331%22%2C%22bgcolor%22%3A%22kdgreen%22%7D%2C%7B%22sortof%22%3A%22menu%22%2C%22menuitem%22%3A%2240172%22%2C%22imageorcolor%22%3A%22image%22%2C%22bgimage%22%3A%2236240%22%2C%22bgcolor%22%3A%22kdgreen%22%7D%2C%7B%22sortof%22%3A%22menu%22%2C%22menuitem%22%3A%2240214%22%2C%22imageorcolor%22%3A%22image%22%2C%22bgimage%22%3A%2236369%22%2C%22bgcolor%22%3A%22kdgreen%22%7D%2C%7B%22sortof%22%3A%22menu%22%2C%22menuitem%22%3A%2240300%22%2C%22imageorcolor%22%3A%22image%22%2C%22bgimage%22%3A%2250233%22%2C%22bgcolor%22%3A%22whitegreen%22%7D%2C%7B%22sortof%22%3A%22custom%22%2C%22menusinglename%22%3A%22Kontakt%22%2C%22link%22%3A%22url%3Ahttps%253A%252F%252Fklasmann-deilmann.com%252Fde%252Fkarriere%252Fkontakt%252F%7Ctitle%3AKontakt%22%2C%22menuitem%22%3A%2238643%22%2C%22imageorcolor%22%3A%22image%22%2C%22bgimage%22%3A%2234474%22%2C%22bgcolor%22%3A%22kdgreen%22%7D%5D&#8220;][\/vc_column_inner][\/vc_row_inner][\/vc_column][\/vc_row][vc_row css=&#8220;.vc_custom_1661328372295{padding-top: 70px !important;}&#8220;][vc_column][vc_row_inner content_placement=&#8220;middle&#8220;][vc_column_inner][vc_column_text] Wir sind dauerhaft durch die Emsl\u00e4ndische Stiftung f\u00fcr Familie und Beruf ausgezeichnet [\/vc_column_text][\/vc_column_inner][\/vc_row_inner][vc_row_inner content_placement=&#8220;top&#8220;][vc_column_inner width=&#8220;5\/6&#8243;][vc_column_text]In den vergangenen elf Jahren hat Klasmann-Deilmann viele Anstrengungen unternommen, um das Unternehmen noch familienfreundlicher zu gestalten. Es wurden Workshops durchgef\u00fchrt, um die Thematik aufzuarbeiten, Prozesse zu verbessern sowie Optimierungspotentiale zu finden. Nachdem wir fortlaufend das Siegel durch die Emsl\u00e4ndische Stiftung f\u00fcr Familie und\" \/>\n<meta property=\"og:url\" content=\"https:\/\/klasmann-deilmann.com\/de\/karriere\/\" \/>\n<meta property=\"og:site_name\" content=\"Klasmann-Deilmann\" \/>\n<meta property=\"article:modified_time\" content=\"2026-04-28T09:44:52+00:00\" \/>\n<meta name=\"twitter:card\" content=\"summary_large_image\" \/>\n<meta name=\"twitter:label1\" content=\"Gesch\u00e4tzte Lesezeit\" \/>\n\t<meta name=\"twitter:data1\" content=\"2\u00a0Minuten\" \/>\n<script type=\"application\/ld+json\" class=\"yoast-schema-graph\">{\"@context\":\"https:\\\/\\\/schema.org\",\"@graph\":[{\"@type\":\"WebPage\",\"@id\":\"https:\\\/\\\/klasmann-deilmann.com\\\/de\\\/karriere\\\/\",\"url\":\"https:\\\/\\\/klasmann-deilmann.com\\\/de\\\/karriere\\\/\",\"name\":\"Karriere - Klasmann-Deilmann\",\"isPartOf\":{\"@id\":\"https:\\\/\\\/klasmann-deilmann.com\\\/en\\\/#website\"},\"datePublished\":\"2021-11-16T12:28:36+00:00\",\"dateModified\":\"2026-04-28T09:44:52+00:00\",\"breadcrumb\":{\"@id\":\"https:\\\/\\\/klasmann-deilmann.com\\\/de\\\/karriere\\\/#breadcrumb\"},\"inLanguage\":\"de\",\"potentialAction\":[{\"@type\":\"ReadAction\",\"target\":[\"https:\\\/\\\/klasmann-deilmann.com\\\/de\\\/karriere\\\/\"]}]},{\"@type\":\"BreadcrumbList\",\"@id\":\"https:\\\/\\\/klasmann-deilmann.com\\\/de\\\/karriere\\\/#breadcrumb\",\"itemListElement\":[{\"@type\":\"ListItem\",\"position\":1,\"name\":\"Home\",\"item\":\"https:\\\/\\\/klasmann-deilmann.com\\\/de\\\/\"},{\"@type\":\"ListItem\",\"position\":2,\"name\":\"Karriere\"}]},{\"@type\":\"WebSite\",\"@id\":\"https:\\\/\\\/klasmann-deilmann.com\\\/en\\\/#website\",\"url\":\"https:\\\/\\\/klasmann-deilmann.com\\\/en\\\/\",\"name\":\"Klasmann-Deilmann\",\"description\":\"\",\"potentialAction\":[{\"@type\":\"SearchAction\",\"target\":{\"@type\":\"EntryPoint\",\"urlTemplate\":\"https:\\\/\\\/klasmann-deilmann.com\\\/en\\\/?s={search_term_string}\"},\"query-input\":{\"@type\":\"PropertyValueSpecification\",\"valueRequired\":true,\"valueName\":\"search_term_string\"}}],\"inLanguage\":\"de\"}]}<\/script>\n<!-- \/ Yoast SEO plugin. -->","yoast_head_json":{"title":"Karriere - Klasmann-Deilmann","robots":{"index":"index","follow":"follow","max-snippet":"max-snippet:-1","max-image-preview":"max-image-preview:large","max-video-preview":"max-video-preview:-1"},"canonical":"https:\/\/klasmann-deilmann.com\/de\/karriere\/","og_locale":"de_DE","og_type":"article","og_title":"Karriere - Klasmann-Deilmann","og_description":"[vc_row][vc_column][kd_header_random_image_banner kindofbanner=&#8220;slideshow&#8220; timetillslide=&#8220;5&#8243; image=&#8220;89937,87636,89950,83940,107387&#8243;][\/kd_header_random_image_banner][\/vc_column][\/vc_row][vc_row css=&#8220;.vc_custom_1628171278560{padding-top: 30px !important;padding-bottom: 70px !important;background-color: #414345 !important;}&#8220;][vc_column][vc_row_inner][vc_column_inner][vc_column_text] Wor\u00fcber m\u00f6chten Sie mehr erfahren? [\/vc_column_text][\/vc_column_inner][\/vc_row_inner][vc_row_inner][vc_column_inner][kd_menu_parent_grid menuitems=&#8220;%5B%7B%22sortof%22%3A%22menu%22%2C%22menuitem%22%3A%2240088%22%2C%22imageorcolor%22%3A%22image%22%2C%22bgimage%22%3A%2236387%22%2C%22bgcolor%22%3A%22kdgreen%22%7D%2C%7B%22sortof%22%3A%22menu%22%2C%22menuitem%22%3A%2240106%22%2C%22imageorcolor%22%3A%22image%22%2C%22bgimage%22%3A%2236331%22%2C%22bgcolor%22%3A%22kdgreen%22%7D%2C%7B%22sortof%22%3A%22menu%22%2C%22menuitem%22%3A%2240172%22%2C%22imageorcolor%22%3A%22image%22%2C%22bgimage%22%3A%2236240%22%2C%22bgcolor%22%3A%22kdgreen%22%7D%2C%7B%22sortof%22%3A%22menu%22%2C%22menuitem%22%3A%2240214%22%2C%22imageorcolor%22%3A%22image%22%2C%22bgimage%22%3A%2236369%22%2C%22bgcolor%22%3A%22kdgreen%22%7D%2C%7B%22sortof%22%3A%22menu%22%2C%22menuitem%22%3A%2240300%22%2C%22imageorcolor%22%3A%22image%22%2C%22bgimage%22%3A%2250233%22%2C%22bgcolor%22%3A%22whitegreen%22%7D%2C%7B%22sortof%22%3A%22custom%22%2C%22menusinglename%22%3A%22Kontakt%22%2C%22link%22%3A%22url%3Ahttps%253A%252F%252Fklasmann-deilmann.com%252Fde%252Fkarriere%252Fkontakt%252F%7Ctitle%3AKontakt%22%2C%22menuitem%22%3A%2238643%22%2C%22imageorcolor%22%3A%22image%22%2C%22bgimage%22%3A%2234474%22%2C%22bgcolor%22%3A%22kdgreen%22%7D%5D&#8220;][\/vc_column_inner][\/vc_row_inner][\/vc_column][\/vc_row][vc_row css=&#8220;.vc_custom_1661328372295{padding-top: 70px !important;}&#8220;][vc_column][vc_row_inner content_placement=&#8220;middle&#8220;][vc_column_inner][vc_column_text] Wir sind dauerhaft durch die Emsl\u00e4ndische Stiftung f\u00fcr Familie und Beruf ausgezeichnet [\/vc_column_text][\/vc_column_inner][\/vc_row_inner][vc_row_inner content_placement=&#8220;top&#8220;][vc_column_inner width=&#8220;5\/6&#8243;][vc_column_text]In den vergangenen elf Jahren hat Klasmann-Deilmann viele Anstrengungen unternommen, um das Unternehmen noch familienfreundlicher zu gestalten. Es wurden Workshops durchgef\u00fchrt, um die Thematik aufzuarbeiten, Prozesse zu verbessern sowie Optimierungspotentiale zu finden. Nachdem wir fortlaufend das Siegel durch die Emsl\u00e4ndische Stiftung f\u00fcr Familie und","og_url":"https:\/\/klasmann-deilmann.com\/de\/karriere\/","og_site_name":"Klasmann-Deilmann","article_modified_time":"2026-04-28T09:44:52+00:00","twitter_card":"summary_large_image","twitter_misc":{"Gesch\u00e4tzte Lesezeit":"2\u00a0Minuten"},"schema":{"@context":"https:\/\/schema.org","@graph":[{"@type":"WebPage","@id":"https:\/\/klasmann-deilmann.com\/de\/karriere\/","url":"https:\/\/klasmann-deilmann.com\/de\/karriere\/","name":"Karriere - Klasmann-Deilmann","isPartOf":{"@id":"https:\/\/klasmann-deilmann.com\/en\/#website"},"datePublished":"2021-11-16T12:28:36+00:00","dateModified":"2026-04-28T09:44:52+00:00","breadcrumb":{"@id":"https:\/\/klasmann-deilmann.com\/de\/karriere\/#breadcrumb"},"inLanguage":"de","potentialAction":[{"@type":"ReadAction","target":["https:\/\/klasmann-deilmann.com\/de\/karriere\/"]}]},{"@type":"BreadcrumbList","@id":"https:\/\/klasmann-deilmann.com\/de\/karriere\/#breadcrumb","itemListElement":[{"@type":"ListItem","position":1,"name":"Home","item":"https:\/\/klasmann-deilmann.com\/de\/"},{"@type":"ListItem","position":2,"name":"Karriere"}]},{"@type":"WebSite","@id":"https:\/\/klasmann-deilmann.com\/en\/#website","url":"https:\/\/klasmann-deilmann.com\/en\/","name":"Klasmann-Deilmann","description":"","potentialAction":[{"@type":"SearchAction","target":{"@type":"EntryPoint","urlTemplate":"https:\/\/klasmann-deilmann.com\/en\/?s={search_term_string}"},"query-input":{"@type":"PropertyValueSpecification","valueRequired":true,"valueName":"search_term_string"}}],"inLanguage":"de"}]}},"_links":{"self":[{"href":"https:\/\/klasmann-deilmann.com\/de\/wp-json\/wp\/v2\/pages\/40037","targetHints":{"allow":["GET"]}}],"collection":[{"href":"https:\/\/klasmann-deilmann.com\/de\/wp-json\/wp\/v2\/pages"}],"about":[{"href":"https:\/\/klasmann-deilmann.com\/de\/wp-json\/wp\/v2\/types\/page"}],"author":[{"embeddable":true,"href":"https:\/\/klasmann-deilmann.com\/de\/wp-json\/wp\/v2\/users\/7"}],"replies":[{"embeddable":true,"href":"https:\/\/klasmann-deilmann.com\/de\/wp-json\/wp\/v2\/comments?post=40037"}],"version-history":[{"count":30,"href":"https:\/\/klasmann-deilmann.com\/de\/wp-json\/wp\/v2\/pages\/40037\/revisions"}],"predecessor-version":[{"id":107399,"href":"https:\/\/klasmann-deilmann.com\/de\/wp-json\/wp\/v2\/pages\/40037\/revisions\/107399"}],"wp:attachment":[{"href":"https:\/\/klasmann-deilmann.com\/de\/wp-json\/wp\/v2\/media?parent=40037"}],"curies":[{"name":"wp","href":"https:\/\/api.w.org\/{rel}","templated":true}]}}