{"id":40019,"date":"2021-11-16T13:26:55","date_gmt":"2021-11-16T12:26:55","guid":{"rendered":"https:\/\/klasmann-deilmann.com\/?page_id=40019"},"modified":"2021-11-16T16:10:58","modified_gmt":"2021-11-16T15:10:58","slug":"forschung-entwicklung","status":"publish","type":"page","link":"https:\/\/klasmann-deilmann.com\/de\/unternehmen\/forschung-entwicklung\/","title":{"rendered":"Forschung &#038; Entwicklung"},"content":{"rendered":"<div class=\"wpb-content-wrapper\">[vc_row][vc_column][kd_header_random_image_banner image=&#8220;34681&#8243;][\/kd_header_random_image_banner][\/vc_column][\/vc_row][vc_row][vc_column][vc_row_inner][vc_column_inner][vc_column_text]<\/p>\n<h2><strong>Forschung und Entwicklung \u2013 schon heute die Anforderungen von morgen erf\u00fcllen<\/strong><\/h2>\n<p>[\/vc_column_text][\/vc_column_inner][\/vc_row_inner][vc_row_inner][vc_column_inner width=&#8220;1\/2&#8243;][vc_column_text]In modernen Gartenbaubetrieben ist ein reibungsloses Zusammenspiel von Maschinen und Produktionsmitteln unerl\u00e4sslich. Das Kultursubstrat spielt dabei eine entscheidende Rolle. Es verbindet die verschiedenen Komponenten zu einem perfekten Ganzen und erf\u00fcllt sowohl die gartenbaulichen als auch die technischen Vorgaben. Die Anforderungen an ein Substrat sind dementsprechend hoch.<br \/>\nUnsere Fachleute in aller Welt und unser Netz von Vertriebspartnern sorgen daf\u00fcr, dass unser Know-how im Bereich der Kultursubstrate un\u00fcbertroffen ist.[\/vc_column_text][\/vc_column_inner][vc_column_inner width=&#8220;1\/2&#8243;][vc_column_text]Gemeinsam greifen wir wichtige Entwicklungen bei den Kulturverfahren, den Kulturpflanzen sowie den Umweltanforderungen auf und reagieren auf ver\u00e4nderte Bed\u00fcrfnisse. Das f\u00fchrt zu Innovationen, die dem einzelnen Gartenbaubetrieb deutliche Vorteile bringen und auf einen langfristigen Nutzen ausgerichtet sind. In vielen F\u00e4llen werden unsere Innovationen auf der Grundlage von Anforderungen oder Ideen unserer Kunden f\u00fcr bestimmte Anwendungen entwickelt.[\/vc_column_text][\/vc_column_inner][\/vc_row_inner][\/vc_column][\/vc_row][vc_row css=&#8220;.vc_custom_1630658556320{margin-top: 30px !important;padding-top: 30px !important;padding-bottom: 70px !important;background-color: #414345 !important;}&#8220;][vc_column][vc_row_inner][vc_column_inner width=&#8220;1\/2&#8243;][vc_column_text el_class=&#8220;pluslist&#8220;]Unser F&amp;E-Team befasst sich intensiv mit der Forschung und Entwicklung von Kultursubstraten und verbessert kontinuierlich Rohstoffe und Produkte. Unsere Fachleute verf\u00fcgen \u00fcber ein eigenes Labor und ein Forschungsgew\u00e4chshaus, in dem alle Rohstoffe und neuen Zusatzstoffe unter Praxisbedingungen getestet werden.<br \/>\nDar\u00fcber hinaus f\u00fchren wir Forschungsprojekte sowohl unter eigener Regie als auch in Zusammenarbeit mit Universit\u00e4ten, Instituten, anderen Unternehmen, Start-ups und gartenbaulichen Forschungsstationen in ganz Europa durch. Wichtige Aspekte f\u00fcr die Forschung und Produktentwicklung sind derzeit:<br \/>\n&nbsp;<\/p>\n<ul>\n<li>Verbesserung des mikrobiellen Lebens in Kultursubstraten zur F\u00f6rderung der suppressiven Wirkung<\/li>\n<li>Eingehende Untersuchung geeigneter nat\u00fcrlicher Biostimulanzien, um die Nachhaltigkeit von Kultursubstraten durch die Verringerung des Einsatzes von Pflanzenschutzmitteln und\/oder D\u00fcngemitteln zu erh\u00f6hen<\/li>\n<li>Vertiefte Untersuchung neuer Optionen f\u00fcr alternative Substratbestandteile<\/li>\n<li>Entwicklung gewichtsreduzierter Substrate zur Optimierung der Transportkosten und Reduzierung der Emissionen<\/li>\n<li>Entwicklung neuer Analysemethoden (z. B. zur Bestimmung der Stabilit\u00e4t von Presst\u00f6pfen und der Wasseraufnahmekapazit\u00e4t)<\/li>\n<li>Neue organische und mineralische D\u00fcngungskonzepte<\/li>\n<\/ul>\n<p>[\/vc_column_text][\/vc_column_inner][vc_column_inner width=&#8220;1\/2&#8243;][vc_column_text]<img loading=\"lazy\" decoding=\"async\" class=\"alignnone wp-image-36585 size-full\" src=\"https:\/\/klasmann-deilmann.com\/wp-content\/uploads\/research_development.jpg\" alt=\"\" width=\"2560\" height=\"1707\" srcset=\"https:\/\/klasmann-deilmann.com\/wp-content\/uploads\/research_development.jpg 2560w, https:\/\/klasmann-deilmann.com\/wp-content\/uploads\/research_development-300x200.jpg 300w, https:\/\/klasmann-deilmann.com\/wp-content\/uploads\/research_development-1024x683.jpg 1024w, https:\/\/klasmann-deilmann.com\/wp-content\/uploads\/research_development-768x512.jpg 768w, https:\/\/klasmann-deilmann.com\/wp-content\/uploads\/research_development-1536x1024.jpg 1536w, https:\/\/klasmann-deilmann.com\/wp-content\/uploads\/research_development-2048x1366.jpg 2048w\" sizes=\"auto, (max-width: 2560px) 100vw, 2560px\" \/>[\/vc_column_text][\/vc_column_inner][\/vc_row_inner][\/vc_column][\/vc_row][vc_row css=&#8220;.vc_custom_1629210697188{margin-top: 70px !important;}&#8220;][vc_column][kd_getintouch image=&#8220;32948&#8243;][\/vc_column][\/vc_row]<\/div>\n","protected":false},"excerpt":{"rendered":"<p>[vc_row][vc_column][kd_header_random_image_banner image=&#8220;34681&#8243;][\/kd_header_random_image_banner][\/vc_column][\/vc_row][vc_row][vc_column][vc_row_inner][vc_column_inner][vc_column_text] Forschung und Entwicklung \u2013 schon heute die Anforderungen von morgen erf\u00fcllen [\/vc_column_text][\/vc_column_inner][\/vc_row_inner][vc_row_inner][vc_column_inner width=&#8220;1\/2&#8243;][vc_column_text]In modernen Gartenbaubetrieben ist ein reibungsloses Zusammenspiel von Maschinen und Produktionsmitteln unerl\u00e4sslich. Das Kultursubstrat spielt dabei eine entscheidende Rolle. Es verbindet die verschiedenen Komponenten zu einem perfekten Ganzen und erf\u00fcllt sowohl die gartenbaulichen als auch die technischen Vorgaben. Die Anforderungen an ein Substrat sind dementsprechend hoch. Unsere Fachleute in aller Welt und unser Netz von Vertriebspartnern sorgen daf\u00fcr, dass unser Know-how im Bereich der Kultursubstrate un\u00fcbertroffen<\/p>\n","protected":false},"author":7,"featured_media":0,"parent":39669,"menu_order":268,"comment_status":"closed","ping_status":"closed","template":"","meta":{"_acf_changed":false,"inline_featured_image":false,"footnotes":""},"class_list":["post-40019","page","type-page","status-publish","hentry"],"acf":[],"yoast_head":"<!-- This site is optimized with the Yoast SEO plugin v27.5 - https:\/\/yoast.com\/product\/yoast-seo-wordpress\/ -->\n<title>Forschung &amp; Entwicklung - Klasmann-Deilmann<\/title>\n<meta name=\"robots\" content=\"index, follow, max-snippet:-1, max-image-preview:large, max-video-preview:-1\" \/>\n<link rel=\"canonical\" href=\"https:\/\/klasmann-deilmann.com\/en\/company\/research-development\/\" \/>\n<meta property=\"og:locale\" content=\"de_DE\" \/>\n<meta property=\"og:type\" content=\"article\" \/>\n<meta property=\"og:title\" content=\"Forschung &amp; Entwicklung - Klasmann-Deilmann\" \/>\n<meta property=\"og:description\" content=\"[vc_row][vc_column][kd_header_random_image_banner image=&#8220;34681&#8243;][\/kd_header_random_image_banner][\/vc_column][\/vc_row][vc_row][vc_column][vc_row_inner][vc_column_inner][vc_column_text] Forschung und Entwicklung \u2013 schon heute die Anforderungen von morgen erf\u00fcllen [\/vc_column_text][\/vc_column_inner][\/vc_row_inner][vc_row_inner][vc_column_inner width=&#8220;1\/2&#8243;][vc_column_text]In modernen Gartenbaubetrieben ist ein reibungsloses Zusammenspiel von Maschinen und Produktionsmitteln unerl\u00e4sslich. Das Kultursubstrat spielt dabei eine entscheidende Rolle. Es verbindet die verschiedenen Komponenten zu einem perfekten Ganzen und erf\u00fcllt sowohl die gartenbaulichen als auch die technischen Vorgaben. Die Anforderungen an ein Substrat sind dementsprechend hoch. Unsere Fachleute in aller Welt und unser Netz von Vertriebspartnern sorgen daf\u00fcr, dass unser Know-how im Bereich der Kultursubstrate un\u00fcbertroffen\" \/>\n<meta property=\"og:url\" content=\"https:\/\/klasmann-deilmann.com\/en\/company\/research-development\/\" \/>\n<meta property=\"og:site_name\" content=\"Klasmann-Deilmann\" \/>\n<meta property=\"article:modified_time\" content=\"2021-11-16T15:10:58+00:00\" \/>\n<meta property=\"og:image\" content=\"https:\/\/klasmann-deilmann.com\/wp-content\/uploads\/research_development.jpg\" \/>\n<meta name=\"twitter:card\" content=\"summary_large_image\" \/>\n<meta name=\"twitter:label1\" content=\"Gesch\u00e4tzte Lesezeit\" \/>\n\t<meta name=\"twitter:data1\" content=\"2\u00a0Minuten\" \/>\n<script type=\"application\/ld+json\" class=\"yoast-schema-graph\">{\"@context\":\"https:\\\/\\\/schema.org\",\"@graph\":[{\"@type\":\"WebPage\",\"@id\":\"https:\\\/\\\/klasmann-deilmann.com\\\/en\\\/company\\\/research-development\\\/\",\"url\":\"https:\\\/\\\/klasmann-deilmann.com\\\/en\\\/company\\\/research-development\\\/\",\"name\":\"Forschung & Entwicklung - Klasmann-Deilmann\",\"isPartOf\":{\"@id\":\"https:\\\/\\\/klasmann-deilmann.com\\\/en\\\/#website\"},\"primaryImageOfPage\":{\"@id\":\"https:\\\/\\\/klasmann-deilmann.com\\\/en\\\/company\\\/research-development\\\/#primaryimage\"},\"image\":{\"@id\":\"https:\\\/\\\/klasmann-deilmann.com\\\/en\\\/company\\\/research-development\\\/#primaryimage\"},\"thumbnailUrl\":\"https:\\\/\\\/klasmann-deilmann.com\\\/wp-content\\\/uploads\\\/research_development.jpg\",\"datePublished\":\"2021-11-16T12:26:55+00:00\",\"dateModified\":\"2021-11-16T15:10:58+00:00\",\"breadcrumb\":{\"@id\":\"https:\\\/\\\/klasmann-deilmann.com\\\/en\\\/company\\\/research-development\\\/#breadcrumb\"},\"inLanguage\":\"de\",\"potentialAction\":[{\"@type\":\"ReadAction\",\"target\":[\"https:\\\/\\\/klasmann-deilmann.com\\\/en\\\/company\\\/research-development\\\/\"]}]},{\"@type\":\"ImageObject\",\"inLanguage\":\"de\",\"@id\":\"https:\\\/\\\/klasmann-deilmann.com\\\/en\\\/company\\\/research-development\\\/#primaryimage\",\"url\":\"https:\\\/\\\/klasmann-deilmann.com\\\/wp-content\\\/uploads\\\/research_development.jpg\",\"contentUrl\":\"https:\\\/\\\/klasmann-deilmann.com\\\/wp-content\\\/uploads\\\/research_development.jpg\"},{\"@type\":\"BreadcrumbList\",\"@id\":\"https:\\\/\\\/klasmann-deilmann.com\\\/en\\\/company\\\/research-development\\\/#breadcrumb\",\"itemListElement\":[{\"@type\":\"ListItem\",\"position\":1,\"name\":\"Home\",\"item\":\"https:\\\/\\\/klasmann-deilmann.com\\\/de\\\/\"},{\"@type\":\"ListItem\",\"position\":2,\"name\":\"Unternehmen\",\"item\":\"https:\\\/\\\/klasmann-deilmann.com\\\/de\\\/unternehmen\\\/\"},{\"@type\":\"ListItem\",\"position\":3,\"name\":\"Forschung &#038; Entwicklung\"}]},{\"@type\":\"WebSite\",\"@id\":\"https:\\\/\\\/klasmann-deilmann.com\\\/en\\\/#website\",\"url\":\"https:\\\/\\\/klasmann-deilmann.com\\\/en\\\/\",\"name\":\"Klasmann-Deilmann\",\"description\":\"\",\"potentialAction\":[{\"@type\":\"SearchAction\",\"target\":{\"@type\":\"EntryPoint\",\"urlTemplate\":\"https:\\\/\\\/klasmann-deilmann.com\\\/en\\\/?s={search_term_string}\"},\"query-input\":{\"@type\":\"PropertyValueSpecification\",\"valueRequired\":true,\"valueName\":\"search_term_string\"}}],\"inLanguage\":\"de\"}]}<\/script>\n<!-- \/ Yoast SEO plugin. -->","yoast_head_json":{"title":"Forschung & Entwicklung - Klasmann-Deilmann","robots":{"index":"index","follow":"follow","max-snippet":"max-snippet:-1","max-image-preview":"max-image-preview:large","max-video-preview":"max-video-preview:-1"},"canonical":"https:\/\/klasmann-deilmann.com\/en\/company\/research-development\/","og_locale":"de_DE","og_type":"article","og_title":"Forschung & Entwicklung - Klasmann-Deilmann","og_description":"[vc_row][vc_column][kd_header_random_image_banner image=&#8220;34681&#8243;][\/kd_header_random_image_banner][\/vc_column][\/vc_row][vc_row][vc_column][vc_row_inner][vc_column_inner][vc_column_text] Forschung und Entwicklung \u2013 schon heute die Anforderungen von morgen erf\u00fcllen [\/vc_column_text][\/vc_column_inner][\/vc_row_inner][vc_row_inner][vc_column_inner width=&#8220;1\/2&#8243;][vc_column_text]In modernen Gartenbaubetrieben ist ein reibungsloses Zusammenspiel von Maschinen und Produktionsmitteln unerl\u00e4sslich. Das Kultursubstrat spielt dabei eine entscheidende Rolle. Es verbindet die verschiedenen Komponenten zu einem perfekten Ganzen und erf\u00fcllt sowohl die gartenbaulichen als auch die technischen Vorgaben. Die Anforderungen an ein Substrat sind dementsprechend hoch. Unsere Fachleute in aller Welt und unser Netz von Vertriebspartnern sorgen daf\u00fcr, dass unser Know-how im Bereich der Kultursubstrate un\u00fcbertroffen","og_url":"https:\/\/klasmann-deilmann.com\/en\/company\/research-development\/","og_site_name":"Klasmann-Deilmann","article_modified_time":"2021-11-16T15:10:58+00:00","og_image":[{"url":"https:\/\/klasmann-deilmann.com\/wp-content\/uploads\/research_development.jpg","type":"","width":"","height":""}],"twitter_card":"summary_large_image","twitter_misc":{"Gesch\u00e4tzte Lesezeit":"2\u00a0Minuten"},"schema":{"@context":"https:\/\/schema.org","@graph":[{"@type":"WebPage","@id":"https:\/\/klasmann-deilmann.com\/en\/company\/research-development\/","url":"https:\/\/klasmann-deilmann.com\/en\/company\/research-development\/","name":"Forschung & Entwicklung - Klasmann-Deilmann","isPartOf":{"@id":"https:\/\/klasmann-deilmann.com\/en\/#website"},"primaryImageOfPage":{"@id":"https:\/\/klasmann-deilmann.com\/en\/company\/research-development\/#primaryimage"},"image":{"@id":"https:\/\/klasmann-deilmann.com\/en\/company\/research-development\/#primaryimage"},"thumbnailUrl":"https:\/\/klasmann-deilmann.com\/wp-content\/uploads\/research_development.jpg","datePublished":"2021-11-16T12:26:55+00:00","dateModified":"2021-11-16T15:10:58+00:00","breadcrumb":{"@id":"https:\/\/klasmann-deilmann.com\/en\/company\/research-development\/#breadcrumb"},"inLanguage":"de","potentialAction":[{"@type":"ReadAction","target":["https:\/\/klasmann-deilmann.com\/en\/company\/research-development\/"]}]},{"@type":"ImageObject","inLanguage":"de","@id":"https:\/\/klasmann-deilmann.com\/en\/company\/research-development\/#primaryimage","url":"https:\/\/klasmann-deilmann.com\/wp-content\/uploads\/research_development.jpg","contentUrl":"https:\/\/klasmann-deilmann.com\/wp-content\/uploads\/research_development.jpg"},{"@type":"BreadcrumbList","@id":"https:\/\/klasmann-deilmann.com\/en\/company\/research-development\/#breadcrumb","itemListElement":[{"@type":"ListItem","position":1,"name":"Home","item":"https:\/\/klasmann-deilmann.com\/de\/"},{"@type":"ListItem","position":2,"name":"Unternehmen","item":"https:\/\/klasmann-deilmann.com\/de\/unternehmen\/"},{"@type":"ListItem","position":3,"name":"Forschung &#038; Entwicklung"}]},{"@type":"WebSite","@id":"https:\/\/klasmann-deilmann.com\/en\/#website","url":"https:\/\/klasmann-deilmann.com\/en\/","name":"Klasmann-Deilmann","description":"","potentialAction":[{"@type":"SearchAction","target":{"@type":"EntryPoint","urlTemplate":"https:\/\/klasmann-deilmann.com\/en\/?s={search_term_string}"},"query-input":{"@type":"PropertyValueSpecification","valueRequired":true,"valueName":"search_term_string"}}],"inLanguage":"de"}]}},"_links":{"self":[{"href":"https:\/\/klasmann-deilmann.com\/de\/wp-json\/wp\/v2\/pages\/40019","targetHints":{"allow":["GET"]}}],"collection":[{"href":"https:\/\/klasmann-deilmann.com\/de\/wp-json\/wp\/v2\/pages"}],"about":[{"href":"https:\/\/klasmann-deilmann.com\/de\/wp-json\/wp\/v2\/types\/page"}],"author":[{"embeddable":true,"href":"https:\/\/klasmann-deilmann.com\/de\/wp-json\/wp\/v2\/users\/7"}],"replies":[{"embeddable":true,"href":"https:\/\/klasmann-deilmann.com\/de\/wp-json\/wp\/v2\/comments?post=40019"}],"version-history":[{"count":5,"href":"https:\/\/klasmann-deilmann.com\/de\/wp-json\/wp\/v2\/pages\/40019\/revisions"}],"predecessor-version":[{"id":42625,"href":"https:\/\/klasmann-deilmann.com\/de\/wp-json\/wp\/v2\/pages\/40019\/revisions\/42625"}],"up":[{"embeddable":true,"href":"https:\/\/klasmann-deilmann.com\/de\/wp-json\/wp\/v2\/pages\/39669"}],"wp:attachment":[{"href":"https:\/\/klasmann-deilmann.com\/de\/wp-json\/wp\/v2\/media?parent=40019"}],"curies":[{"name":"wp","href":"https:\/\/api.w.org\/{rel}","templated":true}]}}