{"id":39830,"date":"2021-11-16T13:23:19","date_gmt":"2021-11-16T12:23:19","guid":{"rendered":"https:\/\/klasmann-deilmann.com\/?page_id=39830"},"modified":"2026-03-23T16:42:06","modified_gmt":"2026-03-23T15:42:06","slug":"nachhaltigkeit","status":"publish","type":"page","link":"https:\/\/klasmann-deilmann.com\/de\/unternehmen\/nachhaltigkeit\/","title":{"rendered":"Nachhaltigkeit"},"content":{"rendered":"<div class=\"wpb-content-wrapper\">[vc_row][vc_column][kd_header_random_image_banner image=&#8220;14831&#8243;][\/kd_header_random_image_banner][\/vc_column][\/vc_row][vc_row][vc_column][vc_row_inner][vc_column_inner][vc_column_text]<\/p>\n<h2 style=\"text-align: left;\">Nachhaltigkeit \u2013 im Mittelpunkt unserer Unternehmensstrategie<\/h2>\n<p><strong>Die nachhaltige Entwicklung unseres Unternehmens ist wesentlicher Teil unserer Strategie. \u00dcber unsere Aktivit\u00e4ten berichten wir umfassend und transparent. Wir wollen, dass Politik, \u00d6ffentlichkeit und alle Anspruchsgruppen wissen, wie wir Nachhaltigkeit voranbringen. Und wir wollen das nachhaltigste Unternehmen in der Substratbranche bleiben.<\/strong>[\/vc_column_text][\/vc_column_inner][\/vc_row_inner][\/vc_column][\/vc_row][vc_row][vc_column][vc_row_inner][vc_column_inner width=&#8220;1\/3&#8243;][vc_column_text css=&#8220;&#8220;]<img loading=\"lazy\" decoding=\"async\" class=\"alignnone wp-image-87014\" src=\"\/wp-content\/uploads\/Klasmann-Deilmann_Nachhaltigkeitsbericht_2023-1.jpg\" alt=\"\" width=\"310\" height=\"438\" srcset=\"https:\/\/klasmann-deilmann.com\/wp-content\/uploads\/Klasmann-Deilmann_Nachhaltigkeitsbericht_2023-1.jpg 1810w, https:\/\/klasmann-deilmann.com\/wp-content\/uploads\/Klasmann-Deilmann_Nachhaltigkeitsbericht_2023-1-212x300.jpg 212w, https:\/\/klasmann-deilmann.com\/wp-content\/uploads\/Klasmann-Deilmann_Nachhaltigkeitsbericht_2023-1-724x1024.jpg 724w, https:\/\/klasmann-deilmann.com\/wp-content\/uploads\/Klasmann-Deilmann_Nachhaltigkeitsbericht_2023-1-768x1086.jpg 768w, https:\/\/klasmann-deilmann.com\/wp-content\/uploads\/Klasmann-Deilmann_Nachhaltigkeitsbericht_2023-1-1086x1536.jpg 1086w, https:\/\/klasmann-deilmann.com\/wp-content\/uploads\/Klasmann-Deilmann_Nachhaltigkeitsbericht_2023-1-1448x2048.jpg 1448w\" sizes=\"auto, (max-width: 310px) 100vw, 310px\" \/>[\/vc_column_text][\/vc_column_inner][vc_column_inner width=&#8220;2\/3&#8243;][vc_column_text css=&#8220;&#8220;]In unserem Nachhaltigkeitsbericht 2023 blicken wir auf ein Jahrzehnt mit sinkenden Klimabilanzen, stark steigenden Anteilen an nachwachsenden Rohstoffen und wirtschaftlichem Wachstum. Die nachhaltige Transformation unseres Unternehmens gewinnt immer mehr an Schwung und gibt uns R\u00fcckenwind f\u00fcr die ambitionierten Ziele der kommenden Jahre.<\/p>\n<p>&nbsp;[\/vc_column_text][kd_download_button show_link_download1=&#8220;download&#8220; download1=&#8220;86960&#8243; showinpdfreader=&#8220;true&#8220;][\/vc_column_inner][\/vc_row_inner][\/vc_column][\/vc_row][vc_row css=&#8220;.vc_custom_1628166143958{padding-top: 30px !important;padding-bottom: 70px !important;background-color: #414345 !important;}&#8220;][vc_column][vc_row_inner][vc_column_inner][vc_column_text]<\/p>\n<h2 style=\"text-align: left;\">Unsere wichtigsten Leistungsindikatoren<\/h2>\n<p>[\/vc_column_text][\/vc_column_inner][\/vc_row_inner][vc_row_inner equal_height=&#8220;yes&#8220;][vc_column_inner width=&#8220;1\/3&#8243;][vc_hoverbox image=&#8220;18886&#8243; shape=&#8220;75&#8243; primary_title=&#8220;Alternative Ausgangsstoffe&#8220; hover_title=&#8220;&#8220; hover_align=&#8220;left&#8220; hover_background_color=&#8220;custom&#8220; hover_custom_background=&#8220;#44a12b&#8220;]<\/p>\n<p style=\"text-align: left;\">Wir wollen den Anteil alternativer Rohstoffe bis 2030 auf 50 % unserer Jahresgesamtproduktion zu erh\u00f6hen.<br \/>\n2024: 27,6% | 2020: 14,8% | 2016: 8,5%&nbsp;<\/p>\n<p>[\/vc_hoverbox][\/vc_column_inner][vc_column_inner width=&#8220;1\/3&#8243;][vc_hoverbox image=&#8220;36589&#8243; shape=&#8220;75&#8243; primary_title=&#8220;Product carbon footprint&#8220; hover_title=&#8220;&#8220; hover_align=&#8220;left&#8220; hover_background_color=&#8220;custom&#8220; hover_custom_background=&#8220;#df4417&#8243;]<\/p>\n<p style=\"text-align: left;\">Da wir die Emissionen pro Produkteinheit kontinuierlich verbessern wollen, berechnen wir das Verh\u00e4ltnis zwischen den Gesamtemissionen unseres Unternehmens (in t CO2e) und unserem gesamten Produktionsvolumen (in m\u00b3).<br \/>\n2024: 63,8 kg CO<sub>2<\/sub>e\/m\u00b3 | 2020: 61,2 kg CO<sub>2<\/sub>e\/m\u00b3 | 2016: 82,9 kg CO<sub>2<\/sub>e\/m\u00b3<\/p>\n<p>[\/vc_hoverbox][\/vc_column_inner][vc_column_inner width=&#8220;1\/3&#8243;][vc_hoverbox image=&#8220;33569&#8243; shape=&#8220;75&#8243; primary_title=&#8220;Corporate carbon footprint&#8220; hover_title=&#8220;&#8220; hover_align=&#8220;left&#8220; hover_background_color=&#8220;custom&#8220; hover_custom_background=&#8220;#235b43&#8243;]<\/p>\n<p style=\"text-align: left;\">Seit 2013 steigerten wir unser Absatzvolumen um 23%. Gleichzeitig senkten wir unsere Emissionen um 13 %. Auch in Zukunft wollen wir wirtschaftliches Wachstum mit einer nachhaltigen Entwicklung verbinden.<br \/>\n2024: 255.004 t CO<sub>2<\/sub>e | 2020: 263.816 t CO<sub>2<\/sub>e | 2016: 295.452 t CO<sub>2<\/sub>e&nbsp;<\/p>\n<p>[\/vc_hoverbox][\/vc_column_inner][\/vc_row_inner][\/vc_column][\/vc_row][vc_row][vc_column][vc_row_inner][vc_column_inner][vc_column_text]<\/p>\n<h2>Verbessern Sie die Klimabilanz Ihres Gartenbaubetriebs durch alternative Substratmischungen<\/h2>\n<p>Der Product Carbon Footprint (PCF) bezieht sich auf die Treibhausgase, die ein Produkt w\u00e4hrend seines gesamten Lebenszyklus\u2018 verursacht. Die Wahl der Substratkomponenten ist ausschlaggebend f\u00fcr die H\u00f6he der Emissionen.[\/vc_column_text][\/vc_column_inner][\/vc_row_inner][vc_row_inner][vc_column_inner width=&#8220;1\/2&#8243;][vc_column_text el_class=&#8220;pluslist green&#8220;]<\/p>\n<h3>Wir bieten Ihnen Substratmischungen mit einem verbesserten PCF<\/h3>\n<p>&nbsp;<\/p>\n<ul>\n<li>Erreicht wird dies durch den verst\u00e4rkten Einsatz von alternativen Ausgangsstoffen.<\/li>\n<li>Wir nutzen haupts\u00e4chlich Holzfasern und Gr\u00fcnkompost, die in einem qualit\u00e4tsgesicherten Verfahren von uns selbst hergestellt werden.<\/li>\n<li>Auch Kokos, Perlite und regional verf\u00fcgbare Rohstoffe gewinnen zunehmend an Bedeutung.<\/li>\n<\/ul>\n<p>[\/vc_column_text][\/vc_column_inner][vc_column_inner width=&#8220;1\/2&#8243;][vc_column_text]<img loading=\"lazy\" decoding=\"async\" class=\"alignnone wp-image-33860 size-full\" src=\"https:\/\/klasmann-deilmann.com\/wp-content\/uploads\/Screenshot_PCF-Kompass.jpg\" alt=\"\" width=\"1611\" height=\"1082\" srcset=\"https:\/\/klasmann-deilmann.com\/wp-content\/uploads\/Screenshot_PCF-Kompass.jpg 1611w, https:\/\/klasmann-deilmann.com\/wp-content\/uploads\/Screenshot_PCF-Kompass-300x201.jpg 300w, https:\/\/klasmann-deilmann.com\/wp-content\/uploads\/Screenshot_PCF-Kompass-1024x688.jpg 1024w, https:\/\/klasmann-deilmann.com\/wp-content\/uploads\/Screenshot_PCF-Kompass-768x516.jpg 768w, https:\/\/klasmann-deilmann.com\/wp-content\/uploads\/Screenshot_PCF-Kompass-1536x1032.jpg 1536w\" sizes=\"auto, (max-width: 1611px) 100vw, 1611px\" \/>[\/vc_column_text][\/vc_column_inner][\/vc_row_inner][vc_row_inner][vc_column_inner width=&#8220;1\/2&#8243;][vc_column_text]<\/p>\n<h2>Unser Engagement, Ihr Nutzen:<\/h2>\n<p>[\/vc_column_text][\/vc_column_inner][vc_column_inner width=&#8220;1\/2&#8243;][\/vc_column_inner][\/vc_row_inner][vc_row_inner][vc_column_inner width=&#8220;1\/2&#8243;][vc_column_text]<img loading=\"lazy\" decoding=\"async\" class=\"alignnone wp-image-33858 size-full\" src=\"https:\/\/klasmann-deilmann.com\/wp-content\/uploads\/sustainability_01.jpg\" alt=\"\" width=\"2560\" height=\"2127\" srcset=\"https:\/\/klasmann-deilmann.com\/wp-content\/uploads\/sustainability_01.jpg 2560w, https:\/\/klasmann-deilmann.com\/wp-content\/uploads\/sustainability_01-300x249.jpg 300w, https:\/\/klasmann-deilmann.com\/wp-content\/uploads\/sustainability_01-1024x851.jpg 1024w, https:\/\/klasmann-deilmann.com\/wp-content\/uploads\/sustainability_01-768x638.jpg 768w, https:\/\/klasmann-deilmann.com\/wp-content\/uploads\/sustainability_01-1536x1276.jpg 1536w, https:\/\/klasmann-deilmann.com\/wp-content\/uploads\/sustainability_01-2048x1702.jpg 2048w\" sizes=\"auto, (max-width: 2560px) 100vw, 2560px\" \/>[\/vc_column_text][\/vc_column_inner][vc_column_inner width=&#8220;1\/2&#8243;][vc_column_text el_class=&#8220;pluslist green&#8220;]<\/p>\n<h3>Verbessern Sie Ihren Carbon Footprint<\/h3>\n<p>&nbsp;<\/p>\n<ul>\n<li>Sie k\u00f6nnen die CO<sub>2<\/sub>-Bilanz Ihres Gartenbaubetriebes mit alternativen Substratmischungen verbessern.<\/li>\n<li>Damit reduziert sich auch der CO<sub>2<\/sub>-Fu\u00dfabdruck Ihrer Pflanzen.<\/li>\n<li>Die Umstellung auf neue Substratmischungen bietet die M\u00f6glichkeit, fr\u00fchzeitig wichtige Erfahrungen zu sammeln.<\/li>\n<\/ul>\n<p>[\/vc_column_text][\/vc_column_inner][\/vc_row_inner][\/vc_column][\/vc_row][vc_row equal_height=&#8220;yes&#8220;][vc_column width=&#8220;1\/2&#8243; css=&#8220;.vc_custom_1628236246142{background-image: url(https:\/\/klasmann-deilmann.com\/wp-content\/uploads\/woman_greenhouse.jpg?id=33726) !important;background-position: center !important;background-repeat: no-repeat !important;background-size: cover !important;}&#8220;][vc_row_inner][vc_column_inner][\/vc_column_inner][\/vc_row_inner][\/vc_column][vc_column width=&#8220;1\/2&#8243; css=&#8220;.vc_custom_1628235631960{background-color: #df4417 !important;}&#8220;][vc_row_inner][vc_column_inner][vc_column_text]<\/p>\n<h2 style=\"color: #ffffff;\">Gute Aussichten:<br \/>\nReduzieren Sie Ihre CO2-Emissionen um bis zu 28 % mit klimafreundlichen Substratmischungen.<\/h2>\n<p>[\/vc_column_text][kd_download_button show_link_download1=&#8220;link&#8220; link1=&#8220;url:https%3A%2F%2Fklasmann-deilmann.com%2Fde%2Funternehmen%2Fnachhaltigkeit%2Fnachhaltigkeit-substrate%2F|title:Mehr%20erfahren&#8220;][\/vc_column_inner][\/vc_row_inner][\/vc_column][\/vc_row][vc_section css=&#8220;.vc_custom_1630572488986{margin-top: 30px !important;}&#8220;][vc_row][vc_column][kd_accordion_custom color=&#8220;kdgreen&#8220; shape=&#8220;square&#8220; gap=&#8220;20&#8243; collapsible_all=&#8220;true&#8220; active_section=&#8220;99&#8243;][vc_tta_section title=&#8220;Verantwortungsvoller gewonnener Torf&#8220; tab_id=&#8220;1630572275455-75ef92f5-64c6&#8243;][vc_row_inner][vc_column_inner][vc_column_text css=&#8220;&#8220; el_class=&#8220;pluslist&#8220;]Wir nutzen verantwortungsvoll gewonnenen Torf. Das bedeutet:<\/p>\n<ul>\n<li>Wir ernten unseren Torf ausschlie\u00dflich auf degradierten Moorfl\u00e4chen.<\/li>\n<li>Unber\u00fchrte Moore sind als Schutzgebiete ausgewiesen (so z. B. seit 1981 in Niedersachsen) und bleiben unangetastet.<\/li>\n<li>Wir unterst\u00fctzen das Umweltzeichen &#8222;Responsibly Produced Peat&#8220; (RPP).<\/li>\n<li>93,9 % unserer Gewinnungsfl\u00e4chen sind nach RPP zertifiziert.<\/li>\n<\/ul>\n<p>[\/vc_column_text][\/vc_column_inner][\/vc_row_inner][\/vc_tta_section][vc_tta_section title=&#8220;RPP-zertifizierte Gewinnungsfl\u00e4chen&#8220; tab_id=&#8220;1630572275474-3b32d617-ae95&#8243;][vc_row_inner][vc_column_inner][vc_column_text css=&#8220;&#8220; el_class=&#8220;pluslist&#8220;]Das europ\u00e4ische Zertifizierungssystem &#8222;Responsibly Produced Peat&#8220; (RPP) wurde 2013 mit den folgenden Zielen eingef\u00fchrt:<\/p>\n<ul>\n<li>nat\u00fcrliche Moorb\u00f6den mit hohem Naturschutzwert unangetastet zu lassen und langfristig zu erhalten<\/li>\n<li>kontrollierte Torfgewinnung ausschlie\u00dflich auf bereits entw\u00e4sserten und\/oder zuvor landwirtschaftlich genutzten Fl\u00e4chen zuzulassen<\/li>\n<li>Torf als wertvollen Bestandteil von Kultursubstraten langfristig zu sichern<\/li>\n<\/ul>\n<p>RPP bietet ein zuverl\u00e4ssiges und transparentes Zertifizierungssystem f\u00fcr eine verantwortungsvolle Torfgewinnung. Die Mitgliedsunternehmen und ihre Abbaugebiete werden von einem unabh\u00e4ngigen Auditor im Auftrag der Zertifizierungsorganisation ECAS gepr\u00fcft.<\/p>\n<p>In den letzten Jahren hat Klasmann-Deilmann f\u00fcr den Gro\u00dfteil seiner eigenen Gewinnungsgebiete die RPP-Zertifizierung erhalten. Ende 2024 waren bereits 93,9 % der gesamten Gewinnungsfl\u00e4che RPP-zertifiziert. Damit stammten auch 97,5 % der geernteten Mengen aus RPP-zertifizierten Gebieten.[\/vc_column_text][\/vc_column_inner][\/vc_row_inner][\/vc_tta_section][\/kd_accordion_custom][\/vc_column][\/vc_row][\/vc_section][vc_row css=&#8220;.vc_custom_1628240340416{margin-top: 70px !important;}&#8220;][vc_column][vc_row_inner][vc_column_inner width=&#8220;1\/2&#8243;][vc_column_text css=&#8220;&#8220;]<\/p>\n<h2 style=\"text-align: left;\">Ma\u00dfnahmen nach dem Torfabbau<\/h2>\n<p>Nach Beendigung der Torfgewinnung richten wir die Fl\u00e4chen entsprechend den gesetzlichen Vorgaben her. Derzeit stehen 5.000 ha renaturierte Fl\u00e4chen dauerhaft als Biotope f\u00fcr den Natur- und Klimaschutz zur Verf\u00fcgung.[\/vc_column_text][kd_download_button show_link_download1=&#8220;download&#8220; download1=&#8220;105977&#8243; showinpdfreader=&#8220;true&#8220;][\/vc_column_inner][vc_column_inner width=&#8220;1\/2&#8243;][vc_column_text]<img loading=\"lazy\" decoding=\"async\" class=\"alignnone wp-image-33815 size-full\" src=\"https:\/\/klasmann-deilmann.com\/wp-content\/uploads\/peat_bog_restoration.jpg\" alt=\"\" width=\"2560\" height=\"1920\" srcset=\"https:\/\/klasmann-deilmann.com\/wp-content\/uploads\/peat_bog_restoration.jpg 2560w, https:\/\/klasmann-deilmann.com\/wp-content\/uploads\/peat_bog_restoration-300x225.jpg 300w, https:\/\/klasmann-deilmann.com\/wp-content\/uploads\/peat_bog_restoration-1024x768.jpg 1024w, https:\/\/klasmann-deilmann.com\/wp-content\/uploads\/peat_bog_restoration-768x576.jpg 768w, https:\/\/klasmann-deilmann.com\/wp-content\/uploads\/peat_bog_restoration-1536x1152.jpg 1536w, https:\/\/klasmann-deilmann.com\/wp-content\/uploads\/peat_bog_restoration-2048x1536.jpg 2048w\" sizes=\"auto, (max-width: 2560px) 100vw, 2560px\" \/>[\/vc_column_text][\/vc_column_inner][\/vc_row_inner][\/vc_column][\/vc_row][vc_row css=&#8220;.vc_custom_1629210697188{margin-top: 70px !important;}&#8220;][vc_column][kd_getintouch image=&#8220;32948&#8243;][\/vc_column][\/vc_row]<\/div>\n","protected":false},"excerpt":{"rendered":"<p>[vc_row][vc_column][kd_header_random_image_banner image=&#8220;14831&#8243;][\/kd_header_random_image_banner][\/vc_column][\/vc_row][vc_row][vc_column][vc_row_inner][vc_column_inner][vc_column_text] Nachhaltigkeit \u2013 im Mittelpunkt unserer Unternehmensstrategie Die nachhaltige Entwicklung unseres Unternehmens ist wesentlicher Teil unserer Strategie. \u00dcber unsere Aktivit\u00e4ten berichten wir umfassend und transparent. Wir wollen, dass Politik, \u00d6ffentlichkeit und alle Anspruchsgruppen wissen, wie wir Nachhaltigkeit voranbringen. Und wir wollen das nachhaltigste Unternehmen in der Substratbranche bleiben.[\/vc_column_text][\/vc_column_inner][\/vc_row_inner][\/vc_column][\/vc_row][vc_row][vc_column][vc_row_inner][vc_column_inner width=&#8220;1\/3&#8243;][vc_column_text css=&#8220;&#8220;][\/vc_column_text][\/vc_column_inner][vc_column_inner width=&#8220;2\/3&#8243;][vc_column_text css=&#8220;&#8220;]In unserem Nachhaltigkeitsbericht 2023 blicken wir auf ein Jahrzehnt mit sinkenden Klimabilanzen, stark steigenden Anteilen an nachwachsenden Rohstoffen und wirtschaftlichem Wachstum. Die nachhaltige Transformation unseres Unternehmens gewinnt immer<\/p>\n","protected":false},"author":7,"featured_media":0,"parent":39669,"menu_order":255,"comment_status":"closed","ping_status":"closed","template":"","meta":{"_acf_changed":false,"inline_featured_image":false,"footnotes":""},"class_list":["post-39830","page","type-page","status-publish","hentry"],"acf":[],"yoast_head":"<!-- This site is optimized with the Yoast SEO plugin v27.5 - https:\/\/yoast.com\/product\/yoast-seo-wordpress\/ -->\n<title>Nachhaltigkeit - Klasmann-Deilmann<\/title>\n<meta name=\"robots\" content=\"index, follow, max-snippet:-1, max-image-preview:large, max-video-preview:-1\" \/>\n<link rel=\"canonical\" href=\"https:\/\/klasmann-deilmann.com\/de\/unternehmen\/nachhaltigkeit\/\" \/>\n<meta property=\"og:locale\" content=\"de_DE\" \/>\n<meta property=\"og:type\" content=\"article\" \/>\n<meta property=\"og:title\" content=\"Nachhaltigkeit - Klasmann-Deilmann\" \/>\n<meta property=\"og:description\" content=\"[vc_row][vc_column][kd_header_random_image_banner image=&#8220;14831&#8243;][\/kd_header_random_image_banner][\/vc_column][\/vc_row][vc_row][vc_column][vc_row_inner][vc_column_inner][vc_column_text] Nachhaltigkeit \u2013 im Mittelpunkt unserer Unternehmensstrategie Die nachhaltige Entwicklung unseres Unternehmens ist wesentlicher Teil unserer Strategie. \u00dcber unsere Aktivit\u00e4ten berichten wir umfassend und transparent. Wir wollen, dass Politik, \u00d6ffentlichkeit und alle Anspruchsgruppen wissen, wie wir Nachhaltigkeit voranbringen. Und wir wollen das nachhaltigste Unternehmen in der Substratbranche bleiben.[\/vc_column_text][\/vc_column_inner][\/vc_row_inner][\/vc_column][\/vc_row][vc_row][vc_column][vc_row_inner][vc_column_inner width=&#8220;1\/3&#8243;][vc_column_text css=&#8220;&#8220;][\/vc_column_text][\/vc_column_inner][vc_column_inner width=&#8220;2\/3&#8243;][vc_column_text css=&#8220;&#8220;]In unserem Nachhaltigkeitsbericht 2023 blicken wir auf ein Jahrzehnt mit sinkenden Klimabilanzen, stark steigenden Anteilen an nachwachsenden Rohstoffen und wirtschaftlichem Wachstum. Die nachhaltige Transformation unseres Unternehmens gewinnt immer\" \/>\n<meta property=\"og:url\" content=\"https:\/\/klasmann-deilmann.com\/de\/unternehmen\/nachhaltigkeit\/\" \/>\n<meta property=\"og:site_name\" content=\"Klasmann-Deilmann\" \/>\n<meta property=\"article:modified_time\" content=\"2026-03-23T15:42:06+00:00\" \/>\n<meta property=\"og:image\" content=\"https:\/\/klasmann-deilmann.com\/wp-content\/uploads\/Screenshot_PCF-Kompass.jpg\" \/>\n<meta name=\"twitter:card\" content=\"summary_large_image\" \/>\n<meta name=\"twitter:label1\" content=\"Gesch\u00e4tzte Lesezeit\" \/>\n\t<meta name=\"twitter:data1\" content=\"5\u00a0Minuten\" \/>\n<script type=\"application\/ld+json\" class=\"yoast-schema-graph\">{\"@context\":\"https:\\\/\\\/schema.org\",\"@graph\":[{\"@type\":\"WebPage\",\"@id\":\"https:\\\/\\\/klasmann-deilmann.com\\\/de\\\/unternehmen\\\/nachhaltigkeit\\\/\",\"url\":\"https:\\\/\\\/klasmann-deilmann.com\\\/de\\\/unternehmen\\\/nachhaltigkeit\\\/\",\"name\":\"Nachhaltigkeit - Klasmann-Deilmann\",\"isPartOf\":{\"@id\":\"https:\\\/\\\/klasmann-deilmann.com\\\/en\\\/#website\"},\"primaryImageOfPage\":{\"@id\":\"https:\\\/\\\/klasmann-deilmann.com\\\/de\\\/unternehmen\\\/nachhaltigkeit\\\/#primaryimage\"},\"image\":{\"@id\":\"https:\\\/\\\/klasmann-deilmann.com\\\/de\\\/unternehmen\\\/nachhaltigkeit\\\/#primaryimage\"},\"thumbnailUrl\":\"https:\\\/\\\/klasmann-deilmann.com\\\/wp-content\\\/uploads\\\/Screenshot_PCF-Kompass.jpg\",\"datePublished\":\"2021-11-16T12:23:19+00:00\",\"dateModified\":\"2026-03-23T15:42:06+00:00\",\"breadcrumb\":{\"@id\":\"https:\\\/\\\/klasmann-deilmann.com\\\/de\\\/unternehmen\\\/nachhaltigkeit\\\/#breadcrumb\"},\"inLanguage\":\"de\",\"potentialAction\":[{\"@type\":\"ReadAction\",\"target\":[\"https:\\\/\\\/klasmann-deilmann.com\\\/de\\\/unternehmen\\\/nachhaltigkeit\\\/\"]}]},{\"@type\":\"ImageObject\",\"inLanguage\":\"de\",\"@id\":\"https:\\\/\\\/klasmann-deilmann.com\\\/de\\\/unternehmen\\\/nachhaltigkeit\\\/#primaryimage\",\"url\":\"https:\\\/\\\/klasmann-deilmann.com\\\/wp-content\\\/uploads\\\/Screenshot_PCF-Kompass.jpg\",\"contentUrl\":\"https:\\\/\\\/klasmann-deilmann.com\\\/wp-content\\\/uploads\\\/Screenshot_PCF-Kompass.jpg\"},{\"@type\":\"BreadcrumbList\",\"@id\":\"https:\\\/\\\/klasmann-deilmann.com\\\/de\\\/unternehmen\\\/nachhaltigkeit\\\/#breadcrumb\",\"itemListElement\":[{\"@type\":\"ListItem\",\"position\":1,\"name\":\"Home\",\"item\":\"https:\\\/\\\/klasmann-deilmann.com\\\/de\\\/\"},{\"@type\":\"ListItem\",\"position\":2,\"name\":\"Unternehmen\",\"item\":\"https:\\\/\\\/klasmann-deilmann.com\\\/de\\\/unternehmen\\\/\"},{\"@type\":\"ListItem\",\"position\":3,\"name\":\"Nachhaltigkeit\"}]},{\"@type\":\"WebSite\",\"@id\":\"https:\\\/\\\/klasmann-deilmann.com\\\/en\\\/#website\",\"url\":\"https:\\\/\\\/klasmann-deilmann.com\\\/en\\\/\",\"name\":\"Klasmann-Deilmann\",\"description\":\"\",\"potentialAction\":[{\"@type\":\"SearchAction\",\"target\":{\"@type\":\"EntryPoint\",\"urlTemplate\":\"https:\\\/\\\/klasmann-deilmann.com\\\/en\\\/?s={search_term_string}\"},\"query-input\":{\"@type\":\"PropertyValueSpecification\",\"valueRequired\":true,\"valueName\":\"search_term_string\"}}],\"inLanguage\":\"de\"}]}<\/script>\n<!-- \/ Yoast SEO plugin. -->","yoast_head_json":{"title":"Nachhaltigkeit - Klasmann-Deilmann","robots":{"index":"index","follow":"follow","max-snippet":"max-snippet:-1","max-image-preview":"max-image-preview:large","max-video-preview":"max-video-preview:-1"},"canonical":"https:\/\/klasmann-deilmann.com\/de\/unternehmen\/nachhaltigkeit\/","og_locale":"de_DE","og_type":"article","og_title":"Nachhaltigkeit - Klasmann-Deilmann","og_description":"[vc_row][vc_column][kd_header_random_image_banner image=&#8220;14831&#8243;][\/kd_header_random_image_banner][\/vc_column][\/vc_row][vc_row][vc_column][vc_row_inner][vc_column_inner][vc_column_text] Nachhaltigkeit \u2013 im Mittelpunkt unserer Unternehmensstrategie Die nachhaltige Entwicklung unseres Unternehmens ist wesentlicher Teil unserer Strategie. \u00dcber unsere Aktivit\u00e4ten berichten wir umfassend und transparent. Wir wollen, dass Politik, \u00d6ffentlichkeit und alle Anspruchsgruppen wissen, wie wir Nachhaltigkeit voranbringen. Und wir wollen das nachhaltigste Unternehmen in der Substratbranche bleiben.[\/vc_column_text][\/vc_column_inner][\/vc_row_inner][\/vc_column][\/vc_row][vc_row][vc_column][vc_row_inner][vc_column_inner width=&#8220;1\/3&#8243;][vc_column_text css=&#8220;&#8220;][\/vc_column_text][\/vc_column_inner][vc_column_inner width=&#8220;2\/3&#8243;][vc_column_text css=&#8220;&#8220;]In unserem Nachhaltigkeitsbericht 2023 blicken wir auf ein Jahrzehnt mit sinkenden Klimabilanzen, stark steigenden Anteilen an nachwachsenden Rohstoffen und wirtschaftlichem Wachstum. Die nachhaltige Transformation unseres Unternehmens gewinnt immer","og_url":"https:\/\/klasmann-deilmann.com\/de\/unternehmen\/nachhaltigkeit\/","og_site_name":"Klasmann-Deilmann","article_modified_time":"2026-03-23T15:42:06+00:00","og_image":[{"url":"https:\/\/klasmann-deilmann.com\/wp-content\/uploads\/Screenshot_PCF-Kompass.jpg","type":"","width":"","height":""}],"twitter_card":"summary_large_image","twitter_misc":{"Gesch\u00e4tzte Lesezeit":"5\u00a0Minuten"},"schema":{"@context":"https:\/\/schema.org","@graph":[{"@type":"WebPage","@id":"https:\/\/klasmann-deilmann.com\/de\/unternehmen\/nachhaltigkeit\/","url":"https:\/\/klasmann-deilmann.com\/de\/unternehmen\/nachhaltigkeit\/","name":"Nachhaltigkeit - Klasmann-Deilmann","isPartOf":{"@id":"https:\/\/klasmann-deilmann.com\/en\/#website"},"primaryImageOfPage":{"@id":"https:\/\/klasmann-deilmann.com\/de\/unternehmen\/nachhaltigkeit\/#primaryimage"},"image":{"@id":"https:\/\/klasmann-deilmann.com\/de\/unternehmen\/nachhaltigkeit\/#primaryimage"},"thumbnailUrl":"https:\/\/klasmann-deilmann.com\/wp-content\/uploads\/Screenshot_PCF-Kompass.jpg","datePublished":"2021-11-16T12:23:19+00:00","dateModified":"2026-03-23T15:42:06+00:00","breadcrumb":{"@id":"https:\/\/klasmann-deilmann.com\/de\/unternehmen\/nachhaltigkeit\/#breadcrumb"},"inLanguage":"de","potentialAction":[{"@type":"ReadAction","target":["https:\/\/klasmann-deilmann.com\/de\/unternehmen\/nachhaltigkeit\/"]}]},{"@type":"ImageObject","inLanguage":"de","@id":"https:\/\/klasmann-deilmann.com\/de\/unternehmen\/nachhaltigkeit\/#primaryimage","url":"https:\/\/klasmann-deilmann.com\/wp-content\/uploads\/Screenshot_PCF-Kompass.jpg","contentUrl":"https:\/\/klasmann-deilmann.com\/wp-content\/uploads\/Screenshot_PCF-Kompass.jpg"},{"@type":"BreadcrumbList","@id":"https:\/\/klasmann-deilmann.com\/de\/unternehmen\/nachhaltigkeit\/#breadcrumb","itemListElement":[{"@type":"ListItem","position":1,"name":"Home","item":"https:\/\/klasmann-deilmann.com\/de\/"},{"@type":"ListItem","position":2,"name":"Unternehmen","item":"https:\/\/klasmann-deilmann.com\/de\/unternehmen\/"},{"@type":"ListItem","position":3,"name":"Nachhaltigkeit"}]},{"@type":"WebSite","@id":"https:\/\/klasmann-deilmann.com\/en\/#website","url":"https:\/\/klasmann-deilmann.com\/en\/","name":"Klasmann-Deilmann","description":"","potentialAction":[{"@type":"SearchAction","target":{"@type":"EntryPoint","urlTemplate":"https:\/\/klasmann-deilmann.com\/en\/?s={search_term_string}"},"query-input":{"@type":"PropertyValueSpecification","valueRequired":true,"valueName":"search_term_string"}}],"inLanguage":"de"}]}},"_links":{"self":[{"href":"https:\/\/klasmann-deilmann.com\/de\/wp-json\/wp\/v2\/pages\/39830","targetHints":{"allow":["GET"]}}],"collection":[{"href":"https:\/\/klasmann-deilmann.com\/de\/wp-json\/wp\/v2\/pages"}],"about":[{"href":"https:\/\/klasmann-deilmann.com\/de\/wp-json\/wp\/v2\/types\/page"}],"author":[{"embeddable":true,"href":"https:\/\/klasmann-deilmann.com\/de\/wp-json\/wp\/v2\/users\/7"}],"replies":[{"embeddable":true,"href":"https:\/\/klasmann-deilmann.com\/de\/wp-json\/wp\/v2\/comments?post=39830"}],"version-history":[{"count":22,"href":"https:\/\/klasmann-deilmann.com\/de\/wp-json\/wp\/v2\/pages\/39830\/revisions"}],"predecessor-version":[{"id":105982,"href":"https:\/\/klasmann-deilmann.com\/de\/wp-json\/wp\/v2\/pages\/39830\/revisions\/105982"}],"up":[{"embeddable":true,"href":"https:\/\/klasmann-deilmann.com\/de\/wp-json\/wp\/v2\/pages\/39669"}],"wp:attachment":[{"href":"https:\/\/klasmann-deilmann.com\/de\/wp-json\/wp\/v2\/media?parent=39830"}],"curies":[{"name":"wp","href":"https:\/\/api.w.org\/{rel}","templated":true}]}}