{"id":39696,"date":"2021-11-16T13:19:54","date_gmt":"2021-11-16T12:19:54","guid":{"rendered":"https:\/\/klasmann-deilmann.com\/?page_id=39696"},"modified":"2024-05-06T09:56:13","modified_gmt":"2024-05-06T07:56:13","slug":"ueber-uns","status":"publish","type":"page","link":"https:\/\/klasmann-deilmann.com\/de\/unternehmen\/ueber-uns\/","title":{"rendered":"\u00dcber uns"},"content":{"rendered":"<div class=\"wpb-content-wrapper\">[vc_row][vc_column][vc_column_text]<\/p>\n<p style=\"text-align: left;\">[\/vc_column_text][\/vc_column][\/vc_row][vc_row][vc_column][kd_header_random_image_banner image=&#8220;35067&#8243;][\/kd_header_random_image_banner][\/vc_column][\/vc_row][vc_row full_width=&#8220;stretch_row_content&#8220; equal_height=&#8220;yes&#8220; css=&#8220;.vc_custom_1628582661590{background-color: #44a12b !important;}&#8220;][vc_column width=&#8220;2\/3&#8243;][vc_row_inner][vc_column_inner][vc_column_text]<\/p>\n<h2>Wer wir sind und was wir tun<\/h2>\n<p>Klasmann-Deilmann ist die f\u00fchrende Unternehmensgruppe der internationalen Substratindustrie mit zahlreichen Vertriebs- und Produktionsgesellschaften in Europa, Asien und Amerika sowie einem Netzwerk aus Vertriebs- und Produktionspartnern auf allen Kontinenten. Unsere Kultursubstrate bilden \u00fcberall die wesentliche Grundlage f\u00fcr das Wachstum von Gem\u00fcse, Obst, Speisepilzen, Kr\u00e4utern, Zierpflanzen, B\u00e4umen und Str\u00e4uchern. Sie sichern den Erfolg unserer Partner und Kunden im Produktionsgartenbau und sind wesentlicher Bestandteil der Wertsch\u00f6pfungskette der Ern\u00e4hrungswirtschaft.[\/vc_column_text][\/vc_column_inner][\/vc_row_inner][kd_accordion_custom color=&#8220;kdtextgray&#8220; style=&#8220;flat&#8220; shape=&#8220;square&#8220; collapsible_all=&#8220;true&#8220; c_icon=&#8220;triangle&#8220; active_section=&#8220;99&#8243; no_fill=&#8220;true&#8220;][vc_tta_section title=&#8220;Unser Produktportfolio&#8220; tab_id=&#8220;1637325180674-36d899a7-3301&#8243;][vc_column_text]Unsere Produktportfolio umfasst Kultursubstrate f\u00fcr den Produktionsgartenbau und den Konsumentenbereich, die Rohstoffe Wei\u00df- und Schwarztorf aus eigenen und externen Ressourcen sowie Holzfasern, Gr\u00fcnkompost, Kokos und Perlite aus eigenen Anlagen sowie aus der Produktion eng mit uns verbundener Partnerunternehmen. Dar\u00fcber hinaus vertreiben wir das Anzuchtsystem Growcoon, etablieren uns mit der Online-Plattform Log &amp; Solve als Anbieter digitaler L\u00f6sungen f\u00fcr Gartenbaubetriebe und bieten Torfmoose zur beschleunigten Renaturierung von Moorb\u00f6den an.<\/p>\n<p>Im Bereich der Erneuerbaren Energien vertreiben wir nachwachsende Rohstoffe. Unsere Holzrohstoffe aus eigenen Kurzumtriebsplantagen (KUP) tragen zu einer klimafreundlichen Energieversorgung vor allem im Baltikum bei.[\/vc_column_text][\/vc_tta_section][vc_tta_section title=&#8220;Unser Anspruch&#8220; tab_id=&#8220;1637325180686-7a95ac7e-240c&#8220;][vc_column_text]Wir tragen Verantwortung f\u00fcr Mensch, Umwelt und nachfolgende Generationen. Messen lassen wir uns dabei an international anerkannten Ma\u00dfst\u00e4ben. Die Regeling Handels Potgronden (RHP) \u00fcberwacht unsere Rohstoffe und Produktionsprozesse. Unser Qualit\u00e4tsmanagementsystem ist nach ISO 9001 zertifiziert, unser Umweltmanagementsystem entspricht ISO 14001. Unsere Torfgewinnungsfl\u00e4chen bewirtschaften wir nach den Richtlinien der Responsibly Produced Peat (RPP). Ehemalige Gewinnungsfl\u00e4chen richten wir entsprechend den gesetzlichen und beh\u00f6rdlichen Vorgaben haupts\u00e4chlich durch Wiedervern\u00e4ssung wieder her. Unsere Klimabilanz lassen wir nach ISO 14064 verifizieren und unseren Nachhaltigkeitsbericht erstellen wir gem\u00e4\u00df den GRI Standards 2016 der Global Reporting Initiative.[\/vc_column_text][\/vc_tta_section][vc_tta_section title=&#8220;Unsere Strategie&#8220; tab_id=&#8220;1637325313829-f91972c5-d692&#8243;][vc_column_text]Die strategische Ausrichtung unseres mittelst\u00e4ndisch gepr\u00e4gten Familienunternehmens reicht weit in die Zukunft. Wir wollen der erfolgreichste und nachhaltigste Produzent von Kultursubstraten bleiben. Vor diesem Hintergrund bauen wir unseren Vorsprung in der Entwicklung und Nutzung nachwachsender Rohstoffe, wegweisender Substratmischungen sowie innovativer L\u00f6sungen f\u00fcr den Produktionsgartenbau konsequent weiter aus.[\/vc_column_text][\/vc_tta_section][vc_tta_section title=&#8220;Unser Team&#8220; tab_id=&#8220;1637325369371-a3da8bad-96f4&#8243;][vc_column_text]In allen Aktivit\u00e4ten setzen wir auf unsere Mitarbeiterinnen und Mitarbeiter. Ihre Expertise und ihr Engagement bringen die Nachhaltigkeit unseres Unternehmens und die Zufriedenheit unserer Kunden immer wieder entscheidend voran. Wir f\u00f6rdern ihre Entwicklung und freuen uns \u00fcber die enge Bindung an unser Unternehmen.[\/vc_column_text][\/vc_tta_section][\/kd_accordion_custom][\/vc_column][vc_column width=&#8220;1\/3&#8243; css=&#8220;.vc_custom_1628846035037{background-image: url(https:\/\/klasmann-deilmann.com\/wp-content\/uploads\/Klasmann-Deilmann_Z192953_medium-scaled.jpg?id=35370) !important;background-position: center !important;background-repeat: no-repeat !important;background-size: cover !important;}&#8220;][\/vc_column][\/vc_row][vc_row css=&#8220;.vc_custom_1628588089279{padding-top: 70px !important;}&#8220;][vc_column][vc_row_inner][vc_column_inner width=&#8220;2\/3&#8243;][vc_column_text]<\/p>\n<h2>Innovation als Tradition<\/h2>\n<p>[\/vc_column_text][\/vc_column_inner][\/vc_row_inner][vc_row_inner][vc_column_inner][kd_timeline][\/vc_column_inner][\/vc_row_inner][\/vc_column][\/vc_row][vc_row css=&#8220;.vc_custom_1628522595379{padding-bottom: 50px !important;background-color: #f0f0ed !important;}&#8220;][vc_column][vc_row_inner][vc_column_inner][vc_column_text]<\/p>\n<h2 style=\"text-align: left; color: #44a12b;\">\u00dcberblick \u00fcber unsere Gesch\u00e4ftsfelder<\/h2>\n<p>[\/vc_column_text][vc_single_image image=&#8220;83918&#8243; img_size=&#8220;full&#8220; alignment=&#8220;center&#8220; css=&#8220;.vc_custom_1714982165927{padding-top: 30px !important;}&#8220;][\/vc_column_inner][\/vc_row_inner][\/vc_column][\/vc_row][vc_row full_width=&#8220;stretch_row_content_no_spaces&#8220; css=&#8220;.vc_custom_1628587859027{padding-top: 50px !important;padding-bottom: 50px !important;}&#8220;][vc_column css=&#8220;.vc_custom_1628523242409{margin-top: 30px !important;}&#8220;][kd_getintouch image=&#8220;32948&#8243; background_color=&#8220;kdorange&#8220;][\/vc_column][\/vc_row]<\/p><\/div>\n","protected":false},"excerpt":{"rendered":"<p>[vc_row][vc_column][vc_column_text] [\/vc_column_text][\/vc_column][\/vc_row][vc_row][vc_column][kd_header_random_image_banner image=&#8220;35067&#8243;][\/kd_header_random_image_banner][\/vc_column][\/vc_row][vc_row full_width=&#8220;stretch_row_content&#8220; equal_height=&#8220;yes&#8220; css=&#8220;.vc_custom_1628582661590{background-color: #44a12b !important;}&#8220;][vc_column width=&#8220;2\/3&#8243;][vc_row_inner][vc_column_inner][vc_column_text] Wer wir sind und was wir tun Klasmann-Deilmann ist die f\u00fchrende Unternehmensgruppe der internationalen Substratindustrie mit zahlreichen Vertriebs- und Produktionsgesellschaften in Europa, Asien und Amerika sowie einem Netzwerk aus Vertriebs- und Produktionspartnern auf allen Kontinenten. Unsere Kultursubstrate bilden \u00fcberall die wesentliche Grundlage f\u00fcr das Wachstum von Gem\u00fcse, Obst, Speisepilzen, Kr\u00e4utern, Zierpflanzen, B\u00e4umen und Str\u00e4uchern. Sie sichern den Erfolg unserer Partner und Kunden im Produktionsgartenbau und sind wesentlicher Bestandteil der Wertsch\u00f6pfungskette der<\/p>\n","protected":false},"author":7,"featured_media":0,"parent":39669,"menu_order":233,"comment_status":"closed","ping_status":"closed","template":"","meta":{"_acf_changed":false,"inline_featured_image":false,"footnotes":""},"class_list":["post-39696","page","type-page","status-publish","hentry"],"acf":[],"yoast_head":"<!-- This site is optimized with the Yoast SEO plugin v27.4 - https:\/\/yoast.com\/product\/yoast-seo-wordpress\/ -->\n<title>\u00dcber uns - Klasmann-Deilmann<\/title>\n<meta name=\"robots\" content=\"index, follow, max-snippet:-1, max-image-preview:large, max-video-preview:-1\" \/>\n<link rel=\"canonical\" href=\"https:\/\/klasmann-deilmann.com\/de\/unternehmen\/ueber-uns\/\" \/>\n<meta property=\"og:locale\" content=\"de_DE\" \/>\n<meta property=\"og:type\" content=\"article\" \/>\n<meta property=\"og:title\" content=\"\u00dcber uns - Klasmann-Deilmann\" \/>\n<meta property=\"og:description\" content=\"[vc_row][vc_column][vc_column_text] [\/vc_column_text][\/vc_column][\/vc_row][vc_row][vc_column][kd_header_random_image_banner image=&#8220;35067&#8243;][\/kd_header_random_image_banner][\/vc_column][\/vc_row][vc_row full_width=&#8220;stretch_row_content&#8220; equal_height=&#8220;yes&#8220; css=&#8220;.vc_custom_1628582661590{background-color: #44a12b !important;}&#8220;][vc_column width=&#8220;2\/3&#8243;][vc_row_inner][vc_column_inner][vc_column_text] Wer wir sind und was wir tun Klasmann-Deilmann ist die f\u00fchrende Unternehmensgruppe der internationalen Substratindustrie mit zahlreichen Vertriebs- und Produktionsgesellschaften in Europa, Asien und Amerika sowie einem Netzwerk aus Vertriebs- und Produktionspartnern auf allen Kontinenten. Unsere Kultursubstrate bilden \u00fcberall die wesentliche Grundlage f\u00fcr das Wachstum von Gem\u00fcse, Obst, Speisepilzen, Kr\u00e4utern, Zierpflanzen, B\u00e4umen und Str\u00e4uchern. Sie sichern den Erfolg unserer Partner und Kunden im Produktionsgartenbau und sind wesentlicher Bestandteil der Wertsch\u00f6pfungskette der\" \/>\n<meta property=\"og:url\" content=\"https:\/\/klasmann-deilmann.com\/de\/unternehmen\/ueber-uns\/\" \/>\n<meta property=\"og:site_name\" content=\"Klasmann-Deilmann\" \/>\n<meta property=\"article:modified_time\" content=\"2024-05-06T07:56:13+00:00\" \/>\n<meta name=\"twitter:card\" content=\"summary_large_image\" \/>\n<meta name=\"twitter:label1\" content=\"Gesch\u00e4tzte Lesezeit\" \/>\n\t<meta name=\"twitter:data1\" content=\"2\u00a0Minuten\" \/>\n<script type=\"application\/ld+json\" class=\"yoast-schema-graph\">{\"@context\":\"https:\\\/\\\/schema.org\",\"@graph\":[{\"@type\":\"WebPage\",\"@id\":\"https:\\\/\\\/klasmann-deilmann.com\\\/de\\\/unternehmen\\\/ueber-uns\\\/\",\"url\":\"https:\\\/\\\/klasmann-deilmann.com\\\/de\\\/unternehmen\\\/ueber-uns\\\/\",\"name\":\"\u00dcber uns - Klasmann-Deilmann\",\"isPartOf\":{\"@id\":\"https:\\\/\\\/klasmann-deilmann.com\\\/en\\\/#website\"},\"datePublished\":\"2021-11-16T12:19:54+00:00\",\"dateModified\":\"2024-05-06T07:56:13+00:00\",\"breadcrumb\":{\"@id\":\"https:\\\/\\\/klasmann-deilmann.com\\\/de\\\/unternehmen\\\/ueber-uns\\\/#breadcrumb\"},\"inLanguage\":\"de\",\"potentialAction\":[{\"@type\":\"ReadAction\",\"target\":[\"https:\\\/\\\/klasmann-deilmann.com\\\/de\\\/unternehmen\\\/ueber-uns\\\/\"]}]},{\"@type\":\"BreadcrumbList\",\"@id\":\"https:\\\/\\\/klasmann-deilmann.com\\\/de\\\/unternehmen\\\/ueber-uns\\\/#breadcrumb\",\"itemListElement\":[{\"@type\":\"ListItem\",\"position\":1,\"name\":\"Home\",\"item\":\"https:\\\/\\\/klasmann-deilmann.com\\\/de\\\/\"},{\"@type\":\"ListItem\",\"position\":2,\"name\":\"Unternehmen\",\"item\":\"https:\\\/\\\/klasmann-deilmann.com\\\/de\\\/unternehmen\\\/\"},{\"@type\":\"ListItem\",\"position\":3,\"name\":\"\u00dcber uns\"}]},{\"@type\":\"WebSite\",\"@id\":\"https:\\\/\\\/klasmann-deilmann.com\\\/en\\\/#website\",\"url\":\"https:\\\/\\\/klasmann-deilmann.com\\\/en\\\/\",\"name\":\"Klasmann-Deilmann\",\"description\":\"\",\"potentialAction\":[{\"@type\":\"SearchAction\",\"target\":{\"@type\":\"EntryPoint\",\"urlTemplate\":\"https:\\\/\\\/klasmann-deilmann.com\\\/en\\\/?s={search_term_string}\"},\"query-input\":{\"@type\":\"PropertyValueSpecification\",\"valueRequired\":true,\"valueName\":\"search_term_string\"}}],\"inLanguage\":\"de\"}]}<\/script>\n<!-- \/ Yoast SEO plugin. -->","yoast_head_json":{"title":"\u00dcber uns - Klasmann-Deilmann","robots":{"index":"index","follow":"follow","max-snippet":"max-snippet:-1","max-image-preview":"max-image-preview:large","max-video-preview":"max-video-preview:-1"},"canonical":"https:\/\/klasmann-deilmann.com\/de\/unternehmen\/ueber-uns\/","og_locale":"de_DE","og_type":"article","og_title":"\u00dcber uns - Klasmann-Deilmann","og_description":"[vc_row][vc_column][vc_column_text] [\/vc_column_text][\/vc_column][\/vc_row][vc_row][vc_column][kd_header_random_image_banner image=&#8220;35067&#8243;][\/kd_header_random_image_banner][\/vc_column][\/vc_row][vc_row full_width=&#8220;stretch_row_content&#8220; equal_height=&#8220;yes&#8220; css=&#8220;.vc_custom_1628582661590{background-color: #44a12b !important;}&#8220;][vc_column width=&#8220;2\/3&#8243;][vc_row_inner][vc_column_inner][vc_column_text] Wer wir sind und was wir tun Klasmann-Deilmann ist die f\u00fchrende Unternehmensgruppe der internationalen Substratindustrie mit zahlreichen Vertriebs- und Produktionsgesellschaften in Europa, Asien und Amerika sowie einem Netzwerk aus Vertriebs- und Produktionspartnern auf allen Kontinenten. Unsere Kultursubstrate bilden \u00fcberall die wesentliche Grundlage f\u00fcr das Wachstum von Gem\u00fcse, Obst, Speisepilzen, Kr\u00e4utern, Zierpflanzen, B\u00e4umen und Str\u00e4uchern. Sie sichern den Erfolg unserer Partner und Kunden im Produktionsgartenbau und sind wesentlicher Bestandteil der Wertsch\u00f6pfungskette der","og_url":"https:\/\/klasmann-deilmann.com\/de\/unternehmen\/ueber-uns\/","og_site_name":"Klasmann-Deilmann","article_modified_time":"2024-05-06T07:56:13+00:00","twitter_card":"summary_large_image","twitter_misc":{"Gesch\u00e4tzte Lesezeit":"2\u00a0Minuten"},"schema":{"@context":"https:\/\/schema.org","@graph":[{"@type":"WebPage","@id":"https:\/\/klasmann-deilmann.com\/de\/unternehmen\/ueber-uns\/","url":"https:\/\/klasmann-deilmann.com\/de\/unternehmen\/ueber-uns\/","name":"\u00dcber uns - Klasmann-Deilmann","isPartOf":{"@id":"https:\/\/klasmann-deilmann.com\/en\/#website"},"datePublished":"2021-11-16T12:19:54+00:00","dateModified":"2024-05-06T07:56:13+00:00","breadcrumb":{"@id":"https:\/\/klasmann-deilmann.com\/de\/unternehmen\/ueber-uns\/#breadcrumb"},"inLanguage":"de","potentialAction":[{"@type":"ReadAction","target":["https:\/\/klasmann-deilmann.com\/de\/unternehmen\/ueber-uns\/"]}]},{"@type":"BreadcrumbList","@id":"https:\/\/klasmann-deilmann.com\/de\/unternehmen\/ueber-uns\/#breadcrumb","itemListElement":[{"@type":"ListItem","position":1,"name":"Home","item":"https:\/\/klasmann-deilmann.com\/de\/"},{"@type":"ListItem","position":2,"name":"Unternehmen","item":"https:\/\/klasmann-deilmann.com\/de\/unternehmen\/"},{"@type":"ListItem","position":3,"name":"\u00dcber uns"}]},{"@type":"WebSite","@id":"https:\/\/klasmann-deilmann.com\/en\/#website","url":"https:\/\/klasmann-deilmann.com\/en\/","name":"Klasmann-Deilmann","description":"","potentialAction":[{"@type":"SearchAction","target":{"@type":"EntryPoint","urlTemplate":"https:\/\/klasmann-deilmann.com\/en\/?s={search_term_string}"},"query-input":{"@type":"PropertyValueSpecification","valueRequired":true,"valueName":"search_term_string"}}],"inLanguage":"de"}]}},"_links":{"self":[{"href":"https:\/\/klasmann-deilmann.com\/de\/wp-json\/wp\/v2\/pages\/39696","targetHints":{"allow":["GET"]}}],"collection":[{"href":"https:\/\/klasmann-deilmann.com\/de\/wp-json\/wp\/v2\/pages"}],"about":[{"href":"https:\/\/klasmann-deilmann.com\/de\/wp-json\/wp\/v2\/types\/page"}],"author":[{"embeddable":true,"href":"https:\/\/klasmann-deilmann.com\/de\/wp-json\/wp\/v2\/users\/7"}],"replies":[{"embeddable":true,"href":"https:\/\/klasmann-deilmann.com\/de\/wp-json\/wp\/v2\/comments?post=39696"}],"version-history":[{"count":29,"href":"https:\/\/klasmann-deilmann.com\/de\/wp-json\/wp\/v2\/pages\/39696\/revisions"}],"predecessor-version":[{"id":84352,"href":"https:\/\/klasmann-deilmann.com\/de\/wp-json\/wp\/v2\/pages\/39696\/revisions\/84352"}],"up":[{"embeddable":true,"href":"https:\/\/klasmann-deilmann.com\/de\/wp-json\/wp\/v2\/pages\/39669"}],"wp:attachment":[{"href":"https:\/\/klasmann-deilmann.com\/de\/wp-json\/wp\/v2\/media?parent=39696"}],"curies":[{"name":"wp","href":"https:\/\/api.w.org\/{rel}","templated":true}]}}