{"id":39617,"date":"2021-11-16T11:57:40","date_gmt":"2021-11-16T10:57:40","guid":{"rendered":"https:\/\/klasmann-deilmann.com\/?page_id=39617"},"modified":"2021-11-23T11:52:08","modified_gmt":"2021-11-23T10:52:08","slug":"forstpflanzen","status":"publish","type":"page","link":"https:\/\/klasmann-deilmann.com\/de\/anwendungsfelder\/forstpflanzen\/","title":{"rendered":"Forstpflanzen"},"content":{"rendered":"<div class=\"wpb-content-wrapper\">[vc_row][vc_column][kd_header_random_image_banner image=&#8220;34513&#8243;][\/kd_header_random_image_banner][\/vc_column][\/vc_row][vc_row css=&#8220;.vc_custom_1627996958238{padding-bottom: 50px !important;}&#8220;][vc_column][vc_row_inner][vc_column_inner][vc_column_text]<\/p>\n<h2>ADVANCED-Substrate f\u00fcr Forstpflanzen<\/h2>\n<p>[\/vc_column_text][\/vc_column_inner][\/vc_row_inner][vc_row_inner][vc_column_inner][vc_column_text]<\/p>\n<h3>Perfekte Forstjungpflanzen in Trays<\/h3>\n<p>[\/vc_column_text][\/vc_column_inner][vc_column_inner width=&#8220;1\/2&#8243;][vc_column_text]Die Aufzucht von robusten, qualitativ hochwertigen Forstjungpflanzen gewinnt zunehmend an Bedeutung. W\u00e4hrend Forstpflanzen fr\u00fcher in der Regel direkt im Boden angezogen wurden, hat sich der Trend inzwischen zu Ballenware aus Aussaatkisten verschoben. Die Gr\u00fcnde f\u00fcr diesen Wandel sind vielf\u00e4ltig: Der gesch\u00fctzte Anbau erm\u00f6glicht schnell wachsende, gesunde und sehr homogene Jungpflanzen mit geringer Ausfallrate. Tray-gezogene Jungpflanzen werden verwendet, um das Pflanzfenster in Aufforstungsfl\u00e4chen zu vergr\u00f6\u00dfern sowie eine Pflanzung in Gebieten mit schwierigen Wachstumsbedingungen (z. B. aufgrund von H\u00f6henlage, Temperaturen etc.) zu erm\u00f6glichen.<\/p>\n<p>Wir haben geeignete Substrate entwickelt, die den Anforderungen von Nadelh\u00f6lzern (Fichte, Kiefer, Douglasie etc.) und Laubholz (Buchen, Eukalyptus etc.) entsprechen. Auch f\u00fcr Plantagenkulturen wie Kaffee oder Bananen sind geeignete Kultursubstrate und spezielle Abdeckmaterialien erh\u00e4ltlich.[\/vc_column_text][\/vc_column_inner][vc_column_inner width=&#8220;1\/2&#8243;][vc_column_text]ADVANCED-Substrate f\u00fcr Forst- und Plantagenkulturen sind gebrauchsfertig und basieren auf strukturstabilem Wei\u00dftorf mit geringem Feinanteil sowie Perlite oder GreenFibre. Grundd\u00fcngung sowie pH-Einstellung des Substrates k\u00f6nnen exakt auf die Bed\u00fcrfnisse der Pflanzart eingestellt werden und f\u00fchren zu sehr gesunden und homogenen Jungpflanzenbest\u00e4nden f\u00fcr eine hervorragende Entwicklung nach dem Auspflanzen im Forst. ADVANCED-Substrate sorgen f\u00fcr eine gute Durchl\u00fcftung, eine bessere Wurzelentwicklung und eine geringere Kohlenstoffemission.<\/p>\n<p>Einfach ADVANCED[\/vc_column_text][\/vc_column_inner][\/vc_row_inner][\/vc_column][\/vc_row][vc_section css=&#8220;.vc_custom_1628168027406{margin-top: -60px !important;}&#8220;][vc_row][vc_column width=&#8220;1\/2&#8243;][kd_accordion_custom color=&#8220;kdlightgray&#8220; shape=&#8220;square&#8220; collapsible_all=&#8220;true&#8220; active_section=&#8220;99&#8243;][vc_tta_section title=&#8220;TS1 fein + 15 % Perlite (419)&#8220; tab_id=&#8220;1628162971202-49d2226f-6c6616287552300511628856064683&#8243;][vc_row_inner][vc_column_inner width=&#8220;1\/2&#8243; css=&#8220;.vc_custom_1628232877073{padding-left: 30px !important;}&#8220;][vc_column_text]<img loading=\"lazy\" decoding=\"async\" width=\"1389\" height=\"1659\" class=\"alignnone size-full wp-image-33168\" src=\"\/wp-content\/uploads\/kd_ts1_packshot_220922.png\" alt=\"\" srcset=\"https:\/\/klasmann-deilmann.com\/wp-content\/uploads\/kd_ts1_packshot_220922.png 1389w, https:\/\/klasmann-deilmann.com\/wp-content\/uploads\/kd_ts1_packshot_220922-251x300.png 251w, https:\/\/klasmann-deilmann.com\/wp-content\/uploads\/kd_ts1_packshot_220922-857x1024.png 857w, https:\/\/klasmann-deilmann.com\/wp-content\/uploads\/kd_ts1_packshot_220922-768x917.png 768w, https:\/\/klasmann-deilmann.com\/wp-content\/uploads\/kd_ts1_packshot_220922-1286x1536.png 1286w\" sizes=\"auto, (max-width: 1389px) 100vw, 1389px\" \/>[\/vc_column_text][\/vc_column_inner][vc_column_inner width=&#8220;1\/2&#8243; css=&#8220;.vc_custom_1628232893555{padding-top: 60px !important;}&#8220;][vc_column_text el_class=&#8220;pluslist&#8220;]<\/p>\n<ul>\n<li>Eigenschaften: Sehr leichtes, rieself\u00e4higes Universalsubstrat mit hoher Drainagef\u00e4higkeit<\/li>\n<li>Verwendung: Forstjungpflanzen, Gem\u00fcsejungpflanzen, Tabakjungpflanzen<\/li>\n<\/ul>\n<p>[\/vc_column_text][kd_download_button show_link_download1=&#8220;link&#8220; link1=&#8220;url:https%3A%2F%2Fklasmann-deilmann.com%2Fde%2Fanwendungsfelder%2Fforstpflanzen%2Fforstwirtschaftliche-pflanzen-substrate%2F%23ts1-fine-perlite|title:Mehr%20erfahren&#8220;][\/vc_column_inner][\/vc_row_inner][\/vc_tta_section][\/kd_accordion_custom][kd_accordion_custom color=&#8220;kdlightgray&#8220; shape=&#8220;square&#8220; collapsible_all=&#8220;true&#8220; active_section=&#8220;99&#8243;][vc_tta_section title=&#8220;TS 3 fein + 20 % GreenFibre\u00ae (5Q4)&#8220; tab_id=&#8220;1628170515775-2dca5936-cf1a16286080902781628856179516&#8243;][vc_row_inner][vc_column_inner width=&#8220;1\/2&#8243;][vc_column_text]<img loading=\"lazy\" decoding=\"async\" width=\"1389\" height=\"1659\" class=\"alignnone size-full wp-image-33108\" src=\"\/wp-content\/uploads\/kd_ts3_packshot.png\" alt=\"\" srcset=\"https:\/\/klasmann-deilmann.com\/wp-content\/uploads\/kd_ts3_packshot.png 1389w, https:\/\/klasmann-deilmann.com\/wp-content\/uploads\/kd_ts3_packshot-251x300.png 251w, https:\/\/klasmann-deilmann.com\/wp-content\/uploads\/kd_ts3_packshot-857x1024.png 857w, https:\/\/klasmann-deilmann.com\/wp-content\/uploads\/kd_ts3_packshot-768x917.png 768w, https:\/\/klasmann-deilmann.com\/wp-content\/uploads\/kd_ts3_packshot-1286x1536.png 1286w\" sizes=\"auto, (max-width: 1389px) 100vw, 1389px\" \/>[\/vc_column_text][\/vc_column_inner][vc_column_inner width=&#8220;1\/2&#8243; css=&#8220;.vc_custom_1628233129626{padding-top: 60px !important;}&#8220;][vc_column_text el_class=&#8220;pluslist&#8220;]<\/p>\n<ul>\n<li>Eigenschaften: Hohe Wasserkapazit\u00e4t kombiniert mit stabiler Struktur durch GreenFibre\u00ae<\/li>\n<li>Verwendung: Forstjungpflanzen, Aussaat von Zierpflanzen und Gem\u00fcse<\/li>\n<\/ul>\n<p>[\/vc_column_text][kd_download_button show_link_download1=&#8220;link&#8220; link1=&#8220;url:https%3A%2F%2Fklasmann-deilmann.com%2Fde%2Fanwendungsfelder%2Fforstpflanzen%2Fforstwirtschaftliche-pflanzen-substrate%2F%23ts3-fine-greenfibre|title:Mehr%20erfahren&#8220;][\/vc_column_inner][\/vc_row_inner][\/vc_tta_section][\/kd_accordion_custom][\/vc_column][vc_column width=&#8220;1\/2&#8243;][kd_accordion_custom color=&#8220;kdlightgray&#8220; shape=&#8220;square&#8220; collapsible_all=&#8220;true&#8220; active_section=&#8220;99&#8243;][vc_tta_section title=&#8220;TS 1 fein + GreenFibre\u00ae (6X3)&#8220; tab_id=&#8220;1628162998315-53b4ac56-49b016286080902781628856129352&#8243;][vc_row_inner][vc_column_inner width=&#8220;1\/2&#8243; css=&#8220;.vc_custom_1628232967494{padding-left: 30px !important;}&#8220;][vc_column_text]<img loading=\"lazy\" decoding=\"async\" width=\"1389\" height=\"1659\" class=\"alignnone size-full wp-image-33168\" src=\"\/wp-content\/uploads\/kd_ts1_packshot_220922.png\" alt=\"\" srcset=\"https:\/\/klasmann-deilmann.com\/wp-content\/uploads\/kd_ts1_packshot_220922.png 1389w, https:\/\/klasmann-deilmann.com\/wp-content\/uploads\/kd_ts1_packshot_220922-251x300.png 251w, https:\/\/klasmann-deilmann.com\/wp-content\/uploads\/kd_ts1_packshot_220922-857x1024.png 857w, https:\/\/klasmann-deilmann.com\/wp-content\/uploads\/kd_ts1_packshot_220922-768x917.png 768w, https:\/\/klasmann-deilmann.com\/wp-content\/uploads\/kd_ts1_packshot_220922-1286x1536.png 1286w\" sizes=\"auto, (max-width: 1389px) 100vw, 1389px\" \/>[\/vc_column_text][\/vc_column_inner][vc_column_inner width=&#8220;1\/2&#8243; css=&#8220;.vc_custom_1628233009402{padding-top: 60px !important;}&#8220;][vc_column_text el_class=&#8220;pluslist&#8220;]<\/p>\n<ul>\n<li>Eigenschaften: Sehr leichtes, rieself\u00e4higes Universalsubstrat. Geeignet f\u00fcr automatische F\u00fclllinien<\/li>\n<li>Verwendung: Forstjungpflanzen, Aussaat von Zierpflanzen und Gem\u00fcse<\/li>\n<\/ul>\n<p>[\/vc_column_text][kd_download_button show_link_download1=&#8220;link&#8220; link1=&#8220;url:https%3A%2F%2Fklasmann-deilmann.com%2Fde%2Fanwendungsfelder%2Fforstpflanzen%2Fforstwirtschaftliche-pflanzen-substrate%2F%23ts1-fine-greenfibre|title:Mehr%20erfahren&#8220;][\/vc_column_inner][\/vc_row_inner][\/vc_tta_section][\/kd_accordion_custom][kd_download_button show_link_download1=&#8220;download&#8220; download1=&#8220;36743&#8243; showinpdfreader=&#8220;true&#8220;][\/vc_column][\/vc_row][\/vc_section][vc_row css=&#8220;.vc_custom_1628856336833{margin-top: 70px !important;}&#8220;][vc_column][vc_row_inner][vc_column_inner width=&#8220;1\/2&#8243;][vc_column_text]<\/p>\n<h2>Be innovative. Be ADVANCED.<\/h2>\n<p>[\/vc_column_text][vc_column_text]Wir bearbeiten unsere feine GreenFibre\u00ae in speziellen M\u00fchlen, um eine besonders feine, gut flie\u00dff\u00e4hige Struktur zu erhalten. Dies gew\u00e4hrleistet eine perfekte Durchmischung mit gleichm\u00e4\u00dfiger Verteilung im Vermehrungssubstrat. GreenFibre\u00ae er\u00f6ffnet uns neue M\u00f6glichkeiten und hat zu einem fortschrittlichen Konzept f\u00fcr unsere Vermehrungssubstrate gef\u00fchrt. Ein Anteil von 15 bis 20 Volumenprozent im Substrat kann sicher eingesetzt werden, da die Stickstoffbilanz von GreenFibre\u00ae sehr stabil ist. Eine praxis\u00fcbliche, regelm\u00e4\u00dfige Nachd\u00fcngung idealerweise mit hohem Nitratanteil f\u00fchrt zu sehr guten Kulturergebnissen.[\/vc_column_text][kd_download_button show_link_download1=&#8220;link&#8220; link1=&#8220;url:https%3A%2F%2Fklasmann-deilmann.com%2Fde%2Fprodukte-loesungen%2Frohstoffe%2Fgreenfibre%2F|title:Unsere%20Holzfaser%20GreenFibre%C2%AE&#8220;][\/vc_column_inner][vc_column_inner width=&#8220;1\/2&#8243;][vc_column_text]<img loading=\"lazy\" decoding=\"async\" width=\"1024\" height=\"674\" class=\"alignnone size-large wp-image-33312\" src=\"\/wp-content\/uploads\/KD-11-2017-32-1024x674.jpg\" alt=\"\" srcset=\"https:\/\/klasmann-deilmann.com\/wp-content\/uploads\/KD-11-2017-32-1024x674.jpg 1024w, https:\/\/klasmann-deilmann.com\/wp-content\/uploads\/KD-11-2017-32-300x198.jpg 300w, https:\/\/klasmann-deilmann.com\/wp-content\/uploads\/KD-11-2017-32-768x506.jpg 768w, https:\/\/klasmann-deilmann.com\/wp-content\/uploads\/KD-11-2017-32-1536x1011.jpg 1536w, https:\/\/klasmann-deilmann.com\/wp-content\/uploads\/KD-11-2017-32-2048x1349.jpg 2048w\" sizes=\"auto, (max-width: 1024px) 100vw, 1024px\" \/>[\/vc_column_text][\/vc_column_inner][\/vc_row_inner][\/vc_column][\/vc_row][vc_section][vc_row][vc_column][kd_accordion_custom color=&#8220;kdgreen&#8220; shape=&#8220;square&#8220; gap=&#8220;20&#8243; collapsible_all=&#8220;true&#8220; active_section=&#8220;99&#8243;][vc_tta_section title=&#8220;Perlite&#8220; tab_id=&#8220;terraktiv-plus16286081513511628855333296&#8243;][vc_row_inner][vc_column_inner width=&#8220;1\/2&#8243;][vc_column_text el_class=&#8220;pluslist&#8220;]<\/p>\n<h4>Hergestellt von Klasmann-Deilmann \u2013 Qualit\u00e4ts-Perlite f\u00fcr den Gartenbau<\/h4>\n<p>&nbsp;<br \/>\nIm Jahr 2021 haben wir damit begonnen, in unserer neu errichteten Fabrik in Litauen selbst Perlite von h\u00f6herer Qualit\u00e4t f\u00fcr den Gartenbau herzustellen. Die Vorteile liegen auf der Hand:<br \/>\n&nbsp;<\/p>\n<ul>\n<li>Verbesserte Perlite-Verf\u00fcgbarkeit f\u00fcr unsere Substratfabriken, um die steigende Nachfrage in Zukunft decken zu k\u00f6nnen<\/li>\n<li>Macht unsere Produktion unabh\u00e4ngiger von Lieferengp\u00e4ssen<\/li>\n<li>Lokale Produktion reduziert den Transportaufwand und damit den \u00f6kologischen Fu\u00dfabdruck<\/li>\n<li>Preislich attraktiver Bestandteil von Vermehrungs- und Topfsubstraten f\u00fcr den Erwerbsgartenbau<\/li>\n<\/ul>\n<p>[\/vc_column_text][\/vc_column_inner][vc_column_inner width=&#8220;1\/2&#8243;][vc_column_text]<img loading=\"lazy\" decoding=\"async\" class=\"alignnone wp-image-34755 size-full\" src=\"https:\/\/klasmann-deilmann.com\/wp-content\/uploads\/MAZ-2016-1-Litauen-Fabrik-V-I-e1633351601531.jpg\" alt=\"\" width=\"742\" height=\"540\" srcset=\"https:\/\/klasmann-deilmann.com\/wp-content\/uploads\/MAZ-2016-1-Litauen-Fabrik-V-I-e1633351601531.jpg 742w, https:\/\/klasmann-deilmann.com\/wp-content\/uploads\/MAZ-2016-1-Litauen-Fabrik-V-I-e1633351601531-300x218.jpg 300w\" sizes=\"auto, (max-width: 742px) 100vw, 742px\" \/>[\/vc_column_text][\/vc_column_inner][\/vc_row_inner][vc_row_inner][vc_column_inner width=&#8220;1\/2&#8243;][vc_column_text]<img loading=\"lazy\" decoding=\"async\" class=\"alignnone wp-image-36699 size-full\" src=\"https:\/\/klasmann-deilmann.com\/wp-content\/uploads\/perlite.jpg\" alt=\"\" width=\"2560\" height=\"1707\" srcset=\"https:\/\/klasmann-deilmann.com\/wp-content\/uploads\/perlite.jpg 2560w, https:\/\/klasmann-deilmann.com\/wp-content\/uploads\/perlite-300x200.jpg 300w, https:\/\/klasmann-deilmann.com\/wp-content\/uploads\/perlite-1024x683.jpg 1024w, https:\/\/klasmann-deilmann.com\/wp-content\/uploads\/perlite-768x512.jpg 768w, https:\/\/klasmann-deilmann.com\/wp-content\/uploads\/perlite-1536x1024.jpg 1536w, https:\/\/klasmann-deilmann.com\/wp-content\/uploads\/perlite-2048x1366.jpg 2048w\" sizes=\"auto, (max-width: 2560px) 100vw, 2560px\" \/>[\/vc_column_text][\/vc_column_inner][vc_column_inner width=&#8220;1\/2&#8243;][vc_column_text]<\/p>\n<h4>Warum Perlite?<\/h4>\n<p>&nbsp;<br \/>\nPerlite \u2026<\/p>\n<p>&#8230; erh\u00f6ht die Luftkapazit\u00e4t und Drainage im Substrat<br \/>\n&#8230; verhindert Staun\u00e4sse<br \/>\n&#8230; bietet hervorragende Strukturstabilit\u00e4t<br \/>\n&#8230; ist pH-neutral und hat einen sehr niedrigen Salzgehalt<br \/>\n&#8230; ist ideal f\u00fcr die Verwendung in Vermehrungs- und Topfsubstraten, wenn eine starke Drainage erforderlich ist[\/vc_column_text][\/vc_column_inner][\/vc_row_inner][\/vc_tta_section][\/kd_accordion_custom][\/vc_column][\/vc_row][\/vc_section][vc_row css=&#8220;.vc_custom_1628856376821{padding-top: 30px !important;padding-bottom: 70px !important;background-color: #414345 !important;}&#8220;][vc_column][vc_row_inner][vc_column_inner width=&#8220;1\/2&#8243;][vc_column_text]<img decoding=\"async\" class=\"alignnone size-full wp-image-35669\" src=\"\/wp-content\/uploads\/iStock-698257550.jpg\" alt=\"\" \/>[\/vc_column_text][\/vc_column_inner][vc_column_inner width=&#8220;1\/2&#8243;][vc_column_text]<\/p>\n<h2>Vorteile von ADVANCED-Substraten mit GreenFibre\u00ae<\/h2>\n<p>[\/vc_column_text][vc_column_text el_class=&#8220;pluslist&#8220;]<\/p>\n<ul>\n<li>Bessere Durchl\u00fcftung und bessere Drainage der Wurzelzone, dadurch weniger Probleme mit Staun\u00e4sse<\/li>\n<li>Verbesserte Anfangsentwicklung der Wurzeln und Jungpflanzen<\/li>\n<li>Bessere Homogenit\u00e4t der Jungpflanzen in Trays<\/li>\n<li>Schnelleres Abtrocknen der Substratoberfl\u00e4che, dadurch weniger Befall der Jungpflanzen mit Wurzelkrankheiten sowie weniger Algen und Moos auf der Substratoberfl\u00e4che<\/li>\n<li>Leichtere Wiederbenetzung des Substrats<\/li>\n<li>RHP-zertifizierter Rohstoff, speziell auf die Bed\u00fcrfnisse des Erwerbsgartenbaus angepasst<\/li>\n<li>Optimiertes Liefervolumen durch geringeres Substratgewicht<\/li>\n<li>Gesteigerte Nachhaltigkeit und reduzierter CO<sub>2<\/sub>-Fu\u00dfabdruck f\u00fcr Ihre Pflanzenproduktion dank des erneuerbaren Substratausgangsstoffs GreenFibre<\/li>\n<li>Bis zu 20 Volumenprozent der feinen GreenFibre sind bei Einsatz in Anzuchtsubstraten bereits m\u00f6glich<\/li>\n<\/ul>\n<p>[\/vc_column_text][\/vc_column_inner][\/vc_row_inner][\/vc_column][\/vc_row][vc_row css=&#8220;.vc_custom_1628762933333{margin-top: 70px !important;}&#8220;][vc_column][kd_getintouch image=&#8220;32948&#8243;][\/vc_column][\/vc_row]<\/p><\/div>\n","protected":false},"excerpt":{"rendered":"<p>[vc_row][vc_column][kd_header_random_image_banner image=&#8220;34513&#8243;][\/kd_header_random_image_banner][\/vc_column][\/vc_row][vc_row css=&#8220;.vc_custom_1627996958238{padding-bottom: 50px !important;}&#8220;][vc_column][vc_row_inner][vc_column_inner][vc_column_text] ADVANCED-Substrate f\u00fcr Forstpflanzen [\/vc_column_text][\/vc_column_inner][\/vc_row_inner][vc_row_inner][vc_column_inner][vc_column_text] Perfekte Forstjungpflanzen in Trays [\/vc_column_text][\/vc_column_inner][vc_column_inner width=&#8220;1\/2&#8243;][vc_column_text]Die Aufzucht von robusten, qualitativ hochwertigen Forstjungpflanzen gewinnt zunehmend an Bedeutung. W\u00e4hrend Forstpflanzen fr\u00fcher in der Regel direkt im Boden angezogen wurden, hat sich der Trend inzwischen zu Ballenware aus Aussaatkisten verschoben. Die Gr\u00fcnde f\u00fcr diesen Wandel sind vielf\u00e4ltig: Der gesch\u00fctzte Anbau erm\u00f6glicht schnell wachsende, gesunde und sehr homogene Jungpflanzen mit geringer Ausfallrate. Tray-gezogene Jungpflanzen werden verwendet, um das Pflanzfenster in Aufforstungsfl\u00e4chen zu vergr\u00f6\u00dfern sowie eine<\/p>\n","protected":false},"author":7,"featured_media":0,"parent":38805,"menu_order":146,"comment_status":"closed","ping_status":"closed","template":"","meta":{"_acf_changed":false,"inline_featured_image":false,"footnotes":""},"class_list":["post-39617","page","type-page","status-publish","hentry"],"acf":[],"yoast_head":"<!-- This site is optimized with the Yoast SEO plugin v27.3 - https:\/\/yoast.com\/product\/yoast-seo-wordpress\/ -->\n<title>Forstpflanzen - Klasmann-Deilmann<\/title>\n<meta name=\"robots\" content=\"index, follow, max-snippet:-1, max-image-preview:large, max-video-preview:-1\" \/>\n<link rel=\"canonical\" href=\"https:\/\/klasmann-deilmann.com\/de\/anwendungsfelder\/forstpflanzen\/\" \/>\n<meta property=\"og:locale\" content=\"de_DE\" \/>\n<meta property=\"og:type\" content=\"article\" \/>\n<meta property=\"og:title\" content=\"Forstpflanzen - Klasmann-Deilmann\" \/>\n<meta property=\"og:description\" content=\"[vc_row][vc_column][kd_header_random_image_banner image=&#8220;34513&#8243;][\/kd_header_random_image_banner][\/vc_column][\/vc_row][vc_row css=&#8220;.vc_custom_1627996958238{padding-bottom: 50px !important;}&#8220;][vc_column][vc_row_inner][vc_column_inner][vc_column_text] ADVANCED-Substrate f\u00fcr Forstpflanzen [\/vc_column_text][\/vc_column_inner][\/vc_row_inner][vc_row_inner][vc_column_inner][vc_column_text] Perfekte Forstjungpflanzen in Trays [\/vc_column_text][\/vc_column_inner][vc_column_inner width=&#8220;1\/2&#8243;][vc_column_text]Die Aufzucht von robusten, qualitativ hochwertigen Forstjungpflanzen gewinnt zunehmend an Bedeutung. W\u00e4hrend Forstpflanzen fr\u00fcher in der Regel direkt im Boden angezogen wurden, hat sich der Trend inzwischen zu Ballenware aus Aussaatkisten verschoben. Die Gr\u00fcnde f\u00fcr diesen Wandel sind vielf\u00e4ltig: Der gesch\u00fctzte Anbau erm\u00f6glicht schnell wachsende, gesunde und sehr homogene Jungpflanzen mit geringer Ausfallrate. Tray-gezogene Jungpflanzen werden verwendet, um das Pflanzfenster in Aufforstungsfl\u00e4chen zu vergr\u00f6\u00dfern sowie eine\" \/>\n<meta property=\"og:url\" content=\"https:\/\/klasmann-deilmann.com\/de\/anwendungsfelder\/forstpflanzen\/\" \/>\n<meta property=\"og:site_name\" content=\"Klasmann-Deilmann\" \/>\n<meta property=\"article:modified_time\" content=\"2021-11-23T10:52:08+00:00\" \/>\n<meta property=\"og:image\" content=\"https:\/\/klasmann-deilmann.com\/wp-content\/uploads\/kd_ts1_packshot.png\" \/>\n<meta name=\"twitter:card\" content=\"summary_large_image\" \/>\n<meta name=\"twitter:label1\" content=\"Gesch\u00e4tzte Lesezeit\" \/>\n\t<meta name=\"twitter:data1\" content=\"5\u00a0Minuten\" \/>\n<script type=\"application\/ld+json\" class=\"yoast-schema-graph\">{\"@context\":\"https:\\\/\\\/schema.org\",\"@graph\":[{\"@type\":\"WebPage\",\"@id\":\"https:\\\/\\\/klasmann-deilmann.com\\\/de\\\/anwendungsfelder\\\/forstpflanzen\\\/\",\"url\":\"https:\\\/\\\/klasmann-deilmann.com\\\/de\\\/anwendungsfelder\\\/forstpflanzen\\\/\",\"name\":\"Forstpflanzen - Klasmann-Deilmann\",\"isPartOf\":{\"@id\":\"https:\\\/\\\/klasmann-deilmann.com\\\/en\\\/#website\"},\"primaryImageOfPage\":{\"@id\":\"https:\\\/\\\/klasmann-deilmann.com\\\/de\\\/anwendungsfelder\\\/forstpflanzen\\\/#primaryimage\"},\"image\":{\"@id\":\"https:\\\/\\\/klasmann-deilmann.com\\\/de\\\/anwendungsfelder\\\/forstpflanzen\\\/#primaryimage\"},\"thumbnailUrl\":\"https:\\\/\\\/klasmann-deilmann.com\\\/wp-content\\\/uploads\\\/MAZ-2016-1-Litauen-Fabrik-V-I-e1633351601531.jpg\",\"datePublished\":\"2021-11-16T10:57:40+00:00\",\"dateModified\":\"2021-11-23T10:52:08+00:00\",\"breadcrumb\":{\"@id\":\"https:\\\/\\\/klasmann-deilmann.com\\\/de\\\/anwendungsfelder\\\/forstpflanzen\\\/#breadcrumb\"},\"inLanguage\":\"de\",\"potentialAction\":[{\"@type\":\"ReadAction\",\"target\":[\"https:\\\/\\\/klasmann-deilmann.com\\\/de\\\/anwendungsfelder\\\/forstpflanzen\\\/\"]}]},{\"@type\":\"ImageObject\",\"inLanguage\":\"de\",\"@id\":\"https:\\\/\\\/klasmann-deilmann.com\\\/de\\\/anwendungsfelder\\\/forstpflanzen\\\/#primaryimage\",\"url\":\"https:\\\/\\\/klasmann-deilmann.com\\\/wp-content\\\/uploads\\\/MAZ-2016-1-Litauen-Fabrik-V-I-e1633351601531.jpg\",\"contentUrl\":\"https:\\\/\\\/klasmann-deilmann.com\\\/wp-content\\\/uploads\\\/MAZ-2016-1-Litauen-Fabrik-V-I-e1633351601531.jpg\"},{\"@type\":\"BreadcrumbList\",\"@id\":\"https:\\\/\\\/klasmann-deilmann.com\\\/de\\\/anwendungsfelder\\\/forstpflanzen\\\/#breadcrumb\",\"itemListElement\":[{\"@type\":\"ListItem\",\"position\":1,\"name\":\"Home\",\"item\":\"https:\\\/\\\/klasmann-deilmann.com\\\/de\\\/\"},{\"@type\":\"ListItem\",\"position\":2,\"name\":\"Anwendungsfelder\",\"item\":\"https:\\\/\\\/klasmann-deilmann.com\\\/de\\\/anwendungsfelder\\\/\"},{\"@type\":\"ListItem\",\"position\":3,\"name\":\"Forstpflanzen\"}]},{\"@type\":\"WebSite\",\"@id\":\"https:\\\/\\\/klasmann-deilmann.com\\\/en\\\/#website\",\"url\":\"https:\\\/\\\/klasmann-deilmann.com\\\/en\\\/\",\"name\":\"Klasmann-Deilmann\",\"description\":\"\",\"potentialAction\":[{\"@type\":\"SearchAction\",\"target\":{\"@type\":\"EntryPoint\",\"urlTemplate\":\"https:\\\/\\\/klasmann-deilmann.com\\\/en\\\/?s={search_term_string}\"},\"query-input\":{\"@type\":\"PropertyValueSpecification\",\"valueRequired\":true,\"valueName\":\"search_term_string\"}}],\"inLanguage\":\"de\"}]}<\/script>\n<!-- \/ Yoast SEO plugin. -->","yoast_head_json":{"title":"Forstpflanzen - Klasmann-Deilmann","robots":{"index":"index","follow":"follow","max-snippet":"max-snippet:-1","max-image-preview":"max-image-preview:large","max-video-preview":"max-video-preview:-1"},"canonical":"https:\/\/klasmann-deilmann.com\/de\/anwendungsfelder\/forstpflanzen\/","og_locale":"de_DE","og_type":"article","og_title":"Forstpflanzen - Klasmann-Deilmann","og_description":"[vc_row][vc_column][kd_header_random_image_banner image=&#8220;34513&#8243;][\/kd_header_random_image_banner][\/vc_column][\/vc_row][vc_row css=&#8220;.vc_custom_1627996958238{padding-bottom: 50px !important;}&#8220;][vc_column][vc_row_inner][vc_column_inner][vc_column_text] ADVANCED-Substrate f\u00fcr Forstpflanzen [\/vc_column_text][\/vc_column_inner][\/vc_row_inner][vc_row_inner][vc_column_inner][vc_column_text] Perfekte Forstjungpflanzen in Trays [\/vc_column_text][\/vc_column_inner][vc_column_inner width=&#8220;1\/2&#8243;][vc_column_text]Die Aufzucht von robusten, qualitativ hochwertigen Forstjungpflanzen gewinnt zunehmend an Bedeutung. W\u00e4hrend Forstpflanzen fr\u00fcher in der Regel direkt im Boden angezogen wurden, hat sich der Trend inzwischen zu Ballenware aus Aussaatkisten verschoben. Die Gr\u00fcnde f\u00fcr diesen Wandel sind vielf\u00e4ltig: Der gesch\u00fctzte Anbau erm\u00f6glicht schnell wachsende, gesunde und sehr homogene Jungpflanzen mit geringer Ausfallrate. Tray-gezogene Jungpflanzen werden verwendet, um das Pflanzfenster in Aufforstungsfl\u00e4chen zu vergr\u00f6\u00dfern sowie eine","og_url":"https:\/\/klasmann-deilmann.com\/de\/anwendungsfelder\/forstpflanzen\/","og_site_name":"Klasmann-Deilmann","article_modified_time":"2021-11-23T10:52:08+00:00","og_image":[{"url":"https:\/\/klasmann-deilmann.com\/wp-content\/uploads\/kd_ts1_packshot.png","type":"","width":"","height":""}],"twitter_card":"summary_large_image","twitter_misc":{"Gesch\u00e4tzte Lesezeit":"5\u00a0Minuten"},"schema":{"@context":"https:\/\/schema.org","@graph":[{"@type":"WebPage","@id":"https:\/\/klasmann-deilmann.com\/de\/anwendungsfelder\/forstpflanzen\/","url":"https:\/\/klasmann-deilmann.com\/de\/anwendungsfelder\/forstpflanzen\/","name":"Forstpflanzen - Klasmann-Deilmann","isPartOf":{"@id":"https:\/\/klasmann-deilmann.com\/en\/#website"},"primaryImageOfPage":{"@id":"https:\/\/klasmann-deilmann.com\/de\/anwendungsfelder\/forstpflanzen\/#primaryimage"},"image":{"@id":"https:\/\/klasmann-deilmann.com\/de\/anwendungsfelder\/forstpflanzen\/#primaryimage"},"thumbnailUrl":"https:\/\/klasmann-deilmann.com\/wp-content\/uploads\/MAZ-2016-1-Litauen-Fabrik-V-I-e1633351601531.jpg","datePublished":"2021-11-16T10:57:40+00:00","dateModified":"2021-11-23T10:52:08+00:00","breadcrumb":{"@id":"https:\/\/klasmann-deilmann.com\/de\/anwendungsfelder\/forstpflanzen\/#breadcrumb"},"inLanguage":"de","potentialAction":[{"@type":"ReadAction","target":["https:\/\/klasmann-deilmann.com\/de\/anwendungsfelder\/forstpflanzen\/"]}]},{"@type":"ImageObject","inLanguage":"de","@id":"https:\/\/klasmann-deilmann.com\/de\/anwendungsfelder\/forstpflanzen\/#primaryimage","url":"https:\/\/klasmann-deilmann.com\/wp-content\/uploads\/MAZ-2016-1-Litauen-Fabrik-V-I-e1633351601531.jpg","contentUrl":"https:\/\/klasmann-deilmann.com\/wp-content\/uploads\/MAZ-2016-1-Litauen-Fabrik-V-I-e1633351601531.jpg"},{"@type":"BreadcrumbList","@id":"https:\/\/klasmann-deilmann.com\/de\/anwendungsfelder\/forstpflanzen\/#breadcrumb","itemListElement":[{"@type":"ListItem","position":1,"name":"Home","item":"https:\/\/klasmann-deilmann.com\/de\/"},{"@type":"ListItem","position":2,"name":"Anwendungsfelder","item":"https:\/\/klasmann-deilmann.com\/de\/anwendungsfelder\/"},{"@type":"ListItem","position":3,"name":"Forstpflanzen"}]},{"@type":"WebSite","@id":"https:\/\/klasmann-deilmann.com\/en\/#website","url":"https:\/\/klasmann-deilmann.com\/en\/","name":"Klasmann-Deilmann","description":"","potentialAction":[{"@type":"SearchAction","target":{"@type":"EntryPoint","urlTemplate":"https:\/\/klasmann-deilmann.com\/en\/?s={search_term_string}"},"query-input":{"@type":"PropertyValueSpecification","valueRequired":true,"valueName":"search_term_string"}}],"inLanguage":"de"}]}},"_links":{"self":[{"href":"https:\/\/klasmann-deilmann.com\/de\/wp-json\/wp\/v2\/pages\/39617","targetHints":{"allow":["GET"]}}],"collection":[{"href":"https:\/\/klasmann-deilmann.com\/de\/wp-json\/wp\/v2\/pages"}],"about":[{"href":"https:\/\/klasmann-deilmann.com\/de\/wp-json\/wp\/v2\/types\/page"}],"author":[{"embeddable":true,"href":"https:\/\/klasmann-deilmann.com\/de\/wp-json\/wp\/v2\/users\/7"}],"replies":[{"embeddable":true,"href":"https:\/\/klasmann-deilmann.com\/de\/wp-json\/wp\/v2\/comments?post=39617"}],"version-history":[{"count":7,"href":"https:\/\/klasmann-deilmann.com\/de\/wp-json\/wp\/v2\/pages\/39617\/revisions"}],"predecessor-version":[{"id":45162,"href":"https:\/\/klasmann-deilmann.com\/de\/wp-json\/wp\/v2\/pages\/39617\/revisions\/45162"}],"up":[{"embeddable":true,"href":"https:\/\/klasmann-deilmann.com\/de\/wp-json\/wp\/v2\/pages\/38805"}],"wp:attachment":[{"href":"https:\/\/klasmann-deilmann.com\/de\/wp-json\/wp\/v2\/media?parent=39617"}],"curies":[{"name":"wp","href":"https:\/\/api.w.org\/{rel}","templated":true}]}}