{"id":39453,"date":"2021-11-16T11:53:07","date_gmt":"2021-11-16T10:53:07","guid":{"rendered":"https:\/\/klasmann-deilmann.com\/?page_id=39453"},"modified":"2021-11-17T16:18:29","modified_gmt":"2021-11-17T15:18:29","slug":"container-substrate","status":"publish","type":"page","link":"https:\/\/klasmann-deilmann.com\/de\/anwendungsfelder\/containerpflanzen\/container-substrate\/","title":{"rendered":"Container Substrate"},"content":{"rendered":"<div class=\"wpb-content-wrapper\">[vc_row][vc_column][kd_header_random_image_banner image=&#8220;34831&#8243;][\/kd_header_random_image_banner][\/vc_column][\/vc_row][vc_section el_id=&#8220;ts4-plus-coarse-greenfibre&#8220;][vc_row][vc_column][kd_single_products productselect=&#8220;42747&#8243;][kd_accordion_custom color=&#8220;kdgreen&#8220; shape=&#8220;square&#8220; collapsible_all=&#8220;true&#8220; active_section=&#8220;99&#8243;][vc_tta_section title=&#8220;Kulturbeispiele&#8220; tab_id=&#8220;crop-results1628592737742&#8243;][vc_row_inner][vc_column_inner width=&#8220;7\/12&#8243;][vc_column_text el_class=&#8220;pluslist&#8220;]<strong>Praxiserfahrungen<\/strong><\/p>\n<ul>\n<li>Sehr starke Drainagef\u00e4higkeit und gute Wasserverteilung in der Wurzelzone<\/li>\n<li>Erm\u00f6glicht kr\u00e4ftiges Wurzelwachstum<\/li>\n<li>Trockenere Substratoberfl\u00e4che reduziert Krankheitsbefall<\/li>\n<li>Funktioniert aufgrund des stabilen Stickstoffhaushaltes sehr gut mit praxis\u00fcblicher Fl\u00fcssigd\u00fcngung oder in Kombination mit \u00fcblichen Langzeitd\u00fcngermengen<\/li>\n<\/ul>\n<p>[\/vc_column_text][\/vc_column_inner][vc_column_inner width=&#8220;5\/12&#8243;][vc_column_text]<img loading=\"lazy\" decoding=\"async\" class=\"alignnone wp-image-34561 size-full\" src=\"https:\/\/klasmann-deilmann.com\/wp-content\/uploads\/photinia_fraseri_grown-e1628593482653.jpg\" alt=\"\" width=\"1920\" height=\"1920\" srcset=\"https:\/\/klasmann-deilmann.com\/wp-content\/uploads\/photinia_fraseri_grown-e1628593482653.jpg 1920w, https:\/\/klasmann-deilmann.com\/wp-content\/uploads\/photinia_fraseri_grown-e1628593482653-300x300.jpg 300w, https:\/\/klasmann-deilmann.com\/wp-content\/uploads\/photinia_fraseri_grown-e1628593482653-1024x1024.jpg 1024w, https:\/\/klasmann-deilmann.com\/wp-content\/uploads\/photinia_fraseri_grown-e1628593482653-150x150.jpg 150w, https:\/\/klasmann-deilmann.com\/wp-content\/uploads\/photinia_fraseri_grown-e1628593482653-768x768.jpg 768w, https:\/\/klasmann-deilmann.com\/wp-content\/uploads\/photinia_fraseri_grown-e1628593482653-1536x1536.jpg 1536w, https:\/\/klasmann-deilmann.com\/wp-content\/uploads\/photinia_fraseri_grown-e1628593482653-125x125.jpg 125w\" sizes=\"auto, (max-width: 1920px) 100vw, 1920px\" \/>Sehr gesunde Wurzelentwicklung von Photinia fraseri in TS 4 Plus grob (P24) mit 30 % GreenFibre\u00ae (Niederlande)[\/vc_column_text][\/vc_column_inner][\/vc_row_inner][\/vc_tta_section][\/kd_accordion_custom][\/vc_column][\/vc_row][\/vc_section][vc_section css=&#8220;.vc_custom_1629098892271{padding-top: 70px !important;}&#8220; el_id=&#8220;container-substrate-2-coarse-with-terraktiv-greenfibre&#8220;][vc_row][vc_column][kd_single_products productselect=&#8220;42752&#8243;][kd_accordion_custom color=&#8220;kdgreen&#8220; shape=&#8220;square&#8220; collapsible_all=&#8220;true&#8220; active_section=&#8220;99&#8243;][vc_tta_section title=&#8220;Kulturbeispiele&#8220; tab_id=&#8220;1628592742715-a04ac267-0d1e&#8220;][vc_row_inner][vc_column_inner width=&#8220;1\/2&#8243;][vc_column_text el_class=&#8220;pluslist&#8220;]<strong>Praxiserfahrungen<\/strong><\/p>\n<ul>\n<li>Ideale Wurzelentwicklung durch perfekte Drainage<\/li>\n<li>Trockenere Substratoberfl\u00e4che und gute Wasserverteilung in der Wurzelzone<\/li>\n<li>TerrAktiv\u00ae erzeugt eine hohe mikrobielle Belebung, die zu suppressiven Effekten und zur Stimulation des Pflanzenwachstums f\u00fchrt<\/li>\n<li>Reduktion von 0,5 &#8211; 1,0 kg\/m\u00b3 Langzeitd\u00fcnger ggf. m\u00f6glich (TerrAktiv\u00ae ist eine nat\u00fcrliche P- und K-Quelle)<\/li>\n<li>Einsatz von bis zu 35 % alternativen Substratausgangsstoffen m\u00f6glich<\/li>\n<\/ul>\n<p>[\/vc_column_text][\/vc_column_inner][vc_column_inner width=&#8220;1\/2&#8243;][vc_column_text]<img decoding=\"async\" class=\"alignnone size-full wp-image-34574\" src=\"\/wp-content\/uploads\/container_substrate_2_coarse-.jpg\" alt=\"\" \/>Containersubstrat 2 grob (Rez. 6X9) mit 35 % alternativen Substratausgangsstoffen in der Kultur von Str\u00e4uchern (Deutschland)[\/vc_column_text][\/vc_column_inner][\/vc_row_inner][\/vc_tta_section][\/kd_accordion_custom][\/vc_column][\/vc_row][\/vc_section][vc_section css=&#8220;.vc_custom_1629098932997{padding-top: 70px !important;}&#8220; el_id=&#8220;ts4-ericaceous-greenfibre&#8220;][vc_row][vc_column][kd_single_products productselect=&#8220;42755&#8243;][kd_accordion_custom color=&#8220;kdgreen&#8220; shape=&#8220;square&#8220; collapsible_all=&#8220;true&#8220; active_section=&#8220;99&#8243;][vc_tta_section title=&#8220;Kulturbeispiele&#8220; tab_id=&#8220;1628592894779-30539d1d-6119&#8243;][vc_row_inner][vc_column_inner width=&#8220;1\/2&#8243;][vc_column_text el_class=&#8220;pluslist&#8220;]<strong>Vorteile von TS 4 Azerca (254)<\/strong><\/p>\n<ul>\n<li>Niedriger pH-Wert und angepasster N\u00e4hrstoffgehalt speziell f\u00fcr Azerca-Kulturen<\/li>\n<li>Ideal auch f\u00fcr Rhododendren, Azaleen, Gaultherien usw.<\/li>\n<li>20 Volumenprozent GreenFibre\u00ae im Substrat, auch f\u00fcr Calluna und Erika sehr gut geeignet<\/li>\n<li>Auf Anfrage mit Langzeitd\u00fcngern oder organischen D\u00fcngern erh\u00e4ltlich<\/li>\n<\/ul>\n<p>[\/vc_column_text][\/vc_column_inner][vc_column_inner width=&#8220;1\/2&#8243;][vc_column_text]<img loading=\"lazy\" decoding=\"async\" width=\"552\" height=\"371\" class=\"alignnone size-full wp-image-34577\" src=\"\/wp-content\/uploads\/Azalea-12-weeks-254_Poland.png\" alt=\"\" srcset=\"https:\/\/klasmann-deilmann.com\/wp-content\/uploads\/Azalea-12-weeks-254_Poland.png 552w, https:\/\/klasmann-deilmann.com\/wp-content\/uploads\/Azalea-12-weeks-254_Poland-300x202.png 300w\" sizes=\"auto, (max-width: 552px) 100vw, 552px\" \/>Azaleen, 12 Wochen nach dem Topfen (Polen)[\/vc_column_text][\/vc_column_inner][\/vc_row_inner][vc_row_inner][vc_column_inner width=&#8220;1\/2&#8243;][vc_column_text]<img loading=\"lazy\" decoding=\"async\" class=\"alignnone wp-image-34579 size-full\" src=\"https:\/\/klasmann-deilmann.com\/wp-content\/uploads\/Rhododendron-12-weeks-254_Poland-e1628594397500.png\" alt=\"\" width=\"554\" height=\"336\" srcset=\"https:\/\/klasmann-deilmann.com\/wp-content\/uploads\/Rhododendron-12-weeks-254_Poland-e1628594397500.png 554w, https:\/\/klasmann-deilmann.com\/wp-content\/uploads\/Rhododendron-12-weeks-254_Poland-e1628594397500-300x182.png 300w\" sizes=\"auto, (max-width: 554px) 100vw, 554px\" \/>Rhododendron, 12 Wochen nach dem Topfen (Polen)[\/vc_column_text][\/vc_column_inner][vc_column_inner width=&#8220;1\/2&#8243;][vc_column_text]<img loading=\"lazy\" decoding=\"async\" width=\"560\" height=\"339\" class=\"alignnone size-full wp-image-34581\" src=\"\/wp-content\/uploads\/Rhododendron-23-weeks-254_Poland.png\" alt=\"\" srcset=\"https:\/\/klasmann-deilmann.com\/wp-content\/uploads\/Rhododendron-23-weeks-254_Poland.png 560w, https:\/\/klasmann-deilmann.com\/wp-content\/uploads\/Rhododendron-23-weeks-254_Poland-300x182.png 300w\" sizes=\"auto, (max-width: 560px) 100vw, 560px\" \/>Rhododendron nach 23 Wochen (Polen)[\/vc_column_text][\/vc_column_inner][\/vc_row_inner][vc_row_inner][vc_column_inner width=&#8220;1\/2&#8243;][vc_column_text]<img loading=\"lazy\" decoding=\"async\" width=\"534\" height=\"389\" class=\"alignnone size-full wp-image-34583\" src=\"\/wp-content\/uploads\/Viburnum-8-weeks-254_Poland.png\" alt=\"\" srcset=\"https:\/\/klasmann-deilmann.com\/wp-content\/uploads\/Viburnum-8-weeks-254_Poland.png 534w, https:\/\/klasmann-deilmann.com\/wp-content\/uploads\/Viburnum-8-weeks-254_Poland-300x219.png 300w\" sizes=\"auto, (max-width: 534px) 100vw, 534px\" \/>Viburnum, 8 Wochen nach dem Topfen (Polen)[\/vc_column_text][\/vc_column_inner][vc_column_inner width=&#8220;1\/2&#8243;][vc_column_text el_class=&#8220;pluslist&#8220;]<strong>Praxiserfahrungen<\/strong><\/p>\n<ul>\n<li>Kundenspezifische Mischung mit zus\u00e4tzlich 1 kg Grundd\u00fcngung und 3 kg\/cbm 5-6 M High-End-Langzeitd\u00fcnger<\/li>\n<li>Sehr gute Kulturergebnisse bei verschiedenen Pflanzenarten: Azaleen, Rhododendron, Viburnum und anderen<\/li>\n<li>Kultur in Containern mit bis zu 5 Litern Volumen m\u00f6glich<\/li>\n<li>G\u00fcnstige Effekte auf das Wurzelwachstum durch die verbesserte Struktur und Drainage<\/li>\n<li>Perfektes Verh\u00e4ltnis zwischen Wurzel- und Sprossmasse<\/li>\n<li>Stabile Stickstoffbilanz bei Einsatz der \u00fcblichen Langzeitd\u00fcngerbeimischung<\/li>\n<\/ul>\n<p>[\/vc_column_text][\/vc_column_inner][\/vc_row_inner][\/vc_tta_section][\/kd_accordion_custom][\/vc_column][\/vc_row][\/vc_section][vc_row css=&#8220;.vc_custom_1628596781167{margin-top: 70px !important;background-color: #414345 !important;}&#8220;][vc_column][vc_row_inner content_placement=&#8220;middle&#8220;][vc_column_inner width=&#8220;1\/2&#8243;][vc_column_text]<img loading=\"lazy\" decoding=\"async\" width=\"2560\" height=\"1788\" class=\"alignnone size-full wp-image-34601\" src=\"\/wp-content\/uploads\/organic-growing-1.jpg\" alt=\"\" srcset=\"https:\/\/klasmann-deilmann.com\/wp-content\/uploads\/organic-growing-1.jpg 2560w, https:\/\/klasmann-deilmann.com\/wp-content\/uploads\/organic-growing-1-300x210.jpg 300w, https:\/\/klasmann-deilmann.com\/wp-content\/uploads\/organic-growing-1-1024x715.jpg 1024w, https:\/\/klasmann-deilmann.com\/wp-content\/uploads\/organic-growing-1-768x536.jpg 768w, https:\/\/klasmann-deilmann.com\/wp-content\/uploads\/organic-growing-1-1536x1073.jpg 1536w, https:\/\/klasmann-deilmann.com\/wp-content\/uploads\/organic-growing-1-2048x1430.jpg 2048w\" sizes=\"auto, (max-width: 2560px) 100vw, 2560px\" \/>[\/vc_column_text][\/vc_column_inner][vc_column_inner width=&#8220;1\/2&#8243;][vc_column_text]<\/p>\n<h2 style=\"text-align: left;\">\u00d6kologischer Anbau:<\/h2>\n<h4>Sie sind auf der Suche nach dem richtigen Substrat f\u00fcr den \u00f6kologischen Anbau? Dann ist unser ProLine-Substratsortiment die perfekte Wahl f\u00fcr Sie. Mehr Informationen finden Sie hier:<\/h4>\n<p>[\/vc_column_text][kd_download_button show_link_download1=&#8220;link&#8220; link1=&#8220;url:https%3A%2F%2Fklasmann-deilmann.com%2Fde%2Fprodukte-loesungen%2Fproline-substrate%2F|title:Erfahren%20Sie%20mehr%20%C3%BCber%20ProLine&#8220;][\/vc_column_inner][\/vc_row_inner][\/vc_column][\/vc_row][vc_row css=&#8220;.vc_custom_1628596773135{padding-top: 70px !important;}&#8220;][vc_column][vc_row_inner content_placement=&#8220;middle&#8220;][vc_column_inner width=&#8220;1\/2&#8243;][vc_column_text]<\/p>\n<h2><strong>Individuelle Substratmischungen:<\/strong><\/h2>\n<h4>Von der Jungpflanzenanzucht \u00fcber Beetpflanzen bis Beerenobst sind kundenspezifische Rezepturen f\u00fcr alle Anwendungsbereiche erh\u00e4ltlich. Unsere langj\u00e4hrige Erfahrung erm\u00f6glicht es uns, Ihnen ma\u00dfgeschneiderte Substratl\u00f6sungen anzubieten, die passgenau auf alle physikalischen und chemischen Anforderungen Ihrer Kulturen und Ihres Anbausystems abgestimmt sind. Ihren pers\u00f6nlichen Ansprechpartner finden Sie hier:<\/h4>\n<p>[\/vc_column_text][\/vc_column_inner][vc_column_inner width=&#8220;1\/2&#8243;][vc_column_text]<img loading=\"lazy\" decoding=\"async\" width=\"2560\" height=\"1707\" class=\"alignnone size-full wp-image-34604\" src=\"\/wp-content\/uploads\/individual_compositions.jpg\" alt=\"\" srcset=\"https:\/\/klasmann-deilmann.com\/wp-content\/uploads\/individual_compositions.jpg 2560w, https:\/\/klasmann-deilmann.com\/wp-content\/uploads\/individual_compositions-300x200.jpg 300w, https:\/\/klasmann-deilmann.com\/wp-content\/uploads\/individual_compositions-1024x683.jpg 1024w, https:\/\/klasmann-deilmann.com\/wp-content\/uploads\/individual_compositions-768x512.jpg 768w, https:\/\/klasmann-deilmann.com\/wp-content\/uploads\/individual_compositions-1536x1024.jpg 1536w, https:\/\/klasmann-deilmann.com\/wp-content\/uploads\/individual_compositions-2048x1366.jpg 2048w\" sizes=\"auto, (max-width: 2560px) 100vw, 2560px\" \/>[\/vc_column_text][\/vc_column_inner][\/vc_row_inner][\/vc_column][\/vc_row][vc_row css=&#8220;.vc_custom_1627485951011{padding-top: 50px !important;padding-bottom: 50px !important;}&#8220;][vc_column][kd_getintouch image=&#8220;32948&#8243;][\/vc_column][\/vc_row]<\/div>\n","protected":false},"excerpt":{"rendered":"<p>[vc_row][vc_column][kd_header_random_image_banner image=&#8220;34831&#8243;][\/kd_header_random_image_banner][\/vc_column][\/vc_row][vc_section el_id=&#8220;ts4-plus-coarse-greenfibre&#8220;][vc_row][vc_column][kd_single_products productselect=&#8220;42747&#8243;][kd_accordion_custom color=&#8220;kdgreen&#8220; shape=&#8220;square&#8220; collapsible_all=&#8220;true&#8220; active_section=&#8220;99&#8243;][vc_tta_section title=&#8220;Kulturbeispiele&#8220; tab_id=&#8220;crop-results1628592737742&#8243;][vc_row_inner][vc_column_inner width=&#8220;7\/12&#8243;][vc_column_text el_class=&#8220;pluslist&#8220;]Praxiserfahrungen Sehr starke Drainagef\u00e4higkeit und gute Wasserverteilung in der Wurzelzone Erm\u00f6glicht kr\u00e4ftiges Wurzelwachstum Trockenere Substratoberfl\u00e4che reduziert Krankheitsbefall Funktioniert aufgrund des stabilen Stickstoffhaushaltes sehr gut mit praxis\u00fcblicher Fl\u00fcssigd\u00fcngung oder in Kombination mit \u00fcblichen Langzeitd\u00fcngermengen [\/vc_column_text][\/vc_column_inner][vc_column_inner width=&#8220;5\/12&#8243;][vc_column_text]Sehr gesunde Wurzelentwicklung von Photinia fraseri in TS 4 Plus grob (P24) mit 30 % GreenFibre\u00ae (Niederlande)[\/vc_column_text][\/vc_column_inner][\/vc_row_inner][\/vc_tta_section][\/kd_accordion_custom][\/vc_column][\/vc_row][\/vc_section][vc_section css=&#8220;.vc_custom_1629098892271{padding-top: 70px !important;}&#8220; el_id=&#8220;container-substrate-2-coarse-with-terraktiv-greenfibre&#8220;][vc_row][vc_column][kd_single_products productselect=&#8220;42752&#8243;][kd_accordion_custom color=&#8220;kdgreen&#8220; shape=&#8220;square&#8220; collapsible_all=&#8220;true&#8220; active_section=&#8220;99&#8243;][vc_tta_section title=&#8220;Kulturbeispiele&#8220; tab_id=&#8220;1628592742715-a04ac267-0d1e&#8220;][vc_row_inner][vc_column_inner width=&#8220;1\/2&#8243;][vc_column_text el_class=&#8220;pluslist&#8220;]Praxiserfahrungen Ideale Wurzelentwicklung durch perfekte Drainage<\/p>\n","protected":false},"author":7,"featured_media":0,"parent":39379,"menu_order":202,"comment_status":"closed","ping_status":"closed","template":"","meta":{"_acf_changed":false,"inline_featured_image":false,"footnotes":""},"class_list":["post-39453","page","type-page","status-publish","hentry"],"acf":[],"yoast_head":"<!-- This site is optimized with the Yoast SEO plugin v27.5 - https:\/\/yoast.com\/product\/yoast-seo-wordpress\/ -->\n<title>Container Substrate - Klasmann-Deilmann<\/title>\n<meta name=\"robots\" content=\"index, follow, max-snippet:-1, max-image-preview:large, max-video-preview:-1\" \/>\n<link rel=\"canonical\" href=\"https:\/\/klasmann-deilmann.com\/de\/anwendungsfelder\/containerpflanzen\/container-substrate\/\" \/>\n<meta property=\"og:locale\" content=\"de_DE\" \/>\n<meta property=\"og:type\" content=\"article\" \/>\n<meta property=\"og:title\" content=\"Container Substrate - Klasmann-Deilmann\" \/>\n<meta property=\"og:description\" content=\"[vc_row][vc_column][kd_header_random_image_banner image=&#8220;34831&#8243;][\/kd_header_random_image_banner][\/vc_column][\/vc_row][vc_section el_id=&#8220;ts4-plus-coarse-greenfibre&#8220;][vc_row][vc_column][kd_single_products productselect=&#8220;42747&#8243;][kd_accordion_custom color=&#8220;kdgreen&#8220; shape=&#8220;square&#8220; collapsible_all=&#8220;true&#8220; active_section=&#8220;99&#8243;][vc_tta_section title=&#8220;Kulturbeispiele&#8220; tab_id=&#8220;crop-results1628592737742&#8243;][vc_row_inner][vc_column_inner width=&#8220;7\/12&#8243;][vc_column_text el_class=&#8220;pluslist&#8220;]Praxiserfahrungen Sehr starke Drainagef\u00e4higkeit und gute Wasserverteilung in der Wurzelzone Erm\u00f6glicht kr\u00e4ftiges Wurzelwachstum Trockenere Substratoberfl\u00e4che reduziert Krankheitsbefall Funktioniert aufgrund des stabilen Stickstoffhaushaltes sehr gut mit praxis\u00fcblicher Fl\u00fcssigd\u00fcngung oder in Kombination mit \u00fcblichen Langzeitd\u00fcngermengen [\/vc_column_text][\/vc_column_inner][vc_column_inner width=&#8220;5\/12&#8243;][vc_column_text]Sehr gesunde Wurzelentwicklung von Photinia fraseri in TS 4 Plus grob (P24) mit 30 % GreenFibre\u00ae (Niederlande)[\/vc_column_text][\/vc_column_inner][\/vc_row_inner][\/vc_tta_section][\/kd_accordion_custom][\/vc_column][\/vc_row][\/vc_section][vc_section css=&#8220;.vc_custom_1629098892271{padding-top: 70px !important;}&#8220; el_id=&#8220;container-substrate-2-coarse-with-terraktiv-greenfibre&#8220;][vc_row][vc_column][kd_single_products productselect=&#8220;42752&#8243;][kd_accordion_custom color=&#8220;kdgreen&#8220; shape=&#8220;square&#8220; collapsible_all=&#8220;true&#8220; active_section=&#8220;99&#8243;][vc_tta_section title=&#8220;Kulturbeispiele&#8220; tab_id=&#8220;1628592742715-a04ac267-0d1e&#8220;][vc_row_inner][vc_column_inner width=&#8220;1\/2&#8243;][vc_column_text el_class=&#8220;pluslist&#8220;]Praxiserfahrungen Ideale Wurzelentwicklung durch perfekte Drainage\" \/>\n<meta property=\"og:url\" content=\"https:\/\/klasmann-deilmann.com\/de\/anwendungsfelder\/containerpflanzen\/container-substrate\/\" \/>\n<meta property=\"og:site_name\" content=\"Klasmann-Deilmann\" \/>\n<meta property=\"article:modified_time\" content=\"2021-11-17T15:18:29+00:00\" \/>\n<meta property=\"og:image\" content=\"https:\/\/klasmann-deilmann.com\/wp-content\/uploads\/photinia_fraseri_grown-e1628593482653.jpg\" \/>\n<meta name=\"twitter:card\" content=\"summary_large_image\" \/>\n<meta name=\"twitter:label1\" content=\"Gesch\u00e4tzte Lesezeit\" \/>\n\t<meta name=\"twitter:data1\" content=\"4\u00a0Minuten\" \/>\n<script type=\"application\/ld+json\" class=\"yoast-schema-graph\">{\"@context\":\"https:\\\/\\\/schema.org\",\"@graph\":[{\"@type\":\"WebPage\",\"@id\":\"https:\\\/\\\/klasmann-deilmann.com\\\/de\\\/anwendungsfelder\\\/containerpflanzen\\\/container-substrate\\\/\",\"url\":\"https:\\\/\\\/klasmann-deilmann.com\\\/de\\\/anwendungsfelder\\\/containerpflanzen\\\/container-substrate\\\/\",\"name\":\"Container Substrate - Klasmann-Deilmann\",\"isPartOf\":{\"@id\":\"https:\\\/\\\/klasmann-deilmann.com\\\/en\\\/#website\"},\"primaryImageOfPage\":{\"@id\":\"https:\\\/\\\/klasmann-deilmann.com\\\/de\\\/anwendungsfelder\\\/containerpflanzen\\\/container-substrate\\\/#primaryimage\"},\"image\":{\"@id\":\"https:\\\/\\\/klasmann-deilmann.com\\\/de\\\/anwendungsfelder\\\/containerpflanzen\\\/container-substrate\\\/#primaryimage\"},\"thumbnailUrl\":\"https:\\\/\\\/klasmann-deilmann.com\\\/wp-content\\\/uploads\\\/photinia_fraseri_grown-e1628593482653.jpg\",\"datePublished\":\"2021-11-16T10:53:07+00:00\",\"dateModified\":\"2021-11-17T15:18:29+00:00\",\"breadcrumb\":{\"@id\":\"https:\\\/\\\/klasmann-deilmann.com\\\/de\\\/anwendungsfelder\\\/containerpflanzen\\\/container-substrate\\\/#breadcrumb\"},\"inLanguage\":\"de\",\"potentialAction\":[{\"@type\":\"ReadAction\",\"target\":[\"https:\\\/\\\/klasmann-deilmann.com\\\/de\\\/anwendungsfelder\\\/containerpflanzen\\\/container-substrate\\\/\"]}]},{\"@type\":\"ImageObject\",\"inLanguage\":\"de\",\"@id\":\"https:\\\/\\\/klasmann-deilmann.com\\\/de\\\/anwendungsfelder\\\/containerpflanzen\\\/container-substrate\\\/#primaryimage\",\"url\":\"https:\\\/\\\/klasmann-deilmann.com\\\/wp-content\\\/uploads\\\/photinia_fraseri_grown-e1628593482653.jpg\",\"contentUrl\":\"https:\\\/\\\/klasmann-deilmann.com\\\/wp-content\\\/uploads\\\/photinia_fraseri_grown-e1628593482653.jpg\"},{\"@type\":\"BreadcrumbList\",\"@id\":\"https:\\\/\\\/klasmann-deilmann.com\\\/de\\\/anwendungsfelder\\\/containerpflanzen\\\/container-substrate\\\/#breadcrumb\",\"itemListElement\":[{\"@type\":\"ListItem\",\"position\":1,\"name\":\"Home\",\"item\":\"https:\\\/\\\/klasmann-deilmann.com\\\/de\\\/\"},{\"@type\":\"ListItem\",\"position\":2,\"name\":\"Anwendungsfelder\",\"item\":\"https:\\\/\\\/klasmann-deilmann.com\\\/de\\\/anwendungsfelder\\\/\"},{\"@type\":\"ListItem\",\"position\":3,\"name\":\"Containerpflanzen\",\"item\":\"https:\\\/\\\/klasmann-deilmann.com\\\/de\\\/anwendungsfelder\\\/containerpflanzen\\\/\"},{\"@type\":\"ListItem\",\"position\":4,\"name\":\"Container Substrate\"}]},{\"@type\":\"WebSite\",\"@id\":\"https:\\\/\\\/klasmann-deilmann.com\\\/en\\\/#website\",\"url\":\"https:\\\/\\\/klasmann-deilmann.com\\\/en\\\/\",\"name\":\"Klasmann-Deilmann\",\"description\":\"\",\"potentialAction\":[{\"@type\":\"SearchAction\",\"target\":{\"@type\":\"EntryPoint\",\"urlTemplate\":\"https:\\\/\\\/klasmann-deilmann.com\\\/en\\\/?s={search_term_string}\"},\"query-input\":{\"@type\":\"PropertyValueSpecification\",\"valueRequired\":true,\"valueName\":\"search_term_string\"}}],\"inLanguage\":\"de\"}]}<\/script>\n<!-- \/ Yoast SEO plugin. -->","yoast_head_json":{"title":"Container Substrate - Klasmann-Deilmann","robots":{"index":"index","follow":"follow","max-snippet":"max-snippet:-1","max-image-preview":"max-image-preview:large","max-video-preview":"max-video-preview:-1"},"canonical":"https:\/\/klasmann-deilmann.com\/de\/anwendungsfelder\/containerpflanzen\/container-substrate\/","og_locale":"de_DE","og_type":"article","og_title":"Container Substrate - Klasmann-Deilmann","og_description":"[vc_row][vc_column][kd_header_random_image_banner image=&#8220;34831&#8243;][\/kd_header_random_image_banner][\/vc_column][\/vc_row][vc_section el_id=&#8220;ts4-plus-coarse-greenfibre&#8220;][vc_row][vc_column][kd_single_products productselect=&#8220;42747&#8243;][kd_accordion_custom color=&#8220;kdgreen&#8220; shape=&#8220;square&#8220; collapsible_all=&#8220;true&#8220; active_section=&#8220;99&#8243;][vc_tta_section title=&#8220;Kulturbeispiele&#8220; tab_id=&#8220;crop-results1628592737742&#8243;][vc_row_inner][vc_column_inner width=&#8220;7\/12&#8243;][vc_column_text el_class=&#8220;pluslist&#8220;]Praxiserfahrungen Sehr starke Drainagef\u00e4higkeit und gute Wasserverteilung in der Wurzelzone Erm\u00f6glicht kr\u00e4ftiges Wurzelwachstum Trockenere Substratoberfl\u00e4che reduziert Krankheitsbefall Funktioniert aufgrund des stabilen Stickstoffhaushaltes sehr gut mit praxis\u00fcblicher Fl\u00fcssigd\u00fcngung oder in Kombination mit \u00fcblichen Langzeitd\u00fcngermengen [\/vc_column_text][\/vc_column_inner][vc_column_inner width=&#8220;5\/12&#8243;][vc_column_text]Sehr gesunde Wurzelentwicklung von Photinia fraseri in TS 4 Plus grob (P24) mit 30 % GreenFibre\u00ae (Niederlande)[\/vc_column_text][\/vc_column_inner][\/vc_row_inner][\/vc_tta_section][\/kd_accordion_custom][\/vc_column][\/vc_row][\/vc_section][vc_section css=&#8220;.vc_custom_1629098892271{padding-top: 70px !important;}&#8220; el_id=&#8220;container-substrate-2-coarse-with-terraktiv-greenfibre&#8220;][vc_row][vc_column][kd_single_products productselect=&#8220;42752&#8243;][kd_accordion_custom color=&#8220;kdgreen&#8220; shape=&#8220;square&#8220; collapsible_all=&#8220;true&#8220; active_section=&#8220;99&#8243;][vc_tta_section title=&#8220;Kulturbeispiele&#8220; tab_id=&#8220;1628592742715-a04ac267-0d1e&#8220;][vc_row_inner][vc_column_inner width=&#8220;1\/2&#8243;][vc_column_text el_class=&#8220;pluslist&#8220;]Praxiserfahrungen Ideale Wurzelentwicklung durch perfekte Drainage","og_url":"https:\/\/klasmann-deilmann.com\/de\/anwendungsfelder\/containerpflanzen\/container-substrate\/","og_site_name":"Klasmann-Deilmann","article_modified_time":"2021-11-17T15:18:29+00:00","og_image":[{"url":"https:\/\/klasmann-deilmann.com\/wp-content\/uploads\/photinia_fraseri_grown-e1628593482653.jpg","type":"","width":"","height":""}],"twitter_card":"summary_large_image","twitter_misc":{"Gesch\u00e4tzte Lesezeit":"4\u00a0Minuten"},"schema":{"@context":"https:\/\/schema.org","@graph":[{"@type":"WebPage","@id":"https:\/\/klasmann-deilmann.com\/de\/anwendungsfelder\/containerpflanzen\/container-substrate\/","url":"https:\/\/klasmann-deilmann.com\/de\/anwendungsfelder\/containerpflanzen\/container-substrate\/","name":"Container Substrate - Klasmann-Deilmann","isPartOf":{"@id":"https:\/\/klasmann-deilmann.com\/en\/#website"},"primaryImageOfPage":{"@id":"https:\/\/klasmann-deilmann.com\/de\/anwendungsfelder\/containerpflanzen\/container-substrate\/#primaryimage"},"image":{"@id":"https:\/\/klasmann-deilmann.com\/de\/anwendungsfelder\/containerpflanzen\/container-substrate\/#primaryimage"},"thumbnailUrl":"https:\/\/klasmann-deilmann.com\/wp-content\/uploads\/photinia_fraseri_grown-e1628593482653.jpg","datePublished":"2021-11-16T10:53:07+00:00","dateModified":"2021-11-17T15:18:29+00:00","breadcrumb":{"@id":"https:\/\/klasmann-deilmann.com\/de\/anwendungsfelder\/containerpflanzen\/container-substrate\/#breadcrumb"},"inLanguage":"de","potentialAction":[{"@type":"ReadAction","target":["https:\/\/klasmann-deilmann.com\/de\/anwendungsfelder\/containerpflanzen\/container-substrate\/"]}]},{"@type":"ImageObject","inLanguage":"de","@id":"https:\/\/klasmann-deilmann.com\/de\/anwendungsfelder\/containerpflanzen\/container-substrate\/#primaryimage","url":"https:\/\/klasmann-deilmann.com\/wp-content\/uploads\/photinia_fraseri_grown-e1628593482653.jpg","contentUrl":"https:\/\/klasmann-deilmann.com\/wp-content\/uploads\/photinia_fraseri_grown-e1628593482653.jpg"},{"@type":"BreadcrumbList","@id":"https:\/\/klasmann-deilmann.com\/de\/anwendungsfelder\/containerpflanzen\/container-substrate\/#breadcrumb","itemListElement":[{"@type":"ListItem","position":1,"name":"Home","item":"https:\/\/klasmann-deilmann.com\/de\/"},{"@type":"ListItem","position":2,"name":"Anwendungsfelder","item":"https:\/\/klasmann-deilmann.com\/de\/anwendungsfelder\/"},{"@type":"ListItem","position":3,"name":"Containerpflanzen","item":"https:\/\/klasmann-deilmann.com\/de\/anwendungsfelder\/containerpflanzen\/"},{"@type":"ListItem","position":4,"name":"Container Substrate"}]},{"@type":"WebSite","@id":"https:\/\/klasmann-deilmann.com\/en\/#website","url":"https:\/\/klasmann-deilmann.com\/en\/","name":"Klasmann-Deilmann","description":"","potentialAction":[{"@type":"SearchAction","target":{"@type":"EntryPoint","urlTemplate":"https:\/\/klasmann-deilmann.com\/en\/?s={search_term_string}"},"query-input":{"@type":"PropertyValueSpecification","valueRequired":true,"valueName":"search_term_string"}}],"inLanguage":"de"}]}},"_links":{"self":[{"href":"https:\/\/klasmann-deilmann.com\/de\/wp-json\/wp\/v2\/pages\/39453","targetHints":{"allow":["GET"]}}],"collection":[{"href":"https:\/\/klasmann-deilmann.com\/de\/wp-json\/wp\/v2\/pages"}],"about":[{"href":"https:\/\/klasmann-deilmann.com\/de\/wp-json\/wp\/v2\/types\/page"}],"author":[{"embeddable":true,"href":"https:\/\/klasmann-deilmann.com\/de\/wp-json\/wp\/v2\/users\/7"}],"replies":[{"embeddable":true,"href":"https:\/\/klasmann-deilmann.com\/de\/wp-json\/wp\/v2\/comments?post=39453"}],"version-history":[{"count":4,"href":"https:\/\/klasmann-deilmann.com\/de\/wp-json\/wp\/v2\/pages\/39453\/revisions"}],"predecessor-version":[{"id":42757,"href":"https:\/\/klasmann-deilmann.com\/de\/wp-json\/wp\/v2\/pages\/39453\/revisions\/42757"}],"up":[{"embeddable":true,"href":"https:\/\/klasmann-deilmann.com\/de\/wp-json\/wp\/v2\/pages\/39379"}],"wp:attachment":[{"href":"https:\/\/klasmann-deilmann.com\/de\/wp-json\/wp\/v2\/media?parent=39453"}],"curies":[{"name":"wp","href":"https:\/\/api.w.org\/{rel}","templated":true}]}}