{"id":39361,"date":"2021-11-16T11:50:39","date_gmt":"2021-11-16T10:50:39","guid":{"rendered":"https:\/\/klasmann-deilmann.com\/?page_id=39361"},"modified":"2021-11-17T16:35:24","modified_gmt":"2021-11-17T15:35:24","slug":"topfpflanzen-substrate","status":"publish","type":"page","link":"https:\/\/klasmann-deilmann.com\/de\/anwendungsfelder\/topfpflanzen\/topfpflanzen-substrate\/","title":{"rendered":"Topfpflanzen Substrate"},"content":{"rendered":"<div class=\"wpb-content-wrapper\">[vc_row][vc_column][kd_header_random_image_banner image=&#8220;36692&#8243;][\/kd_header_random_image_banner][\/vc_column][\/vc_row][vc_section el_id=&#8220;ts4-plus-medium-greenfibre&#8220;][vc_row][vc_column][kd_single_products productselect=&#8220;42721&#8243;][kd_accordion_custom color=&#8220;kdgreen&#8220; shape=&#8220;square&#8220; collapsible_all=&#8220;true&#8220; active_section=&#8220;99&#8243;][vc_tta_section title=&#8220;Kulturbeispiele&#8220; tab_id=&#8220;crop-results&#8220;][vc_row_inner][vc_column_inner][vc_column_text]<img loading=\"lazy\" decoding=\"async\" width=\"2560\" height=\"1120\" class=\"alignnone size-full wp-image-34489\" src=\"\/wp-content\/uploads\/Begonia-elatior-hybrids_potted.png\" alt=\"\" srcset=\"https:\/\/klasmann-deilmann.com\/wp-content\/uploads\/Begonia-elatior-hybrids_potted.png 2560w, https:\/\/klasmann-deilmann.com\/wp-content\/uploads\/Begonia-elatior-hybrids_potted-300x131.png 300w, https:\/\/klasmann-deilmann.com\/wp-content\/uploads\/Begonia-elatior-hybrids_potted-1024x448.png 1024w, https:\/\/klasmann-deilmann.com\/wp-content\/uploads\/Begonia-elatior-hybrids_potted-768x336.png 768w, https:\/\/klasmann-deilmann.com\/wp-content\/uploads\/Begonia-elatior-hybrids_potted-1536x672.png 1536w, https:\/\/klasmann-deilmann.com\/wp-content\/uploads\/Begonia-elatior-hybrids_potted-2048x896.png 2048w\" sizes=\"auto, (max-width: 2560px) 100vw, 2560px\" \/><\/p>\n<p>Begonia-Elatior-Hybriden kultiviert in TS 4 PLUS medium + 20 % GreenFibre\u00ae (Rez. 616) (Niederlande)[\/vc_column_text][\/vc_column_inner][\/vc_row_inner][vc_row_inner][vc_column_inner][vc_column_text el_class=&#8220;pluslist&#8220;]<strong>Praxiserfahrungen<\/strong><\/p>\n<ul>\n<li>Sehr positive Ergebnisse auch bei empfindlichen Sorten<\/li>\n<li>Erh\u00f6hte Drainage und schnellere Wasseraufnahme unterst\u00fctzt ein einfacheres Bew\u00e4sserungsmanagement<\/li>\n<li>Substratoberfl\u00e4che bleibt trockener, weniger Probleme mit Lebermoos, Algen und Trauerm\u00fccken<\/li>\n<li>Geringeres Auftreten von Wurzelkrankheiten<\/li>\n<li>Bei normaler Fl\u00fcssigd\u00fcngung auf Stickstoffbasis ist keine spezielle Zusatzd\u00fcngung erforderlich<\/li>\n<\/ul>\n<p>[\/vc_column_text][\/vc_column_inner][\/vc_row_inner][\/vc_tta_section][\/kd_accordion_custom][\/vc_column][\/vc_row][\/vc_section][vc_section css=&#8220;.vc_custom_1629098514130{padding-top: 70px !important;}&#8220; el_id=&#8220;substrate-5-with-clay-greenfibre&#8220;][vc_row][vc_column][kd_single_products productselect=&#8220;42724&#8243;][kd_accordion_custom color=&#8220;kdgreen&#8220; shape=&#8220;square&#8220; collapsible_all=&#8220;true&#8220; active_section=&#8220;99&#8243;][vc_tta_section title=&#8220;Kulturbeispiele&#8220; tab_id=&#8220;1628239636513-d48bd298-5b88&#8243;][vc_row_inner][vc_column_inner][vc_column_text]Ein Versuch mit Begonia-Elatior-Hybriden in Ebbe-Flut-Bew\u00e4sserung best\u00e4tigte die hohe Praxiseignung von GreenFibre\u00ae in torfhaltigen Substraten im Vergleich zu Kokosfasern und einem praxis\u00fcblichen Standardsubstrat mit 25 Volumenprozent Perlite (Versuch in der Forschungsanstalt LVG Ahlem, Deutschland).[\/vc_column_text][vc_column_text]<img loading=\"lazy\" decoding=\"async\" width=\"2560\" height=\"2435\" class=\"alignnone size-full wp-image-42733\" src=\"\/wp-content\/uploads\/greennote_greenfibre_in_pot_plants_de.png\" alt=\"\" srcset=\"https:\/\/klasmann-deilmann.com\/wp-content\/uploads\/greennote_greenfibre_in_pot_plants_de.png 2560w, https:\/\/klasmann-deilmann.com\/wp-content\/uploads\/greennote_greenfibre_in_pot_plants_de-300x285.png 300w, https:\/\/klasmann-deilmann.com\/wp-content\/uploads\/greennote_greenfibre_in_pot_plants_de-1024x974.png 1024w, https:\/\/klasmann-deilmann.com\/wp-content\/uploads\/greennote_greenfibre_in_pot_plants_de-768x731.png 768w, https:\/\/klasmann-deilmann.com\/wp-content\/uploads\/greennote_greenfibre_in_pot_plants_de-1536x1461.png 1536w, https:\/\/klasmann-deilmann.com\/wp-content\/uploads\/greennote_greenfibre_in_pot_plants_de-2048x1948.png 2048w\" sizes=\"auto, (max-width: 2560px) 100vw, 2560px\" \/>[\/vc_column_text][vc_column_text el_class=&#8220;pluslist&#8220;]<strong>Verhalten der Substrate mit GreenFibre\u00ae im Versuch:<\/strong><\/p>\n<ul>\n<li>Pflanzen, die in einem GreenFibre\u00ae-Substrat kultiviert wurden, zeigten eine bessere Wurzelentwicklung und ein h\u00f6heres Frischgewicht.<\/li>\n<li>Die Pflanzen in der GreenFibre-Variante wiesen insgesamt einen homogeneren Bestand auf.<\/li>\n<li>Die Fl\u00fcssigd\u00fcngung erfolgte entsprechend g\u00e4ngiger Praxis mit ausgewogenen NPK-Verh\u00e4ltnissen, eine Stickstofffixierung war nicht zu beobachten.<\/li>\n<\/ul>\n<p>[\/vc_column_text][\/vc_column_inner][\/vc_row_inner][\/vc_tta_section][\/kd_accordion_custom][\/vc_column][\/vc_row][\/vc_section][vc_row css=&#8220;.vc_custom_1629098581281{padding-top: 70px !important;padding-bottom: 50px !important;}&#8220; el_id=&#8220;substrate-5-terraktiv-perlite-greenfibre&#8220;][vc_column][vc_row_inner][vc_column_inner][kd_single_products productselect=&#8220;42729&#8243;][\/vc_column_inner][\/vc_row_inner][\/vc_column][\/vc_row][vc_row css=&#8220;.vc_custom_1628596781167{margin-top: 70px !important;background-color: #414345 !important;}&#8220;][vc_column][vc_row_inner content_placement=&#8220;middle&#8220;][vc_column_inner width=&#8220;1\/2&#8243;][vc_column_text]<img loading=\"lazy\" decoding=\"async\" width=\"2560\" height=\"1788\" class=\"alignnone size-full wp-image-34601\" src=\"\/wp-content\/uploads\/organic-growing-1.jpg\" alt=\"\" srcset=\"https:\/\/klasmann-deilmann.com\/wp-content\/uploads\/organic-growing-1.jpg 2560w, https:\/\/klasmann-deilmann.com\/wp-content\/uploads\/organic-growing-1-300x210.jpg 300w, https:\/\/klasmann-deilmann.com\/wp-content\/uploads\/organic-growing-1-1024x715.jpg 1024w, https:\/\/klasmann-deilmann.com\/wp-content\/uploads\/organic-growing-1-768x536.jpg 768w, https:\/\/klasmann-deilmann.com\/wp-content\/uploads\/organic-growing-1-1536x1073.jpg 1536w, https:\/\/klasmann-deilmann.com\/wp-content\/uploads\/organic-growing-1-2048x1430.jpg 2048w\" sizes=\"auto, (max-width: 2560px) 100vw, 2560px\" \/>[\/vc_column_text][\/vc_column_inner][vc_column_inner width=&#8220;1\/2&#8243;][vc_column_text]<\/p>\n<h2 style=\"text-align: left;\">\u00d6kologischer Anbau:<\/h2>\n<h4>Sie sind auf der Suche nach dem richtigen Substrat f\u00fcr den \u00f6kologischen Anbau? Dann ist unser ProLine-Substratsortiment die perfekte Wahl f\u00fcr Sie. Mehr Informationen finden Sie hier:<\/h4>\n<p>[\/vc_column_text][kd_download_button show_link_download1=&#8220;link&#8220; link1=&#8220;url:https%3A%2F%2Fklasmann-deilmann.com%2Fde%2Fprodukte-loesungen%2Fproline-substrate%2F|title:Erfahren%20Sie%20mehr%20%C3%BCber%20ProLine&#8220;][\/vc_column_inner][\/vc_row_inner][\/vc_column][\/vc_row][vc_row css=&#8220;.vc_custom_1628596773135{padding-top: 70px !important;}&#8220;][vc_column][vc_row_inner content_placement=&#8220;middle&#8220;][vc_column_inner width=&#8220;1\/2&#8243;][vc_column_text]<\/p>\n<h2><strong>Individuelle Substratmischungen:<\/strong><\/h2>\n<h4>Von der Jungpflanzenanzucht \u00fcber Beetpflanzen bis Beerenobst sind kundenspezifische Rezepturen f\u00fcr alle Anwendungsbereiche erh\u00e4ltlich. Unsere langj\u00e4hrige Erfahrung erm\u00f6glicht es uns, Ihnen ma\u00dfgeschneiderte Substratl\u00f6sungen anzubieten, die passgenau auf alle physikalischen und chemischen Anforderungen Ihrer Kulturen und Ihres Anbausystems abgestimmt sind. Ihren pers\u00f6nlichen Ansprechpartner finden Sie hier:<\/h4>\n<p>[\/vc_column_text][\/vc_column_inner][vc_column_inner width=&#8220;1\/2&#8243;][vc_column_text]<img loading=\"lazy\" decoding=\"async\" width=\"2560\" height=\"1707\" class=\"alignnone size-full wp-image-34604\" src=\"\/wp-content\/uploads\/individual_compositions.jpg\" alt=\"\" srcset=\"https:\/\/klasmann-deilmann.com\/wp-content\/uploads\/individual_compositions.jpg 2560w, https:\/\/klasmann-deilmann.com\/wp-content\/uploads\/individual_compositions-300x200.jpg 300w, https:\/\/klasmann-deilmann.com\/wp-content\/uploads\/individual_compositions-1024x683.jpg 1024w, https:\/\/klasmann-deilmann.com\/wp-content\/uploads\/individual_compositions-768x512.jpg 768w, https:\/\/klasmann-deilmann.com\/wp-content\/uploads\/individual_compositions-1536x1024.jpg 1536w, https:\/\/klasmann-deilmann.com\/wp-content\/uploads\/individual_compositions-2048x1366.jpg 2048w\" sizes=\"auto, (max-width: 2560px) 100vw, 2560px\" \/>[\/vc_column_text][\/vc_column_inner][\/vc_row_inner][\/vc_column][\/vc_row][vc_row css=&#8220;.vc_custom_1627485951011{padding-top: 50px !important;padding-bottom: 50px !important;}&#8220;][vc_column][kd_getintouch image=&#8220;32948&#8243;][\/vc_column][\/vc_row]<\/div>\n","protected":false},"excerpt":{"rendered":"<p>[vc_row][vc_column][kd_header_random_image_banner image=&#8220;36692&#8243;][\/kd_header_random_image_banner][\/vc_column][\/vc_row][vc_section el_id=&#8220;ts4-plus-medium-greenfibre&#8220;][vc_row][vc_column][kd_single_products productselect=&#8220;42721&#8243;][kd_accordion_custom color=&#8220;kdgreen&#8220; shape=&#8220;square&#8220; collapsible_all=&#8220;true&#8220; active_section=&#8220;99&#8243;][vc_tta_section title=&#8220;Kulturbeispiele&#8220; tab_id=&#8220;crop-results&#8220;][vc_row_inner][vc_column_inner][vc_column_text] Begonia-Elatior-Hybriden kultiviert in TS 4 PLUS medium + 20 % GreenFibre\u00ae (Rez. 616) (Niederlande)[\/vc_column_text][\/vc_column_inner][\/vc_row_inner][vc_row_inner][vc_column_inner][vc_column_text el_class=&#8220;pluslist&#8220;]Praxiserfahrungen Sehr positive Ergebnisse auch bei empfindlichen Sorten Erh\u00f6hte Drainage und schnellere Wasseraufnahme unterst\u00fctzt ein einfacheres Bew\u00e4sserungsmanagement Substratoberfl\u00e4che bleibt trockener, weniger Probleme mit Lebermoos, Algen und Trauerm\u00fccken Geringeres Auftreten von Wurzelkrankheiten Bei normaler Fl\u00fcssigd\u00fcngung auf Stickstoffbasis ist keine spezielle Zusatzd\u00fcngung erforderlich [\/vc_column_text][\/vc_column_inner][\/vc_row_inner][\/vc_tta_section][\/kd_accordion_custom][\/vc_column][\/vc_row][\/vc_section][vc_section css=&#8220;.vc_custom_1629098514130{padding-top: 70px !important;}&#8220; el_id=&#8220;substrate-5-with-clay-greenfibre&#8220;][vc_row][vc_column][kd_single_products productselect=&#8220;42724&#8243;][kd_accordion_custom color=&#8220;kdgreen&#8220; shape=&#8220;square&#8220; collapsible_all=&#8220;true&#8220; active_section=&#8220;99&#8243;][vc_tta_section title=&#8220;Kulturbeispiele&#8220; tab_id=&#8220;1628239636513-d48bd298-5b88&#8243;][vc_row_inner][vc_column_inner][vc_column_text]Ein Versuch mit Begonia-Elatior-Hybriden<\/p>\n","protected":false},"author":7,"featured_media":0,"parent":39303,"menu_order":133,"comment_status":"closed","ping_status":"closed","template":"","meta":{"_acf_changed":false,"inline_featured_image":false,"footnotes":""},"class_list":["post-39361","page","type-page","status-publish","hentry"],"acf":[],"yoast_head":"<!-- This site is optimized with the Yoast SEO plugin v27.5 - https:\/\/yoast.com\/product\/yoast-seo-wordpress\/ -->\n<title>Topfpflanzen Substrate - Klasmann-Deilmann<\/title>\n<meta name=\"robots\" content=\"index, follow, max-snippet:-1, max-image-preview:large, max-video-preview:-1\" \/>\n<link rel=\"canonical\" href=\"https:\/\/klasmann-deilmann.com\/de\/anwendungsfelder\/topfpflanzen\/topfpflanzen-substrate\/\" \/>\n<meta property=\"og:locale\" content=\"de_DE\" \/>\n<meta property=\"og:type\" content=\"article\" \/>\n<meta property=\"og:title\" content=\"Topfpflanzen Substrate - Klasmann-Deilmann\" \/>\n<meta property=\"og:description\" content=\"[vc_row][vc_column][kd_header_random_image_banner image=&#8220;36692&#8243;][\/kd_header_random_image_banner][\/vc_column][\/vc_row][vc_section el_id=&#8220;ts4-plus-medium-greenfibre&#8220;][vc_row][vc_column][kd_single_products productselect=&#8220;42721&#8243;][kd_accordion_custom color=&#8220;kdgreen&#8220; shape=&#8220;square&#8220; collapsible_all=&#8220;true&#8220; active_section=&#8220;99&#8243;][vc_tta_section title=&#8220;Kulturbeispiele&#8220; tab_id=&#8220;crop-results&#8220;][vc_row_inner][vc_column_inner][vc_column_text] Begonia-Elatior-Hybriden kultiviert in TS 4 PLUS medium + 20 % GreenFibre\u00ae (Rez. 616) (Niederlande)[\/vc_column_text][\/vc_column_inner][\/vc_row_inner][vc_row_inner][vc_column_inner][vc_column_text el_class=&#8220;pluslist&#8220;]Praxiserfahrungen Sehr positive Ergebnisse auch bei empfindlichen Sorten Erh\u00f6hte Drainage und schnellere Wasseraufnahme unterst\u00fctzt ein einfacheres Bew\u00e4sserungsmanagement Substratoberfl\u00e4che bleibt trockener, weniger Probleme mit Lebermoos, Algen und Trauerm\u00fccken Geringeres Auftreten von Wurzelkrankheiten Bei normaler Fl\u00fcssigd\u00fcngung auf Stickstoffbasis ist keine spezielle Zusatzd\u00fcngung erforderlich [\/vc_column_text][\/vc_column_inner][\/vc_row_inner][\/vc_tta_section][\/kd_accordion_custom][\/vc_column][\/vc_row][\/vc_section][vc_section css=&#8220;.vc_custom_1629098514130{padding-top: 70px !important;}&#8220; el_id=&#8220;substrate-5-with-clay-greenfibre&#8220;][vc_row][vc_column][kd_single_products productselect=&#8220;42724&#8243;][kd_accordion_custom color=&#8220;kdgreen&#8220; shape=&#8220;square&#8220; collapsible_all=&#8220;true&#8220; active_section=&#8220;99&#8243;][vc_tta_section title=&#8220;Kulturbeispiele&#8220; tab_id=&#8220;1628239636513-d48bd298-5b88&#8243;][vc_row_inner][vc_column_inner][vc_column_text]Ein Versuch mit Begonia-Elatior-Hybriden\" \/>\n<meta property=\"og:url\" content=\"https:\/\/klasmann-deilmann.com\/de\/anwendungsfelder\/topfpflanzen\/topfpflanzen-substrate\/\" \/>\n<meta property=\"og:site_name\" content=\"Klasmann-Deilmann\" \/>\n<meta property=\"article:modified_time\" content=\"2021-11-17T15:35:24+00:00\" \/>\n<meta property=\"og:image\" content=\"https:\/\/klasmann-deilmann.com\/wp-content\/uploads\/Begonia-elatior-hybrids_potted.png\" \/>\n<meta name=\"twitter:card\" content=\"summary_large_image\" \/>\n<meta name=\"twitter:label1\" content=\"Gesch\u00e4tzte Lesezeit\" \/>\n\t<meta name=\"twitter:data1\" content=\"2\u00a0Minuten\" \/>\n<script type=\"application\/ld+json\" class=\"yoast-schema-graph\">{\"@context\":\"https:\\\/\\\/schema.org\",\"@graph\":[{\"@type\":\"WebPage\",\"@id\":\"https:\\\/\\\/klasmann-deilmann.com\\\/de\\\/anwendungsfelder\\\/topfpflanzen\\\/topfpflanzen-substrate\\\/\",\"url\":\"https:\\\/\\\/klasmann-deilmann.com\\\/de\\\/anwendungsfelder\\\/topfpflanzen\\\/topfpflanzen-substrate\\\/\",\"name\":\"Topfpflanzen Substrate - Klasmann-Deilmann\",\"isPartOf\":{\"@id\":\"https:\\\/\\\/klasmann-deilmann.com\\\/en\\\/#website\"},\"datePublished\":\"2021-11-16T10:50:39+00:00\",\"dateModified\":\"2021-11-17T15:35:24+00:00\",\"breadcrumb\":{\"@id\":\"https:\\\/\\\/klasmann-deilmann.com\\\/de\\\/anwendungsfelder\\\/topfpflanzen\\\/topfpflanzen-substrate\\\/#breadcrumb\"},\"inLanguage\":\"de\",\"potentialAction\":[{\"@type\":\"ReadAction\",\"target\":[\"https:\\\/\\\/klasmann-deilmann.com\\\/de\\\/anwendungsfelder\\\/topfpflanzen\\\/topfpflanzen-substrate\\\/\"]}]},{\"@type\":\"BreadcrumbList\",\"@id\":\"https:\\\/\\\/klasmann-deilmann.com\\\/de\\\/anwendungsfelder\\\/topfpflanzen\\\/topfpflanzen-substrate\\\/#breadcrumb\",\"itemListElement\":[{\"@type\":\"ListItem\",\"position\":1,\"name\":\"Home\",\"item\":\"https:\\\/\\\/klasmann-deilmann.com\\\/de\\\/\"},{\"@type\":\"ListItem\",\"position\":2,\"name\":\"Anwendungsfelder\",\"item\":\"https:\\\/\\\/klasmann-deilmann.com\\\/de\\\/anwendungsfelder\\\/\"},{\"@type\":\"ListItem\",\"position\":3,\"name\":\"Topfpflanzen\",\"item\":\"https:\\\/\\\/klasmann-deilmann.com\\\/de\\\/anwendungsfelder\\\/topfpflanzen\\\/\"},{\"@type\":\"ListItem\",\"position\":4,\"name\":\"Topfpflanzen Substrate\"}]},{\"@type\":\"WebSite\",\"@id\":\"https:\\\/\\\/klasmann-deilmann.com\\\/en\\\/#website\",\"url\":\"https:\\\/\\\/klasmann-deilmann.com\\\/en\\\/\",\"name\":\"Klasmann-Deilmann\",\"description\":\"\",\"potentialAction\":[{\"@type\":\"SearchAction\",\"target\":{\"@type\":\"EntryPoint\",\"urlTemplate\":\"https:\\\/\\\/klasmann-deilmann.com\\\/en\\\/?s={search_term_string}\"},\"query-input\":{\"@type\":\"PropertyValueSpecification\",\"valueRequired\":true,\"valueName\":\"search_term_string\"}}],\"inLanguage\":\"de\"}]}<\/script>\n<!-- \/ Yoast SEO plugin. -->","yoast_head_json":{"title":"Topfpflanzen Substrate - Klasmann-Deilmann","robots":{"index":"index","follow":"follow","max-snippet":"max-snippet:-1","max-image-preview":"max-image-preview:large","max-video-preview":"max-video-preview:-1"},"canonical":"https:\/\/klasmann-deilmann.com\/de\/anwendungsfelder\/topfpflanzen\/topfpflanzen-substrate\/","og_locale":"de_DE","og_type":"article","og_title":"Topfpflanzen Substrate - Klasmann-Deilmann","og_description":"[vc_row][vc_column][kd_header_random_image_banner image=&#8220;36692&#8243;][\/kd_header_random_image_banner][\/vc_column][\/vc_row][vc_section el_id=&#8220;ts4-plus-medium-greenfibre&#8220;][vc_row][vc_column][kd_single_products productselect=&#8220;42721&#8243;][kd_accordion_custom color=&#8220;kdgreen&#8220; shape=&#8220;square&#8220; collapsible_all=&#8220;true&#8220; active_section=&#8220;99&#8243;][vc_tta_section title=&#8220;Kulturbeispiele&#8220; tab_id=&#8220;crop-results&#8220;][vc_row_inner][vc_column_inner][vc_column_text] Begonia-Elatior-Hybriden kultiviert in TS 4 PLUS medium + 20 % GreenFibre\u00ae (Rez. 616) (Niederlande)[\/vc_column_text][\/vc_column_inner][\/vc_row_inner][vc_row_inner][vc_column_inner][vc_column_text el_class=&#8220;pluslist&#8220;]Praxiserfahrungen Sehr positive Ergebnisse auch bei empfindlichen Sorten Erh\u00f6hte Drainage und schnellere Wasseraufnahme unterst\u00fctzt ein einfacheres Bew\u00e4sserungsmanagement Substratoberfl\u00e4che bleibt trockener, weniger Probleme mit Lebermoos, Algen und Trauerm\u00fccken Geringeres Auftreten von Wurzelkrankheiten Bei normaler Fl\u00fcssigd\u00fcngung auf Stickstoffbasis ist keine spezielle Zusatzd\u00fcngung erforderlich [\/vc_column_text][\/vc_column_inner][\/vc_row_inner][\/vc_tta_section][\/kd_accordion_custom][\/vc_column][\/vc_row][\/vc_section][vc_section css=&#8220;.vc_custom_1629098514130{padding-top: 70px !important;}&#8220; el_id=&#8220;substrate-5-with-clay-greenfibre&#8220;][vc_row][vc_column][kd_single_products productselect=&#8220;42724&#8243;][kd_accordion_custom color=&#8220;kdgreen&#8220; shape=&#8220;square&#8220; collapsible_all=&#8220;true&#8220; active_section=&#8220;99&#8243;][vc_tta_section title=&#8220;Kulturbeispiele&#8220; tab_id=&#8220;1628239636513-d48bd298-5b88&#8243;][vc_row_inner][vc_column_inner][vc_column_text]Ein Versuch mit Begonia-Elatior-Hybriden","og_url":"https:\/\/klasmann-deilmann.com\/de\/anwendungsfelder\/topfpflanzen\/topfpflanzen-substrate\/","og_site_name":"Klasmann-Deilmann","article_modified_time":"2021-11-17T15:35:24+00:00","og_image":[{"url":"https:\/\/klasmann-deilmann.com\/wp-content\/uploads\/Begonia-elatior-hybrids_potted.png","type":"","width":"","height":""}],"twitter_card":"summary_large_image","twitter_misc":{"Gesch\u00e4tzte Lesezeit":"2\u00a0Minuten"},"schema":{"@context":"https:\/\/schema.org","@graph":[{"@type":"WebPage","@id":"https:\/\/klasmann-deilmann.com\/de\/anwendungsfelder\/topfpflanzen\/topfpflanzen-substrate\/","url":"https:\/\/klasmann-deilmann.com\/de\/anwendungsfelder\/topfpflanzen\/topfpflanzen-substrate\/","name":"Topfpflanzen Substrate - Klasmann-Deilmann","isPartOf":{"@id":"https:\/\/klasmann-deilmann.com\/en\/#website"},"datePublished":"2021-11-16T10:50:39+00:00","dateModified":"2021-11-17T15:35:24+00:00","breadcrumb":{"@id":"https:\/\/klasmann-deilmann.com\/de\/anwendungsfelder\/topfpflanzen\/topfpflanzen-substrate\/#breadcrumb"},"inLanguage":"de","potentialAction":[{"@type":"ReadAction","target":["https:\/\/klasmann-deilmann.com\/de\/anwendungsfelder\/topfpflanzen\/topfpflanzen-substrate\/"]}]},{"@type":"BreadcrumbList","@id":"https:\/\/klasmann-deilmann.com\/de\/anwendungsfelder\/topfpflanzen\/topfpflanzen-substrate\/#breadcrumb","itemListElement":[{"@type":"ListItem","position":1,"name":"Home","item":"https:\/\/klasmann-deilmann.com\/de\/"},{"@type":"ListItem","position":2,"name":"Anwendungsfelder","item":"https:\/\/klasmann-deilmann.com\/de\/anwendungsfelder\/"},{"@type":"ListItem","position":3,"name":"Topfpflanzen","item":"https:\/\/klasmann-deilmann.com\/de\/anwendungsfelder\/topfpflanzen\/"},{"@type":"ListItem","position":4,"name":"Topfpflanzen Substrate"}]},{"@type":"WebSite","@id":"https:\/\/klasmann-deilmann.com\/en\/#website","url":"https:\/\/klasmann-deilmann.com\/en\/","name":"Klasmann-Deilmann","description":"","potentialAction":[{"@type":"SearchAction","target":{"@type":"EntryPoint","urlTemplate":"https:\/\/klasmann-deilmann.com\/en\/?s={search_term_string}"},"query-input":{"@type":"PropertyValueSpecification","valueRequired":true,"valueName":"search_term_string"}}],"inLanguage":"de"}]}},"_links":{"self":[{"href":"https:\/\/klasmann-deilmann.com\/de\/wp-json\/wp\/v2\/pages\/39361","targetHints":{"allow":["GET"]}}],"collection":[{"href":"https:\/\/klasmann-deilmann.com\/de\/wp-json\/wp\/v2\/pages"}],"about":[{"href":"https:\/\/klasmann-deilmann.com\/de\/wp-json\/wp\/v2\/types\/page"}],"author":[{"embeddable":true,"href":"https:\/\/klasmann-deilmann.com\/de\/wp-json\/wp\/v2\/users\/7"}],"replies":[{"embeddable":true,"href":"https:\/\/klasmann-deilmann.com\/de\/wp-json\/wp\/v2\/comments?post=39361"}],"version-history":[{"count":8,"href":"https:\/\/klasmann-deilmann.com\/de\/wp-json\/wp\/v2\/pages\/39361\/revisions"}],"predecessor-version":[{"id":42763,"href":"https:\/\/klasmann-deilmann.com\/de\/wp-json\/wp\/v2\/pages\/39361\/revisions\/42763"}],"up":[{"embeddable":true,"href":"https:\/\/klasmann-deilmann.com\/de\/wp-json\/wp\/v2\/pages\/39303"}],"wp:attachment":[{"href":"https:\/\/klasmann-deilmann.com\/de\/wp-json\/wp\/v2\/media?parent=39361"}],"curies":[{"name":"wp","href":"https:\/\/api.w.org\/{rel}","templated":true}]}}