{"id":39303,"date":"2021-11-16T11:49:58","date_gmt":"2021-11-16T10:49:58","guid":{"rendered":"https:\/\/klasmann-deilmann.com\/?page_id=39303"},"modified":"2021-12-08T11:38:32","modified_gmt":"2021-12-08T10:38:32","slug":"topfpflanzen","status":"publish","type":"page","link":"https:\/\/klasmann-deilmann.com\/de\/anwendungsfelder\/topfpflanzen\/","title":{"rendered":"Topfpflanzen"},"content":{"rendered":"<div class=\"wpb-content-wrapper\">[vc_row][vc_column][kd_header_random_image_banner image=&#8220;36692&#8243;][\/kd_header_random_image_banner][\/vc_column][\/vc_row][vc_row css=&#8220;.vc_custom_1627996958238{padding-bottom: 50px !important;}&#8220;][vc_column][vc_row_inner][vc_column_inner][vc_column_text]<\/p>\n<h2 style=\"text-align: left;\">ADVANCED-Topfpflanzensubstrate<\/h2>\n<p>[\/vc_column_text][\/vc_column_inner][\/vc_row_inner][vc_row_inner][vc_column_inner][vc_column_text]<\/p>\n<h3>Der moderne Ansatz f\u00fcr Topfpflanzenkulturen<\/h3>\n<p>[\/vc_column_text][\/vc_column_inner][vc_column_inner width=&#8220;1\/2&#8243;][vc_column_text]Moderne Bew\u00e4sserungssysteme erfordern Substrate, die neben einer gleichm\u00e4\u00dfigen Luftkapazit\u00e4t und hoher Strukturstabilit\u00e4t vor allem eine zuverl\u00e4ssige Drainage und starke kapillare Wasserverteilung gew\u00e4hrleisten. Optimal f\u00fcr diese Anforderungen ist eine Kombination aus Sodentorffraktionen mit Perlite oder GreenFibre\u00ae. Sowohl GreenFibre\u00ae als auch Perlite erh\u00f6hen Luftkapazit\u00e4t und Drainage eines torfbasierten Substrats deutlich. Dies f\u00fchrt zu einer schnellen und gesunden Wurzelentwicklung und reduziert das Risiko von Wurzelkrankheiten.[\/vc_column_text][\/vc_column_inner][vc_column_inner width=&#8220;1\/2&#8243;][vc_column_text]Ein weiterer wichtiger Aspekt ist die Reduzierung von Pflanzenschutzmitteln in der Kultur. TerrAktiv\u00ae Gr\u00fcnkompost verst\u00e4rkt die gezielte mikrobielle Belebung in Substraten. Die Aktivit\u00e4t der Mikroorganismen f\u00f6rdert ein gesundes Pflanzenwachstum mit mehr Widerstandskraft gegen Krankheiten.<\/p>\n<p>Einfach ADVANCED[\/vc_column_text][\/vc_column_inner][\/vc_row_inner][\/vc_column][\/vc_row][vc_section css=&#8220;.vc_custom_1628168027406{margin-top: -60px !important;}&#8220;][vc_row][vc_column width=&#8220;1\/2&#8243;][kd_accordion_custom color=&#8220;kdlightgray&#8220; shape=&#8220;square&#8220; collapsible_all=&#8220;true&#8220; active_section=&#8220;99&#8243;][vc_tta_section title=&#8220;TS 4 PLUS medium + GreenFibre\u00ae (616)&#8220; tab_id=&#8220;1628162971202-49d2226f-6c66&#8243;][vc_row_inner][vc_column_inner width=&#8220;1\/2&#8243; css=&#8220;.vc_custom_1628232877073{padding-left: 30px !important;}&#8220;][vc_column_text]<img loading=\"lazy\" decoding=\"async\" width=\"1389\" height=\"1659\" class=\"alignnone size-full wp-image-33172\" src=\"\/wp-content\/uploads\/kd_ts4_packshot_220922.png\" alt=\"\" srcset=\"https:\/\/klasmann-deilmann.com\/wp-content\/uploads\/kd_ts4_packshot_220922.png 1389w, https:\/\/klasmann-deilmann.com\/wp-content\/uploads\/kd_ts4_packshot_220922-251x300.png 251w, https:\/\/klasmann-deilmann.com\/wp-content\/uploads\/kd_ts4_packshot_220922-857x1024.png 857w, https:\/\/klasmann-deilmann.com\/wp-content\/uploads\/kd_ts4_packshot_220922-768x917.png 768w, https:\/\/klasmann-deilmann.com\/wp-content\/uploads\/kd_ts4_packshot_220922-1286x1536.png 1286w\" sizes=\"auto, (max-width: 1389px) 100vw, 1389px\" \/>[\/vc_column_text][\/vc_column_inner][vc_column_inner width=&#8220;1\/2&#8243; css=&#8220;.vc_custom_1628232893555{padding-top: 60px !important;}&#8220;][vc_column_text el_class=&#8220;pluslist&#8220;]<\/p>\n<ul>\n<li>Eigenschaften: Gute Strukturstabilit\u00e4t mit hoher Wasserkapazit\u00e4t<\/li>\n<li>Verwendung: Zierpflanzen, Gr\u00fcnpflanzen<\/li>\n<\/ul>\n<p>[\/vc_column_text][kd_download_button show_link_download1=&#8220;link&#8220; link1=&#8220;url:https%3A%2F%2Fklasmann-deilmann.com%2Fde%2Fanwendungsfelder%2Ftopfpflanzen%2Ftopfpflanzen-substrate%2F%23ts4-plus-medium-greenfibre|title:Mehr%20erfahren&#8220;][\/vc_column_inner][\/vc_row_inner][\/vc_tta_section][\/kd_accordion_custom][kd_accordion_custom color=&#8220;kdlightgray&#8220; shape=&#8220;square&#8220; collapsible_all=&#8220;true&#8220; active_section=&#8220;99&#8243;][vc_tta_section title=&#8220;Substrat 5 TerrAktiv\u00ae\/Perlite + GreenFibre\u00ae (6L7)&#8220; tab_id=&#8220;1628170515775-2dca5936-cf1a&#8220;][vc_row_inner][vc_column_inner width=&#8220;1\/2&#8243;][vc_column_text]<img loading=\"lazy\" decoding=\"async\" width=\"1389\" height=\"1659\" class=\"alignnone size-full wp-image-33164\" src=\"\/wp-content\/uploads\/kd_substrat5_packshot.png\" alt=\"\" srcset=\"https:\/\/klasmann-deilmann.com\/wp-content\/uploads\/kd_substrat5_packshot.png 1389w, https:\/\/klasmann-deilmann.com\/wp-content\/uploads\/kd_substrat5_packshot-251x300.png 251w, https:\/\/klasmann-deilmann.com\/wp-content\/uploads\/kd_substrat5_packshot-857x1024.png 857w, https:\/\/klasmann-deilmann.com\/wp-content\/uploads\/kd_substrat5_packshot-768x917.png 768w, https:\/\/klasmann-deilmann.com\/wp-content\/uploads\/kd_substrat5_packshot-1286x1536.png 1286w\" sizes=\"auto, (max-width: 1389px) 100vw, 1389px\" \/>[\/vc_column_text][\/vc_column_inner][vc_column_inner width=&#8220;1\/2&#8243; css=&#8220;.vc_custom_1628233129626{padding-top: 60px !important;}&#8220;][vc_column_text el_class=&#8220;pluslist&#8220;]<\/p>\n<ul>\n<li>Eigenschaften: Allround-Substrat mit erh\u00f6hter Drainage und Luftkapazit\u00e4t<\/li>\n<li>Verwendung: Zierpflanzen, Cyclamen, Geranien, Stauden<\/li>\n<\/ul>\n<p>[\/vc_column_text][kd_download_button show_link_download1=&#8220;link&#8220; link1=&#8220;url:https%3A%2F%2Fklasmann-deilmann.com%2Fde%2Fanwendungsfelder%2Ftopfpflanzen%2Ftopfpflanzen-substrate%2F%23substrate-5-terraktiv-perlite-greenfibre|title:Mehr%20erfahren&#8220;][\/vc_column_inner][\/vc_row_inner][\/vc_tta_section][\/kd_accordion_custom][\/vc_column][vc_column width=&#8220;1\/2&#8243;][kd_accordion_custom color=&#8220;kdlightgray&#8220; shape=&#8220;square&#8220; collapsible_all=&#8220;true&#8220; active_section=&#8220;99&#8243;][vc_tta_section title=&#8220;Substrat 5 mit Ton + GreenFibre\u00ae (666)&#8220; tab_id=&#8220;1628162998315-53b4ac56-49b0&#8243;][vc_row_inner][vc_column_inner width=&#8220;1\/2&#8243; css=&#8220;.vc_custom_1628232967494{padding-left: 30px !important;}&#8220;][vc_column_text]<img loading=\"lazy\" decoding=\"async\" width=\"1389\" height=\"1659\" class=\"alignnone size-full wp-image-33164\" src=\"\/wp-content\/uploads\/kd_substrat5_packshot.png\" alt=\"\" srcset=\"https:\/\/klasmann-deilmann.com\/wp-content\/uploads\/kd_substrat5_packshot.png 1389w, https:\/\/klasmann-deilmann.com\/wp-content\/uploads\/kd_substrat5_packshot-251x300.png 251w, https:\/\/klasmann-deilmann.com\/wp-content\/uploads\/kd_substrat5_packshot-857x1024.png 857w, https:\/\/klasmann-deilmann.com\/wp-content\/uploads\/kd_substrat5_packshot-768x917.png 768w, https:\/\/klasmann-deilmann.com\/wp-content\/uploads\/kd_substrat5_packshot-1286x1536.png 1286w\" sizes=\"auto, (max-width: 1389px) 100vw, 1389px\" \/>[\/vc_column_text][\/vc_column_inner][vc_column_inner width=&#8220;1\/2&#8243; css=&#8220;.vc_custom_1628233009402{padding-top: 60px !important;}&#8220;][vc_column_text el_class=&#8220;pluslist&#8220;]<\/p>\n<ul>\n<li>Eigenschaften: Vielseitiges Topfsubstrat mit guter kapillarer Wasserverteilung und extra N\u00e4hrstoffpuffer<\/li>\n<li>Verwendung: Cyclamen, Geranien, Stauden, Beetpflanzen<\/li>\n<\/ul>\n<p>[\/vc_column_text][kd_download_button show_link_download1=&#8220;link&#8220; link1=&#8220;url:https%3A%2F%2Fklasmann-deilmann.com%2Fde%2Fanwendungsfelder%2Ftopfpflanzen%2Ftopfpflanzen-substrate%2F%23substrate-5-with-clay-greenfibre|title:Mehr%20erfahren&#8220;][\/vc_column_inner][\/vc_row_inner][\/vc_tta_section][\/kd_accordion_custom][kd_download_button show_link_download1=&#8220;download&#8220; download1=&#8220;36743&#8243; showinpdfreader=&#8220;true&#8220;][\/vc_column][\/vc_row][\/vc_section][vc_row css=&#8220;.vc_custom_1628763244792{margin-top: 50px !important;padding-top: 30px !important;padding-bottom: 70px !important;background-image: url(https:\/\/klasmann-deilmann.com\/wp-content\/uploads\/2021-03-24-Belgien-TerrAktiv-Plus-Foto-2-1.jpg?id=34983) !important;background-position: center !important;background-repeat: no-repeat !important;background-size: cover !important;}&#8220;][vc_column][vc_row_inner][vc_column_inner][kd_quote source_text=&#8220;Thierry van Paemel, zufriedener ADVANCED-Kunde und Miteigent\u00fcmer von \u201eBVBA Helleborus\u201c, F\u00fchrender Betrieb im Anbau von Helleborus in Belgien&#8220; posarrow=&#8220;ptopright&#8220;]\u201eHelleborus sind ein wahres Nischenprodukt. Die richtige Substratrezeptur ist daher besonders wichtig, und durch die Verwendung von TerrAktiv\u00ae und GreenFibre\u00ae sehen wir einen deutlichen Erfolg in unseren Kulturen. Die Pflanzen sind st\u00e4rker, kompakter und widerstandsf\u00e4higer.\u201c[\/kd_quote][\/vc_column_inner][\/vc_row_inner][\/vc_column][\/vc_row][vc_row][vc_column][vc_row_inner][vc_column_inner][vc_column_text]<\/p>\n<h2>Be ADVANCED \u2013 mit idealen alternativen Ausgangsstoffen<\/h2>\n<p>[\/vc_column_text][\/vc_column_inner][\/vc_row_inner][\/vc_column][\/vc_row][vc_section][vc_row][vc_column][kd_accordion_custom color=&#8220;kdgreen&#8220; shape=&#8220;square&#8220; gap=&#8220;20&#8243; collapsible_all=&#8220;true&#8220; active_section=&#8220;99&#8243;][vc_tta_section title=&#8220;GreenFibre\u00ae&#8220; tab_id=&#8220;greenfibre&#8220;][vc_row_inner][vc_column_inner width=&#8220;1\/2&#8243;][vc_column_text]Substrate mit GreenFibre\u00ae erm\u00f6glichen eine sehr schnelle Verteilung des Kapillarwassers im gesamten Wurzelbereich. F\u00fcr Topfkulturen z. B. bei Ebbe-Flut-Bew\u00e4sserungssystemen ist dies ein wichtiger Vorteil. GreenFibre\u00ae sorgt damit f\u00fcr ein einfacheres Bew\u00e4sserungsmanagement und eine zuverl\u00e4ssige Versorgung der Pflanzen mit Wasser und N\u00e4hrstoffen.<\/p>\n<p>Durch das spezielle Herstellungsverfahren hat GreenFibre\u00ae eine besonders gute Struktur und einen sehr geringen Anteil an feinen Partikeln. Auf diese Weise werden Ablagerungen am Topfboden und eine Abnahme der Luftkapazit\u00e4t in der Wurzelzone w\u00e4hrend der Kultur vermieden.<\/p>\n<p>GreenFibre\u00ae wird in der Regel mit einem Anteil von 15 bis 30 Volumenprozent in Topfsubstraten eingesetzt. In Kombination mit st\u00e4rker zersetztem Wei\u00dftorf bleibt der Anteil an leicht verf\u00fcgbarem Wasser f\u00fcr die Pflanzen stabil. Daher gibt es bis zu einer Beimischung von 25 Volumenprozent kaum einen Unterschied im Bew\u00e4sserungsverhalten. Allerdings bleibt die Oberfl\u00e4che der T\u00f6pfe merklich trockener und das Risiko von Wurzelkrankheiten wird reduziert. Eine praxisgerechte Fl\u00fcssigd\u00fcngung auf Stickstoffbasis f\u00fchrt zu optimalen Kulturergebnissen, da GreenFibre sehr stickstoffstabil ist. Bei Zugabe von Langzeitd\u00fcngern zum Substrat ist eine ausreichende Stickstoffversorgung der Pflanzen gew\u00e4hrleistet.[\/vc_column_text][kd_download_button show_link_download1=&#8220;link&#8220; link1=&#8220;url:https%3A%2F%2Fklasmann-deilmann.com%2Fde%2Fprodukte-loesungen%2Frohstoffe%2Fgreenfibre%2F|title:Mehr%20erfahren&#8220;][\/vc_column_inner][vc_column_inner width=&#8220;1\/2&#8243;][vc_column_text]<img loading=\"lazy\" decoding=\"async\" width=\"768\" height=\"1024\" class=\"alignnone size-large wp-image-33746\" src=\"\/wp-content\/uploads\/GreenFibre5-768x1024.jpg\" alt=\"\" srcset=\"https:\/\/klasmann-deilmann.com\/wp-content\/uploads\/GreenFibre5-768x1024.jpg 768w, https:\/\/klasmann-deilmann.com\/wp-content\/uploads\/GreenFibre5-225x300.jpg 225w, https:\/\/klasmann-deilmann.com\/wp-content\/uploads\/GreenFibre5-1152x1536.jpg 1152w, https:\/\/klasmann-deilmann.com\/wp-content\/uploads\/GreenFibre5-1536x2048.jpg 1536w, https:\/\/klasmann-deilmann.com\/wp-content\/uploads\/GreenFibre5-scaled.jpg 1920w\" sizes=\"auto, (max-width: 768px) 100vw, 768px\" \/>[\/vc_column_text][\/vc_column_inner][\/vc_row_inner][\/vc_tta_section][vc_tta_section title=&#8220;TerrAktiv\u00ae PLUS&#8220; tab_id=&#8220;terraktiv-plus&#8220;][vc_row_inner][vc_column_inner width=&#8220;1\/2&#8243;][vc_column_text]Basierend auf TerrAktiv\u00ae-Gr\u00fcnkompost kombiniert unser innovatives TerrAktiv\u00ae-PLUS-Konzept die nat\u00fcrliche suppressive Wirkung von Gr\u00fcnkompost mit speziell ausgew\u00e4hlten Mikroorganismen. Die Pflanzen entwickeln sich dadurch ges\u00fcnder und sind stressresistenter.[\/vc_column_text][kd_download_button show_link_download1=&#8220;link&#8220; link1=&#8220;url:https%3A%2F%2Fklasmann-deilmann.com%2Fde%2Fprodukte-loesungen%2Frohstoffe%2Fterraktiv-plus%2F|title:Mehr%20erfahren&#8220;][\/vc_column_inner][vc_column_inner width=&#8220;1\/2&#8243;][vc_column_text]<img loading=\"lazy\" decoding=\"async\" width=\"1024\" height=\"250\" class=\"alignnone size-large wp-image-19739\" src=\"\/wp-content\/uploads\/Klasmann_Deilmann_TerrAktiv_Plus_Header_02-1-1024x250.jpg\" alt=\"\" srcset=\"https:\/\/klasmann-deilmann.com\/wp-content\/uploads\/Klasmann_Deilmann_TerrAktiv_Plus_Header_02-1-1024x250.jpg 1024w, https:\/\/klasmann-deilmann.com\/wp-content\/uploads\/Klasmann_Deilmann_TerrAktiv_Plus_Header_02-1-300x73.jpg 300w, https:\/\/klasmann-deilmann.com\/wp-content\/uploads\/Klasmann_Deilmann_TerrAktiv_Plus_Header_02-1-768x188.jpg 768w, https:\/\/klasmann-deilmann.com\/wp-content\/uploads\/Klasmann_Deilmann_TerrAktiv_Plus_Header_02-1-1536x375.jpg 1536w, https:\/\/klasmann-deilmann.com\/wp-content\/uploads\/Klasmann_Deilmann_TerrAktiv_Plus_Header_02-1-2048x500.jpg 2048w, https:\/\/klasmann-deilmann.com\/wp-content\/uploads\/Klasmann_Deilmann_TerrAktiv_Plus_Header_02-1-125x31.jpg 125w\" sizes=\"auto, (max-width: 1024px) 100vw, 1024px\" \/>[\/vc_column_text][\/vc_column_inner][\/vc_row_inner][\/vc_tta_section][\/kd_accordion_custom][\/vc_column][\/vc_row][\/vc_section][vc_row css=&#8220;.vc_custom_1628171821663{padding-top: 30px !important;padding-bottom: 70px !important;background-color: #414345 !important;}&#8220;][vc_column][vc_row_inner][vc_column_inner width=&#8220;1\/2&#8243;][vc_column_text]<img loading=\"lazy\" decoding=\"async\" width=\"2560\" height=\"1707\" class=\"alignnone size-full wp-image-35843\" src=\"\/wp-content\/uploads\/pot_plants_einklinker.jpg\" alt=\"\" srcset=\"https:\/\/klasmann-deilmann.com\/wp-content\/uploads\/pot_plants_einklinker.jpg 2560w, https:\/\/klasmann-deilmann.com\/wp-content\/uploads\/pot_plants_einklinker-300x200.jpg 300w, https:\/\/klasmann-deilmann.com\/wp-content\/uploads\/pot_plants_einklinker-1024x683.jpg 1024w, https:\/\/klasmann-deilmann.com\/wp-content\/uploads\/pot_plants_einklinker-768x512.jpg 768w, https:\/\/klasmann-deilmann.com\/wp-content\/uploads\/pot_plants_einklinker-1536x1024.jpg 1536w, https:\/\/klasmann-deilmann.com\/wp-content\/uploads\/pot_plants_einklinker-2048x1366.jpg 2048w\" sizes=\"auto, (max-width: 2560px) 100vw, 2560px\" \/>[\/vc_column_text][\/vc_column_inner][vc_column_inner width=&#8220;1\/2&#8243;][vc_column_text]<\/p>\n<h2>Vorteile der ADVANCED-Topfpflanzensubstrate mit GreenFibre\u00ae<\/h2>\n<p>[\/vc_column_text][vc_column_text el_class=&#8220;pluslist&#8220;]<\/p>\n<ul>\n<li>Verbesserte Kapillarit\u00e4t des Substrates<\/li>\n<li>Erh\u00f6hte Luftkapazit\u00e4t und zuverl\u00e4ssige Drainage<\/li>\n<li>Langfristige Strukturstabilit\u00e4t<\/li>\n<li>Leichtere Wiederbenetzung des Substrats, insbesondere bei trockener Kulturf\u00fchrung<\/li>\n<li>Sehr gesunde und schnelle Wurzelentwicklung<\/li>\n<li>Trockenere Substratoberfl\u00e4che, dadurch weniger Algen- und Moosbewuchs<\/li>\n<li>Stabile Stickstoffbilanz f\u00fcr praxis\u00fcbliche Nachd\u00fcngung<\/li>\n<li>Geringes Gewicht, reduzierte Transportkosten und CO<sub>2<\/sub>-Emissionen<\/li>\n<li>Nachwachsender Rohstoff aus nachhaltiger Forstwirtschaft<\/li>\n<\/ul>\n<p>[\/vc_column_text][\/vc_column_inner][\/vc_row_inner][\/vc_column][\/vc_row][vc_row css=&#8220;.vc_custom_1628762876773{margin-top: 70px !important;padding-top: px !important;}&#8220;][vc_column][kd_getintouch image=&#8220;32948&#8243;][\/vc_column][\/vc_row]<\/p><\/div>\n","protected":false},"excerpt":{"rendered":"<p>[vc_row][vc_column][kd_header_random_image_banner image=&#8220;36692&#8243;][\/kd_header_random_image_banner][\/vc_column][\/vc_row][vc_row css=&#8220;.vc_custom_1627996958238{padding-bottom: 50px !important;}&#8220;][vc_column][vc_row_inner][vc_column_inner][vc_column_text] ADVANCED-Topfpflanzensubstrate [\/vc_column_text][\/vc_column_inner][\/vc_row_inner][vc_row_inner][vc_column_inner][vc_column_text] Der moderne Ansatz f\u00fcr Topfpflanzenkulturen [\/vc_column_text][\/vc_column_inner][vc_column_inner width=&#8220;1\/2&#8243;][vc_column_text]Moderne Bew\u00e4sserungssysteme erfordern Substrate, die neben einer gleichm\u00e4\u00dfigen Luftkapazit\u00e4t und hoher Strukturstabilit\u00e4t vor allem eine zuverl\u00e4ssige Drainage und starke kapillare Wasserverteilung gew\u00e4hrleisten. Optimal f\u00fcr diese Anforderungen ist eine Kombination aus Sodentorffraktionen mit Perlite oder GreenFibre\u00ae. Sowohl GreenFibre\u00ae als auch Perlite erh\u00f6hen Luftkapazit\u00e4t und Drainage eines torfbasierten Substrats deutlich. Dies f\u00fchrt zu einer schnellen und gesunden Wurzelentwicklung und reduziert das Risiko von Wurzelkrankheiten.[\/vc_column_text][\/vc_column_inner][vc_column_inner width=&#8220;1\/2&#8243;][vc_column_text]Ein weiterer wichtiger Aspekt ist<\/p>\n","protected":false},"author":7,"featured_media":0,"parent":38805,"menu_order":123,"comment_status":"closed","ping_status":"closed","template":"","meta":{"_acf_changed":false,"inline_featured_image":false,"footnotes":""},"class_list":["post-39303","page","type-page","status-publish","hentry"],"acf":[],"yoast_head":"<!-- This site is optimized with the Yoast SEO plugin v27.4 - https:\/\/yoast.com\/product\/yoast-seo-wordpress\/ -->\n<title>Topfpflanzen - Klasmann-Deilmann<\/title>\n<meta name=\"robots\" content=\"index, follow, max-snippet:-1, max-image-preview:large, max-video-preview:-1\" \/>\n<link rel=\"canonical\" href=\"https:\/\/klasmann-deilmann.com\/de\/anwendungsfelder\/topfpflanzen\/\" \/>\n<meta property=\"og:locale\" content=\"de_DE\" \/>\n<meta property=\"og:type\" content=\"article\" \/>\n<meta property=\"og:title\" content=\"Topfpflanzen - Klasmann-Deilmann\" \/>\n<meta property=\"og:description\" content=\"[vc_row][vc_column][kd_header_random_image_banner image=&#8220;36692&#8243;][\/kd_header_random_image_banner][\/vc_column][\/vc_row][vc_row css=&#8220;.vc_custom_1627996958238{padding-bottom: 50px !important;}&#8220;][vc_column][vc_row_inner][vc_column_inner][vc_column_text] ADVANCED-Topfpflanzensubstrate [\/vc_column_text][\/vc_column_inner][\/vc_row_inner][vc_row_inner][vc_column_inner][vc_column_text] Der moderne Ansatz f\u00fcr Topfpflanzenkulturen [\/vc_column_text][\/vc_column_inner][vc_column_inner width=&#8220;1\/2&#8243;][vc_column_text]Moderne Bew\u00e4sserungssysteme erfordern Substrate, die neben einer gleichm\u00e4\u00dfigen Luftkapazit\u00e4t und hoher Strukturstabilit\u00e4t vor allem eine zuverl\u00e4ssige Drainage und starke kapillare Wasserverteilung gew\u00e4hrleisten. Optimal f\u00fcr diese Anforderungen ist eine Kombination aus Sodentorffraktionen mit Perlite oder GreenFibre\u00ae. Sowohl GreenFibre\u00ae als auch Perlite erh\u00f6hen Luftkapazit\u00e4t und Drainage eines torfbasierten Substrats deutlich. Dies f\u00fchrt zu einer schnellen und gesunden Wurzelentwicklung und reduziert das Risiko von Wurzelkrankheiten.[\/vc_column_text][\/vc_column_inner][vc_column_inner width=&#8220;1\/2&#8243;][vc_column_text]Ein weiterer wichtiger Aspekt ist\" \/>\n<meta property=\"og:url\" content=\"https:\/\/klasmann-deilmann.com\/de\/anwendungsfelder\/topfpflanzen\/\" \/>\n<meta property=\"og:site_name\" content=\"Klasmann-Deilmann\" \/>\n<meta property=\"article:modified_time\" content=\"2021-12-08T10:38:32+00:00\" \/>\n<meta property=\"og:image\" content=\"https:\/\/klasmann-deilmann.com\/wp-content\/uploads\/kd_ts4_packshot.png\" \/>\n<meta name=\"twitter:card\" content=\"summary_large_image\" \/>\n<meta name=\"twitter:label1\" content=\"Gesch\u00e4tzte Lesezeit\" \/>\n\t<meta name=\"twitter:data1\" content=\"4\u00a0Minuten\" \/>\n<script type=\"application\/ld+json\" class=\"yoast-schema-graph\">{\"@context\":\"https:\\\/\\\/schema.org\",\"@graph\":[{\"@type\":\"WebPage\",\"@id\":\"https:\\\/\\\/klasmann-deilmann.com\\\/de\\\/anwendungsfelder\\\/topfpflanzen\\\/\",\"url\":\"https:\\\/\\\/klasmann-deilmann.com\\\/de\\\/anwendungsfelder\\\/topfpflanzen\\\/\",\"name\":\"Topfpflanzen - Klasmann-Deilmann\",\"isPartOf\":{\"@id\":\"https:\\\/\\\/klasmann-deilmann.com\\\/en\\\/#website\"},\"datePublished\":\"2021-11-16T10:49:58+00:00\",\"dateModified\":\"2021-12-08T10:38:32+00:00\",\"breadcrumb\":{\"@id\":\"https:\\\/\\\/klasmann-deilmann.com\\\/de\\\/anwendungsfelder\\\/topfpflanzen\\\/#breadcrumb\"},\"inLanguage\":\"de\",\"potentialAction\":[{\"@type\":\"ReadAction\",\"target\":[\"https:\\\/\\\/klasmann-deilmann.com\\\/de\\\/anwendungsfelder\\\/topfpflanzen\\\/\"]}]},{\"@type\":\"BreadcrumbList\",\"@id\":\"https:\\\/\\\/klasmann-deilmann.com\\\/de\\\/anwendungsfelder\\\/topfpflanzen\\\/#breadcrumb\",\"itemListElement\":[{\"@type\":\"ListItem\",\"position\":1,\"name\":\"Home\",\"item\":\"https:\\\/\\\/klasmann-deilmann.com\\\/de\\\/\"},{\"@type\":\"ListItem\",\"position\":2,\"name\":\"Anwendungsfelder\",\"item\":\"https:\\\/\\\/klasmann-deilmann.com\\\/de\\\/anwendungsfelder\\\/\"},{\"@type\":\"ListItem\",\"position\":3,\"name\":\"Topfpflanzen\"}]},{\"@type\":\"WebSite\",\"@id\":\"https:\\\/\\\/klasmann-deilmann.com\\\/en\\\/#website\",\"url\":\"https:\\\/\\\/klasmann-deilmann.com\\\/en\\\/\",\"name\":\"Klasmann-Deilmann\",\"description\":\"\",\"potentialAction\":[{\"@type\":\"SearchAction\",\"target\":{\"@type\":\"EntryPoint\",\"urlTemplate\":\"https:\\\/\\\/klasmann-deilmann.com\\\/en\\\/?s={search_term_string}\"},\"query-input\":{\"@type\":\"PropertyValueSpecification\",\"valueRequired\":true,\"valueName\":\"search_term_string\"}}],\"inLanguage\":\"de\"}]}<\/script>\n<!-- \/ Yoast SEO plugin. -->","yoast_head_json":{"title":"Topfpflanzen - Klasmann-Deilmann","robots":{"index":"index","follow":"follow","max-snippet":"max-snippet:-1","max-image-preview":"max-image-preview:large","max-video-preview":"max-video-preview:-1"},"canonical":"https:\/\/klasmann-deilmann.com\/de\/anwendungsfelder\/topfpflanzen\/","og_locale":"de_DE","og_type":"article","og_title":"Topfpflanzen - Klasmann-Deilmann","og_description":"[vc_row][vc_column][kd_header_random_image_banner image=&#8220;36692&#8243;][\/kd_header_random_image_banner][\/vc_column][\/vc_row][vc_row css=&#8220;.vc_custom_1627996958238{padding-bottom: 50px !important;}&#8220;][vc_column][vc_row_inner][vc_column_inner][vc_column_text] ADVANCED-Topfpflanzensubstrate [\/vc_column_text][\/vc_column_inner][\/vc_row_inner][vc_row_inner][vc_column_inner][vc_column_text] Der moderne Ansatz f\u00fcr Topfpflanzenkulturen [\/vc_column_text][\/vc_column_inner][vc_column_inner width=&#8220;1\/2&#8243;][vc_column_text]Moderne Bew\u00e4sserungssysteme erfordern Substrate, die neben einer gleichm\u00e4\u00dfigen Luftkapazit\u00e4t und hoher Strukturstabilit\u00e4t vor allem eine zuverl\u00e4ssige Drainage und starke kapillare Wasserverteilung gew\u00e4hrleisten. Optimal f\u00fcr diese Anforderungen ist eine Kombination aus Sodentorffraktionen mit Perlite oder GreenFibre\u00ae. Sowohl GreenFibre\u00ae als auch Perlite erh\u00f6hen Luftkapazit\u00e4t und Drainage eines torfbasierten Substrats deutlich. Dies f\u00fchrt zu einer schnellen und gesunden Wurzelentwicklung und reduziert das Risiko von Wurzelkrankheiten.[\/vc_column_text][\/vc_column_inner][vc_column_inner width=&#8220;1\/2&#8243;][vc_column_text]Ein weiterer wichtiger Aspekt ist","og_url":"https:\/\/klasmann-deilmann.com\/de\/anwendungsfelder\/topfpflanzen\/","og_site_name":"Klasmann-Deilmann","article_modified_time":"2021-12-08T10:38:32+00:00","og_image":[{"url":"https:\/\/klasmann-deilmann.com\/wp-content\/uploads\/kd_ts4_packshot.png","type":"","width":"","height":""}],"twitter_card":"summary_large_image","twitter_misc":{"Gesch\u00e4tzte Lesezeit":"4\u00a0Minuten"},"schema":{"@context":"https:\/\/schema.org","@graph":[{"@type":"WebPage","@id":"https:\/\/klasmann-deilmann.com\/de\/anwendungsfelder\/topfpflanzen\/","url":"https:\/\/klasmann-deilmann.com\/de\/anwendungsfelder\/topfpflanzen\/","name":"Topfpflanzen - Klasmann-Deilmann","isPartOf":{"@id":"https:\/\/klasmann-deilmann.com\/en\/#website"},"datePublished":"2021-11-16T10:49:58+00:00","dateModified":"2021-12-08T10:38:32+00:00","breadcrumb":{"@id":"https:\/\/klasmann-deilmann.com\/de\/anwendungsfelder\/topfpflanzen\/#breadcrumb"},"inLanguage":"de","potentialAction":[{"@type":"ReadAction","target":["https:\/\/klasmann-deilmann.com\/de\/anwendungsfelder\/topfpflanzen\/"]}]},{"@type":"BreadcrumbList","@id":"https:\/\/klasmann-deilmann.com\/de\/anwendungsfelder\/topfpflanzen\/#breadcrumb","itemListElement":[{"@type":"ListItem","position":1,"name":"Home","item":"https:\/\/klasmann-deilmann.com\/de\/"},{"@type":"ListItem","position":2,"name":"Anwendungsfelder","item":"https:\/\/klasmann-deilmann.com\/de\/anwendungsfelder\/"},{"@type":"ListItem","position":3,"name":"Topfpflanzen"}]},{"@type":"WebSite","@id":"https:\/\/klasmann-deilmann.com\/en\/#website","url":"https:\/\/klasmann-deilmann.com\/en\/","name":"Klasmann-Deilmann","description":"","potentialAction":[{"@type":"SearchAction","target":{"@type":"EntryPoint","urlTemplate":"https:\/\/klasmann-deilmann.com\/en\/?s={search_term_string}"},"query-input":{"@type":"PropertyValueSpecification","valueRequired":true,"valueName":"search_term_string"}}],"inLanguage":"de"}]}},"_links":{"self":[{"href":"https:\/\/klasmann-deilmann.com\/de\/wp-json\/wp\/v2\/pages\/39303","targetHints":{"allow":["GET"]}}],"collection":[{"href":"https:\/\/klasmann-deilmann.com\/de\/wp-json\/wp\/v2\/pages"}],"about":[{"href":"https:\/\/klasmann-deilmann.com\/de\/wp-json\/wp\/v2\/types\/page"}],"author":[{"embeddable":true,"href":"https:\/\/klasmann-deilmann.com\/de\/wp-json\/wp\/v2\/users\/7"}],"replies":[{"embeddable":true,"href":"https:\/\/klasmann-deilmann.com\/de\/wp-json\/wp\/v2\/comments?post=39303"}],"version-history":[{"count":4,"href":"https:\/\/klasmann-deilmann.com\/de\/wp-json\/wp\/v2\/pages\/39303\/revisions"}],"predecessor-version":[{"id":46544,"href":"https:\/\/klasmann-deilmann.com\/de\/wp-json\/wp\/v2\/pages\/39303\/revisions\/46544"}],"up":[{"embeddable":true,"href":"https:\/\/klasmann-deilmann.com\/de\/wp-json\/wp\/v2\/pages\/38805"}],"wp:attachment":[{"href":"https:\/\/klasmann-deilmann.com\/de\/wp-json\/wp\/v2\/media?parent=39303"}],"curies":[{"name":"wp","href":"https:\/\/api.w.org\/{rel}","templated":true}]}}