{"id":39281,"date":"2021-11-16T11:44:57","date_gmt":"2021-11-16T10:44:57","guid":{"rendered":"https:\/\/klasmann-deilmann.com\/?page_id=39281"},"modified":"2021-11-17T09:30:17","modified_gmt":"2021-11-17T08:30:17","slug":"presstopferden-substrate","status":"publish","type":"page","link":"https:\/\/klasmann-deilmann.com\/de\/anwendungsfelder\/presstopferden\/presstopferden-substrate\/","title":{"rendered":"Presstopferden Substrate"},"content":{"rendered":"<div class=\"wpb-content-wrapper\">[vc_row][vc_column][kd_header_random_image_banner image=&#8220;33325&#8243;][\/kd_header_random_image_banner][\/vc_column][\/vc_row][vc_section el_id=&#8220;potground-h85-greenfibre&#8220;][vc_row][vc_column][vc_row_inner][vc_column_inner][kd_single_products productselect=&#8220;42678&#8243;][\/vc_column_inner][\/vc_row_inner][kd_accordion_custom color=&#8220;kdgreen&#8220; shape=&#8220;square&#8220; collapsible_all=&#8220;true&#8220; active_section=&#8220;99&#8243;][vc_tta_section title=&#8220;Salatjungpflanzen in Presst\u00f6pfen aus Potgrond H85 + GreenFibre\u00ae (078)&#8220; tab_id=&#8220;1628165114477-64d9169a-0696&#8243;][vc_row_inner][vc_column_inner width=&#8220;1\/2&#8243;][vc_column_text]<\/p>\n<h4>Kulturergebnisse<\/h4>\n<p>[\/vc_column_text][vc_column_text]Potgrond H + GreenFibre\u00ae sorgt f\u00fcr eine optimale Presstopfstabilit\u00e4t auch bei Verwendung auf automatischen Pflanzmaschinen. Die Presst\u00f6pfe haben eine sehr hohe Kapillarwirkung, die zu einer schnellen und homogenen Wasserverteilung im gesamten Wurzelbereich f\u00fchrt. Unser effektives Netzmittel Hydro&nbsp;S f\u00f6rdert zus\u00e4tzlich die schnelle Wiederbenetzung nach dem Abtrocknen der Presst\u00f6pfe. Potgrond H + GreenFibre\u00ae ist au\u00dferdem ideal f\u00fcr Presst\u00f6pfe in hydroponischen Systemen.[\/vc_column_text][\/vc_column_inner][vc_column_inner width=&#8220;1\/2&#8243;][vc_column_text]<img loading=\"lazy\" decoding=\"async\" width=\"1024\" height=\"768\" class=\"alignnone size-large wp-image-33269\" src=\"\/wp-content\/uploads\/blocking_greenfibre-1024x768.jpg\" alt=\"\" srcset=\"https:\/\/klasmann-deilmann.com\/wp-content\/uploads\/blocking_greenfibre-1024x768.jpg 1024w, https:\/\/klasmann-deilmann.com\/wp-content\/uploads\/blocking_greenfibre-300x225.jpg 300w, https:\/\/klasmann-deilmann.com\/wp-content\/uploads\/blocking_greenfibre-768x576.jpg 768w, https:\/\/klasmann-deilmann.com\/wp-content\/uploads\/blocking_greenfibre-1536x1152.jpg 1536w, https:\/\/klasmann-deilmann.com\/wp-content\/uploads\/blocking_greenfibre-2048x1536.jpg 2048w\" sizes=\"auto, (max-width: 1024px) 100vw, 1024px\" \/>[\/vc_column_text][\/vc_column_inner][\/vc_row_inner][\/vc_tta_section][\/kd_accordion_custom][\/vc_column][\/vc_row][\/vc_section][vc_row css=&#8220;.vc_custom_1629096772226{padding-top: 70px !important;padding-bottom: 70px !important;}&#8220; el_id=&#8220;potground-h80-greenfibre&#8220;][vc_column][vc_row_inner][vc_column_inner][kd_single_products productselect=&#8220;42681&#8243;][\/vc_column_inner][\/vc_row_inner][\/vc_column][\/vc_row][vc_row css=&#8220;.vc_custom_1628596781167{margin-top: 70px !important;background-color: #414345 !important;}&#8220;][vc_column][vc_row_inner content_placement=&#8220;middle&#8220;][vc_column_inner width=&#8220;1\/2&#8243;][vc_column_text]<img loading=\"lazy\" decoding=\"async\" width=\"2560\" height=\"1788\" class=\"alignnone size-full wp-image-34601\" src=\"\/wp-content\/uploads\/organic-growing-1.jpg\" alt=\"\" srcset=\"https:\/\/klasmann-deilmann.com\/wp-content\/uploads\/organic-growing-1.jpg 2560w, https:\/\/klasmann-deilmann.com\/wp-content\/uploads\/organic-growing-1-300x210.jpg 300w, https:\/\/klasmann-deilmann.com\/wp-content\/uploads\/organic-growing-1-1024x715.jpg 1024w, https:\/\/klasmann-deilmann.com\/wp-content\/uploads\/organic-growing-1-768x536.jpg 768w, https:\/\/klasmann-deilmann.com\/wp-content\/uploads\/organic-growing-1-1536x1073.jpg 1536w, https:\/\/klasmann-deilmann.com\/wp-content\/uploads\/organic-growing-1-2048x1430.jpg 2048w\" sizes=\"auto, (max-width: 2560px) 100vw, 2560px\" \/>[\/vc_column_text][\/vc_column_inner][vc_column_inner width=&#8220;1\/2&#8243;][vc_column_text]<\/p>\n<h2 style=\"text-align: left;\">\u00d6kologischer Anbau:<\/h2>\n<h4>Sie sind auf der Suche nach dem richtigen Substrat f\u00fcr den \u00f6kologischen Anbau? Dann ist unser ProLine-Substratsortiment die perfekte Wahl f\u00fcr Sie. Mehr Informationen finden Sie hier:<\/h4>\n<p>[\/vc_column_text][kd_download_button show_link_download1=&#8220;link&#8220; link1=&#8220;url:https%3A%2F%2Fklasmann-deilmann.com%2Fde%2Fprodukte-loesungen%2Fproline-substrate%2F|title:Erfahren%20Sie%20mehr%20%C3%BCber%20ProLine&#8220;][\/vc_column_inner][\/vc_row_inner][\/vc_column][\/vc_row][vc_row css=&#8220;.vc_custom_1628596773135{padding-top: 70px !important;}&#8220;][vc_column][vc_row_inner content_placement=&#8220;middle&#8220;][vc_column_inner width=&#8220;1\/2&#8243;][vc_column_text]<\/p>\n<h2><strong>Individuelle Substratmischungen:<\/strong><\/h2>\n<h4>Von der Jungpflanzenanzucht \u00fcber Beetpflanzen bis Beerenobst sind kundenspezifische Rezepturen f\u00fcr alle Anwendungsbereiche erh\u00e4ltlich. Unsere langj\u00e4hrige Erfahrung erm\u00f6glicht es uns, Ihnen ma\u00dfgeschneiderte Substratl\u00f6sungen anzubieten, die passgenau auf alle physikalischen und chemischen Anforderungen Ihrer Kulturen und Ihres Anbausystems abgestimmt sind. Ihren pers\u00f6nlichen Ansprechpartner finden Sie hier:<\/h4>\n<p>[\/vc_column_text][\/vc_column_inner][vc_column_inner width=&#8220;1\/2&#8243;][vc_column_text]<img loading=\"lazy\" decoding=\"async\" width=\"2560\" height=\"1707\" class=\"alignnone size-full wp-image-34604\" src=\"\/wp-content\/uploads\/individual_compositions.jpg\" alt=\"\" srcset=\"https:\/\/klasmann-deilmann.com\/wp-content\/uploads\/individual_compositions.jpg 2560w, https:\/\/klasmann-deilmann.com\/wp-content\/uploads\/individual_compositions-300x200.jpg 300w, https:\/\/klasmann-deilmann.com\/wp-content\/uploads\/individual_compositions-1024x683.jpg 1024w, https:\/\/klasmann-deilmann.com\/wp-content\/uploads\/individual_compositions-768x512.jpg 768w, https:\/\/klasmann-deilmann.com\/wp-content\/uploads\/individual_compositions-1536x1024.jpg 1536w, https:\/\/klasmann-deilmann.com\/wp-content\/uploads\/individual_compositions-2048x1366.jpg 2048w\" sizes=\"auto, (max-width: 2560px) 100vw, 2560px\" \/>[\/vc_column_text][\/vc_column_inner][\/vc_row_inner][\/vc_column][\/vc_row][vc_row css=&#8220;.vc_custom_1627485951011{padding-top: 50px !important;padding-bottom: 50px !important;}&#8220;][vc_column][kd_getintouch image=&#8220;32948&#8243;][\/vc_column][\/vc_row]<\/div>\n","protected":false},"excerpt":{"rendered":"<p>[vc_row][vc_column][kd_header_random_image_banner image=&#8220;33325&#8243;][\/kd_header_random_image_banner][\/vc_column][\/vc_row][vc_section el_id=&#8220;potground-h85-greenfibre&#8220;][vc_row][vc_column][vc_row_inner][vc_column_inner][kd_single_products productselect=&#8220;42678&#8243;][\/vc_column_inner][\/vc_row_inner][kd_accordion_custom color=&#8220;kdgreen&#8220; shape=&#8220;square&#8220; collapsible_all=&#8220;true&#8220; active_section=&#8220;99&#8243;][vc_tta_section title=&#8220;Salatjungpflanzen in Presst\u00f6pfen aus Potgrond H85 + GreenFibre\u00ae (078)&#8220; tab_id=&#8220;1628165114477-64d9169a-0696&#8243;][vc_row_inner][vc_column_inner width=&#8220;1\/2&#8243;][vc_column_text] Kulturergebnisse [\/vc_column_text][vc_column_text]Potgrond H + GreenFibre\u00ae sorgt f\u00fcr eine optimale Presstopfstabilit\u00e4t auch bei Verwendung auf automatischen Pflanzmaschinen. Die Presst\u00f6pfe haben eine sehr hohe Kapillarwirkung, die zu einer schnellen und homogenen Wasserverteilung im gesamten Wurzelbereich f\u00fchrt. Unser effektives Netzmittel Hydro&nbsp;S f\u00f6rdert zus\u00e4tzlich die schnelle Wiederbenetzung nach dem Abtrocknen der Presst\u00f6pfe. Potgrond H + GreenFibre\u00ae ist au\u00dferdem ideal f\u00fcr Presst\u00f6pfe in hydroponischen Systemen.[\/vc_column_text][\/vc_column_inner][vc_column_inner width=&#8220;1\/2&#8243;][vc_column_text][\/vc_column_text][\/vc_column_inner][\/vc_row_inner][\/vc_tta_section][\/kd_accordion_custom][\/vc_column][\/vc_row][\/vc_section][vc_row<\/p>\n","protected":false},"author":7,"featured_media":0,"parent":39199,"menu_order":118,"comment_status":"closed","ping_status":"closed","template":"","meta":{"_acf_changed":false,"inline_featured_image":false,"footnotes":""},"class_list":["post-39281","page","type-page","status-publish","hentry"],"acf":[],"yoast_head":"<!-- This site is optimized with the Yoast SEO plugin v27.4 - https:\/\/yoast.com\/product\/yoast-seo-wordpress\/ -->\n<title>Presstopferden Substrate - Klasmann-Deilmann<\/title>\n<meta name=\"robots\" content=\"index, follow, max-snippet:-1, max-image-preview:large, max-video-preview:-1\" \/>\n<link rel=\"canonical\" href=\"https:\/\/klasmann-deilmann.com\/de\/anwendungsfelder\/presstopferden\/presstopferden-substrate\/\" \/>\n<meta property=\"og:locale\" content=\"de_DE\" \/>\n<meta property=\"og:type\" content=\"article\" \/>\n<meta property=\"og:title\" content=\"Presstopferden Substrate - Klasmann-Deilmann\" \/>\n<meta property=\"og:description\" content=\"[vc_row][vc_column][kd_header_random_image_banner image=&#8220;33325&#8243;][\/kd_header_random_image_banner][\/vc_column][\/vc_row][vc_section el_id=&#8220;potground-h85-greenfibre&#8220;][vc_row][vc_column][vc_row_inner][vc_column_inner][kd_single_products productselect=&#8220;42678&#8243;][\/vc_column_inner][\/vc_row_inner][kd_accordion_custom color=&#8220;kdgreen&#8220; shape=&#8220;square&#8220; collapsible_all=&#8220;true&#8220; active_section=&#8220;99&#8243;][vc_tta_section title=&#8220;Salatjungpflanzen in Presst\u00f6pfen aus Potgrond H85 + GreenFibre\u00ae (078)&#8220; tab_id=&#8220;1628165114477-64d9169a-0696&#8243;][vc_row_inner][vc_column_inner width=&#8220;1\/2&#8243;][vc_column_text] Kulturergebnisse [\/vc_column_text][vc_column_text]Potgrond H + GreenFibre\u00ae sorgt f\u00fcr eine optimale Presstopfstabilit\u00e4t auch bei Verwendung auf automatischen Pflanzmaschinen. Die Presst\u00f6pfe haben eine sehr hohe Kapillarwirkung, die zu einer schnellen und homogenen Wasserverteilung im gesamten Wurzelbereich f\u00fchrt. Unser effektives Netzmittel Hydro&nbsp;S f\u00f6rdert zus\u00e4tzlich die schnelle Wiederbenetzung nach dem Abtrocknen der Presst\u00f6pfe. Potgrond H + GreenFibre\u00ae ist au\u00dferdem ideal f\u00fcr Presst\u00f6pfe in hydroponischen Systemen.[\/vc_column_text][\/vc_column_inner][vc_column_inner width=&#8220;1\/2&#8243;][vc_column_text][\/vc_column_text][\/vc_column_inner][\/vc_row_inner][\/vc_tta_section][\/kd_accordion_custom][\/vc_column][\/vc_row][\/vc_section][vc_row\" \/>\n<meta property=\"og:url\" content=\"https:\/\/klasmann-deilmann.com\/de\/anwendungsfelder\/presstopferden\/presstopferden-substrate\/\" \/>\n<meta property=\"og:site_name\" content=\"Klasmann-Deilmann\" \/>\n<meta property=\"article:modified_time\" content=\"2021-11-17T08:30:17+00:00\" \/>\n<meta property=\"og:image\" content=\"https:\/\/klasmann-deilmann.com\/wp-content\/uploads\/blocking_greenfibre-1024x768.jpg\" \/>\n<meta name=\"twitter:card\" content=\"summary_large_image\" \/>\n<meta name=\"twitter:label1\" content=\"Gesch\u00e4tzte Lesezeit\" \/>\n\t<meta name=\"twitter:data1\" content=\"2\u00a0Minuten\" \/>\n<script type=\"application\/ld+json\" class=\"yoast-schema-graph\">{\"@context\":\"https:\\\/\\\/schema.org\",\"@graph\":[{\"@type\":\"WebPage\",\"@id\":\"https:\\\/\\\/klasmann-deilmann.com\\\/de\\\/anwendungsfelder\\\/presstopferden\\\/presstopferden-substrate\\\/\",\"url\":\"https:\\\/\\\/klasmann-deilmann.com\\\/de\\\/anwendungsfelder\\\/presstopferden\\\/presstopferden-substrate\\\/\",\"name\":\"Presstopferden Substrate - Klasmann-Deilmann\",\"isPartOf\":{\"@id\":\"https:\\\/\\\/klasmann-deilmann.com\\\/en\\\/#website\"},\"datePublished\":\"2021-11-16T10:44:57+00:00\",\"dateModified\":\"2021-11-17T08:30:17+00:00\",\"breadcrumb\":{\"@id\":\"https:\\\/\\\/klasmann-deilmann.com\\\/de\\\/anwendungsfelder\\\/presstopferden\\\/presstopferden-substrate\\\/#breadcrumb\"},\"inLanguage\":\"de\",\"potentialAction\":[{\"@type\":\"ReadAction\",\"target\":[\"https:\\\/\\\/klasmann-deilmann.com\\\/de\\\/anwendungsfelder\\\/presstopferden\\\/presstopferden-substrate\\\/\"]}]},{\"@type\":\"BreadcrumbList\",\"@id\":\"https:\\\/\\\/klasmann-deilmann.com\\\/de\\\/anwendungsfelder\\\/presstopferden\\\/presstopferden-substrate\\\/#breadcrumb\",\"itemListElement\":[{\"@type\":\"ListItem\",\"position\":1,\"name\":\"Home\",\"item\":\"https:\\\/\\\/klasmann-deilmann.com\\\/de\\\/\"},{\"@type\":\"ListItem\",\"position\":2,\"name\":\"Anwendungsfelder\",\"item\":\"https:\\\/\\\/klasmann-deilmann.com\\\/de\\\/anwendungsfelder\\\/\"},{\"@type\":\"ListItem\",\"position\":3,\"name\":\"Presstopferden\",\"item\":\"https:\\\/\\\/klasmann-deilmann.com\\\/de\\\/anwendungsfelder\\\/presstopferden\\\/\"},{\"@type\":\"ListItem\",\"position\":4,\"name\":\"Presstopferden Substrate\"}]},{\"@type\":\"WebSite\",\"@id\":\"https:\\\/\\\/klasmann-deilmann.com\\\/en\\\/#website\",\"url\":\"https:\\\/\\\/klasmann-deilmann.com\\\/en\\\/\",\"name\":\"Klasmann-Deilmann\",\"description\":\"\",\"potentialAction\":[{\"@type\":\"SearchAction\",\"target\":{\"@type\":\"EntryPoint\",\"urlTemplate\":\"https:\\\/\\\/klasmann-deilmann.com\\\/en\\\/?s={search_term_string}\"},\"query-input\":{\"@type\":\"PropertyValueSpecification\",\"valueRequired\":true,\"valueName\":\"search_term_string\"}}],\"inLanguage\":\"de\"}]}<\/script>\n<!-- \/ Yoast SEO plugin. -->","yoast_head_json":{"title":"Presstopferden Substrate - Klasmann-Deilmann","robots":{"index":"index","follow":"follow","max-snippet":"max-snippet:-1","max-image-preview":"max-image-preview:large","max-video-preview":"max-video-preview:-1"},"canonical":"https:\/\/klasmann-deilmann.com\/de\/anwendungsfelder\/presstopferden\/presstopferden-substrate\/","og_locale":"de_DE","og_type":"article","og_title":"Presstopferden Substrate - Klasmann-Deilmann","og_description":"[vc_row][vc_column][kd_header_random_image_banner image=&#8220;33325&#8243;][\/kd_header_random_image_banner][\/vc_column][\/vc_row][vc_section el_id=&#8220;potground-h85-greenfibre&#8220;][vc_row][vc_column][vc_row_inner][vc_column_inner][kd_single_products productselect=&#8220;42678&#8243;][\/vc_column_inner][\/vc_row_inner][kd_accordion_custom color=&#8220;kdgreen&#8220; shape=&#8220;square&#8220; collapsible_all=&#8220;true&#8220; active_section=&#8220;99&#8243;][vc_tta_section title=&#8220;Salatjungpflanzen in Presst\u00f6pfen aus Potgrond H85 + GreenFibre\u00ae (078)&#8220; tab_id=&#8220;1628165114477-64d9169a-0696&#8243;][vc_row_inner][vc_column_inner width=&#8220;1\/2&#8243;][vc_column_text] Kulturergebnisse [\/vc_column_text][vc_column_text]Potgrond H + GreenFibre\u00ae sorgt f\u00fcr eine optimale Presstopfstabilit\u00e4t auch bei Verwendung auf automatischen Pflanzmaschinen. Die Presst\u00f6pfe haben eine sehr hohe Kapillarwirkung, die zu einer schnellen und homogenen Wasserverteilung im gesamten Wurzelbereich f\u00fchrt. Unser effektives Netzmittel Hydro&nbsp;S f\u00f6rdert zus\u00e4tzlich die schnelle Wiederbenetzung nach dem Abtrocknen der Presst\u00f6pfe. Potgrond H + GreenFibre\u00ae ist au\u00dferdem ideal f\u00fcr Presst\u00f6pfe in hydroponischen Systemen.[\/vc_column_text][\/vc_column_inner][vc_column_inner width=&#8220;1\/2&#8243;][vc_column_text][\/vc_column_text][\/vc_column_inner][\/vc_row_inner][\/vc_tta_section][\/kd_accordion_custom][\/vc_column][\/vc_row][\/vc_section][vc_row","og_url":"https:\/\/klasmann-deilmann.com\/de\/anwendungsfelder\/presstopferden\/presstopferden-substrate\/","og_site_name":"Klasmann-Deilmann","article_modified_time":"2021-11-17T08:30:17+00:00","og_image":[{"url":"https:\/\/klasmann-deilmann.com\/wp-content\/uploads\/blocking_greenfibre-1024x768.jpg","type":"","width":"","height":""}],"twitter_card":"summary_large_image","twitter_misc":{"Gesch\u00e4tzte Lesezeit":"2\u00a0Minuten"},"schema":{"@context":"https:\/\/schema.org","@graph":[{"@type":"WebPage","@id":"https:\/\/klasmann-deilmann.com\/de\/anwendungsfelder\/presstopferden\/presstopferden-substrate\/","url":"https:\/\/klasmann-deilmann.com\/de\/anwendungsfelder\/presstopferden\/presstopferden-substrate\/","name":"Presstopferden Substrate - Klasmann-Deilmann","isPartOf":{"@id":"https:\/\/klasmann-deilmann.com\/en\/#website"},"datePublished":"2021-11-16T10:44:57+00:00","dateModified":"2021-11-17T08:30:17+00:00","breadcrumb":{"@id":"https:\/\/klasmann-deilmann.com\/de\/anwendungsfelder\/presstopferden\/presstopferden-substrate\/#breadcrumb"},"inLanguage":"de","potentialAction":[{"@type":"ReadAction","target":["https:\/\/klasmann-deilmann.com\/de\/anwendungsfelder\/presstopferden\/presstopferden-substrate\/"]}]},{"@type":"BreadcrumbList","@id":"https:\/\/klasmann-deilmann.com\/de\/anwendungsfelder\/presstopferden\/presstopferden-substrate\/#breadcrumb","itemListElement":[{"@type":"ListItem","position":1,"name":"Home","item":"https:\/\/klasmann-deilmann.com\/de\/"},{"@type":"ListItem","position":2,"name":"Anwendungsfelder","item":"https:\/\/klasmann-deilmann.com\/de\/anwendungsfelder\/"},{"@type":"ListItem","position":3,"name":"Presstopferden","item":"https:\/\/klasmann-deilmann.com\/de\/anwendungsfelder\/presstopferden\/"},{"@type":"ListItem","position":4,"name":"Presstopferden Substrate"}]},{"@type":"WebSite","@id":"https:\/\/klasmann-deilmann.com\/en\/#website","url":"https:\/\/klasmann-deilmann.com\/en\/","name":"Klasmann-Deilmann","description":"","potentialAction":[{"@type":"SearchAction","target":{"@type":"EntryPoint","urlTemplate":"https:\/\/klasmann-deilmann.com\/en\/?s={search_term_string}"},"query-input":{"@type":"PropertyValueSpecification","valueRequired":true,"valueName":"search_term_string"}}],"inLanguage":"de"}]}},"_links":{"self":[{"href":"https:\/\/klasmann-deilmann.com\/de\/wp-json\/wp\/v2\/pages\/39281","targetHints":{"allow":["GET"]}}],"collection":[{"href":"https:\/\/klasmann-deilmann.com\/de\/wp-json\/wp\/v2\/pages"}],"about":[{"href":"https:\/\/klasmann-deilmann.com\/de\/wp-json\/wp\/v2\/types\/page"}],"author":[{"embeddable":true,"href":"https:\/\/klasmann-deilmann.com\/de\/wp-json\/wp\/v2\/users\/7"}],"replies":[{"embeddable":true,"href":"https:\/\/klasmann-deilmann.com\/de\/wp-json\/wp\/v2\/comments?post=39281"}],"version-history":[{"count":4,"href":"https:\/\/klasmann-deilmann.com\/de\/wp-json\/wp\/v2\/pages\/39281\/revisions"}],"predecessor-version":[{"id":42682,"href":"https:\/\/klasmann-deilmann.com\/de\/wp-json\/wp\/v2\/pages\/39281\/revisions\/42682"}],"up":[{"embeddable":true,"href":"https:\/\/klasmann-deilmann.com\/de\/wp-json\/wp\/v2\/pages\/39199"}],"wp:attachment":[{"href":"https:\/\/klasmann-deilmann.com\/de\/wp-json\/wp\/v2\/media?parent=39281"}],"curies":[{"name":"wp","href":"https:\/\/api.w.org\/{rel}","templated":true}]}}