{"id":39199,"date":"2021-11-16T11:44:06","date_gmt":"2021-11-16T10:44:06","guid":{"rendered":"https:\/\/klasmann-deilmann.com\/?page_id=39199"},"modified":"2021-11-17T09:06:10","modified_gmt":"2021-11-17T08:06:10","slug":"presstopferden","status":"publish","type":"page","link":"https:\/\/klasmann-deilmann.com\/de\/anwendungsfelder\/presstopferden\/","title":{"rendered":"Presstopferden"},"content":{"rendered":"<div class=\"wpb-content-wrapper\">[vc_row][vc_column][kd_header_random_image_banner image=&#8220;36720&#8243;][\/kd_header_random_image_banner][\/vc_column][\/vc_row][vc_row css=&#8220;.vc_custom_1627996958238{padding-bottom: 50px !important;}&#8220;][vc_column][vc_row_inner][vc_column_inner][vc_column_text]<\/p>\n<h2 style=\"text-align: left;\">ADVANCED-Presstopferden<\/h2>\n<p>[\/vc_column_text][\/vc_column_inner][\/vc_row_inner][vc_row_inner][vc_column_inner][vc_column_text]<\/p>\n<h3><strong>Potgrond H mit <\/strong>GreenFibre\u00ae \u2013 <strong>die neue Generation von Presstopfsubstraten<\/strong><\/h3>\n<p>[\/vc_column_text][\/vc_column_inner][vc_column_inner width=&#8220;1\/2&#8243;][vc_column_text]Die Erfolgsgeschichte der Presstopftechnologie begann vor mehr als 40 Jahren mit der Entwicklung der ersten Presstopfmaschine. Damals erfand Klasmann-Deilmann ein innovatives Extraktions- und Gefrierverfahren f\u00fcr Schwarztorf und schuf damit den perfekten Rohstoff f\u00fcr Presst\u00f6pfe. Seitdem ist durchfrorener Schwarztorf der Grundstein f\u00fcr den Erfolg von Jungpflanzen in Presst\u00f6pfen.[\/vc_column_text][\/vc_column_inner][vc_column_inner width=&#8220;1\/2&#8243;][vc_column_text]Den n\u00e4chsten Meilenstein in der Entwicklung von Presstopfsubstraten setzte Klasmann-Deilmann vor einigen Jahren mit dem Einsatz einer speziell aufbereiteten feinen GreenFibre\u00ae. Dabei ging es in erster Linie um die Verbesserung des Pflanzenwachstums und des Bew\u00e4sserungsmanagements. Es ergaben sich aber auch weitere Vorteile wie ein h\u00f6heres Lkw-Ladevolumen und die bessere CO<sub>2<\/sub>-Bilanz. Seither gilt Potgrond H mit GreenFibre\u00ae als Standard in unserem Segment von Presstopfsubstraten.<\/p>\n<p>Einfach ADVANCED[\/vc_column_text][\/vc_column_inner][\/vc_row_inner][\/vc_column][\/vc_row][vc_section css=&#8220;.vc_custom_1628168027406{margin-top: -60px !important;}&#8220;][vc_row][vc_column width=&#8220;1\/2&#8243;][kd_accordion_custom color=&#8220;kdlightgray&#8220; shape=&#8220;square&#8220; collapsible_all=&#8220;true&#8220; active_section=&#8220;99&#8243;][vc_tta_section title=&#8220;Potgrond H85 + GreenFibre\u00ae (078)&#8220; tab_id=&#8220;1628162971202-49d2226f-6c66&#8243;][vc_row_inner][vc_column_inner width=&#8220;1\/2&#8243; css=&#8220;.vc_custom_1628166847134{padding-left: 30px !important;}&#8220;][vc_column_text]<img loading=\"lazy\" decoding=\"async\" width=\"1389\" height=\"1659\" class=\"alignnone size-full wp-image-33156\" src=\"\/wp-content\/uploads\/kd_potground_h_packshot.png\" alt=\"\" srcset=\"https:\/\/klasmann-deilmann.com\/wp-content\/uploads\/kd_potground_h_packshot.png 1389w, https:\/\/klasmann-deilmann.com\/wp-content\/uploads\/kd_potground_h_packshot-251x300.png 251w, https:\/\/klasmann-deilmann.com\/wp-content\/uploads\/kd_potground_h_packshot-857x1024.png 857w, https:\/\/klasmann-deilmann.com\/wp-content\/uploads\/kd_potground_h_packshot-768x917.png 768w, https:\/\/klasmann-deilmann.com\/wp-content\/uploads\/kd_potground_h_packshot-1286x1536.png 1286w\" sizes=\"auto, (max-width: 1389px) 100vw, 1389px\" \/>[\/vc_column_text][\/vc_column_inner][vc_column_inner width=&#8220;1\/2&#8243; css=&#8220;.vc_custom_1628166891201{padding-top: 60px !important;}&#8220;][vc_column_text el_class=&#8220;pluslist&#8220;]<\/p>\n<ul>\n<li>Eigenschaften: Zur Herstellung sehr stabiler Presst\u00f6pfe<\/li>\n<li>Verwendung: Gem\u00fcsejungpflanzen, Aussaat von Zierpflanzen<\/li>\n<\/ul>\n<p>[\/vc_column_text][kd_download_button show_link_download1=&#8220;link&#8220; link1=&#8220;url:https%3A%2F%2Fklasmann-deilmann.com%2Fde%2Fanwendungsfelder%2Fpresstopferden%2Fpresstopferden-substrate%2F%23potground-h85-greenfibre|title:Mehr%20erfahren&#8220;][\/vc_column_inner][\/vc_row_inner][\/vc_tta_section][\/kd_accordion_custom][\/vc_column][vc_column width=&#8220;1\/2&#8243;][kd_accordion_custom color=&#8220;kdlightgray&#8220; shape=&#8220;square&#8220; collapsible_all=&#8220;true&#8220; active_section=&#8220;99&#8243;][vc_tta_section title=&#8220;Potgrond H80 + GreenFibre\u00ae (479)&#8220; tab_id=&#8220;1628162998315-53b4ac56-49b0&#8243;][vc_row_inner][vc_column_inner width=&#8220;1\/2&#8243; css=&#8220;.vc_custom_1628167910077{padding-left: 30px !important;}&#8220;][vc_column_text]<img loading=\"lazy\" decoding=\"async\" width=\"1389\" height=\"1659\" class=\"alignnone size-full wp-image-33156\" src=\"\/wp-content\/uploads\/kd_potground_h_packshot.png\" alt=\"\" srcset=\"https:\/\/klasmann-deilmann.com\/wp-content\/uploads\/kd_potground_h_packshot.png 1389w, https:\/\/klasmann-deilmann.com\/wp-content\/uploads\/kd_potground_h_packshot-251x300.png 251w, https:\/\/klasmann-deilmann.com\/wp-content\/uploads\/kd_potground_h_packshot-857x1024.png 857w, https:\/\/klasmann-deilmann.com\/wp-content\/uploads\/kd_potground_h_packshot-768x917.png 768w, https:\/\/klasmann-deilmann.com\/wp-content\/uploads\/kd_potground_h_packshot-1286x1536.png 1286w\" sizes=\"auto, (max-width: 1389px) 100vw, 1389px\" \/>[\/vc_column_text][\/vc_column_inner][vc_column_inner width=&#8220;1\/2&#8243; css=&#8220;.vc_custom_1628167943805{padding-top: 60px !important;}&#8220;][vc_column_text el_class=&#8220;pluslist&#8220;]<\/p>\n<ul>\n<li>Eigenschaften: Gute Stabilit\u00e4t auch bei gro\u00dfen Presst\u00f6pfen<\/li>\n<li>Verwendung: Gem\u00fcsejungpflanzen<\/li>\n<\/ul>\n<p>[\/vc_column_text][kd_download_button show_link_download1=&#8220;link&#8220; link1=&#8220;url:https%3A%2F%2Fklasmann-deilmann.com%2Fde%2Fanwendungsfelder%2Fpresstopferden%2Fpresstopferden-substrate%2F%23potground-h80-greenfibre|title:Mehr%20erfahren&#8220;][\/vc_column_inner][\/vc_row_inner][\/vc_tta_section][\/kd_accordion_custom][\/vc_column][\/vc_row][vc_row][vc_column][kd_download_button show_link_download1=&#8220;download&#8220; download1=&#8220;36743&#8243; showinpdfreader=&#8220;true&#8220;][\/vc_column][\/vc_row][\/vc_section][vc_row css=&#8220;.vc_custom_1628168146493{margin-top: 50px !important;padding-top: 30px !important;padding-bottom: 70px !important;background-image: url(https:\/\/klasmann-deilmann.com\/wp-content\/uploads\/blocking.jpg?id=33328) !important;}&#8220;][vc_column][vc_row_inner][vc_column_inner][kd_quote source_text=&#8220;Dr. Sebastian Kipp, Leiter Advisory Services and Quality Management bei Klasmann-Deilmann&#8220; posarrow=&#8220;ptopright&#8220;]\u201eGreenFibre\u00ae fein hilft uns dabei, stabile Presst\u00f6pfe herzustellen, die Wasser sehr schnell aufnehmen. Das Gie\u00dfwasser nutzt GreenFibre wie Kan\u00e4le und verteilt sich daher gut in den Presst\u00f6pfen. Auch die schnelle Wurzelentwicklung ist \u00fcberzeugend. Die Pflanzen haben einen gesunden Wurzelballen und weisen hervorragende Wuchseigenschaften auf. Das Ergebnis sind sehr kr\u00e4ftige und homogen gewachsene Jungpflanzenbest\u00e4nde.\u201c[\/kd_quote][\/vc_column_inner][\/vc_row_inner][\/vc_column][\/vc_row][vc_row][vc_column][vc_row_inner][vc_column_inner width=&#8220;1\/2&#8243;][vc_column_text]<\/p>\n<h2>Be innovative. Be ADVANCED.<\/h2>\n<p>[\/vc_column_text][vc_column_text]Wir behandeln unsere GreenFibre\u00ae in speziellen Anlagen, um eine besonders feine und flie\u00dff\u00e4hige Struktur zu erhalten. Damit gew\u00e4hrleisteten wir eine perfekte Durchmischung mit gleichm\u00e4\u00dfiger Verteilung im Presstopfsubstrat.<\/p>\n<p>GreenFibre\u00ae er\u00f6ffnet neue M\u00f6glichkeiten und f\u00fchrt zu einem fortschrittlichen Konzept f\u00fcr unsere Anzuchtsubstrate. Ein Anteil von 15 bis 20 Volumenprozent im Substrat kann sicher eingesetzt werden, da die Stickstoffbilanz von GreenFibre\u00ae sehr stabil ist. Durch den Einsatz spezieller Bindestoffe lassen sich bei Presstopfsubstraten sogar noch h\u00f6here Anteile erzielen.<br \/>\n[\/vc_column_text][kd_download_button show_link_download1=&#8220;link&#8220; link1=&#8220;url:https%3A%2F%2Fklasmann-deilmann.com%2Fde%2Fprodukte-loesungen%2Frohstoffe%2Fgreenfibre%2F|title:Unser%20Holzfaserprodukt%20GreenFibre%C2%AE&#8220;][\/vc_column_inner][vc_column_inner width=&#8220;1\/2&#8243;][vc_column_text]<img loading=\"lazy\" decoding=\"async\" width=\"1024\" height=\"674\" class=\"alignnone size-large wp-image-33312\" src=\"\/wp-content\/uploads\/KD-11-2017-32-1024x674.jpg\" alt=\"\" srcset=\"https:\/\/klasmann-deilmann.com\/wp-content\/uploads\/KD-11-2017-32-1024x674.jpg 1024w, https:\/\/klasmann-deilmann.com\/wp-content\/uploads\/KD-11-2017-32-300x198.jpg 300w, https:\/\/klasmann-deilmann.com\/wp-content\/uploads\/KD-11-2017-32-768x506.jpg 768w, https:\/\/klasmann-deilmann.com\/wp-content\/uploads\/KD-11-2017-32-1536x1011.jpg 1536w, https:\/\/klasmann-deilmann.com\/wp-content\/uploads\/KD-11-2017-32-2048x1349.jpg 2048w\" sizes=\"auto, (max-width: 1024px) 100vw, 1024px\" \/>[\/vc_column_text][\/vc_column_inner][\/vc_row_inner][\/vc_column][\/vc_row][vc_row css=&#8220;.vc_custom_1628168098889{padding-top: 30px !important;padding-bottom: 70px !important;background-color: #414345 !important;}&#8220;][vc_column][vc_row_inner][vc_column_inner width=&#8220;1\/2&#8243;][vc_column_text]<img loading=\"lazy\" decoding=\"async\" width=\"1920\" height=\"1280\" class=\"alignnone size-full wp-image-34759\" src=\"\/wp-content\/uploads\/blocking-2.jpg\" alt=\"\" srcset=\"https:\/\/klasmann-deilmann.com\/wp-content\/uploads\/blocking-2.jpg 1920w, https:\/\/klasmann-deilmann.com\/wp-content\/uploads\/blocking-2-300x200.jpg 300w, https:\/\/klasmann-deilmann.com\/wp-content\/uploads\/blocking-2-1024x683.jpg 1024w, https:\/\/klasmann-deilmann.com\/wp-content\/uploads\/blocking-2-768x512.jpg 768w, https:\/\/klasmann-deilmann.com\/wp-content\/uploads\/blocking-2-1536x1024.jpg 1536w\" sizes=\"auto, (max-width: 1920px) 100vw, 1920px\" \/>[\/vc_column_text][\/vc_column_inner][vc_column_inner width=&#8220;1\/2&#8243;][vc_column_text]<\/p>\n<h2>Vorteile unserer Presstopferden mit GreenFibre\u00ae<\/h2>\n<p>[\/vc_column_text][vc_column_text el_class=&#8220;pluslist&#8220;]<\/p>\n<ul>\n<li>Ideale Presstopfstabilit\u00e4t f\u00fcr die Verwendung auf automatischen Pflanzmaschinen<\/li>\n<li>Verbesserte Wurzelentwicklung<\/li>\n<li>Schnellere Wasseraufnahme in Presst\u00f6pfen<\/li>\n<li>Geringeres Gewicht, dadurch weniger Transportkosten<\/li>\n<li>Sehr gut geeignet auch f\u00fcr hydroponische Systeme<\/li>\n<li>Verwendung von feiner GreenFibre\u00ae mit bis zu 25 Volumenprozent<\/li>\n<li>Reduzierter CO<sub>2<\/sub>-Fu\u00dfabdruck<\/li>\n<\/ul>\n<p>[\/vc_column_text][\/vc_column_inner][\/vc_row_inner][\/vc_column][\/vc_row][vc_row css=&#8220;.vc_custom_1628763155191{margin-top: 70px !important;}&#8220;][vc_column][kd_getintouch image=&#8220;32948&#8243;][\/vc_column][\/vc_row]<\/p><\/div>\n","protected":false},"excerpt":{"rendered":"<p>[vc_row][vc_column][kd_header_random_image_banner image=&#8220;36720&#8243;][\/kd_header_random_image_banner][\/vc_column][\/vc_row][vc_row css=&#8220;.vc_custom_1627996958238{padding-bottom: 50px !important;}&#8220;][vc_column][vc_row_inner][vc_column_inner][vc_column_text] ADVANCED-Presstopferden [\/vc_column_text][\/vc_column_inner][\/vc_row_inner][vc_row_inner][vc_column_inner][vc_column_text] Potgrond H mit GreenFibre\u00ae \u2013 die neue Generation von Presstopfsubstraten [\/vc_column_text][\/vc_column_inner][vc_column_inner width=&#8220;1\/2&#8243;][vc_column_text]Die Erfolgsgeschichte der Presstopftechnologie begann vor mehr als 40 Jahren mit der Entwicklung der ersten Presstopfmaschine. Damals erfand Klasmann-Deilmann ein innovatives Extraktions- und Gefrierverfahren f\u00fcr Schwarztorf und schuf damit den perfekten Rohstoff f\u00fcr Presst\u00f6pfe. Seitdem ist durchfrorener Schwarztorf der Grundstein f\u00fcr den Erfolg von Jungpflanzen in Presst\u00f6pfen.[\/vc_column_text][\/vc_column_inner][vc_column_inner width=&#8220;1\/2&#8243;][vc_column_text]Den n\u00e4chsten Meilenstein in der Entwicklung von Presstopfsubstraten setzte Klasmann-Deilmann vor einigen Jahren mit dem<\/p>\n","protected":false},"author":7,"featured_media":0,"parent":38805,"menu_order":116,"comment_status":"closed","ping_status":"closed","template":"","meta":{"_acf_changed":false,"inline_featured_image":false,"footnotes":""},"class_list":["post-39199","page","type-page","status-publish","hentry"],"acf":[],"yoast_head":"<!-- This site is optimized with the Yoast SEO plugin v27.5 - https:\/\/yoast.com\/product\/yoast-seo-wordpress\/ -->\n<title>Presstopferden - Klasmann-Deilmann<\/title>\n<meta name=\"robots\" content=\"index, follow, max-snippet:-1, max-image-preview:large, max-video-preview:-1\" \/>\n<link rel=\"canonical\" href=\"https:\/\/klasmann-deilmann.com\/de\/anwendungsfelder\/presstopferden\/\" \/>\n<meta property=\"og:locale\" content=\"de_DE\" \/>\n<meta property=\"og:type\" content=\"article\" \/>\n<meta property=\"og:title\" content=\"Presstopferden - Klasmann-Deilmann\" \/>\n<meta property=\"og:description\" content=\"[vc_row][vc_column][kd_header_random_image_banner image=&#8220;36720&#8243;][\/kd_header_random_image_banner][\/vc_column][\/vc_row][vc_row css=&#8220;.vc_custom_1627996958238{padding-bottom: 50px !important;}&#8220;][vc_column][vc_row_inner][vc_column_inner][vc_column_text] ADVANCED-Presstopferden [\/vc_column_text][\/vc_column_inner][\/vc_row_inner][vc_row_inner][vc_column_inner][vc_column_text] Potgrond H mit GreenFibre\u00ae \u2013 die neue Generation von Presstopfsubstraten [\/vc_column_text][\/vc_column_inner][vc_column_inner width=&#8220;1\/2&#8243;][vc_column_text]Die Erfolgsgeschichte der Presstopftechnologie begann vor mehr als 40 Jahren mit der Entwicklung der ersten Presstopfmaschine. Damals erfand Klasmann-Deilmann ein innovatives Extraktions- und Gefrierverfahren f\u00fcr Schwarztorf und schuf damit den perfekten Rohstoff f\u00fcr Presst\u00f6pfe. Seitdem ist durchfrorener Schwarztorf der Grundstein f\u00fcr den Erfolg von Jungpflanzen in Presst\u00f6pfen.[\/vc_column_text][\/vc_column_inner][vc_column_inner width=&#8220;1\/2&#8243;][vc_column_text]Den n\u00e4chsten Meilenstein in der Entwicklung von Presstopfsubstraten setzte Klasmann-Deilmann vor einigen Jahren mit dem\" \/>\n<meta property=\"og:url\" content=\"https:\/\/klasmann-deilmann.com\/de\/anwendungsfelder\/presstopferden\/\" \/>\n<meta property=\"og:site_name\" content=\"Klasmann-Deilmann\" \/>\n<meta property=\"article:modified_time\" content=\"2021-11-17T08:06:10+00:00\" \/>\n<meta property=\"og:image\" content=\"https:\/\/klasmann-deilmann.com\/wp-content\/uploads\/kd_potground_h_packshot.png\" \/>\n<meta name=\"twitter:card\" content=\"summary_large_image\" \/>\n<meta name=\"twitter:label1\" content=\"Gesch\u00e4tzte Lesezeit\" \/>\n\t<meta name=\"twitter:data1\" content=\"3\u00a0Minuten\" \/>\n<script type=\"application\/ld+json\" class=\"yoast-schema-graph\">{\"@context\":\"https:\\\/\\\/schema.org\",\"@graph\":[{\"@type\":\"WebPage\",\"@id\":\"https:\\\/\\\/klasmann-deilmann.com\\\/de\\\/anwendungsfelder\\\/presstopferden\\\/\",\"url\":\"https:\\\/\\\/klasmann-deilmann.com\\\/de\\\/anwendungsfelder\\\/presstopferden\\\/\",\"name\":\"Presstopferden - Klasmann-Deilmann\",\"isPartOf\":{\"@id\":\"https:\\\/\\\/klasmann-deilmann.com\\\/en\\\/#website\"},\"datePublished\":\"2021-11-16T10:44:06+00:00\",\"dateModified\":\"2021-11-17T08:06:10+00:00\",\"breadcrumb\":{\"@id\":\"https:\\\/\\\/klasmann-deilmann.com\\\/de\\\/anwendungsfelder\\\/presstopferden\\\/#breadcrumb\"},\"inLanguage\":\"de\",\"potentialAction\":[{\"@type\":\"ReadAction\",\"target\":[\"https:\\\/\\\/klasmann-deilmann.com\\\/de\\\/anwendungsfelder\\\/presstopferden\\\/\"]}]},{\"@type\":\"BreadcrumbList\",\"@id\":\"https:\\\/\\\/klasmann-deilmann.com\\\/de\\\/anwendungsfelder\\\/presstopferden\\\/#breadcrumb\",\"itemListElement\":[{\"@type\":\"ListItem\",\"position\":1,\"name\":\"Home\",\"item\":\"https:\\\/\\\/klasmann-deilmann.com\\\/de\\\/\"},{\"@type\":\"ListItem\",\"position\":2,\"name\":\"Anwendungsfelder\",\"item\":\"https:\\\/\\\/klasmann-deilmann.com\\\/de\\\/anwendungsfelder\\\/\"},{\"@type\":\"ListItem\",\"position\":3,\"name\":\"Presstopferden\"}]},{\"@type\":\"WebSite\",\"@id\":\"https:\\\/\\\/klasmann-deilmann.com\\\/en\\\/#website\",\"url\":\"https:\\\/\\\/klasmann-deilmann.com\\\/en\\\/\",\"name\":\"Klasmann-Deilmann\",\"description\":\"\",\"potentialAction\":[{\"@type\":\"SearchAction\",\"target\":{\"@type\":\"EntryPoint\",\"urlTemplate\":\"https:\\\/\\\/klasmann-deilmann.com\\\/en\\\/?s={search_term_string}\"},\"query-input\":{\"@type\":\"PropertyValueSpecification\",\"valueRequired\":true,\"valueName\":\"search_term_string\"}}],\"inLanguage\":\"de\"}]}<\/script>\n<!-- \/ Yoast SEO plugin. -->","yoast_head_json":{"title":"Presstopferden - Klasmann-Deilmann","robots":{"index":"index","follow":"follow","max-snippet":"max-snippet:-1","max-image-preview":"max-image-preview:large","max-video-preview":"max-video-preview:-1"},"canonical":"https:\/\/klasmann-deilmann.com\/de\/anwendungsfelder\/presstopferden\/","og_locale":"de_DE","og_type":"article","og_title":"Presstopferden - Klasmann-Deilmann","og_description":"[vc_row][vc_column][kd_header_random_image_banner image=&#8220;36720&#8243;][\/kd_header_random_image_banner][\/vc_column][\/vc_row][vc_row css=&#8220;.vc_custom_1627996958238{padding-bottom: 50px !important;}&#8220;][vc_column][vc_row_inner][vc_column_inner][vc_column_text] ADVANCED-Presstopferden [\/vc_column_text][\/vc_column_inner][\/vc_row_inner][vc_row_inner][vc_column_inner][vc_column_text] Potgrond H mit GreenFibre\u00ae \u2013 die neue Generation von Presstopfsubstraten [\/vc_column_text][\/vc_column_inner][vc_column_inner width=&#8220;1\/2&#8243;][vc_column_text]Die Erfolgsgeschichte der Presstopftechnologie begann vor mehr als 40 Jahren mit der Entwicklung der ersten Presstopfmaschine. Damals erfand Klasmann-Deilmann ein innovatives Extraktions- und Gefrierverfahren f\u00fcr Schwarztorf und schuf damit den perfekten Rohstoff f\u00fcr Presst\u00f6pfe. Seitdem ist durchfrorener Schwarztorf der Grundstein f\u00fcr den Erfolg von Jungpflanzen in Presst\u00f6pfen.[\/vc_column_text][\/vc_column_inner][vc_column_inner width=&#8220;1\/2&#8243;][vc_column_text]Den n\u00e4chsten Meilenstein in der Entwicklung von Presstopfsubstraten setzte Klasmann-Deilmann vor einigen Jahren mit dem","og_url":"https:\/\/klasmann-deilmann.com\/de\/anwendungsfelder\/presstopferden\/","og_site_name":"Klasmann-Deilmann","article_modified_time":"2021-11-17T08:06:10+00:00","og_image":[{"url":"https:\/\/klasmann-deilmann.com\/wp-content\/uploads\/kd_potground_h_packshot.png","type":"","width":"","height":""}],"twitter_card":"summary_large_image","twitter_misc":{"Gesch\u00e4tzte Lesezeit":"3\u00a0Minuten"},"schema":{"@context":"https:\/\/schema.org","@graph":[{"@type":"WebPage","@id":"https:\/\/klasmann-deilmann.com\/de\/anwendungsfelder\/presstopferden\/","url":"https:\/\/klasmann-deilmann.com\/de\/anwendungsfelder\/presstopferden\/","name":"Presstopferden - Klasmann-Deilmann","isPartOf":{"@id":"https:\/\/klasmann-deilmann.com\/en\/#website"},"datePublished":"2021-11-16T10:44:06+00:00","dateModified":"2021-11-17T08:06:10+00:00","breadcrumb":{"@id":"https:\/\/klasmann-deilmann.com\/de\/anwendungsfelder\/presstopferden\/#breadcrumb"},"inLanguage":"de","potentialAction":[{"@type":"ReadAction","target":["https:\/\/klasmann-deilmann.com\/de\/anwendungsfelder\/presstopferden\/"]}]},{"@type":"BreadcrumbList","@id":"https:\/\/klasmann-deilmann.com\/de\/anwendungsfelder\/presstopferden\/#breadcrumb","itemListElement":[{"@type":"ListItem","position":1,"name":"Home","item":"https:\/\/klasmann-deilmann.com\/de\/"},{"@type":"ListItem","position":2,"name":"Anwendungsfelder","item":"https:\/\/klasmann-deilmann.com\/de\/anwendungsfelder\/"},{"@type":"ListItem","position":3,"name":"Presstopferden"}]},{"@type":"WebSite","@id":"https:\/\/klasmann-deilmann.com\/en\/#website","url":"https:\/\/klasmann-deilmann.com\/en\/","name":"Klasmann-Deilmann","description":"","potentialAction":[{"@type":"SearchAction","target":{"@type":"EntryPoint","urlTemplate":"https:\/\/klasmann-deilmann.com\/en\/?s={search_term_string}"},"query-input":{"@type":"PropertyValueSpecification","valueRequired":true,"valueName":"search_term_string"}}],"inLanguage":"de"}]}},"_links":{"self":[{"href":"https:\/\/klasmann-deilmann.com\/de\/wp-json\/wp\/v2\/pages\/39199","targetHints":{"allow":["GET"]}}],"collection":[{"href":"https:\/\/klasmann-deilmann.com\/de\/wp-json\/wp\/v2\/pages"}],"about":[{"href":"https:\/\/klasmann-deilmann.com\/de\/wp-json\/wp\/v2\/types\/page"}],"author":[{"embeddable":true,"href":"https:\/\/klasmann-deilmann.com\/de\/wp-json\/wp\/v2\/users\/7"}],"replies":[{"embeddable":true,"href":"https:\/\/klasmann-deilmann.com\/de\/wp-json\/wp\/v2\/comments?post=39199"}],"version-history":[{"count":6,"href":"https:\/\/klasmann-deilmann.com\/de\/wp-json\/wp\/v2\/pages\/39199\/revisions"}],"predecessor-version":[{"id":42675,"href":"https:\/\/klasmann-deilmann.com\/de\/wp-json\/wp\/v2\/pages\/39199\/revisions\/42675"}],"up":[{"embeddable":true,"href":"https:\/\/klasmann-deilmann.com\/de\/wp-json\/wp\/v2\/pages\/38805"}],"wp:attachment":[{"href":"https:\/\/klasmann-deilmann.com\/de\/wp-json\/wp\/v2\/media?parent=39199"}],"curies":[{"name":"wp","href":"https:\/\/api.w.org\/{rel}","templated":true}]}}