{"id":39105,"date":"2021-11-16T11:35:08","date_gmt":"2021-11-16T10:35:08","guid":{"rendered":"https:\/\/klasmann-deilmann.com\/?page_id=39105"},"modified":"2021-11-17T12:09:55","modified_gmt":"2021-11-17T11:09:55","slug":"beet-und-balkonpflanzen-substrate","status":"publish","type":"page","link":"https:\/\/klasmann-deilmann.com\/de\/anwendungsfelder\/beet-und-balkonpflanzen\/beet-und-balkonpflanzen-substrate\/","title":{"rendered":"Beet- und Balkonpflanzen Substrate"},"content":{"rendered":"<div class=\"wpb-content-wrapper\">[vc_row][vc_column][kd_header_random_image_banner image=&#8220;34500&#8243;][\/kd_header_random_image_banner][\/vc_column][\/vc_row][vc_section el_id=&#8220;ts3-medium-basic-greenfibre&#8220;][vc_row][vc_column][kd_single_products productselect=&#8220;42708&#8243;][kd_accordion_custom color=&#8220;kdgreen&#8220; shape=&#8220;square&#8220; collapsible_all=&#8220;true&#8220; active_section=&#8220;99&#8243;][vc_tta_section title=&#8220;Kulturbeispiele&#8220; tab_id=&#8220;crop-results&#8220;][vc_row_inner][vc_column_inner width=&#8220;1\/2&#8243;][vc_column_text]<img loading=\"lazy\" decoding=\"async\" width=\"1873\" height=\"1510\" class=\"alignnone size-full wp-image-34706\" src=\"\/wp-content\/uploads\/15\ufffd-GF-links.jpg\" alt=\"\" srcset=\"https:\/\/klasmann-deilmann.com\/wp-content\/uploads\/15\ufffd-GF-links.jpg 1873w, https:\/\/klasmann-deilmann.com\/wp-content\/uploads\/15\ufffd-GF-links-300x242.jpg 300w, https:\/\/klasmann-deilmann.com\/wp-content\/uploads\/15\ufffd-GF-links-1024x826.jpg 1024w, https:\/\/klasmann-deilmann.com\/wp-content\/uploads\/15\ufffd-GF-links-768x619.jpg 768w, https:\/\/klasmann-deilmann.com\/wp-content\/uploads\/15\ufffd-GF-links-1536x1238.jpg 1536w\" sizes=\"auto, (max-width: 1873px) 100vw, 1873px\" \/>Verbesserte Wurzelentwicklung von Knollenbegonien in TS 3 mit 20% GreenFibre\u00ae (links) im Vergleich zu einem Standardsubstrat mit 10% Perlite (rechts)[\/vc_column_text][\/vc_column_inner][vc_column_inner width=&#8220;1\/2&#8243;][vc_column_text el_class=&#8220;pluslist&#8220;]<strong>Praxiserfahrungen<\/strong><\/p>\n<ul>\n<li>Sehr gleichm\u00e4\u00dfiges Pflanzenwachstum<\/li>\n<li>Besseres Wurzelwachstum durch reduziertes Staun\u00e4sse-Risiko in der Wurzelzone<\/li>\n<li>Leichteres Bew\u00e4sserungsmanagement, sehr schnelle Wiederbefeuchtung<\/li>\n<li>Kein \u201eTrockenrand&#8220;-Effekt auf den Kulturtischen&nbsp;<\/li>\n<li>Bei normaler Fl\u00fcssigd\u00fcngung auf Stickstoffbasis ist keine spezielle Zusatzd\u00fcngung erforderlich<\/li>\n<li>Ideal auch in Kombination mit Langzeitd\u00fcngern<\/li>\n<li>Geringeres Gewicht des Substrats erm\u00f6glicht h\u00f6here Lkw-Lademengen und reduzierte CO<sub>2<\/sub>-Emissionen<\/li>\n<\/ul>\n<p>[\/vc_column_text][\/vc_column_inner][\/vc_row_inner][\/vc_tta_section][\/kd_accordion_custom][\/vc_column][\/vc_row][\/vc_section][vc_section css=&#8220;.vc_custom_1629098221603{padding-top: 70px !important;}&#8220; el_id=&#8220;substrate-1-greenfibre&#8220;][vc_row][vc_column][kd_single_products productselect=&#8220;42711&#8243;][kd_accordion_custom color=&#8220;kdgreen&#8220; shape=&#8220;square&#8220; collapsible_all=&#8220;true&#8220; active_section=&#8220;99&#8243;][vc_tta_section title=&#8220;Kulturbeispiele&#8220; tab_id=&#8220;1628239636513-d48bd298-5b88&#8243;][vc_row_inner][vc_column_inner width=&#8220;1\/2&#8243;][vc_column_text el_class=&#8220;pluslist&#8220;]<strong>Praxiserfahrungen<\/strong><\/p>\n<ul>\n<li>Universelles Beetpflanzensubstrat f\u00fcr kleine T\u00f6pfe<\/li>\n<li>Ideal geeignet f\u00fcr ein breites Sortiment von Beetpflanzen und Stauden<\/li>\n<li>Schnelle Entwicklung aktiver Feinwurzeln<\/li>\n<li>Keine Schrumpfung w\u00e4hrend der Kultur<\/li>\n<li>Schnelle Drainage nach Bew\u00e4sserung oder Niederschlag<\/li>\n<li>Substratoberfl\u00e4che trocknet schneller ab und verhindert das Wachstum von Algen<\/li>\n<li>Leichte Wiederbenetzung unterst\u00fctzt eine trockene Kulturf\u00fchrung f\u00fcr kompaktere Pflanzen<\/li>\n<li>Geringeres Gewicht des Substrats erm\u00f6glicht h\u00f6heres Ladevolumen auf Lkw<\/li>\n<\/ul>\n<p>[\/vc_column_text][\/vc_column_inner][vc_column_inner width=&#8220;1\/2&#8243;][vc_column_text]<img loading=\"lazy\" decoding=\"async\" width=\"2560\" height=\"1215\" class=\"alignnone size-full wp-image-34712\" src=\"\/wp-content\/uploads\/Lavender_and_Bacopa_young_plants_freshly_potted.png\" alt=\"\" srcset=\"https:\/\/klasmann-deilmann.com\/wp-content\/uploads\/Lavender_and_Bacopa_young_plants_freshly_potted.png 2560w, https:\/\/klasmann-deilmann.com\/wp-content\/uploads\/Lavender_and_Bacopa_young_plants_freshly_potted-300x142.png 300w, https:\/\/klasmann-deilmann.com\/wp-content\/uploads\/Lavender_and_Bacopa_young_plants_freshly_potted-1024x486.png 1024w, https:\/\/klasmann-deilmann.com\/wp-content\/uploads\/Lavender_and_Bacopa_young_plants_freshly_potted-768x365.png 768w, https:\/\/klasmann-deilmann.com\/wp-content\/uploads\/Lavender_and_Bacopa_young_plants_freshly_potted-1536x729.png 1536w, https:\/\/klasmann-deilmann.com\/wp-content\/uploads\/Lavender_and_Bacopa_young_plants_freshly_potted-2048x972.png 2048w\" sizes=\"auto, (max-width: 2560px) 100vw, 2560px\" \/>Lavendel- und Bacopa-Jungpflanzen, getopft in Substrat 1 mit 15% GreenFibre\u00ae[\/vc_column_text][\/vc_column_inner][\/vc_row_inner][\/vc_tta_section][\/kd_accordion_custom][\/vc_column][\/vc_row][\/vc_section][vc_section css=&#8220;.vc_custom_1629098282475{padding-top: 70px !important;}&#8220; el_id=&#8220;bp-substrate-2-with-terraktiv-greenfibre&#8220;][vc_row][vc_column][kd_single_products productselect=&#8220;42714&#8243;][kd_accordion_custom color=&#8220;kdgreen&#8220; shape=&#8220;square&#8220; collapsible_all=&#8220;true&#8220; active_section=&#8220;99&#8243;][vc_tta_section title=&#8220;Kulturbeispiele&#8220; tab_id=&#8220;1628607190671-b94dcdbd-cdab&#8220;][vc_row_inner][vc_column_inner width=&#8220;1\/2&#8243;][vc_column_text el_class=&#8220;pluslist&#8220;]<strong>Praxiserfahrungen<\/strong><\/p>\n<ul>\n<li>Sehr gute Ergebnisse f\u00fcr ein breites Sortiment von Beetpflanzen und Stauden<\/li>\n<li>Hat sich zum Standardsubstrat f\u00fcr gro\u00dfe Gartenbaubetriebe in Deutschland entwickelt<\/li>\n<li>Bew\u00e4hrt auch als hervorragende Rezeptur f\u00fcr Stauden<\/li>\n<li>Durch das kompaktere Pflanzenwachstum wird der Bedarf an Wuchshemmstoffen reduziert<\/li>\n<li>TerrAktiv<strong>\u00ae<\/strong> erzeugt eine hohe mikrobielle Aktivit\u00e4t, die zu suppressiven Effekten und zur Stimulation des Pflanzenwachstums f\u00fchrt<\/li>\n<li>Der Anteil von 50 Volumenprozent alternativer Ausgangsstoffe tr\u00e4gt zu deutlich verringerten CO<sub>2<\/sub>-Emissionen bei<\/li>\n<li>Ideale Kombination aus hoher Kultursicherheit und Nachhaltigkeit<\/li>\n<\/ul>\n<p>[\/vc_column_text][\/vc_column_inner][vc_column_inner width=&#8220;1\/2&#8243;][vc_column_text]<img loading=\"lazy\" decoding=\"async\" width=\"1920\" height=\"1268\" class=\"alignnone size-full wp-image-34717\" src=\"\/wp-content\/uploads\/Full_range_of_bedding_plant.png\" alt=\"\" srcset=\"https:\/\/klasmann-deilmann.com\/wp-content\/uploads\/Full_range_of_bedding_plant.png 1920w, https:\/\/klasmann-deilmann.com\/wp-content\/uploads\/Full_range_of_bedding_plant-300x198.png 300w, https:\/\/klasmann-deilmann.com\/wp-content\/uploads\/Full_range_of_bedding_plant-1024x676.png 1024w, https:\/\/klasmann-deilmann.com\/wp-content\/uploads\/Full_range_of_bedding_plant-768x507.png 768w, https:\/\/klasmann-deilmann.com\/wp-content\/uploads\/Full_range_of_bedding_plant-1536x1014.png 1536w\" sizes=\"auto, (max-width: 1920px) 100vw, 1920px\" \/>Umfangreiches Beetpflanzensortiment verkaufsfertig kultiviert in BP Substrat 2, Rez. 872 (Deutschland)[\/vc_column_text][\/vc_column_inner][\/vc_row_inner][vc_row_inner][vc_column_inner][vc_column_text]<img loading=\"lazy\" decoding=\"async\" class=\"alignnone wp-image-34715 size-full\" src=\"https:\/\/klasmann-deilmann.com\/wp-content\/uploads\/Callibr-TonS-BP-e1628607845727.jpg\" alt=\"\" width=\"2560\" height=\"1196\" srcset=\"https:\/\/klasmann-deilmann.com\/wp-content\/uploads\/Callibr-TonS-BP-e1628607845727.jpg 2560w, https:\/\/klasmann-deilmann.com\/wp-content\/uploads\/Callibr-TonS-BP-e1628607845727-300x140.jpg 300w, https:\/\/klasmann-deilmann.com\/wp-content\/uploads\/Callibr-TonS-BP-e1628607845727-1024x478.jpg 1024w, https:\/\/klasmann-deilmann.com\/wp-content\/uploads\/Callibr-TonS-BP-e1628607845727-768x359.jpg 768w, https:\/\/klasmann-deilmann.com\/wp-content\/uploads\/Callibr-TonS-BP-e1628607845727-1536x718.jpg 1536w, https:\/\/klasmann-deilmann.com\/wp-content\/uploads\/Callibr-TonS-BP-e1628607845727-2048x957.jpg 2048w\" sizes=\"auto, (max-width: 2560px) 100vw, 2560px\" \/>Calibrachoa in betriebs\u00fcblichem Tonsubstrat (100% Wei\u00dftorf mit Ton, links) im Vergleich zur ADVANCED-Rezeptur BP Substrat 2 mit 20% TerrAktiv\u00ae + 30% GreenFibre\u00ae (rec. 872, rechts)[\/vc_column_text][\/vc_column_inner][\/vc_row_inner][\/vc_tta_section][\/kd_accordion_custom][\/vc_column][\/vc_row][\/vc_section][vc_row css=&#8220;.vc_custom_1628596781167{margin-top: 70px !important;background-color: #414345 !important;}&#8220;][vc_column][vc_row_inner content_placement=&#8220;middle&#8220;][vc_column_inner width=&#8220;1\/2&#8243;][vc_column_text]<img loading=\"lazy\" decoding=\"async\" width=\"2560\" height=\"1788\" class=\"alignnone size-full wp-image-34601\" src=\"\/wp-content\/uploads\/organic-growing-1.jpg\" alt=\"\" srcset=\"https:\/\/klasmann-deilmann.com\/wp-content\/uploads\/organic-growing-1.jpg 2560w, https:\/\/klasmann-deilmann.com\/wp-content\/uploads\/organic-growing-1-300x210.jpg 300w, https:\/\/klasmann-deilmann.com\/wp-content\/uploads\/organic-growing-1-1024x715.jpg 1024w, https:\/\/klasmann-deilmann.com\/wp-content\/uploads\/organic-growing-1-768x536.jpg 768w, https:\/\/klasmann-deilmann.com\/wp-content\/uploads\/organic-growing-1-1536x1073.jpg 1536w, https:\/\/klasmann-deilmann.com\/wp-content\/uploads\/organic-growing-1-2048x1430.jpg 2048w\" sizes=\"auto, (max-width: 2560px) 100vw, 2560px\" \/>[\/vc_column_text][\/vc_column_inner][vc_column_inner width=&#8220;1\/2&#8243;][vc_column_text]<\/p>\n<h2 style=\"text-align: left;\">\u00d6kologischer Anbau:<\/h2>\n<h4>Sie sind auf der Suche nach dem richtigen Substrat f\u00fcr den \u00f6kologischen Anbau? Dann ist unser ProLine-Substratsortiment die perfekte Wahl f\u00fcr Sie. Mehr Informationen finden Sie hier:<\/h4>\n<p>[\/vc_column_text][kd_download_button show_link_download1=&#8220;link&#8220; link1=&#8220;url:https%3A%2F%2Fklasmann-deilmann.com%2Fde%2Fprodukte-loesungen%2Fproline-substrate%2F|title:%20Erfahren%20Sie%20mehr%20%C3%BCber%20ProLine&#8220;][\/vc_column_inner][\/vc_row_inner][\/vc_column][\/vc_row][vc_row css=&#8220;.vc_custom_1628596773135{padding-top: 70px !important;}&#8220;][vc_column][vc_row_inner content_placement=&#8220;middle&#8220;][vc_column_inner width=&#8220;1\/2&#8243;][vc_column_text]<\/p>\n<h2><strong>Individuelle Substratmischungen:<\/strong><\/h2>\n<h4>Von der Jungpflanzenanzucht \u00fcber Beetpflanzen bis Beerenobst sind kundenspezifische Rezepturen f\u00fcr alle Anwendungsbereiche erh\u00e4ltlich. Unsere langj\u00e4hrige Erfahrung erm\u00f6glicht es uns, Ihnen ma\u00dfgeschneiderte Substratl\u00f6sungen anzubieten, die passgenau auf alle physikalischen und chemischen Anforderungen Ihrer Kulturen und Ihres Anbausystems abgestimmt sind. Ihren pers\u00f6nlichen Ansprechpartner finden Sie hier:<\/h4>\n<p>[\/vc_column_text][\/vc_column_inner][vc_column_inner width=&#8220;1\/2&#8243;][vc_column_text]<img loading=\"lazy\" decoding=\"async\" width=\"2560\" height=\"1707\" class=\"alignnone size-full wp-image-34604\" src=\"\/wp-content\/uploads\/individual_compositions.jpg\" alt=\"\" srcset=\"https:\/\/klasmann-deilmann.com\/wp-content\/uploads\/individual_compositions.jpg 2560w, https:\/\/klasmann-deilmann.com\/wp-content\/uploads\/individual_compositions-300x200.jpg 300w, https:\/\/klasmann-deilmann.com\/wp-content\/uploads\/individual_compositions-1024x683.jpg 1024w, https:\/\/klasmann-deilmann.com\/wp-content\/uploads\/individual_compositions-768x512.jpg 768w, https:\/\/klasmann-deilmann.com\/wp-content\/uploads\/individual_compositions-1536x1024.jpg 1536w, https:\/\/klasmann-deilmann.com\/wp-content\/uploads\/individual_compositions-2048x1366.jpg 2048w\" sizes=\"auto, (max-width: 2560px) 100vw, 2560px\" \/>[\/vc_column_text][\/vc_column_inner][\/vc_row_inner][\/vc_column][\/vc_row][vc_row css=&#8220;.vc_custom_1627485951011{padding-top: 50px !important;padding-bottom: 50px !important;}&#8220;][vc_column][kd_getintouch image=&#8220;32948&#8243;][\/vc_column][\/vc_row]<\/div>\n","protected":false},"excerpt":{"rendered":"<p>[vc_row][vc_column][kd_header_random_image_banner image=&#8220;34500&#8243;][\/kd_header_random_image_banner][\/vc_column][\/vc_row][vc_section el_id=&#8220;ts3-medium-basic-greenfibre&#8220;][vc_row][vc_column][kd_single_products productselect=&#8220;42708&#8243;][kd_accordion_custom color=&#8220;kdgreen&#8220; shape=&#8220;square&#8220; collapsible_all=&#8220;true&#8220; active_section=&#8220;99&#8243;][vc_tta_section title=&#8220;Kulturbeispiele&#8220; tab_id=&#8220;crop-results&#8220;][vc_row_inner][vc_column_inner width=&#8220;1\/2&#8243;][vc_column_text]Verbesserte Wurzelentwicklung von Knollenbegonien in TS 3 mit 20% GreenFibre\u00ae (links) im Vergleich zu einem Standardsubstrat mit 10% Perlite (rechts)[\/vc_column_text][\/vc_column_inner][vc_column_inner width=&#8220;1\/2&#8243;][vc_column_text el_class=&#8220;pluslist&#8220;]Praxiserfahrungen Sehr gleichm\u00e4\u00dfiges Pflanzenwachstum Besseres Wurzelwachstum durch reduziertes Staun\u00e4sse-Risiko in der Wurzelzone Leichteres Bew\u00e4sserungsmanagement, sehr schnelle Wiederbefeuchtung Kein \u201eTrockenrand&#8220;-Effekt auf den Kulturtischen&nbsp; Bei normaler Fl\u00fcssigd\u00fcngung auf Stickstoffbasis ist keine spezielle Zusatzd\u00fcngung erforderlich Ideal auch in Kombination mit Langzeitd\u00fcngern Geringeres Gewicht des Substrats erm\u00f6glicht h\u00f6here Lkw-Lademengen und reduzierte CO2-Emissionen [\/vc_column_text][\/vc_column_inner][\/vc_row_inner][\/vc_tta_section][\/kd_accordion_custom][\/vc_column][\/vc_row][\/vc_section][vc_section<\/p>\n","protected":false},"author":7,"featured_media":0,"parent":39063,"menu_order":96,"comment_status":"closed","ping_status":"closed","template":"","meta":{"_acf_changed":false,"inline_featured_image":false,"footnotes":""},"class_list":["post-39105","page","type-page","status-publish","hentry"],"acf":[],"yoast_head":"<!-- This site is optimized with the Yoast SEO plugin v27.5 - https:\/\/yoast.com\/product\/yoast-seo-wordpress\/ -->\n<title>Beet- und Balkonpflanzen Substrate - Klasmann-Deilmann<\/title>\n<meta name=\"robots\" content=\"index, follow, max-snippet:-1, max-image-preview:large, max-video-preview:-1\" \/>\n<link rel=\"canonical\" href=\"https:\/\/klasmann-deilmann.com\/de\/anwendungsfelder\/beet-und-balkonpflanzen\/beet-und-balkonpflanzen-substrate\/\" \/>\n<meta property=\"og:locale\" content=\"de_DE\" \/>\n<meta property=\"og:type\" content=\"article\" \/>\n<meta property=\"og:title\" content=\"Beet- und Balkonpflanzen Substrate - Klasmann-Deilmann\" \/>\n<meta property=\"og:description\" content=\"[vc_row][vc_column][kd_header_random_image_banner image=&#8220;34500&#8243;][\/kd_header_random_image_banner][\/vc_column][\/vc_row][vc_section el_id=&#8220;ts3-medium-basic-greenfibre&#8220;][vc_row][vc_column][kd_single_products productselect=&#8220;42708&#8243;][kd_accordion_custom color=&#8220;kdgreen&#8220; shape=&#8220;square&#8220; collapsible_all=&#8220;true&#8220; active_section=&#8220;99&#8243;][vc_tta_section title=&#8220;Kulturbeispiele&#8220; tab_id=&#8220;crop-results&#8220;][vc_row_inner][vc_column_inner width=&#8220;1\/2&#8243;][vc_column_text]Verbesserte Wurzelentwicklung von Knollenbegonien in TS 3 mit 20% GreenFibre\u00ae (links) im Vergleich zu einem Standardsubstrat mit 10% Perlite (rechts)[\/vc_column_text][\/vc_column_inner][vc_column_inner width=&#8220;1\/2&#8243;][vc_column_text el_class=&#8220;pluslist&#8220;]Praxiserfahrungen Sehr gleichm\u00e4\u00dfiges Pflanzenwachstum Besseres Wurzelwachstum durch reduziertes Staun\u00e4sse-Risiko in der Wurzelzone Leichteres Bew\u00e4sserungsmanagement, sehr schnelle Wiederbefeuchtung Kein \u201eTrockenrand&#8220;-Effekt auf den Kulturtischen&nbsp; Bei normaler Fl\u00fcssigd\u00fcngung auf Stickstoffbasis ist keine spezielle Zusatzd\u00fcngung erforderlich Ideal auch in Kombination mit Langzeitd\u00fcngern Geringeres Gewicht des Substrats erm\u00f6glicht h\u00f6here Lkw-Lademengen und reduzierte CO2-Emissionen [\/vc_column_text][\/vc_column_inner][\/vc_row_inner][\/vc_tta_section][\/kd_accordion_custom][\/vc_column][\/vc_row][\/vc_section][vc_section\" \/>\n<meta property=\"og:url\" content=\"https:\/\/klasmann-deilmann.com\/de\/anwendungsfelder\/beet-und-balkonpflanzen\/beet-und-balkonpflanzen-substrate\/\" \/>\n<meta property=\"og:site_name\" content=\"Klasmann-Deilmann\" \/>\n<meta property=\"article:modified_time\" content=\"2021-11-17T11:09:55+00:00\" \/>\n<meta property=\"og:image\" content=\"https:\/\/klasmann-deilmann.com\/wp-content\/uploads\/15\ufffd-GF-links.jpg\" \/>\n<meta name=\"twitter:card\" content=\"summary_large_image\" \/>\n<meta name=\"twitter:label1\" content=\"Gesch\u00e4tzte Lesezeit\" \/>\n\t<meta name=\"twitter:data1\" content=\"3\u00a0Minuten\" \/>\n<script type=\"application\/ld+json\" class=\"yoast-schema-graph\">{\"@context\":\"https:\\\/\\\/schema.org\",\"@graph\":[{\"@type\":\"WebPage\",\"@id\":\"https:\\\/\\\/klasmann-deilmann.com\\\/de\\\/anwendungsfelder\\\/beet-und-balkonpflanzen\\\/beet-und-balkonpflanzen-substrate\\\/\",\"url\":\"https:\\\/\\\/klasmann-deilmann.com\\\/de\\\/anwendungsfelder\\\/beet-und-balkonpflanzen\\\/beet-und-balkonpflanzen-substrate\\\/\",\"name\":\"Beet- und Balkonpflanzen Substrate - Klasmann-Deilmann\",\"isPartOf\":{\"@id\":\"https:\\\/\\\/klasmann-deilmann.com\\\/en\\\/#website\"},\"primaryImageOfPage\":{\"@id\":\"https:\\\/\\\/klasmann-deilmann.com\\\/de\\\/anwendungsfelder\\\/beet-und-balkonpflanzen\\\/beet-und-balkonpflanzen-substrate\\\/#primaryimage\"},\"image\":{\"@id\":\"https:\\\/\\\/klasmann-deilmann.com\\\/de\\\/anwendungsfelder\\\/beet-und-balkonpflanzen\\\/beet-und-balkonpflanzen-substrate\\\/#primaryimage\"},\"thumbnailUrl\":\"https:\\\/\\\/klasmann-deilmann.com\\\/wp-content\\\/uploads\\\/Callibr-TonS-BP-e1628607845727.jpg\",\"datePublished\":\"2021-11-16T10:35:08+00:00\",\"dateModified\":\"2021-11-17T11:09:55+00:00\",\"breadcrumb\":{\"@id\":\"https:\\\/\\\/klasmann-deilmann.com\\\/de\\\/anwendungsfelder\\\/beet-und-balkonpflanzen\\\/beet-und-balkonpflanzen-substrate\\\/#breadcrumb\"},\"inLanguage\":\"de\",\"potentialAction\":[{\"@type\":\"ReadAction\",\"target\":[\"https:\\\/\\\/klasmann-deilmann.com\\\/de\\\/anwendungsfelder\\\/beet-und-balkonpflanzen\\\/beet-und-balkonpflanzen-substrate\\\/\"]}]},{\"@type\":\"ImageObject\",\"inLanguage\":\"de\",\"@id\":\"https:\\\/\\\/klasmann-deilmann.com\\\/de\\\/anwendungsfelder\\\/beet-und-balkonpflanzen\\\/beet-und-balkonpflanzen-substrate\\\/#primaryimage\",\"url\":\"https:\\\/\\\/klasmann-deilmann.com\\\/wp-content\\\/uploads\\\/Callibr-TonS-BP-e1628607845727.jpg\",\"contentUrl\":\"https:\\\/\\\/klasmann-deilmann.com\\\/wp-content\\\/uploads\\\/Callibr-TonS-BP-e1628607845727.jpg\"},{\"@type\":\"BreadcrumbList\",\"@id\":\"https:\\\/\\\/klasmann-deilmann.com\\\/de\\\/anwendungsfelder\\\/beet-und-balkonpflanzen\\\/beet-und-balkonpflanzen-substrate\\\/#breadcrumb\",\"itemListElement\":[{\"@type\":\"ListItem\",\"position\":1,\"name\":\"Home\",\"item\":\"https:\\\/\\\/klasmann-deilmann.com\\\/de\\\/\"},{\"@type\":\"ListItem\",\"position\":2,\"name\":\"Anwendungsfelder\",\"item\":\"https:\\\/\\\/klasmann-deilmann.com\\\/de\\\/anwendungsfelder\\\/\"},{\"@type\":\"ListItem\",\"position\":3,\"name\":\"Beet- und Balkonpflanzen\",\"item\":\"https:\\\/\\\/klasmann-deilmann.com\\\/de\\\/anwendungsfelder\\\/beet-und-balkonpflanzen\\\/\"},{\"@type\":\"ListItem\",\"position\":4,\"name\":\"Beet- und Balkonpflanzen Substrate\"}]},{\"@type\":\"WebSite\",\"@id\":\"https:\\\/\\\/klasmann-deilmann.com\\\/en\\\/#website\",\"url\":\"https:\\\/\\\/klasmann-deilmann.com\\\/en\\\/\",\"name\":\"Klasmann-Deilmann\",\"description\":\"\",\"potentialAction\":[{\"@type\":\"SearchAction\",\"target\":{\"@type\":\"EntryPoint\",\"urlTemplate\":\"https:\\\/\\\/klasmann-deilmann.com\\\/en\\\/?s={search_term_string}\"},\"query-input\":{\"@type\":\"PropertyValueSpecification\",\"valueRequired\":true,\"valueName\":\"search_term_string\"}}],\"inLanguage\":\"de\"}]}<\/script>\n<!-- \/ Yoast SEO plugin. -->","yoast_head_json":{"title":"Beet- und Balkonpflanzen Substrate - Klasmann-Deilmann","robots":{"index":"index","follow":"follow","max-snippet":"max-snippet:-1","max-image-preview":"max-image-preview:large","max-video-preview":"max-video-preview:-1"},"canonical":"https:\/\/klasmann-deilmann.com\/de\/anwendungsfelder\/beet-und-balkonpflanzen\/beet-und-balkonpflanzen-substrate\/","og_locale":"de_DE","og_type":"article","og_title":"Beet- und Balkonpflanzen Substrate - Klasmann-Deilmann","og_description":"[vc_row][vc_column][kd_header_random_image_banner image=&#8220;34500&#8243;][\/kd_header_random_image_banner][\/vc_column][\/vc_row][vc_section el_id=&#8220;ts3-medium-basic-greenfibre&#8220;][vc_row][vc_column][kd_single_products productselect=&#8220;42708&#8243;][kd_accordion_custom color=&#8220;kdgreen&#8220; shape=&#8220;square&#8220; collapsible_all=&#8220;true&#8220; active_section=&#8220;99&#8243;][vc_tta_section title=&#8220;Kulturbeispiele&#8220; tab_id=&#8220;crop-results&#8220;][vc_row_inner][vc_column_inner width=&#8220;1\/2&#8243;][vc_column_text]Verbesserte Wurzelentwicklung von Knollenbegonien in TS 3 mit 20% GreenFibre\u00ae (links) im Vergleich zu einem Standardsubstrat mit 10% Perlite (rechts)[\/vc_column_text][\/vc_column_inner][vc_column_inner width=&#8220;1\/2&#8243;][vc_column_text el_class=&#8220;pluslist&#8220;]Praxiserfahrungen Sehr gleichm\u00e4\u00dfiges Pflanzenwachstum Besseres Wurzelwachstum durch reduziertes Staun\u00e4sse-Risiko in der Wurzelzone Leichteres Bew\u00e4sserungsmanagement, sehr schnelle Wiederbefeuchtung Kein \u201eTrockenrand&#8220;-Effekt auf den Kulturtischen&nbsp; Bei normaler Fl\u00fcssigd\u00fcngung auf Stickstoffbasis ist keine spezielle Zusatzd\u00fcngung erforderlich Ideal auch in Kombination mit Langzeitd\u00fcngern Geringeres Gewicht des Substrats erm\u00f6glicht h\u00f6here Lkw-Lademengen und reduzierte CO2-Emissionen [\/vc_column_text][\/vc_column_inner][\/vc_row_inner][\/vc_tta_section][\/kd_accordion_custom][\/vc_column][\/vc_row][\/vc_section][vc_section","og_url":"https:\/\/klasmann-deilmann.com\/de\/anwendungsfelder\/beet-und-balkonpflanzen\/beet-und-balkonpflanzen-substrate\/","og_site_name":"Klasmann-Deilmann","article_modified_time":"2021-11-17T11:09:55+00:00","og_image":[{"url":"https:\/\/klasmann-deilmann.com\/wp-content\/uploads\/15\ufffd-GF-links.jpg","type":"","width":"","height":""}],"twitter_card":"summary_large_image","twitter_misc":{"Gesch\u00e4tzte Lesezeit":"3\u00a0Minuten"},"schema":{"@context":"https:\/\/schema.org","@graph":[{"@type":"WebPage","@id":"https:\/\/klasmann-deilmann.com\/de\/anwendungsfelder\/beet-und-balkonpflanzen\/beet-und-balkonpflanzen-substrate\/","url":"https:\/\/klasmann-deilmann.com\/de\/anwendungsfelder\/beet-und-balkonpflanzen\/beet-und-balkonpflanzen-substrate\/","name":"Beet- und Balkonpflanzen Substrate - Klasmann-Deilmann","isPartOf":{"@id":"https:\/\/klasmann-deilmann.com\/en\/#website"},"primaryImageOfPage":{"@id":"https:\/\/klasmann-deilmann.com\/de\/anwendungsfelder\/beet-und-balkonpflanzen\/beet-und-balkonpflanzen-substrate\/#primaryimage"},"image":{"@id":"https:\/\/klasmann-deilmann.com\/de\/anwendungsfelder\/beet-und-balkonpflanzen\/beet-und-balkonpflanzen-substrate\/#primaryimage"},"thumbnailUrl":"https:\/\/klasmann-deilmann.com\/wp-content\/uploads\/Callibr-TonS-BP-e1628607845727.jpg","datePublished":"2021-11-16T10:35:08+00:00","dateModified":"2021-11-17T11:09:55+00:00","breadcrumb":{"@id":"https:\/\/klasmann-deilmann.com\/de\/anwendungsfelder\/beet-und-balkonpflanzen\/beet-und-balkonpflanzen-substrate\/#breadcrumb"},"inLanguage":"de","potentialAction":[{"@type":"ReadAction","target":["https:\/\/klasmann-deilmann.com\/de\/anwendungsfelder\/beet-und-balkonpflanzen\/beet-und-balkonpflanzen-substrate\/"]}]},{"@type":"ImageObject","inLanguage":"de","@id":"https:\/\/klasmann-deilmann.com\/de\/anwendungsfelder\/beet-und-balkonpflanzen\/beet-und-balkonpflanzen-substrate\/#primaryimage","url":"https:\/\/klasmann-deilmann.com\/wp-content\/uploads\/Callibr-TonS-BP-e1628607845727.jpg","contentUrl":"https:\/\/klasmann-deilmann.com\/wp-content\/uploads\/Callibr-TonS-BP-e1628607845727.jpg"},{"@type":"BreadcrumbList","@id":"https:\/\/klasmann-deilmann.com\/de\/anwendungsfelder\/beet-und-balkonpflanzen\/beet-und-balkonpflanzen-substrate\/#breadcrumb","itemListElement":[{"@type":"ListItem","position":1,"name":"Home","item":"https:\/\/klasmann-deilmann.com\/de\/"},{"@type":"ListItem","position":2,"name":"Anwendungsfelder","item":"https:\/\/klasmann-deilmann.com\/de\/anwendungsfelder\/"},{"@type":"ListItem","position":3,"name":"Beet- und Balkonpflanzen","item":"https:\/\/klasmann-deilmann.com\/de\/anwendungsfelder\/beet-und-balkonpflanzen\/"},{"@type":"ListItem","position":4,"name":"Beet- und Balkonpflanzen Substrate"}]},{"@type":"WebSite","@id":"https:\/\/klasmann-deilmann.com\/en\/#website","url":"https:\/\/klasmann-deilmann.com\/en\/","name":"Klasmann-Deilmann","description":"","potentialAction":[{"@type":"SearchAction","target":{"@type":"EntryPoint","urlTemplate":"https:\/\/klasmann-deilmann.com\/en\/?s={search_term_string}"},"query-input":{"@type":"PropertyValueSpecification","valueRequired":true,"valueName":"search_term_string"}}],"inLanguage":"de"}]}},"_links":{"self":[{"href":"https:\/\/klasmann-deilmann.com\/de\/wp-json\/wp\/v2\/pages\/39105","targetHints":{"allow":["GET"]}}],"collection":[{"href":"https:\/\/klasmann-deilmann.com\/de\/wp-json\/wp\/v2\/pages"}],"about":[{"href":"https:\/\/klasmann-deilmann.com\/de\/wp-json\/wp\/v2\/types\/page"}],"author":[{"embeddable":true,"href":"https:\/\/klasmann-deilmann.com\/de\/wp-json\/wp\/v2\/users\/7"}],"replies":[{"embeddable":true,"href":"https:\/\/klasmann-deilmann.com\/de\/wp-json\/wp\/v2\/comments?post=39105"}],"version-history":[{"count":6,"href":"https:\/\/klasmann-deilmann.com\/de\/wp-json\/wp\/v2\/pages\/39105\/revisions"}],"predecessor-version":[{"id":42717,"href":"https:\/\/klasmann-deilmann.com\/de\/wp-json\/wp\/v2\/pages\/39105\/revisions\/42717"}],"up":[{"embeddable":true,"href":"https:\/\/klasmann-deilmann.com\/de\/wp-json\/wp\/v2\/pages\/39063"}],"wp:attachment":[{"href":"https:\/\/klasmann-deilmann.com\/de\/wp-json\/wp\/v2\/media?parent=39105"}],"curies":[{"name":"wp","href":"https:\/\/api.w.org\/{rel}","templated":true}]}}