{"id":39063,"date":"2021-11-16T11:34:20","date_gmt":"2021-11-16T10:34:20","guid":{"rendered":"https:\/\/klasmann-deilmann.com\/?page_id=39063"},"modified":"2022-05-12T08:15:01","modified_gmt":"2022-05-12T06:15:01","slug":"beet-und-balkonpflanzen","status":"publish","type":"page","link":"https:\/\/klasmann-deilmann.com\/de\/anwendungsfelder\/beet-und-balkonpflanzen\/","title":{"rendered":"Beet- und Balkonpflanzen"},"content":{"rendered":"<div class=\"wpb-content-wrapper\">\n<p>[vc_row][vc_column][kd_header_random_image_banner image=&#8220;34809&#8243;][\/kd_header_random_image_banner][\/vc_column][\/vc_row][vc_row css=&#8220;.vc_custom_1627996958238{padding-bottom: 50px !important;}&#8220;][vc_column][vc_row_inner][vc_column_inner][vc_column_text]<\/p>\n<h2 style=\"text-align: left;\">ADVANCED-Beetpflanzensubstrate<\/h2>\n<p>[\/vc_column_text][\/vc_column_inner][\/vc_row_inner][vc_row_inner][vc_column_inner][vc_column_text]<\/p>\n<h3>Zuverl\u00e4ssiger und nachhaltiger Anbau von Beet- und Balkonpflanzen<\/h3>\n<p>[\/vc_column_text][\/vc_column_inner][vc_column_inner width=&#8220;1\/2&#8243;][vc_column_text]Um hervorragende Kulturergebnisse zu gew\u00e4hrleisten, verwenden wir ausschlie\u00dflich bew\u00e4hrte alternative Substratausgangsstoffe, die wir mit unseren hochwertigen Torfrohstoffen mischen. Aufgrund ihrer technischen Eigenschaften haben sich Holzfaser, Perlite, Kokos und Gr\u00fcnkompost f\u00fcr Beetpflanzen als ideal erwiesen. Die Pflanzen profitieren von einem verbesserten Wurzelwachstum, einer ges\u00fcnderen Entwicklung und auch einer erh\u00f6hten mikrobiellen Aktivit\u00e4t im Wurzelbereich.[\/vc_column_text][\/vc_column_inner][vc_column_inner width=&#8220;1\/2&#8243;][vc_column_text]Die Verwendung alternativer Ausgangsstoffe f\u00fcr die Kultur von Beet- und Balkonpflanzen tr\u00e4gt wesentlich dazu bei, die Zuverl\u00e4ssigkeit unserer Substrate zu sichern und ihr Gewicht zu reduzieren, wodurch ein h\u00f6heres Transportvolumen erm\u00f6glicht wird. Im Ergebnis bedeutet dies eine Verringerung der Kohlenstoffemissionen aus Transport und Rohstoffen.<\/p>\n<p>Einfach ADVANCED[\/vc_column_text][\/vc_column_inner][\/vc_row_inner][\/vc_column][\/vc_row][vc_section css=&#8220;.vc_custom_1628168027406{margin-top: -60px !important;}&#8220;][vc_row][vc_column width=&#8220;1\/2&#8243;][kd_accordion_custom color=&#8220;kdlightgray&#8220; shape=&#8220;square&#8220; collapsible_all=&#8220;true&#8220; active_section=&#8220;99&#8243;][vc_tta_section title=&#8220;TS 3 medium basic + GreenFibre\u00ae (426)&#8220; tab_id=&#8220;1628162971202-49d2226f-6c66&#8243;][vc_row_inner][vc_column_inner width=&#8220;1\/2&#8243; css=&#8220;.vc_custom_1628232877073{padding-left: 30px !important;}&#8220;][vc_column_text]<img loading=\"lazy\" decoding=\"async\" width=\"1389\" height=\"1659\" class=\"alignnone size-full wp-image-33108\" src=\"\/wp-content\/uploads\/kd_ts3_packshot.png\" alt=\"\" srcset=\"https:\/\/klasmann-deilmann.com\/wp-content\/uploads\/kd_ts3_packshot.png 1389w, https:\/\/klasmann-deilmann.com\/wp-content\/uploads\/kd_ts3_packshot-251x300.png 251w, https:\/\/klasmann-deilmann.com\/wp-content\/uploads\/kd_ts3_packshot-857x1024.png 857w, https:\/\/klasmann-deilmann.com\/wp-content\/uploads\/kd_ts3_packshot-768x917.png 768w, https:\/\/klasmann-deilmann.com\/wp-content\/uploads\/kd_ts3_packshot-1286x1536.png 1286w\" sizes=\"auto, (max-width: 1389px) 100vw, 1389px\" \/>[\/vc_column_text][\/vc_column_inner][vc_column_inner width=&#8220;1\/2&#8243; css=&#8220;.vc_custom_1628232893555{padding-top: 60px !important;}&#8220;][vc_column_text el_class=&#8220;pluslist&#8220;]<\/p>\n<ul>\n<li>Eigenschaften: Universalsubstrat mit guter Wasserkapazit\u00e4t und offener Struktur<\/li>\n<li>Verwendung: Beetpflanzen, Stauden<\/li>\n<\/ul>\n<p>[\/vc_column_text][kd_download_button show_link_download1=&#8220;link&#8220; link1=&#8220;url:https%3A%2F%2Fklasmann-deilmann.com%2Fde%2Fanwendungsfelder%2Fbeet-und-balkonpflanzen%2Fbeet-und-balkonpflanzen-substrate%2F%23ts3-medium-basic-greenfibre|title:Mehr%20erfahren&#8220;][\/vc_column_inner][\/vc_row_inner][\/vc_tta_section][\/kd_accordion_custom][kd_accordion_custom color=&#8220;kdlightgray&#8220; shape=&#8220;square&#8220; collapsible_all=&#8220;true&#8220; active_section=&#8220;99&#8243;][vc_tta_section title=&#8220;BP Substrat 2 mit 20 % TerrAktiv\u00ae + 30 % GreenFibre\u00ae (872)&#8220; tab_id=&#8220;1628170515775-2dca5936-cf1a&#8220;][vc_row_inner][vc_column_inner width=&#8220;1\/2&#8243;][vc_column_text]<img loading=\"lazy\" decoding=\"async\" width=\"1389\" height=\"1659\" class=\"alignnone size-full wp-image-33150\" src=\"\/wp-content\/uploads\/kd_bp-substrat_packshot.png\" alt=\"\" srcset=\"https:\/\/klasmann-deilmann.com\/wp-content\/uploads\/kd_bp-substrat_packshot.png 1389w, https:\/\/klasmann-deilmann.com\/wp-content\/uploads\/kd_bp-substrat_packshot-251x300.png 251w, https:\/\/klasmann-deilmann.com\/wp-content\/uploads\/kd_bp-substrat_packshot-857x1024.png 857w, https:\/\/klasmann-deilmann.com\/wp-content\/uploads\/kd_bp-substrat_packshot-768x917.png 768w, https:\/\/klasmann-deilmann.com\/wp-content\/uploads\/kd_bp-substrat_packshot-1286x1536.png 1286w\" sizes=\"auto, (max-width: 1389px) 100vw, 1389px\" \/>[\/vc_column_text][\/vc_column_inner][vc_column_inner width=&#8220;1\/2&#8243; css=&#8220;.vc_custom_1628233129626{padding-top: 60px !important;}&#8220;][vc_column_text el_class=&#8220;pluslist&#8220;]<\/p>\n<ul>\n<li>Eigenschaften: Universal-Beetpflanzensubstrat mit stabiler Luftkapazit\u00e4t und zus\u00e4tzlicher mikrobieller Belebung<\/li>\n<li>Verwendung: Beet- und Balkonpflanzen, Stauden, Bodendecker<\/li>\n<\/ul>\n<p>[\/vc_column_text][kd_download_button show_link_download1=&#8220;link&#8220; link1=&#8220;url:https%3A%2F%2Fklasmann-deilmann.com%2Fde%2Fanwendungsfelder%2Fbeet-und-balkonpflanzen%2Fbeet-und-balkonpflanzen-substrate%2F%23bp-substrate-2-with-terraktiv-greenfibre|title:Mehr%20erfahren&#8220;][\/vc_column_inner][\/vc_row_inner][\/vc_tta_section][\/kd_accordion_custom][\/vc_column][vc_column width=&#8220;1\/2&#8243;][kd_accordion_custom color=&#8220;kdlightgray&#8220; shape=&#8220;square&#8220; collapsible_all=&#8220;true&#8220; active_section=&#8220;99&#8243;][vc_tta_section title=&#8220;Substrat 1 + Greenfibre\u00ae (098)&#8220; tab_id=&#8220;1628162998315-53b4ac56-49b0&#8243;][vc_row_inner][vc_column_inner width=&#8220;1\/2&#8243; css=&#8220;.vc_custom_1628232967494{padding-left: 30px !important;}&#8220;][vc_column_text]<img loading=\"lazy\" decoding=\"async\" width=\"1389\" height=\"1659\" class=\"alignnone size-full wp-image-33162\" src=\"\/wp-content\/uploads\/kd_substrat1_packshot.png\" alt=\"\" srcset=\"https:\/\/klasmann-deilmann.com\/wp-content\/uploads\/kd_substrat1_packshot.png 1389w, https:\/\/klasmann-deilmann.com\/wp-content\/uploads\/kd_substrat1_packshot-251x300.png 251w, https:\/\/klasmann-deilmann.com\/wp-content\/uploads\/kd_substrat1_packshot-857x1024.png 857w, https:\/\/klasmann-deilmann.com\/wp-content\/uploads\/kd_substrat1_packshot-768x917.png 768w, https:\/\/klasmann-deilmann.com\/wp-content\/uploads\/kd_substrat1_packshot-1286x1536.png 1286w\" sizes=\"auto, (max-width: 1389px) 100vw, 1389px\" \/>[\/vc_column_text][\/vc_column_inner][vc_column_inner width=&#8220;1\/2&#8243; css=&#8220;.vc_custom_1628233009402{padding-top: 60px !important;}&#8220;][vc_column_text el_class=&#8220;pluslist&#8220;]<\/p>\n<ul>\n<li>Eigenschaften: Allround-Substrat zum Pikieren und Topfen in kleinen T\u00f6pfen und Packs<\/li>\n<li>Verwendung: Beet- und Balkonpflanzen<\/li>\n<\/ul>\n<p>[\/vc_column_text][kd_download_button show_link_download1=&#8220;link&#8220; link1=&#8220;url:https%3A%2F%2Fklasmann-deilmann.com%2Fde%2Fanwendungsfelder%2Fbeet-und-balkonpflanzen%2Fbeet-und-balkonpflanzen-substrate%2F%23substrate-1-greenfibre|title:Mehr%20erfahren&#8220;][\/vc_column_inner][\/vc_row_inner][\/vc_tta_section][\/kd_accordion_custom][kd_download_button show_link_download1=&#8220;download&#8220; download1=&#8220;36743&#8243; showinpdfreader=&#8220;&#8220; showinflipbook=&#8220;true&#8220; pdfpage=&#8220;12&#8243;][\/vc_column][\/vc_row][\/vc_section][vc_row css=&#8220;.vc_custom_1628599117043{margin-top: 50px !important;padding-top: 30px !important;padding-bottom: 70px !important;background-image: url(https:\/\/klasmann-deilmann.com\/wp-content\/uploads\/substrates_with_greenfibre-1.jpg?id=34648) !important;background-position: center !important;background-repeat: no-repeat !important;background-size: cover !important;}&#8220;][vc_column][vc_row_inner][vc_column_inner][kd_quote source_text=&#8220;Anja Fritzen, Technische Beraterin bei Klasmann-Deilmann&#8220; posarrow=&#8220;ptopright&#8220;]\u201eGreenFibre\u00ae l\u00e4sst die Substratoberfl\u00e4che schneller abtrocknen. Algenbildung ist kein Thema mehr und die Pflanzen sind weniger anf\u00e4llig f\u00fcr Krankheiten. Besonders in Ebbe-Flut-Systemen nimmt das Substrat das Wasser sehr schnell auf und verteilt es gut im Wurzelballen.\u201c [\/kd_quote][\/vc_column_inner][\/vc_row_inner][\/vc_column][\/vc_row][vc_row][vc_column][vc_row_inner][vc_column_inner][vc_column_text]<\/p>\n<h2>Be ADVANCED &#8211; mit idealen alternativen Substratausgangsstoffen<\/h2>\n<p>[\/vc_column_text][\/vc_column_inner][\/vc_row_inner][\/vc_column][\/vc_row][vc_section][vc_row][vc_column][kd_accordion_custom color=&#8220;kdgreen&#8220; shape=&#8220;square&#8220; gap=&#8220;20&#8243; collapsible_all=&#8220;true&#8220; active_section=&#8220;99&#8243;][vc_tta_section title=&#8220;GreenFibre\u00ae&#8220; tab_id=&#8220;greenfibre&#8220;][vc_row_inner][vc_column_inner width=&#8220;1\/2&#8243;][vc_column_text]GreenFibre\u00ae wird in speziellen Anlagen hergestellt, um eine mittel-feine Struktur mit sehr guter Flie\u00dff\u00e4higkeit zu erhalten. Dies gew\u00e4hrleistet eine perfekte Durchmischung und gleichm\u00e4\u00dfige Verteilung im Substrat.<\/p>\n<p>Substrate mit GreenFibre\u00ae weisen eine schnelle Verteilung des Kapillarwassers im gesamten Wurzelbereich auf. Dies ist ein wichtiger Vorteil z. B. bei Ebbe-Flut-Bew\u00e4sserungssystemen. GreenFibre gew\u00e4hrleistet damit eine sichere Bew\u00e4sserung, insbesondere beim Anbau mit Trockenstress-Methoden f\u00fcr kompaktere Pflanzen.<\/p>\n<p>In Topfpflanzensubstraten kann GreenFibre\u00ae mit einem Anteil von 15 bis 30 Volumenprozent verwendet werden. Durch Kombination mit st\u00e4rker zersetztem Torf bleibt der Anteil an leicht verf\u00fcgbarem Wasser f\u00fcr die Pflanzen stabil. Daher gibt es bis zu einer Beimischung von 25 Volumenprozent kaum Unterschiede im Bew\u00e4sserungsverhalten. Allerdings bleibt die Substratoberfl\u00e4che in den T\u00f6pfen trockener und das Risiko von Wurzelkrankheiten wird dadurch reduziert. Eine praxis\u00fcbliche Fl\u00fcssigd\u00fcngung auf Stickstoffbasis f\u00fchrt zu optimalen Wachstumsergebnissen.[\/vc_column_text][kd_download_button show_link_download1=&#8220;link&#8220; link1=&#8220;url:https%3A%2F%2Fklasmann-deilmann.com%2Fde%2Fprodukte-loesungen%2Frohstoffe%2Fgreenfibre%2F|title:Mehr%20erfahren&#8220;][\/vc_column_inner][vc_column_inner width=&#8220;1\/2&#8243;][vc_column_text]<img loading=\"lazy\" decoding=\"async\" width=\"1536\" height=\"2048\" class=\"alignnone size-full wp-image-35216\" src=\"\/wp-content\/uploads\/bedding_greenfibre.jpg\" alt=\"\" srcset=\"https:\/\/klasmann-deilmann.com\/wp-content\/uploads\/bedding_greenfibre.jpg 1536w, https:\/\/klasmann-deilmann.com\/wp-content\/uploads\/bedding_greenfibre-225x300.jpg 225w, https:\/\/klasmann-deilmann.com\/wp-content\/uploads\/bedding_greenfibre-768x1024.jpg 768w, https:\/\/klasmann-deilmann.com\/wp-content\/uploads\/bedding_greenfibre-1152x1536.jpg 1152w\" sizes=\"auto, (max-width: 1536px) 100vw, 1536px\" \/>[\/vc_column_text][\/vc_column_inner][\/vc_row_inner][\/vc_tta_section][vc_tta_section title=&#8220;TerrAktiv\u00ae Gr\u00fcnkompost &#8211; f\u00fcr gesunde Beet- und Balkonpflanzen&#8220; tab_id=&#8220;terraktiv-plus&#8220;][vc_row_inner][vc_column_inner width=&#8220;1\/2&#8243;][vc_column_text el_class=&#8220;pluslist&#8220;]Seit mehr als 30 Jahren verwenden wir in unseren Substraten TerrAktiv\u00ae Gr\u00fcnkompost als nat\u00fcrliches, nachwachsendes und sehr effizientes Biostimulans mit vielen positiven Effekten f\u00fcr die Pflanze:<\/p>\n<ul>\n<li>Erzeugt eine hohe mikrobielle Aktivit\u00e4t<\/li>\n<li>Zeigt unterdr\u00fcckende Wirkung auf bodenb\u00fcrtige Krankheitserreger<\/li>\n<li>&nbsp;Stimuliert die Wurzelentwicklung und das Pflanzenwachstum<\/li>\n<\/ul>\n<p>Die Zugabe von 10 Volumenprozent TerrAktiv\u00ae ist bereits ausreichend, um diese Effekte zu erzielen.[\/vc_column_text][kd_download_button show_link_download1=&#8220;link&#8220; link1=&#8220;url:https%3A%2F%2Fklasmann-deilmann.com%2Fde%2Fprodukte-loesungen%2Frohstoffe%2Fterraktiv-ft%2F|title:Mehr%20erfahren&#8220;][\/vc_column_inner][vc_column_inner width=&#8220;1\/2&#8243;][vc_column_text]<img loading=\"lazy\" decoding=\"async\" width=\"2560\" height=\"1920\" class=\"alignnone size-full wp-image-34842\" src=\"\/wp-content\/uploads\/TerrAktiv.jpg\" alt=\"\" srcset=\"https:\/\/klasmann-deilmann.com\/wp-content\/uploads\/TerrAktiv.jpg 2560w, https:\/\/klasmann-deilmann.com\/wp-content\/uploads\/TerrAktiv-300x225.jpg 300w, https:\/\/klasmann-deilmann.com\/wp-content\/uploads\/TerrAktiv-1024x768.jpg 1024w, https:\/\/klasmann-deilmann.com\/wp-content\/uploads\/TerrAktiv-768x576.jpg 768w, https:\/\/klasmann-deilmann.com\/wp-content\/uploads\/TerrAktiv-1536x1152.jpg 1536w, https:\/\/klasmann-deilmann.com\/wp-content\/uploads\/TerrAktiv-2048x1536.jpg 2048w\" sizes=\"auto, (max-width: 2560px) 100vw, 2560px\" \/>[\/vc_column_text][\/vc_column_inner][\/vc_row_inner][\/vc_tta_section][\/kd_accordion_custom][\/vc_column][\/vc_row][\/vc_section][vc_row css=&#8220;.vc_custom_1628171821663{padding-top: 30px !important;padding-bottom: 70px !important;background-color: #414345 !important;}&#8220;][vc_column][vc_row_inner][vc_column_inner width=&#8220;1\/2&#8243;][vc_column_text]<img loading=\"lazy\" decoding=\"async\" width=\"2560\" height=\"1708\" class=\"alignnone size-full wp-image-34809\" src=\"\/wp-content\/uploads\/bedding_plants-1.jpg\" alt=\"\" srcset=\"https:\/\/klasmann-deilmann.com\/wp-content\/uploads\/bedding_plants-1.jpg 2560w, https:\/\/klasmann-deilmann.com\/wp-content\/uploads\/bedding_plants-1-300x200.jpg 300w, https:\/\/klasmann-deilmann.com\/wp-content\/uploads\/bedding_plants-1-1024x683.jpg 1024w, https:\/\/klasmann-deilmann.com\/wp-content\/uploads\/bedding_plants-1-768x512.jpg 768w, https:\/\/klasmann-deilmann.com\/wp-content\/uploads\/bedding_plants-1-1536x1025.jpg 1536w, https:\/\/klasmann-deilmann.com\/wp-content\/uploads\/bedding_plants-1-2048x1366.jpg 2048w\" sizes=\"auto, (max-width: 2560px) 100vw, 2560px\" \/>[\/vc_column_text][\/vc_column_inner][vc_column_inner width=&#8220;1\/2&#8243;][vc_column_text]<\/p>\n<h2>Vorteile unserer ADVANCED-Beetpflanzensubstrate mit GreenFibre\u00ae<\/h2>\n<p>[\/vc_column_text][vc_column_text el_class=&#8220;pluslist&#8220;]<\/p>\n<ul>\n<li>Verbesserte Kapillarit\u00e4t des Substrats<\/li>\n<li>Erh\u00f6hte Luftkapazit\u00e4t f\u00fcr eine gesunde und schnelle Wurzelentwicklung<\/li>\n<li>Zuverl\u00e4ssige Drainage und verbesserte Strukturstabilit\u00e4t<\/li>\n<li>Leichtere Wiederbenetzung des Substrats<\/li>\n<li>Trockenere Oberfl\u00e4che, weniger Algen- und Lebermoosbewuchs<\/li>\n<li>Stabile Stickstoffbilanz f\u00fcr praxis\u00fcbliche D\u00fcngung<\/li>\n<li>Geringes Gewicht, reduzierte Transportkosten und geringere CO<sub>2<\/sub>-Emmisionen<\/li>\n<li>Nachwachsender Rohstoff aus nachhaltiger Forstwirtschaft<\/li>\n<\/ul>\n<p>[\/vc_column_text][\/vc_column_inner][\/vc_row_inner][\/vc_column][\/vc_row][vc_row css=&#8220;.vc_custom_1628762933333{margin-top: 70px !important;}&#8220;][vc_column][kd_getintouch image=&#8220;32948&#8243;][\/vc_column][\/vc_row]<\/p>\n<\/div>\n","protected":false},"excerpt":{"rendered":"<p>[vc_row][vc_column][kd_header_random_image_banner image=&#8220;34809&#8243;][\/kd_header_random_image_banner][\/vc_column][\/vc_row][vc_row css=&#8220;.vc_custom_1627996958238{padding-bottom: 50px !important;}&#8220;][vc_column][vc_row_inner][vc_column_inner][vc_column_text] ADVANCED-Beetpflanzensubstrate [\/vc_column_text][\/vc_column_inner][\/vc_row_inner][vc_row_inner][vc_column_inner][vc_column_text] Zuverl\u00e4ssiger und nachhaltiger Anbau von Beet- und Balkonpflanzen [\/vc_column_text][\/vc_column_inner][vc_column_inner width=&#8220;1\/2&#8243;][vc_column_text]Um hervorragende Kulturergebnisse zu gew\u00e4hrleisten, verwenden wir ausschlie\u00dflich bew\u00e4hrte alternative Substratausgangsstoffe, die wir mit unseren hochwertigen Torfrohstoffen mischen. Aufgrund ihrer technischen Eigenschaften haben sich Holzfaser, Perlite, Kokos und Gr\u00fcnkompost f\u00fcr Beetpflanzen als ideal erwiesen. Die Pflanzen profitieren von einem verbesserten Wurzelwachstum, einer ges\u00fcnderen Entwicklung und auch einer erh\u00f6hten mikrobiellen Aktivit\u00e4t im Wurzelbereich.[\/vc_column_text][\/vc_column_inner][vc_column_inner width=&#8220;1\/2&#8243;][vc_column_text]Die Verwendung alternativer Ausgangsstoffe f\u00fcr die Kultur von Beet- und Balkonpflanzen tr\u00e4gt<\/p>\n","protected":false},"author":7,"featured_media":0,"parent":38805,"menu_order":90,"comment_status":"closed","ping_status":"closed","template":"","meta":{"_acf_changed":false,"inline_featured_image":false,"footnotes":""},"class_list":["post-39063","page","type-page","status-publish","hentry"],"acf":[],"yoast_head":"<!-- This site is optimized with the Yoast SEO plugin v27.4 - https:\/\/yoast.com\/product\/yoast-seo-wordpress\/ -->\n<title>Beet- und Balkonpflanzen - Klasmann-Deilmann<\/title>\n<meta name=\"robots\" content=\"index, follow, max-snippet:-1, max-image-preview:large, max-video-preview:-1\" \/>\n<link rel=\"canonical\" href=\"https:\/\/klasmann-deilmann.com\/de\/anwendungsfelder\/beet-und-balkonpflanzen\/\" \/>\n<meta property=\"og:locale\" content=\"de_DE\" \/>\n<meta property=\"og:type\" content=\"article\" \/>\n<meta property=\"og:title\" content=\"Beet- und Balkonpflanzen - Klasmann-Deilmann\" \/>\n<meta property=\"og:description\" content=\"[vc_row][vc_column][kd_header_random_image_banner image=&#8220;34809&#8243;][\/kd_header_random_image_banner][\/vc_column][\/vc_row][vc_row css=&#8220;.vc_custom_1627996958238{padding-bottom: 50px !important;}&#8220;][vc_column][vc_row_inner][vc_column_inner][vc_column_text] ADVANCED-Beetpflanzensubstrate [\/vc_column_text][\/vc_column_inner][\/vc_row_inner][vc_row_inner][vc_column_inner][vc_column_text] Zuverl\u00e4ssiger und nachhaltiger Anbau von Beet- und Balkonpflanzen [\/vc_column_text][\/vc_column_inner][vc_column_inner width=&#8220;1\/2&#8243;][vc_column_text]Um hervorragende Kulturergebnisse zu gew\u00e4hrleisten, verwenden wir ausschlie\u00dflich bew\u00e4hrte alternative Substratausgangsstoffe, die wir mit unseren hochwertigen Torfrohstoffen mischen. Aufgrund ihrer technischen Eigenschaften haben sich Holzfaser, Perlite, Kokos und Gr\u00fcnkompost f\u00fcr Beetpflanzen als ideal erwiesen. Die Pflanzen profitieren von einem verbesserten Wurzelwachstum, einer ges\u00fcnderen Entwicklung und auch einer erh\u00f6hten mikrobiellen Aktivit\u00e4t im Wurzelbereich.[\/vc_column_text][\/vc_column_inner][vc_column_inner width=&#8220;1\/2&#8243;][vc_column_text]Die Verwendung alternativer Ausgangsstoffe f\u00fcr die Kultur von Beet- und Balkonpflanzen tr\u00e4gt\" \/>\n<meta property=\"og:url\" content=\"https:\/\/klasmann-deilmann.com\/de\/anwendungsfelder\/beet-und-balkonpflanzen\/\" \/>\n<meta property=\"og:site_name\" content=\"Klasmann-Deilmann\" \/>\n<meta property=\"article:modified_time\" content=\"2022-05-12T06:15:01+00:00\" \/>\n<meta name=\"twitter:card\" content=\"summary_large_image\" \/>\n<meta name=\"twitter:label1\" content=\"Gesch\u00e4tzte Lesezeit\" \/>\n\t<meta name=\"twitter:data1\" content=\"4\u00a0Minuten\" \/>\n<script type=\"application\/ld+json\" class=\"yoast-schema-graph\">{\"@context\":\"https:\\\/\\\/schema.org\",\"@graph\":[{\"@type\":\"WebPage\",\"@id\":\"https:\\\/\\\/klasmann-deilmann.com\\\/de\\\/anwendungsfelder\\\/beet-und-balkonpflanzen\\\/\",\"url\":\"https:\\\/\\\/klasmann-deilmann.com\\\/de\\\/anwendungsfelder\\\/beet-und-balkonpflanzen\\\/\",\"name\":\"Beet- und Balkonpflanzen - Klasmann-Deilmann\",\"isPartOf\":{\"@id\":\"https:\\\/\\\/klasmann-deilmann.com\\\/en\\\/#website\"},\"datePublished\":\"2021-11-16T10:34:20+00:00\",\"dateModified\":\"2022-05-12T06:15:01+00:00\",\"breadcrumb\":{\"@id\":\"https:\\\/\\\/klasmann-deilmann.com\\\/de\\\/anwendungsfelder\\\/beet-und-balkonpflanzen\\\/#breadcrumb\"},\"inLanguage\":\"de\",\"potentialAction\":[{\"@type\":\"ReadAction\",\"target\":[\"https:\\\/\\\/klasmann-deilmann.com\\\/de\\\/anwendungsfelder\\\/beet-und-balkonpflanzen\\\/\"]}]},{\"@type\":\"BreadcrumbList\",\"@id\":\"https:\\\/\\\/klasmann-deilmann.com\\\/de\\\/anwendungsfelder\\\/beet-und-balkonpflanzen\\\/#breadcrumb\",\"itemListElement\":[{\"@type\":\"ListItem\",\"position\":1,\"name\":\"Home\",\"item\":\"https:\\\/\\\/klasmann-deilmann.com\\\/de\\\/\"},{\"@type\":\"ListItem\",\"position\":2,\"name\":\"Anwendungsfelder\",\"item\":\"https:\\\/\\\/klasmann-deilmann.com\\\/de\\\/anwendungsfelder\\\/\"},{\"@type\":\"ListItem\",\"position\":3,\"name\":\"Beet- und Balkonpflanzen\"}]},{\"@type\":\"WebSite\",\"@id\":\"https:\\\/\\\/klasmann-deilmann.com\\\/en\\\/#website\",\"url\":\"https:\\\/\\\/klasmann-deilmann.com\\\/en\\\/\",\"name\":\"Klasmann-Deilmann\",\"description\":\"\",\"potentialAction\":[{\"@type\":\"SearchAction\",\"target\":{\"@type\":\"EntryPoint\",\"urlTemplate\":\"https:\\\/\\\/klasmann-deilmann.com\\\/en\\\/?s={search_term_string}\"},\"query-input\":{\"@type\":\"PropertyValueSpecification\",\"valueRequired\":true,\"valueName\":\"search_term_string\"}}],\"inLanguage\":\"de\"}]}<\/script>\n<!-- \/ Yoast SEO plugin. -->","yoast_head_json":{"title":"Beet- und Balkonpflanzen - Klasmann-Deilmann","robots":{"index":"index","follow":"follow","max-snippet":"max-snippet:-1","max-image-preview":"max-image-preview:large","max-video-preview":"max-video-preview:-1"},"canonical":"https:\/\/klasmann-deilmann.com\/de\/anwendungsfelder\/beet-und-balkonpflanzen\/","og_locale":"de_DE","og_type":"article","og_title":"Beet- und Balkonpflanzen - Klasmann-Deilmann","og_description":"[vc_row][vc_column][kd_header_random_image_banner image=&#8220;34809&#8243;][\/kd_header_random_image_banner][\/vc_column][\/vc_row][vc_row css=&#8220;.vc_custom_1627996958238{padding-bottom: 50px !important;}&#8220;][vc_column][vc_row_inner][vc_column_inner][vc_column_text] ADVANCED-Beetpflanzensubstrate [\/vc_column_text][\/vc_column_inner][\/vc_row_inner][vc_row_inner][vc_column_inner][vc_column_text] Zuverl\u00e4ssiger und nachhaltiger Anbau von Beet- und Balkonpflanzen [\/vc_column_text][\/vc_column_inner][vc_column_inner width=&#8220;1\/2&#8243;][vc_column_text]Um hervorragende Kulturergebnisse zu gew\u00e4hrleisten, verwenden wir ausschlie\u00dflich bew\u00e4hrte alternative Substratausgangsstoffe, die wir mit unseren hochwertigen Torfrohstoffen mischen. Aufgrund ihrer technischen Eigenschaften haben sich Holzfaser, Perlite, Kokos und Gr\u00fcnkompost f\u00fcr Beetpflanzen als ideal erwiesen. Die Pflanzen profitieren von einem verbesserten Wurzelwachstum, einer ges\u00fcnderen Entwicklung und auch einer erh\u00f6hten mikrobiellen Aktivit\u00e4t im Wurzelbereich.[\/vc_column_text][\/vc_column_inner][vc_column_inner width=&#8220;1\/2&#8243;][vc_column_text]Die Verwendung alternativer Ausgangsstoffe f\u00fcr die Kultur von Beet- und Balkonpflanzen tr\u00e4gt","og_url":"https:\/\/klasmann-deilmann.com\/de\/anwendungsfelder\/beet-und-balkonpflanzen\/","og_site_name":"Klasmann-Deilmann","article_modified_time":"2022-05-12T06:15:01+00:00","twitter_card":"summary_large_image","twitter_misc":{"Gesch\u00e4tzte Lesezeit":"4\u00a0Minuten"},"schema":{"@context":"https:\/\/schema.org","@graph":[{"@type":"WebPage","@id":"https:\/\/klasmann-deilmann.com\/de\/anwendungsfelder\/beet-und-balkonpflanzen\/","url":"https:\/\/klasmann-deilmann.com\/de\/anwendungsfelder\/beet-und-balkonpflanzen\/","name":"Beet- und Balkonpflanzen - Klasmann-Deilmann","isPartOf":{"@id":"https:\/\/klasmann-deilmann.com\/en\/#website"},"datePublished":"2021-11-16T10:34:20+00:00","dateModified":"2022-05-12T06:15:01+00:00","breadcrumb":{"@id":"https:\/\/klasmann-deilmann.com\/de\/anwendungsfelder\/beet-und-balkonpflanzen\/#breadcrumb"},"inLanguage":"de","potentialAction":[{"@type":"ReadAction","target":["https:\/\/klasmann-deilmann.com\/de\/anwendungsfelder\/beet-und-balkonpflanzen\/"]}]},{"@type":"BreadcrumbList","@id":"https:\/\/klasmann-deilmann.com\/de\/anwendungsfelder\/beet-und-balkonpflanzen\/#breadcrumb","itemListElement":[{"@type":"ListItem","position":1,"name":"Home","item":"https:\/\/klasmann-deilmann.com\/de\/"},{"@type":"ListItem","position":2,"name":"Anwendungsfelder","item":"https:\/\/klasmann-deilmann.com\/de\/anwendungsfelder\/"},{"@type":"ListItem","position":3,"name":"Beet- und Balkonpflanzen"}]},{"@type":"WebSite","@id":"https:\/\/klasmann-deilmann.com\/en\/#website","url":"https:\/\/klasmann-deilmann.com\/en\/","name":"Klasmann-Deilmann","description":"","potentialAction":[{"@type":"SearchAction","target":{"@type":"EntryPoint","urlTemplate":"https:\/\/klasmann-deilmann.com\/en\/?s={search_term_string}"},"query-input":{"@type":"PropertyValueSpecification","valueRequired":true,"valueName":"search_term_string"}}],"inLanguage":"de"}]}},"_links":{"self":[{"href":"https:\/\/klasmann-deilmann.com\/de\/wp-json\/wp\/v2\/pages\/39063","targetHints":{"allow":["GET"]}}],"collection":[{"href":"https:\/\/klasmann-deilmann.com\/de\/wp-json\/wp\/v2\/pages"}],"about":[{"href":"https:\/\/klasmann-deilmann.com\/de\/wp-json\/wp\/v2\/types\/page"}],"author":[{"embeddable":true,"href":"https:\/\/klasmann-deilmann.com\/de\/wp-json\/wp\/v2\/users\/7"}],"replies":[{"embeddable":true,"href":"https:\/\/klasmann-deilmann.com\/de\/wp-json\/wp\/v2\/comments?post=39063"}],"version-history":[{"count":8,"href":"https:\/\/klasmann-deilmann.com\/de\/wp-json\/wp\/v2\/pages\/39063\/revisions"}],"predecessor-version":[{"id":42705,"href":"https:\/\/klasmann-deilmann.com\/de\/wp-json\/wp\/v2\/pages\/39063\/revisions\/42705"}],"up":[{"embeddable":true,"href":"https:\/\/klasmann-deilmann.com\/de\/wp-json\/wp\/v2\/pages\/38805"}],"wp:attachment":[{"href":"https:\/\/klasmann-deilmann.com\/de\/wp-json\/wp\/v2\/media?parent=39063"}],"curies":[{"name":"wp","href":"https:\/\/api.w.org\/{rel}","templated":true}]}}