{"id":106431,"date":"2026-04-01T13:52:42","date_gmt":"2026-04-01T11:52:42","guid":{"rendered":"https:\/\/klasmann-deilmann.com\/?page_id=106431"},"modified":"2026-05-13T09:21:13","modified_gmt":"2026-05-13T07:21:13","slug":"greentech-2026","status":"publish","type":"page","link":"https:\/\/klasmann-deilmann.com\/de\/greentech-2026\/","title":{"rendered":"GreenTech 2026"},"content":{"rendered":"<div class=\"wpb-content-wrapper\">[vc_row][vc_column][kd_header_random_image_banner bannerstyle=&#8220;fullheightarrow&#8220; image=&#8220;107731&#8243;][\/kd_header_random_image_banner][\/vc_column][\/vc_row][vc_row][vc_column][vc_row_inner][vc_column_inner][vc_column_text css=&#8220;&#8220;]<\/p>\n<h2>Treffen Sie Klasmann-Deilmann auf der GreenTech Amsterdam 2026!<\/h2>\n<p>[\/vc_column_text][\/vc_column_inner][\/vc_row_inner][vc_row_inner content_placement=&#8220;middle&#8220;][vc_column_inner width=&#8220;3\/4&#8243; css=&#8220;.vc_custom_1775046786217{padding-right: 30px !important;}&#8220;][vc_column_text css=&#8220;&#8220;]Klasmann-Deilmann pr\u00e4sentiert vom 9. bis 11. Juni 2026 auf der GreenTech Amsterdam (RAI Amsterdam, Stand 05.403) seine neuesten Innovationen f\u00fcr den Erwerbsgartenbau. Im Mittelpunkt steht dabei ein zentrales Thema: Innovation als Schl\u00fcssel zu zukunftsf\u00e4higen, nachhaltigen Systemen f\u00fcr die Kultivierung.<\/p>\n<p>Besuchen Sie uns an unserem Stand und entdecken Sie innovative Anbaul\u00f6sungen f\u00fcr einen nachhaltigen und zukunftsf\u00e4higen Gartenbau, tauschen Sie sich mit unseren Experten aus und erkunden Sie die neuesten Entwicklungen bei Kultursubstraten und Systemen f\u00fcr die Kultivierung.[\/vc_column_text][\/vc_column_inner][vc_column_inner width=&#8220;1\/4&#8243;][vc_column_text css=&#8220;&#8220;]<img loading=\"lazy\" decoding=\"async\" width=\"500\" height=\"257\" class=\"alignnone size-full wp-image-106885\" src=\"\/wp-content\/uploads\/greentech-amsterdam-datestamp-staand-en.png\" alt=\"\" srcset=\"https:\/\/klasmann-deilmann.com\/wp-content\/uploads\/greentech-amsterdam-datestamp-staand-en.png 500w, https:\/\/klasmann-deilmann.com\/wp-content\/uploads\/greentech-amsterdam-datestamp-staand-en-300x154.png 300w\" sizes=\"auto, (max-width: 500px) 100vw, 500px\" \/>[\/vc_column_text][\/vc_column_inner][\/vc_row_inner][\/vc_column][\/vc_row][vc_row css=&#8220;.vc_custom_1629991410021{margin-top: 70px !important;padding-bottom: 30px !important;background-color: #414345 !important;}&#8220;][vc_column][vc_row_inner][vc_column_inner width=&#8220;2\/3&#8243;][vc_column_text css=&#8220;&#8220;]<\/p>\n<h2>Innovative Anbaul\u00f6sungen<\/h2>\n<p>[\/vc_column_text][\/vc_column_inner][\/vc_row_inner][vc_row_inner][vc_column_inner][kd_menu_parent_grid menuitems=&#8220;%5B%7B%22sortof%22%3A%22custom%22%2C%22menusinglename%22%3A%22Sphaxx%C2%AE%22%2C%22link%22%3A%22url%3Ahttps%253A%252F%252Fsphaxx.com%252Fde%252F%7Ctitle%3ASphaxx%25C2%25AE%7Ctarget%3A_blank%22%2C%22menuitem%22%3A%2288934%22%2C%22imageorcolor%22%3A%22image%22%2C%22bgimage%22%3A%22107194%22%2C%22bgcolor%22%3A%22whitegreen%22%7D%2C%7B%22sortof%22%3A%22custom%22%2C%22menusinglename%22%3A%22Growbag%22%2C%22link%22%3A%22url%3Ahttps%253A%252F%252Fklasmann-deilmann.com%252Fde%252Fprodukte-loesungen%252Fgrowbag%252F%7Ctitle%3AGrowbag%7Ctarget%3A_blank%22%2C%22menuitem%22%3A%2288934%22%2C%22imageorcolor%22%3A%22image%22%2C%22bgimage%22%3A%2250311%22%2C%22bgcolor%22%3A%22whitegreen%22%7D%2C%7B%22sortof%22%3A%22custom%22%2C%22menusinglename%22%3A%22Growcoon%22%2C%22link%22%3A%22url%3Ahttps%253A%252F%252Fwww.growcoon.com%252Fde%252Fder-growcoon%7Ctitle%3AGrowcoon%7Ctarget%3A_blank%22%2C%22menuitem%22%3A%2288934%22%2C%22imageorcolor%22%3A%22image%22%2C%22bgimage%22%3A%22103319%22%2C%22bgcolor%22%3A%22whitegreen%22%7D%5D&#8220;][\/vc_column_inner][\/vc_row_inner][\/vc_column][\/vc_row][vc_row css=&#8220;.vc_custom_1733905821965{margin-top: 70px !important;padding-bottom: 30px !important;background-color: #414345 !important;}&#8220;][vc_column][vc_row_inner][vc_column_inner][vc_column_text css=&#8220;&#8220;]<\/p>\n<h2>TerraCoal\u00ae und ADVANCED Substrates: Auf dem Weg zu klimaneutralen Kultursubstraten<\/h2>\n<p>Das ADVANCED Substrate-Sortiment setzt weiterhin Ma\u00dfst\u00e4be bei torfreduzierten und torffreien Kultursubstraten. Durch die Kombination nachwachsender Rohstoffe wie GreenFibre\u00ae, TerrAktiv\u00ae und Kokosfasern gew\u00e4hrleisten diese Substrate verl\u00e4ssliche Ertragsleistungen bei gleichzeitig deutlich reduzierten Emissionen.<\/p>\n<p>Eine zentrale Innovation ist TerraCoal\u00ae, eine durch einen Pyrolyseprozess hergestellte Pflanzenkohle der n\u00e4chsten Generation. Sie wirkt als langfristige Kohlenstoffsenke, verbessert die Eigenschaften der Substrate und erm\u00f6glicht die Entwicklung von Kultursubstraten mit einer CO\u2082-neutralen Bilanz. Die mit TerraCoal\u00ae verbundenen Klimavorteile k\u00f6nnen nur geltend gemacht werden, wenn ein entsprechendes CO\u2082-Zertifikat erworben wird. Diese Zertifikate bieten den G\u00e4rtnern zus\u00e4tzliche Transparenz und unterst\u00fctzen die Optimierung ihrer unternehmensweiten CO\u2082-Bilanz.<\/p>\n<p>&nbsp;[\/vc_column_text][\/vc_column_inner][\/vc_row_inner][vc_row_inner][vc_column_inner width=&#8220;1\/4&#8243;][vc_hoverbox image=&#8220;103352&#8243; shape=&#8220;75&#8243; primary_title=&#8220;Gem\u00fcsevermehrung&#8220; hover_title=&#8220;&#8220; hover_background_color=&#8220;custom&#8220; hover_custom_background=&#8220;#44A12B&#8220;]Bei der Gem\u00fcsevermehrung sorgen Presstopfsubstrate mit GreenFibre<sup>\u00ae<\/sup> und TerraCoal<sup>\u00ae<\/sup> f\u00fcr hohe Stabilit\u00e4t, sehr gute Wasseraufnahme und starke Wurzelentwicklung bei gleichzeitig messbaren CO\u2082-Einsparungen.[\/vc_hoverbox][\/vc_column_inner][vc_column_inner width=&#8220;1\/4&#8243;][vc_hoverbox image=&#8220;103364&#8243; shape=&#8220;75&#8243; primary_title=&#8220;Obst- und Gem\u00fcseanbau&#8220; hover_title=&#8220;&#8220; hover_background_color=&#8220;custom&#8220; hover_custom_background=&#8220;#DF4417&#8243;]Im Obst- und Gem\u00fcseanbau erm\u00f6glicht der Growbag ADVANCED mit TerraCoal<sup>\u00ae<\/sup> und regionalen nachwachsenden Rohstoffen eine klimafreundliche Produktion mit hoher Leistungsf\u00e4higkeit.[\/vc_hoverbox][\/vc_column_inner][vc_column_inner width=&#8220;1\/4&#8243;][vc_hoverbox image=&#8220;103380&#8243; shape=&#8220;75&#8243; primary_title=&#8220;Zierpflanzen&#8220; hover_title=&#8220;&#8220; hover_background_color=&#8220;custom&#8220; hover_custom_background=&#8220;#235B43&#8243;]Zierpflanzen profitieren von ADVANCED-Substraten, die mit einem CO\u2082-Zertifikat geliefert werden k\u00f6nnen und so transparente Nachhaltigkeitsprofile f\u00fcr den Einzelhandel schaffen.[\/vc_hoverbox][\/vc_column_inner][vc_column_inner width=&#8220;1\/4&#8243;][vc_hoverbox image=&#8220;103392&#8243; shape=&#8220;75&#8243; primary_title=&#8220;Erdbeeren und Beerenobst&#8220; hover_title=&#8220;&#8220; hover_background_color=&#8220;custom&#8220; hover_custom_background=&#8220;#A22237&#8243;]Bei Erdbeeren und Beerenobst in Containern und T\u00f6pfen sorgen Spezialmischungen mit TerraCoal<sup>\u00ae<\/sup> f\u00fcr eine hervorragende Kulturdynamik \u2013 und unterst\u00fctzen so die nachhaltige Produktion in geschlossenen Kreislaufsystemen.[\/vc_hoverbox][\/vc_column_inner][\/vc_row_inner][\/vc_column][\/vc_row][vc_row css=&#8220;.vc_custom_1705506601353{margin-top: 50px !important;margin-bottom: 30px !important;}&#8220;][vc_column width=&#8220;1\/2&#8243;][vc_row_inner][vc_column_inner][vc_column_text css=&#8220;&#8220;]<\/p>\n<h2>Wissensaustausch und technisches Fachwissen<\/h2>\n<p>Im Rahmen des GreenTech-Programms wird Sebastian Kipp am 9. Juni um 14:00 Uhr einen Fachvortrag halten (EN):<\/p>\n<p>\u201cNew solutions for reduction of CO\u2082 emissions in growing media.\u201d&nbsp;<\/p>\n<p>Im Mittelpunkt des Vortrags steht die Rolle innovativer Bestandteile der Substrate beim Reduzieren und Kompensieren von Emissionen entlang der Wertsch\u00f6pfungskette des Gartenbaus. Besonderes Augenmerk wird auf TerraCoal\u00ae als kohlenstoffspeicherndes Material und dessen Beitrag zu klimaneutralen Produktionssystemen gelegt.<\/p>\n<p>Erfahren Sie mehr: <a href=\"https:\/\/www.greentech.nl\/amsterdam\/programme\/subtrates-of-the-future\">Subtrates of the future<\/a><\/p>\n<p>&nbsp;[\/vc_column_text][\/vc_column_inner][\/vc_row_inner][\/vc_column][vc_column width=&#8220;1\/2&#8243;][vc_row_inner][vc_column_inner][vc_column_text css=&#8220;&#8220;]<img loading=\"lazy\" decoding=\"async\" class=\"aligncenter wp-image-107036\" src=\"\/wp-content\/uploads\/Slider_KD_Herr_Kipp_173_horr.jpg\" alt=\"\" width=\"525\" height=\"295\" srcset=\"https:\/\/klasmann-deilmann.com\/wp-content\/uploads\/Slider_KD_Herr_Kipp_173_horr.jpg 2560w, https:\/\/klasmann-deilmann.com\/wp-content\/uploads\/Slider_KD_Herr_Kipp_173_horr-300x169.jpg 300w, https:\/\/klasmann-deilmann.com\/wp-content\/uploads\/Slider_KD_Herr_Kipp_173_horr-1024x576.jpg 1024w, https:\/\/klasmann-deilmann.com\/wp-content\/uploads\/Slider_KD_Herr_Kipp_173_horr-768x432.jpg 768w, https:\/\/klasmann-deilmann.com\/wp-content\/uploads\/Slider_KD_Herr_Kipp_173_horr-1536x864.jpg 1536w, https:\/\/klasmann-deilmann.com\/wp-content\/uploads\/Slider_KD_Herr_Kipp_173_horr-2048x1152.jpg 2048w\" sizes=\"auto, (max-width: 525px) 100vw, 525px\" \/>[\/vc_column_text][\/vc_column_inner][\/vc_row_inner][\/vc_column][\/vc_row][vc_row][vc_column][vc_row_inner][vc_column_inner width=&#8220;5\/12&#8243;][vc_column_text css=&#8220;&#8220;]<\/p>\n<h2>Planen Sie Ihren Besuch:<\/h2>\n<p>Wir freuen uns darauf, Sie vom 9. bis 11. Juni 2026 in Amsterdam begr\u00fc\u00dfen zu d\u00fcrfen!<\/p>\n<p><strong>\u00d6ffnungszeiten:<\/strong><\/p>\n<p>Dienstag, 9. Juni 2026 | 10:00 \u2013 18:00 Uhr<br \/>\nMittwoch, 10. Juni 2026 | 10:00 \u2013 18:00 Uhr<br \/>\nDonnerstag, 11. Juni 2026 | 10:00 \u2013 16:00 Uhr<\/p>\n<p><strong>Anreise:<\/strong><\/p>\n<p>Ausf\u00fchrliche Reiseinformationen, einschlie\u00dflich einer Anfahrtsbeschreibung mit dem Auto, finden Sie auf der offiziellen GreenTech-Website: <a href=\"https:\/\/www.greentech.nl\/amsterdam\/your-trip\">Anreise<\/a>.[\/vc_column_text][\/vc_column_inner][vc_column_inner width=&#8220;1\/12&#8243;][\/vc_column_inner][vc_column_inner width=&#8220;1\/3&#8243; css=&#8220;.vc_custom_1775046704364{margin-right: 35px !important;}&#8220;][vc_column_text css=&#8220;&#8220;]<img loading=\"lazy\" decoding=\"async\" width=\"500\" height=\"257\" class=\"alignnone size-full wp-image-106885\" src=\"\/wp-content\/uploads\/greentech-amsterdam-datestamp-staand-en.png\" alt=\"\" srcset=\"https:\/\/klasmann-deilmann.com\/wp-content\/uploads\/greentech-amsterdam-datestamp-staand-en.png 500w, https:\/\/klasmann-deilmann.com\/wp-content\/uploads\/greentech-amsterdam-datestamp-staand-en-300x154.png 300w\" sizes=\"auto, (max-width: 500px) 100vw, 500px\" \/>[\/vc_column_text][\/vc_column_inner][\/vc_row_inner][\/vc_column][\/vc_row]<\/div>\n","protected":false},"excerpt":{"rendered":"<p>[vc_row][vc_column][kd_header_random_image_banner bannerstyle=&#8220;fullheightarrow&#8220; image=&#8220;107731&#8243;][\/kd_header_random_image_banner][\/vc_column][\/vc_row][vc_row][vc_column][vc_row_inner][vc_column_inner][vc_column_text css=&#8220;&#8220;] Treffen Sie Klasmann-Deilmann auf der GreenTech Amsterdam 2026! [\/vc_column_text][\/vc_column_inner][\/vc_row_inner][vc_row_inner content_placement=&#8220;middle&#8220;][vc_column_inner width=&#8220;3\/4&#8243; css=&#8220;.vc_custom_1775046786217{padding-right: 30px !important;}&#8220;][vc_column_text css=&#8220;&#8220;]Klasmann-Deilmann pr\u00e4sentiert vom 9. bis 11. Juni 2026 auf der GreenTech Amsterdam (RAI Amsterdam, Stand 05.403) seine neuesten Innovationen f\u00fcr den Erwerbsgartenbau. Im Mittelpunkt steht dabei ein zentrales Thema: Innovation als Schl\u00fcssel zu zukunftsf\u00e4higen, nachhaltigen Systemen f\u00fcr die Kultivierung. Besuchen Sie uns an unserem Stand und entdecken Sie innovative Anbaul\u00f6sungen f\u00fcr einen nachhaltigen und zukunftsf\u00e4higen Gartenbau, tauschen Sie sich mit unseren Experten<\/p>\n","protected":false},"author":15,"featured_media":0,"parent":0,"menu_order":23,"comment_status":"closed","ping_status":"closed","template":"","meta":{"_acf_changed":false,"inline_featured_image":false,"footnotes":""},"class_list":["post-106431","page","type-page","status-publish","hentry"],"acf":[],"yoast_head":"<!-- This site is optimized with the Yoast SEO plugin v27.6 - https:\/\/yoast.com\/product\/yoast-seo-wordpress\/ -->\n<title>GreenTech 2026 - Klasmann-Deilmann<\/title>\n<meta name=\"robots\" content=\"index, follow, max-snippet:-1, max-image-preview:large, max-video-preview:-1\" \/>\n<link rel=\"canonical\" href=\"https:\/\/klasmann-deilmann.com\/de\/greentech-2026\/\" \/>\n<meta property=\"og:locale\" content=\"de_DE\" \/>\n<meta property=\"og:type\" content=\"article\" \/>\n<meta property=\"og:title\" content=\"GreenTech 2026 - Klasmann-Deilmann\" \/>\n<meta property=\"og:description\" content=\"[vc_row][vc_column][kd_header_random_image_banner bannerstyle=&#8220;fullheightarrow&#8220; image=&#8220;107731&#8243;][\/kd_header_random_image_banner][\/vc_column][\/vc_row][vc_row][vc_column][vc_row_inner][vc_column_inner][vc_column_text css=&#8220;&#8220;] Treffen Sie Klasmann-Deilmann auf der GreenTech Amsterdam 2026! [\/vc_column_text][\/vc_column_inner][\/vc_row_inner][vc_row_inner content_placement=&#8220;middle&#8220;][vc_column_inner width=&#8220;3\/4&#8243; css=&#8220;.vc_custom_1775046786217{padding-right: 30px !important;}&#8220;][vc_column_text css=&#8220;&#8220;]Klasmann-Deilmann pr\u00e4sentiert vom 9. bis 11. Juni 2026 auf der GreenTech Amsterdam (RAI Amsterdam, Stand 05.403) seine neuesten Innovationen f\u00fcr den Erwerbsgartenbau. Im Mittelpunkt steht dabei ein zentrales Thema: Innovation als Schl\u00fcssel zu zukunftsf\u00e4higen, nachhaltigen Systemen f\u00fcr die Kultivierung. Besuchen Sie uns an unserem Stand und entdecken Sie innovative Anbaul\u00f6sungen f\u00fcr einen nachhaltigen und zukunftsf\u00e4higen Gartenbau, tauschen Sie sich mit unseren Experten\" \/>\n<meta property=\"og:url\" content=\"https:\/\/klasmann-deilmann.com\/de\/greentech-2026\/\" \/>\n<meta property=\"og:site_name\" content=\"Klasmann-Deilmann\" \/>\n<meta property=\"article:modified_time\" content=\"2026-05-13T07:21:13+00:00\" \/>\n<meta name=\"twitter:card\" content=\"summary_large_image\" \/>\n<meta name=\"twitter:label1\" content=\"Gesch\u00e4tzte Lesezeit\" \/>\n\t<meta name=\"twitter:data1\" content=\"3\u00a0Minuten\" \/>\n<script type=\"application\/ld+json\" class=\"yoast-schema-graph\">{\"@context\":\"https:\\\/\\\/schema.org\",\"@graph\":[{\"@type\":\"WebPage\",\"@id\":\"https:\\\/\\\/klasmann-deilmann.com\\\/de\\\/greentech-2026\\\/\",\"url\":\"https:\\\/\\\/klasmann-deilmann.com\\\/de\\\/greentech-2026\\\/\",\"name\":\"GreenTech 2026 - Klasmann-Deilmann\",\"isPartOf\":{\"@id\":\"https:\\\/\\\/klasmann-deilmann.com\\\/en\\\/#website\"},\"datePublished\":\"2026-04-01T11:52:42+00:00\",\"dateModified\":\"2026-05-13T07:21:13+00:00\",\"breadcrumb\":{\"@id\":\"https:\\\/\\\/klasmann-deilmann.com\\\/de\\\/greentech-2026\\\/#breadcrumb\"},\"inLanguage\":\"de\",\"potentialAction\":[{\"@type\":\"ReadAction\",\"target\":[\"https:\\\/\\\/klasmann-deilmann.com\\\/de\\\/greentech-2026\\\/\"]}]},{\"@type\":\"BreadcrumbList\",\"@id\":\"https:\\\/\\\/klasmann-deilmann.com\\\/de\\\/greentech-2026\\\/#breadcrumb\",\"itemListElement\":[{\"@type\":\"ListItem\",\"position\":1,\"name\":\"Home\",\"item\":\"https:\\\/\\\/klasmann-deilmann.com\\\/de\\\/\"},{\"@type\":\"ListItem\",\"position\":2,\"name\":\"GreenTech 2026\"}]},{\"@type\":\"WebSite\",\"@id\":\"https:\\\/\\\/klasmann-deilmann.com\\\/en\\\/#website\",\"url\":\"https:\\\/\\\/klasmann-deilmann.com\\\/en\\\/\",\"name\":\"Klasmann-Deilmann\",\"description\":\"\",\"potentialAction\":[{\"@type\":\"SearchAction\",\"target\":{\"@type\":\"EntryPoint\",\"urlTemplate\":\"https:\\\/\\\/klasmann-deilmann.com\\\/en\\\/?s={search_term_string}\"},\"query-input\":{\"@type\":\"PropertyValueSpecification\",\"valueRequired\":true,\"valueName\":\"search_term_string\"}}],\"inLanguage\":\"de\"}]}<\/script>\n<!-- \/ Yoast SEO plugin. -->","yoast_head_json":{"title":"GreenTech 2026 - Klasmann-Deilmann","robots":{"index":"index","follow":"follow","max-snippet":"max-snippet:-1","max-image-preview":"max-image-preview:large","max-video-preview":"max-video-preview:-1"},"canonical":"https:\/\/klasmann-deilmann.com\/de\/greentech-2026\/","og_locale":"de_DE","og_type":"article","og_title":"GreenTech 2026 - Klasmann-Deilmann","og_description":"[vc_row][vc_column][kd_header_random_image_banner bannerstyle=&#8220;fullheightarrow&#8220; image=&#8220;107731&#8243;][\/kd_header_random_image_banner][\/vc_column][\/vc_row][vc_row][vc_column][vc_row_inner][vc_column_inner][vc_column_text css=&#8220;&#8220;] Treffen Sie Klasmann-Deilmann auf der GreenTech Amsterdam 2026! [\/vc_column_text][\/vc_column_inner][\/vc_row_inner][vc_row_inner content_placement=&#8220;middle&#8220;][vc_column_inner width=&#8220;3\/4&#8243; css=&#8220;.vc_custom_1775046786217{padding-right: 30px !important;}&#8220;][vc_column_text css=&#8220;&#8220;]Klasmann-Deilmann pr\u00e4sentiert vom 9. bis 11. Juni 2026 auf der GreenTech Amsterdam (RAI Amsterdam, Stand 05.403) seine neuesten Innovationen f\u00fcr den Erwerbsgartenbau. Im Mittelpunkt steht dabei ein zentrales Thema: Innovation als Schl\u00fcssel zu zukunftsf\u00e4higen, nachhaltigen Systemen f\u00fcr die Kultivierung. Besuchen Sie uns an unserem Stand und entdecken Sie innovative Anbaul\u00f6sungen f\u00fcr einen nachhaltigen und zukunftsf\u00e4higen Gartenbau, tauschen Sie sich mit unseren Experten","og_url":"https:\/\/klasmann-deilmann.com\/de\/greentech-2026\/","og_site_name":"Klasmann-Deilmann","article_modified_time":"2026-05-13T07:21:13+00:00","twitter_card":"summary_large_image","twitter_misc":{"Gesch\u00e4tzte Lesezeit":"3\u00a0Minuten"},"schema":{"@context":"https:\/\/schema.org","@graph":[{"@type":"WebPage","@id":"https:\/\/klasmann-deilmann.com\/de\/greentech-2026\/","url":"https:\/\/klasmann-deilmann.com\/de\/greentech-2026\/","name":"GreenTech 2026 - Klasmann-Deilmann","isPartOf":{"@id":"https:\/\/klasmann-deilmann.com\/en\/#website"},"datePublished":"2026-04-01T11:52:42+00:00","dateModified":"2026-05-13T07:21:13+00:00","breadcrumb":{"@id":"https:\/\/klasmann-deilmann.com\/de\/greentech-2026\/#breadcrumb"},"inLanguage":"de","potentialAction":[{"@type":"ReadAction","target":["https:\/\/klasmann-deilmann.com\/de\/greentech-2026\/"]}]},{"@type":"BreadcrumbList","@id":"https:\/\/klasmann-deilmann.com\/de\/greentech-2026\/#breadcrumb","itemListElement":[{"@type":"ListItem","position":1,"name":"Home","item":"https:\/\/klasmann-deilmann.com\/de\/"},{"@type":"ListItem","position":2,"name":"GreenTech 2026"}]},{"@type":"WebSite","@id":"https:\/\/klasmann-deilmann.com\/en\/#website","url":"https:\/\/klasmann-deilmann.com\/en\/","name":"Klasmann-Deilmann","description":"","potentialAction":[{"@type":"SearchAction","target":{"@type":"EntryPoint","urlTemplate":"https:\/\/klasmann-deilmann.com\/en\/?s={search_term_string}"},"query-input":{"@type":"PropertyValueSpecification","valueRequired":true,"valueName":"search_term_string"}}],"inLanguage":"de"}]}},"_links":{"self":[{"href":"https:\/\/klasmann-deilmann.com\/de\/wp-json\/wp\/v2\/pages\/106431","targetHints":{"allow":["GET"]}}],"collection":[{"href":"https:\/\/klasmann-deilmann.com\/de\/wp-json\/wp\/v2\/pages"}],"about":[{"href":"https:\/\/klasmann-deilmann.com\/de\/wp-json\/wp\/v2\/types\/page"}],"author":[{"embeddable":true,"href":"https:\/\/klasmann-deilmann.com\/de\/wp-json\/wp\/v2\/users\/15"}],"replies":[{"embeddable":true,"href":"https:\/\/klasmann-deilmann.com\/de\/wp-json\/wp\/v2\/comments?post=106431"}],"version-history":[{"count":22,"href":"https:\/\/klasmann-deilmann.com\/de\/wp-json\/wp\/v2\/pages\/106431\/revisions"}],"predecessor-version":[{"id":107750,"href":"https:\/\/klasmann-deilmann.com\/de\/wp-json\/wp\/v2\/pages\/106431\/revisions\/107750"}],"wp:attachment":[{"href":"https:\/\/klasmann-deilmann.com\/de\/wp-json\/wp\/v2\/media?parent=106431"}],"curies":[{"name":"wp","href":"https:\/\/api.w.org\/{rel}","templated":true}]}}