{"id":105677,"date":"2026-03-25T13:29:19","date_gmt":"2026-03-25T12:29:19","guid":{"rendered":"https:\/\/klasmann-deilmann.com\/?page_id=105677"},"modified":"2026-03-25T13:29:19","modified_gmt":"2026-03-25T12:29:19","slug":"gel-plug-technologie","status":"publish","type":"page","link":"https:\/\/klasmann-deilmann.com\/de\/produkte-loesungen\/gel-plug-technologie\/","title":{"rendered":"Gel-Plug-Technologie"},"content":{"rendered":"<div class=\"wpb-content-wrapper\">[vc_row][vc_column][kd_header_random_image_banner image=&#8220;105209&#8243;][\/kd_header_random_image_banner][\/vc_column][\/vc_row][vc_row][vc_column][vc_row_inner][vc_column_inner][vc_column_text css=&#8220;&#8220;]<\/p>\n<h2><img loading=\"lazy\" decoding=\"async\" width=\"376\" height=\"57\" class=\"size-full wp-image-13472 alignleft\" src=\"\/wp-content\/uploads\/Innovation.png\" alt=\"\" srcset=\"https:\/\/klasmann-deilmann.com\/wp-content\/uploads\/Innovation.png 376w, https:\/\/klasmann-deilmann.com\/wp-content\/uploads\/Innovation-300x45.png 300w, https:\/\/klasmann-deilmann.com\/wp-content\/uploads\/Innovation-125x19.png 125w\" sizes=\"auto, (max-width: 376px) 100vw, 376px\" \/><\/h2>\n<h2>&nbsp;<\/h2>\n<h2 style=\"text-align: left;\">Innovative Jungpflanzenanzucht mit Gel-Plug-Technologie<\/h2>\n<p>[\/vc_column_text][\/vc_column_inner][vc_column_inner width=&#8220;1\/2&#8243;][vc_column_text css=&#8220;&#8220;]Erfolgreiche Kulturen beginnen mit Homogenit\u00e4t in der Jungpflanzenanzucht. Aus diesem Grund entwickeln wir eine neue patentierte Gel-Plug-Technologie, die eine einheitliche, sterile Wurzelumgebung schafft, um eine schnelle und verl\u00e4ssliche Keimung und ein kr\u00e4ftiges Pflanzenwachstum zu f\u00f6rdern.<\/p>\n<p>Dieser innovative Ansatz, der ausschlie\u00dflich aus nat\u00fcrlichen, kompostierbaren Materialien besteht, bildet aus dem Gel einen gleichm\u00e4\u00dfigen Anzucht-Plug, der dazu beitr\u00e4gt, Jungpflanzen einen sehr gleichm\u00e4\u00dfigen und gesunden Start zu erm\u00f6glichen. Auch werden Verunreinigungen in Hydroponischen Systemen vermieden. Der Wurzelballen erh\u00e4lt auch vor der Durchwurzelung direkt eine Stabilit\u00e4t f\u00fcr automatisierte Kulturschritte und kann Kulturzeiten damit verk\u00fcrzen. Gest\u00fctzt auf unsere umfassende Forschungs- und Entwicklungs-[\/vc_column_text][\/vc_column_inner][vc_column_inner width=&#8220;1\/2&#8243;][vc_column_text css=&#8220;&#8220;]kompetenz im Bereich der Jungpflanzenanzucht befinden sich das gesamte Patentportfolio und das bahnbrechende Knowhow dieser Technologie im Besitz der Klasmann-Deilmann-Gruppe.<\/p>\n<p>In der professionellen Jungpflanzenproduktion m\u00fcssen alle Aspekte der Kulturf\u00fchrung reibungslos zusammenwirken \u2013 von der F\u00fclllinientechnik \u00fcber die Automatisierung bis hin zum Substrat selbst und die Anbaubedingungen im Gew\u00e4chshaus. Unsere Forschungs- und Entwicklungsarbeit konzentriert sich auf L\u00f6sungen, die unseren Kunden sehr praktische Vorteile bieten, die Kultursicherheit erh\u00f6hen und sich nahtlos in bestehende Produktionssysteme integrieren lassen. Die Gel-Plug-Technologie ist hierbei eine unserer neuesten fundamentalen Neuentwicklungen auf diesem Weg.[\/vc_column_text][\/vc_column_inner][\/vc_row_inner][\/vc_column][\/vc_row][vc_row css=&#8220;.vc_custom_1628171821663{padding-top: 30px !important;padding-bottom: 70px !important;background-color: #414345 !important;}&#8220;][vc_column][vc_row_inner][vc_column_inner width=&#8220;1\/2&#8243;][vc_column_text css=&#8220;&#8220;]<img loading=\"lazy\" decoding=\"async\" class=\" wp-image-105685 aligncenter\" src=\"\/wp-content\/uploads\/GelPlug.png\" alt=\"\" width=\"156\" height=\"348\" srcset=\"https:\/\/klasmann-deilmann.com\/wp-content\/uploads\/GelPlug.png 299w, https:\/\/klasmann-deilmann.com\/wp-content\/uploads\/GelPlug-134x300.png 134w\" sizes=\"auto, (max-width: 156px) 100vw, 156px\" \/>[\/vc_column_text][\/vc_column_inner][vc_column_inner width=&#8220;1\/2&#8243;][vc_column_text css=&#8220;&#8220;]<\/p>\n<h2>Vorteile f\u00fcr die moderne Jungpflanzenanzucht<\/h2>\n<p>[\/vc_column_text][vc_column_text css=&#8220;&#8220; el_class=&#8220;pluslist&#8220;]<\/p>\n<ul>\n<li>Besteht ausschlie\u00dflich aus Wasser und nat\u00fcrlichen Inhaltsstoffen<\/li>\n<li>Ist vollst\u00e4ndig biologisch abbaubar und kompostierbar<\/li>\n<li>Vermeidet Verunreinigungen durch Substratpartikel in Hydroponiksystemen<\/li>\n<li>Homogene, sterile Wurzelumgebung f\u00fcr verl\u00e4ssliche Keimung und schnelle Entwicklung in fr\u00fchen Wachstumsstadien<\/li>\n<li>Besonders geeignet f\u00fcr S\u00e4mlingsanzucht<\/li>\n<li>Kann von den Gartenbaubetrieben vor Ort selbst hergestellt werden und reduziert damit die Transportkosten auf ein Minimum<\/li>\n<\/ul>\n<p>[\/vc_column_text][\/vc_column_inner][\/vc_row_inner][\/vc_column][\/vc_row][vc_row][vc_column][vc_row_inner][vc_column_inner][vc_column_text css=&#8220;&#8220;]<\/p>\n<h2>\u201eMit der Gel-Plug-Technologie\u2026<\/h2>\n<p>[\/vc_column_text][\/vc_column_inner][\/vc_row_inner][vc_row_inner][vc_column_inner]<\/p>\n<div class=\"kd_quoteimagebox nolink cf picleft\">\n<div class=\"image\" style=\"background: url(https:\/\/klasmann-deilmann.com\/wp-content\/uploads\/KD_Herr_Kipp_173_02-scaled.jpg) no-repeat center center;\">\n<div class=\"imagesizer\" style=\"width: 100%;  height:500px;\"><\/div>\n<\/div>\n<div class=\"overlay\">\n<div class=\"kd_quoteimagebox_overlay standard kdgreen\">\n<div class=\"overlay_arrow kdgreen\"><\/div>\n<\/div>\n<div class=\"kd_quoteimagebox_textaligner cf\">\n<div class=\"kd_quoteimagebox_text cf\">\n<div class=\"kd_quote-content\">\n<p>\u2026erweitern wir unser Portfolio um ein innovatives Produkt, das die L\u00fccke zwischen klassischen Substraten und hochspezialisierten Anzuchtsystemen schlie\u00dft und gro\u00dfes Potenzial f\u00fcr die Jungpflanzenzucht bietet. Umfangreiche Versuche mit verschiedenen Kulturpflanzen haben gezeigt, dass Keimraten, Wurzelentwicklung und Pflanzenhomogenit\u00e4t stets mindestens auf dem Niveau etablierter Systeme liegen und diese in vielen F\u00e4llen sogar \u00fcbertreffen.\u201c<\/p>\n<\/p><\/div>\n<div class=\"kd_quote-source\">\n\t\t\t\t\t\tDr Sebastian Kipp, Leiter Innovation bei Klasmann-Deilmann\n\t\t\t\t\t<\/div>\n<\/p><\/div>\n<\/p><\/div>\n<\/p><\/div>\n<\/p><\/div>\n<p>[\/vc_column_inner][\/vc_row_inner][\/vc_column][\/vc_row][vc_row css=&#8220;.vc_custom_1705506507328{margin-bottom: 30px !important;background-color: #414345 !important;}&#8220;][vc_column width=&#8220;1\/2&#8243;][vc_row_inner][vc_column_inner][vc_column_text css=&#8220;&#8220;]<\/p>\n<h2>Fortschritt in Bewegung: Produktentwicklung mit ausgew\u00e4hlten Pilotbetrieben<\/h2>\n<p>Die Gel-Plug-Technologie wird zun\u00e4chst in Pilotprojekten mit ausgew\u00e4hlten Gro\u00dfkunden eingef\u00fchrt, um eine m\u00f6glichst praxisnahe Produktentwicklung auf der Grundlage der tats\u00e4chlichen Bed\u00fcrfnisse von Gartenbaubetrieben zu gew\u00e4hrleisten. Parallel dazu arbeitet unser interdisziplin\u00e4res Team an den Produktionskapazit\u00e4ten und der Integration in bestehende Produktionslinien, um die Voraussetzungen f\u00fcr eine k\u00fcnftige Skalierung zu schaffen.[\/vc_column_text][\/vc_column_inner][\/vc_row_inner][\/vc_column][vc_column width=&#8220;1\/2&#8243;][vc_row_inner][vc_column_inner][vc_column_text css=&#8220;&#8220;][\/vc_column_text][\/vc_column_inner][\/vc_row_inner][\/vc_column][\/vc_row][vc_row][vc_column width=&#8220;1\/2&#8243;][vc_row_inner][vc_column_inner][vc_column_text css=&#8220;&#8220;]<\/p>\n<h2 style=\"text-align: left;\">Treffen Sie uns auf der GreenTech in den Niederlanden &amp; der Cultivate in den USA<\/h2>\n<p>[\/vc_column_text][vc_column_text css=&#8220;&#8220;]Lassen Sie uns \u00fcber die Zukunft der Jungpflanzenanzucht sprechen \u2013 zentrale Herausforderungen, aktuelle Trends und das, was f\u00fcr eine verl\u00e4ssliche, homogene Jungpflanzenanzucht am wichtigsten ist.<\/p>\n<p>Wenn Sie nach der Messe auf dem Laufenden bleiben m\u00f6chten, senden Sie uns gerne eine E-Mail.[\/vc_column_text][\/vc_column_inner][\/vc_row_inner][\/vc_column][vc_column width=&#8220;1\/2&#8243;][vc_row_inner gap=&#8220;30&#8243;][vc_column_inner el_id=&#8220;contact-marginalia&#8220;][vc_column_text css=&#8220;&#8220;]<\/p>\n<h2><strong>Halten Sie mich auf dem Laufenden.<\/strong><br \/>\n<strong>Kontaktieren Sie unser Expertenteam\u2026<\/strong><\/h2>\n<p>[\/vc_column_text][vc_column_text css=&#8220;&#8220;]<img loading=\"lazy\" decoding=\"async\" class=\"wp-image-105712 alignleft\" src=\"\/wp-content\/uploads\/50-WetPlug1-scaled-e1773241833203.jpg\" alt=\"\" width=\"173\" height=\"144\" srcset=\"https:\/\/klasmann-deilmann.com\/wp-content\/uploads\/50-WetPlug1-scaled-e1773241833203.jpg 1438w, https:\/\/klasmann-deilmann.com\/wp-content\/uploads\/50-WetPlug1-scaled-e1773241833203-300x249.jpg 300w, https:\/\/klasmann-deilmann.com\/wp-content\/uploads\/50-WetPlug1-scaled-e1773241833203-1024x851.jpg 1024w, https:\/\/klasmann-deilmann.com\/wp-content\/uploads\/50-WetPlug1-scaled-e1773241833203-768x638.jpg 768w\" sizes=\"auto, (max-width: 173px) 100vw, 173px\" \/>M\u00f6chten Sie mehr \u00fcber die Gel-Plug-Technologie erfahren?<\/p>\n<p>Kontaktieren Sie uns unter: gelplug@klasmann-deilmann.com<\/p>\n<p>Wir verwenden Ihre E-Mail-Adresse ausschlie\u00dflich, um Ihnen Neuigkeiten zum Gel-Plug System zu senden. Sie k\u00f6nnen sich jederzeit abmelden.[\/vc_column_text][\/vc_column_inner][\/vc_row_inner][\/vc_column][\/vc_row]<\/p><\/div>\n","protected":false},"excerpt":{"rendered":"<p>[vc_row][vc_column][kd_header_random_image_banner image=&#8220;105209&#8243;][\/kd_header_random_image_banner][\/vc_column][\/vc_row][vc_row][vc_column][vc_row_inner][vc_column_inner][vc_column_text css=&#8220;&#8220;] &nbsp; Innovative Jungpflanzenanzucht mit Gel-Plug-Technologie [\/vc_column_text][\/vc_column_inner][vc_column_inner width=&#8220;1\/2&#8243;][vc_column_text css=&#8220;&#8220;]Erfolgreiche Kulturen beginnen mit Homogenit\u00e4t in der Jungpflanzenanzucht. Aus diesem Grund entwickeln wir eine neue patentierte Gel-Plug-Technologie, die eine einheitliche, sterile Wurzelumgebung schafft, um eine schnelle und verl\u00e4ssliche Keimung und ein kr\u00e4ftiges Pflanzenwachstum zu f\u00f6rdern. Dieser innovative Ansatz, der ausschlie\u00dflich aus nat\u00fcrlichen, kompostierbaren Materialien besteht, bildet aus dem Gel einen gleichm\u00e4\u00dfigen Anzucht-Plug, der dazu beitr\u00e4gt, Jungpflanzen einen sehr gleichm\u00e4\u00dfigen und gesunden Start zu erm\u00f6glichen. Auch werden Verunreinigungen in Hydroponischen Systemen<\/p>\n","protected":false},"author":14,"featured_media":0,"parent":40410,"menu_order":426,"comment_status":"closed","ping_status":"closed","template":"","meta":{"_acf_changed":false,"inline_featured_image":false,"footnotes":""},"class_list":["post-105677","page","type-page","status-publish","hentry"],"acf":[],"yoast_head":"<!-- This site is optimized with the Yoast SEO plugin v27.5 - https:\/\/yoast.com\/product\/yoast-seo-wordpress\/ -->\n<title>Gel-Plug-Technologie - Klasmann-Deilmann<\/title>\n<meta name=\"robots\" content=\"index, follow, max-snippet:-1, max-image-preview:large, max-video-preview:-1\" \/>\n<link rel=\"canonical\" href=\"https:\/\/klasmann-deilmann.com\/de\/produkte-loesungen\/gel-plug-technologie\/\" \/>\n<meta property=\"og:locale\" content=\"de_DE\" \/>\n<meta property=\"og:type\" content=\"article\" \/>\n<meta property=\"og:title\" content=\"Gel-Plug-Technologie - Klasmann-Deilmann\" \/>\n<meta property=\"og:description\" content=\"[vc_row][vc_column][kd_header_random_image_banner image=&#8220;105209&#8243;][\/kd_header_random_image_banner][\/vc_column][\/vc_row][vc_row][vc_column][vc_row_inner][vc_column_inner][vc_column_text css=&#8220;&#8220;] &nbsp; Innovative Jungpflanzenanzucht mit Gel-Plug-Technologie [\/vc_column_text][\/vc_column_inner][vc_column_inner width=&#8220;1\/2&#8243;][vc_column_text css=&#8220;&#8220;]Erfolgreiche Kulturen beginnen mit Homogenit\u00e4t in der Jungpflanzenanzucht. Aus diesem Grund entwickeln wir eine neue patentierte Gel-Plug-Technologie, die eine einheitliche, sterile Wurzelumgebung schafft, um eine schnelle und verl\u00e4ssliche Keimung und ein kr\u00e4ftiges Pflanzenwachstum zu f\u00f6rdern. Dieser innovative Ansatz, der ausschlie\u00dflich aus nat\u00fcrlichen, kompostierbaren Materialien besteht, bildet aus dem Gel einen gleichm\u00e4\u00dfigen Anzucht-Plug, der dazu beitr\u00e4gt, Jungpflanzen einen sehr gleichm\u00e4\u00dfigen und gesunden Start zu erm\u00f6glichen. Auch werden Verunreinigungen in Hydroponischen Systemen\" \/>\n<meta property=\"og:url\" content=\"https:\/\/klasmann-deilmann.com\/de\/produkte-loesungen\/gel-plug-technologie\/\" \/>\n<meta property=\"og:site_name\" content=\"Klasmann-Deilmann\" \/>\n<meta name=\"twitter:card\" content=\"summary_large_image\" \/>\n<meta name=\"twitter:label1\" content=\"Gesch\u00e4tzte Lesezeit\" \/>\n\t<meta name=\"twitter:data1\" content=\"3\u00a0Minuten\" \/>\n<script type=\"application\/ld+json\" class=\"yoast-schema-graph\">{\"@context\":\"https:\\\/\\\/schema.org\",\"@graph\":[{\"@type\":\"WebPage\",\"@id\":\"https:\\\/\\\/klasmann-deilmann.com\\\/de\\\/produkte-loesungen\\\/gel-plug-technologie\\\/\",\"url\":\"https:\\\/\\\/klasmann-deilmann.com\\\/de\\\/produkte-loesungen\\\/gel-plug-technologie\\\/\",\"name\":\"Gel-Plug-Technologie - Klasmann-Deilmann\",\"isPartOf\":{\"@id\":\"https:\\\/\\\/klasmann-deilmann.com\\\/en\\\/#website\"},\"datePublished\":\"2026-03-25T12:29:19+00:00\",\"breadcrumb\":{\"@id\":\"https:\\\/\\\/klasmann-deilmann.com\\\/de\\\/produkte-loesungen\\\/gel-plug-technologie\\\/#breadcrumb\"},\"inLanguage\":\"de\",\"potentialAction\":[{\"@type\":\"ReadAction\",\"target\":[\"https:\\\/\\\/klasmann-deilmann.com\\\/de\\\/produkte-loesungen\\\/gel-plug-technologie\\\/\"]}]},{\"@type\":\"BreadcrumbList\",\"@id\":\"https:\\\/\\\/klasmann-deilmann.com\\\/de\\\/produkte-loesungen\\\/gel-plug-technologie\\\/#breadcrumb\",\"itemListElement\":[{\"@type\":\"ListItem\",\"position\":1,\"name\":\"Home\",\"item\":\"https:\\\/\\\/klasmann-deilmann.com\\\/de\\\/\"},{\"@type\":\"ListItem\",\"position\":2,\"name\":\"Produkte &#038; L\u00f6sungen\",\"item\":\"https:\\\/\\\/klasmann-deilmann.com\\\/de\\\/produkte-loesungen\\\/\"},{\"@type\":\"ListItem\",\"position\":3,\"name\":\"Gel-Plug-Technologie\"}]},{\"@type\":\"WebSite\",\"@id\":\"https:\\\/\\\/klasmann-deilmann.com\\\/en\\\/#website\",\"url\":\"https:\\\/\\\/klasmann-deilmann.com\\\/en\\\/\",\"name\":\"Klasmann-Deilmann\",\"description\":\"\",\"potentialAction\":[{\"@type\":\"SearchAction\",\"target\":{\"@type\":\"EntryPoint\",\"urlTemplate\":\"https:\\\/\\\/klasmann-deilmann.com\\\/en\\\/?s={search_term_string}\"},\"query-input\":{\"@type\":\"PropertyValueSpecification\",\"valueRequired\":true,\"valueName\":\"search_term_string\"}}],\"inLanguage\":\"de\"}]}<\/script>\n<!-- \/ Yoast SEO plugin. -->","yoast_head_json":{"title":"Gel-Plug-Technologie - Klasmann-Deilmann","robots":{"index":"index","follow":"follow","max-snippet":"max-snippet:-1","max-image-preview":"max-image-preview:large","max-video-preview":"max-video-preview:-1"},"canonical":"https:\/\/klasmann-deilmann.com\/de\/produkte-loesungen\/gel-plug-technologie\/","og_locale":"de_DE","og_type":"article","og_title":"Gel-Plug-Technologie - Klasmann-Deilmann","og_description":"[vc_row][vc_column][kd_header_random_image_banner image=&#8220;105209&#8243;][\/kd_header_random_image_banner][\/vc_column][\/vc_row][vc_row][vc_column][vc_row_inner][vc_column_inner][vc_column_text css=&#8220;&#8220;] &nbsp; Innovative Jungpflanzenanzucht mit Gel-Plug-Technologie [\/vc_column_text][\/vc_column_inner][vc_column_inner width=&#8220;1\/2&#8243;][vc_column_text css=&#8220;&#8220;]Erfolgreiche Kulturen beginnen mit Homogenit\u00e4t in der Jungpflanzenanzucht. Aus diesem Grund entwickeln wir eine neue patentierte Gel-Plug-Technologie, die eine einheitliche, sterile Wurzelumgebung schafft, um eine schnelle und verl\u00e4ssliche Keimung und ein kr\u00e4ftiges Pflanzenwachstum zu f\u00f6rdern. Dieser innovative Ansatz, der ausschlie\u00dflich aus nat\u00fcrlichen, kompostierbaren Materialien besteht, bildet aus dem Gel einen gleichm\u00e4\u00dfigen Anzucht-Plug, der dazu beitr\u00e4gt, Jungpflanzen einen sehr gleichm\u00e4\u00dfigen und gesunden Start zu erm\u00f6glichen. Auch werden Verunreinigungen in Hydroponischen Systemen","og_url":"https:\/\/klasmann-deilmann.com\/de\/produkte-loesungen\/gel-plug-technologie\/","og_site_name":"Klasmann-Deilmann","twitter_card":"summary_large_image","twitter_misc":{"Gesch\u00e4tzte Lesezeit":"3\u00a0Minuten"},"schema":{"@context":"https:\/\/schema.org","@graph":[{"@type":"WebPage","@id":"https:\/\/klasmann-deilmann.com\/de\/produkte-loesungen\/gel-plug-technologie\/","url":"https:\/\/klasmann-deilmann.com\/de\/produkte-loesungen\/gel-plug-technologie\/","name":"Gel-Plug-Technologie - Klasmann-Deilmann","isPartOf":{"@id":"https:\/\/klasmann-deilmann.com\/en\/#website"},"datePublished":"2026-03-25T12:29:19+00:00","breadcrumb":{"@id":"https:\/\/klasmann-deilmann.com\/de\/produkte-loesungen\/gel-plug-technologie\/#breadcrumb"},"inLanguage":"de","potentialAction":[{"@type":"ReadAction","target":["https:\/\/klasmann-deilmann.com\/de\/produkte-loesungen\/gel-plug-technologie\/"]}]},{"@type":"BreadcrumbList","@id":"https:\/\/klasmann-deilmann.com\/de\/produkte-loesungen\/gel-plug-technologie\/#breadcrumb","itemListElement":[{"@type":"ListItem","position":1,"name":"Home","item":"https:\/\/klasmann-deilmann.com\/de\/"},{"@type":"ListItem","position":2,"name":"Produkte &#038; L\u00f6sungen","item":"https:\/\/klasmann-deilmann.com\/de\/produkte-loesungen\/"},{"@type":"ListItem","position":3,"name":"Gel-Plug-Technologie"}]},{"@type":"WebSite","@id":"https:\/\/klasmann-deilmann.com\/en\/#website","url":"https:\/\/klasmann-deilmann.com\/en\/","name":"Klasmann-Deilmann","description":"","potentialAction":[{"@type":"SearchAction","target":{"@type":"EntryPoint","urlTemplate":"https:\/\/klasmann-deilmann.com\/en\/?s={search_term_string}"},"query-input":{"@type":"PropertyValueSpecification","valueRequired":true,"valueName":"search_term_string"}}],"inLanguage":"de"}]}},"_links":{"self":[{"href":"https:\/\/klasmann-deilmann.com\/de\/wp-json\/wp\/v2\/pages\/105677","targetHints":{"allow":["GET"]}}],"collection":[{"href":"https:\/\/klasmann-deilmann.com\/de\/wp-json\/wp\/v2\/pages"}],"about":[{"href":"https:\/\/klasmann-deilmann.com\/de\/wp-json\/wp\/v2\/types\/page"}],"author":[{"embeddable":true,"href":"https:\/\/klasmann-deilmann.com\/de\/wp-json\/wp\/v2\/users\/14"}],"replies":[{"embeddable":true,"href":"https:\/\/klasmann-deilmann.com\/de\/wp-json\/wp\/v2\/comments?post=105677"}],"version-history":[{"count":3,"href":"https:\/\/klasmann-deilmann.com\/de\/wp-json\/wp\/v2\/pages\/105677\/revisions"}],"predecessor-version":[{"id":105903,"href":"https:\/\/klasmann-deilmann.com\/de\/wp-json\/wp\/v2\/pages\/105677\/revisions\/105903"}],"up":[{"embeddable":true,"href":"https:\/\/klasmann-deilmann.com\/de\/wp-json\/wp\/v2\/pages\/40410"}],"wp:attachment":[{"href":"https:\/\/klasmann-deilmann.com\/de\/wp-json\/wp\/v2\/media?parent=105677"}],"curies":[{"name":"wp","href":"https:\/\/api.w.org\/{rel}","templated":true}]}}