{"id":15809,"date":"2019-09-25T15:19:49","date_gmt":"2019-09-25T13:19:49","guid":{"rendered":"https:\/\/klasmann-deilmann.com\/?page_id=15809"},"modified":"2019-09-26T09:59:41","modified_gmt":"2019-09-26T07:59:41","slug":"algemene-voorwaarden","status":"publish","type":"page","link":"https:\/\/klasmann-deilmann.com\/be\/algemene-voorwaarden\/","title":{"rendered":"Algemene voorwaarden"},"content":{"rendered":"<div class=\"wpb-content-wrapper\">[vc_row][vc_column][kd_header_image_banner image=&#8221;340&#8243;][vc_column_text]<\/p>\n<h1>ALGEMENE VERKOOPSVOORWAARDEN<\/h1>\n<p>[\/vc_column_text][\/vc_column][vc_column][vc_row_inner][vc_column_inner][vc_column_text]<strong>1.<\/strong> Leveringstermijnen<br \/>\nUitgenomen in geval van speciale waarborg wordt er geen verplichting genomen wat betreft de leveringsdatum door de koper gevraagd, de bestellingen worden uitgevoerd in de volgorde waarop ze binnenkomen.<\/p>\n<p><strong>2.<\/strong> Risico\u2019s<br \/>\nDe goederen reizen op risico en gevaar van de koper, zelfs in geval van levering FRANCO.<\/p>\n<p><strong>3.<\/strong> De verkoper is niet verantwoordelijk wat betreft het juiste voorziene gebruik van de goederen. Eveneens wordt ook geen verantwoordelijkheid genomen voor alle mogelijke schade welke voorkomt uit het gebruik van de geleverde goederen.<\/p>\n<p><strong>4.<\/strong> Reclamatietermijnen<br \/>\nAlle opmerkingen en klachten moeten om geldig te zijn ingediend worden schriftelijk binnen de acht dagen van de leveringsdatum.<\/p>\n<p><strong>5.<\/strong> Behoudens andersluidende en schriftelijke bepaling, zijn onze facturen betaalbaar 30 dagen na factuurdatum.<\/p>\n<p><strong>6.<\/strong> Elk bedrag dat onbetaald blijft op zijn vervaldag, zal van rechtswege en zonder ingebrekestelling rente geven berekend op basis van de Belgische wettelijke intrestvoet<br \/>\nvermeerderd met 2%, met een minimum intrestvoet van 12%<\/p>\n<p><strong>7.<\/strong> In geval van niet-betaling op de vervaldag, behouden wij ons het recht voor het bedrag van de factuur met 10% te verhogen, met een minimum van 50 EUR te titel van forfaitair en onherleidbaar strafbeding.<\/p>\n<p><strong>8.<\/strong> De niet-betaling op de vervaldag van \u00e9\u00e9n enkele factuur, maakt het verschuldigd saldo van al de andere, zelfs niet vervallen facturen, van rechtswege onmiddellijk opeisbaar.<\/p>\n<p><strong>9.<\/strong> Wanneer de koper nalaat zijn verbintenissen uit te voeren, kan de verkoop van rechtswege en zonder ingebrekestelling ontbonden zijn, onverminderd onze rechten op alle schadevergoedingen en intresten. De wilsuiting hiertoe per aangetekend schrijven door ons zal hiervoor volstaan.<\/p>\n<p><strong>10.<\/strong> Indien ons vertrouwen in de kredietwaardigheid van de koper geschokt wordt door daden van gerechtelijke uitvoering tegen de koper en\/of aanwijsbare andere gebeurtenissen, die het vertrouwen in de goede uitvoering van de door de koper aangegane verbintenissen in vraag stellen en\/of onmogelijk maken, behouden wij ons het recht voor, zelfs indien de goederen reeds geheel of gedeeltelijk werden verzonden, de gehele bestelling of een gedeelte ervan op te schorten en van de koper geschikte waarborgen te eisen. Indien de koper weigert hierop in te gaan, behouden wij ons het recht voor de gehele bestelling of een gedeelte ervan te annuleren. Dit alles onverminderd onze rechten op alle schadevergoedingen en intresten.<\/p>\n<p><strong>11.<\/strong> Eigendomsvoorbehoud<br \/>\nDe goederen blijven onze eigendom tot volledige betaling van de prijs. Alle risico\u2019s zijn ten laste van de koper. De betaalde voorschotten blijven ons verworven ter vergoeding van de mogelijke verliezen bij wederverkoop.<\/p>\n<p><strong>12.<\/strong> Ingeval de koper de aan ons toebehorende goederen, zelfs verwerkt, herverkoopt, draagt hij vanaf heden aan ons ten titel van pand alle schuldvorderingen over die voortkomen uit deze herverkoop.<\/p>\n<p><strong>13.<\/strong> Het trekken en\/of aanvaarden van wissels of andere verhandelbare documenten, houdt geen schuldvernieuwing in en vormt geen afwijking van de verkoopsvoorwaarden.<\/p>\n<p><strong>14.<\/strong> In geval van betwisting, zijn de rechtbanken van Brugge of de rechtbanken van de woonplaats van de koper, naar onze keuze, alleen bevoegd.<\/p>\n<h3>CONDITIONS GENERALE DE VENTE<\/h3>\n<p><strong>1.<\/strong> D\u00e9lai de livraison<br \/>\nA moins de garantie sp\u00e9ciale, la date de livraison demand\u00e9e par l\u2019acheteur n\u2019est pas de rigueur, les commandes \u00e9tant ex\u00e9cut\u00e9es \u00e0 tour de r\u00f4le.<\/p>\n<p><strong>2.<\/strong> Risques<br \/>\nLes marchandises voyagent au risques et p\u00e9rils de l\u2019acheteur m\u00eame en cas de livraison FRANCO.<\/p>\n<p><strong>3.<\/strong> La responsabilit\u00e9 du vendeur n\u2019est pas engag\u00e9e concernant l\u2019usage ad\u00e9quat projet\u00e9 de la marcandise. De m\u00eame, il ne sera accept\u00e9 aucune responsabilit\u00e9 pour les dommages r\u00e9sultant de l\u2019utilisation de la marchandise livr\u00e9e.<\/p>\n<p><strong>4.<\/strong> D\u00e9lais de r\u00e9clamation<br \/>\nToutes les observations et r\u00e9clamations doivent pour \u00eatre valables, \u00eatre faites par \u00e9crit dans les huits jours de la date de livraisons.<\/p>\n<p><strong>5.<\/strong> Sauf stipulation contraire et \u00e9crite, nos facture sont payables \u00e0 30 jours date facture.<\/p>\n<p><strong>6.<\/strong> Toute somme non pay\u00e9e \u00e0 l\u2019\u00e9ch\u00e9ance porte plein droit et sans mise en demeurre int\u00e9r\u00eat au taux d\u2019int\u00e9r\u00eat l\u00e9gal belge major\u00e9 de 2%, avec un taux d\u2019int\u00e9r\u00eat de 12% au minimum.<\/p>\n<p><strong>7.<\/strong> En cas de non-paiement d\u2019une facture \u00e0 son \u00e9ch\u00e9ance, nous nous r\u00e9servons le droit d\u2019augmenter son montant de 10% avec un minimum de 50 EUR \u00e0 titre d\u2019indemnit\u00e9 forfaitaire et irr\u00e9ductible.<\/p>\n<p><strong>8.<\/strong> Le non-paiement d\u2019une seule facture \u00e0 son \u00e9ch\u00e9ance rend exigible de plein droit le solde d\u00fb sur toutes les autres factures, m\u00eame non \u00e9chues.<\/p>\n<p><strong>9.<\/strong> En cas d\u2019inex\u00e9cution par l\u2019acheteur de ses obligations, la vente pourra \u00eatre r\u00e9solue de plein droit sans mise en demeurre, et sans pr\u00e9judice de nos droits \u00e0 tous dommages et int\u00e9r\u00eats. Notre volont\u00e9 sera suffisamment manifest\u00e9e par l\u2019envoi d\u2019une lettre recommand\u00e9e.<\/p>\n<p><strong>10.<\/strong> S\u2019il nous appara\u00eet que le cr\u00e9dit de l\u2019acheteur se d\u00e9t\u00e9riore, notamment s\u2019il y a des mesures d\u2019\u00e9x\u00e9cution judiciaire prises contre l\u2019acheteur et\/ou en casd\u2019\u00e9v\u00e9nements qui mettent en question la bonne ex\u00e9cution des engagements pris ou les rendent impossible, nous nous r\u00e9servons le droit, m\u00eame si les marchandises ont d\u00e9j\u00e0 \u00e9t\u00e9 totalement ou partiellement exp\u00e9die\u00e9s, de suspendre totalement ou partiellement la commande et d\u2019exiger les garanties n\u00e9cessaires. En cas de refus de l\u2019acheteur, nous nous r\u00e9servons le droit d\u2019annuler enti\u00e8rement ou partiellement la commande. Tout ceci sans pr\u00e9judice de nos droits \u00e0 tous dommages et int\u00e9r\u00eats.<\/p>\n<p><strong>11.<\/strong> Clause de reserve de propri\u00e9t\u00e9<br \/>\nNous nous r\u00e9servons la propri\u00e9t\u00e9 des marchandises jusqu\u2019au complet paiement. Les risques sont \u00e0 chrage de l\u2019acheteur. Las acomptes pourront \u00eatre conserv\u00e9s pour couvrir les pertes \u00e9ventuelles \u00e0 la revente.<\/p>\n<p><strong>12.<\/strong> En cas de revente des marchandises, m\u00eame transform\u00e9es, nous appartenant, l\u2019acheteur nous c\u00e8de d\u00e8s \u00e0 pr\u00e9sent, \u00e0 titre de gage, toutes les cr\u00e9ances r\u00e9sultant de leur revente.<\/p>\n<p><strong>13.<\/strong> Le fait de tir\u00e9s et\/ou d\u2019accepter des traites ou d\u2019autres documents n\u00e9gociables, n\u2019op\u00e8re aucune novation de cr\u00e9ance et ne d\u00e9roge pas aux pr\u00e9sentes conditions de vente.<\/p>\n<p><strong>14.<\/strong> En cas de contestation, les Tribunaux de Bruges ou les Tribunaux du domicile de l\u2019acheteur, \u00e0 notre choix, sont seuls comp\u00e9tents.[\/vc_column_text][\/vc_column_inner][\/vc_row_inner][\/vc_column][\/vc_row][vc_row][vc_column][vc_column_text]<\/p>\n<p>[\/vc_column_text][\/vc_column][\/vc_row][vc_row][vc_column][vc_column_text]<\/p>\n<p>[\/vc_column_text][\/vc_column][\/vc_row]<\/p><\/div>\n","protected":false},"excerpt":{"rendered":"<p>[vc_row][vc_column][kd_header_image_banner image=&#8221;340&#8243;][vc_column_text] ALGEMENE VERKOOPSVOORWAARDEN [\/vc_column_text][\/vc_column][vc_column][vc_row_inner][vc_column_inner][vc_column_text]1. Leveringstermijnen Uitgenomen in geval van speciale waarborg wordt er geen verplichting genomen wat betreft de leveringsdatum door de koper gevraagd, de bestellingen worden uitgevoerd in de volgorde waarop ze binnenkomen. 2. Risico\u2019s De goederen reizen op risico en gevaar van de koper, zelfs in geval van levering FRANCO. 3. De verkoper is niet verantwoordelijk wat betreft het juiste voorziene gebruik van de goederen. Eveneens wordt ook geen verantwoordelijkheid genomen voor alle mogelijke schade welke voorkomt<\/p>\n","protected":false},"author":2,"featured_media":0,"parent":0,"menu_order":568,"comment_status":"closed","ping_status":"closed","template":"","meta":{"_acf_changed":false,"inline_featured_image":false,"footnotes":""},"class_list":["post-15809","page","type-page","status-publish","hentry"],"acf":[],"yoast_head":"<!-- This site is optimized with the Yoast SEO plugin v27.5 - https:\/\/yoast.com\/product\/yoast-seo-wordpress\/ -->\n<title>Algemene voorwaarden - Klasmann-Deilmann<\/title>\n<meta name=\"robots\" content=\"index, follow, max-snippet:-1, max-image-preview:large, max-video-preview:-1\" \/>\n<link rel=\"canonical\" href=\"https:\/\/klasmann-deilmann.com\/be\/algemene-voorwaarden\/\" \/>\n<meta property=\"og:locale\" content=\"nl_BE\" \/>\n<meta property=\"og:type\" content=\"article\" \/>\n<meta property=\"og:title\" content=\"Algemene voorwaarden - Klasmann-Deilmann\" \/>\n<meta property=\"og:description\" content=\"[vc_row][vc_column][kd_header_image_banner image=&#8221;340&#8243;][vc_column_text] ALGEMENE VERKOOPSVOORWAARDEN [\/vc_column_text][\/vc_column][vc_column][vc_row_inner][vc_column_inner][vc_column_text]1. Leveringstermijnen Uitgenomen in geval van speciale waarborg wordt er geen verplichting genomen wat betreft de leveringsdatum door de koper gevraagd, de bestellingen worden uitgevoerd in de volgorde waarop ze binnenkomen. 2. Risico\u2019s De goederen reizen op risico en gevaar van de koper, zelfs in geval van levering FRANCO. 3. De verkoper is niet verantwoordelijk wat betreft het juiste voorziene gebruik van de goederen. Eveneens wordt ook geen verantwoordelijkheid genomen voor alle mogelijke schade welke voorkomt\" \/>\n<meta property=\"og:url\" content=\"https:\/\/klasmann-deilmann.com\/be\/algemene-voorwaarden\/\" \/>\n<meta property=\"og:site_name\" content=\"Klasmann-Deilmann\" \/>\n<meta property=\"article:modified_time\" content=\"2019-09-26T07:59:41+00:00\" \/>\n<meta name=\"twitter:card\" content=\"summary_large_image\" \/>\n<meta name=\"twitter:label1\" content=\"Geschatte leestijd\" \/>\n\t<meta name=\"twitter:data1\" content=\"5 minuten\" \/>\n<script type=\"application\/ld+json\" class=\"yoast-schema-graph\">{\"@context\":\"https:\\\/\\\/schema.org\",\"@graph\":[{\"@type\":\"WebPage\",\"@id\":\"https:\\\/\\\/klasmann-deilmann.com\\\/be\\\/algemene-voorwaarden\\\/\",\"url\":\"https:\\\/\\\/klasmann-deilmann.com\\\/be\\\/algemene-voorwaarden\\\/\",\"name\":\"Algemene voorwaarden - Klasmann-Deilmann\",\"isPartOf\":{\"@id\":\"https:\\\/\\\/klasmann-deilmann.com\\\/en\\\/#website\"},\"datePublished\":\"2019-09-25T13:19:49+00:00\",\"dateModified\":\"2019-09-26T07:59:41+00:00\",\"breadcrumb\":{\"@id\":\"https:\\\/\\\/klasmann-deilmann.com\\\/be\\\/algemene-voorwaarden\\\/#breadcrumb\"},\"inLanguage\":\"nl-BE\",\"potentialAction\":[{\"@type\":\"ReadAction\",\"target\":[\"https:\\\/\\\/klasmann-deilmann.com\\\/be\\\/algemene-voorwaarden\\\/\"]}]},{\"@type\":\"BreadcrumbList\",\"@id\":\"https:\\\/\\\/klasmann-deilmann.com\\\/be\\\/algemene-voorwaarden\\\/#breadcrumb\",\"itemListElement\":[{\"@type\":\"ListItem\",\"position\":1,\"name\":\"Home\",\"item\":\"https:\\\/\\\/klasmann-deilmann.com\\\/be\\\/\"},{\"@type\":\"ListItem\",\"position\":2,\"name\":\"Algemene voorwaarden\"}]},{\"@type\":\"WebSite\",\"@id\":\"https:\\\/\\\/klasmann-deilmann.com\\\/en\\\/#website\",\"url\":\"https:\\\/\\\/klasmann-deilmann.com\\\/en\\\/\",\"name\":\"Klasmann-Deilmann\",\"description\":\"\",\"potentialAction\":[{\"@type\":\"SearchAction\",\"target\":{\"@type\":\"EntryPoint\",\"urlTemplate\":\"https:\\\/\\\/klasmann-deilmann.com\\\/en\\\/?s={search_term_string}\"},\"query-input\":{\"@type\":\"PropertyValueSpecification\",\"valueRequired\":true,\"valueName\":\"search_term_string\"}}],\"inLanguage\":\"nl-BE\"}]}<\/script>\n<!-- \/ Yoast SEO plugin. -->","yoast_head_json":{"title":"Algemene voorwaarden - Klasmann-Deilmann","robots":{"index":"index","follow":"follow","max-snippet":"max-snippet:-1","max-image-preview":"max-image-preview:large","max-video-preview":"max-video-preview:-1"},"canonical":"https:\/\/klasmann-deilmann.com\/be\/algemene-voorwaarden\/","og_locale":"nl_BE","og_type":"article","og_title":"Algemene voorwaarden - Klasmann-Deilmann","og_description":"[vc_row][vc_column][kd_header_image_banner image=&#8221;340&#8243;][vc_column_text] ALGEMENE VERKOOPSVOORWAARDEN [\/vc_column_text][\/vc_column][vc_column][vc_row_inner][vc_column_inner][vc_column_text]1. Leveringstermijnen Uitgenomen in geval van speciale waarborg wordt er geen verplichting genomen wat betreft de leveringsdatum door de koper gevraagd, de bestellingen worden uitgevoerd in de volgorde waarop ze binnenkomen. 2. Risico\u2019s De goederen reizen op risico en gevaar van de koper, zelfs in geval van levering FRANCO. 3. De verkoper is niet verantwoordelijk wat betreft het juiste voorziene gebruik van de goederen. Eveneens wordt ook geen verantwoordelijkheid genomen voor alle mogelijke schade welke voorkomt","og_url":"https:\/\/klasmann-deilmann.com\/be\/algemene-voorwaarden\/","og_site_name":"Klasmann-Deilmann","article_modified_time":"2019-09-26T07:59:41+00:00","twitter_card":"summary_large_image","twitter_misc":{"Geschatte leestijd":"5 minuten"},"schema":{"@context":"https:\/\/schema.org","@graph":[{"@type":"WebPage","@id":"https:\/\/klasmann-deilmann.com\/be\/algemene-voorwaarden\/","url":"https:\/\/klasmann-deilmann.com\/be\/algemene-voorwaarden\/","name":"Algemene voorwaarden - Klasmann-Deilmann","isPartOf":{"@id":"https:\/\/klasmann-deilmann.com\/en\/#website"},"datePublished":"2019-09-25T13:19:49+00:00","dateModified":"2019-09-26T07:59:41+00:00","breadcrumb":{"@id":"https:\/\/klasmann-deilmann.com\/be\/algemene-voorwaarden\/#breadcrumb"},"inLanguage":"nl-BE","potentialAction":[{"@type":"ReadAction","target":["https:\/\/klasmann-deilmann.com\/be\/algemene-voorwaarden\/"]}]},{"@type":"BreadcrumbList","@id":"https:\/\/klasmann-deilmann.com\/be\/algemene-voorwaarden\/#breadcrumb","itemListElement":[{"@type":"ListItem","position":1,"name":"Home","item":"https:\/\/klasmann-deilmann.com\/be\/"},{"@type":"ListItem","position":2,"name":"Algemene voorwaarden"}]},{"@type":"WebSite","@id":"https:\/\/klasmann-deilmann.com\/en\/#website","url":"https:\/\/klasmann-deilmann.com\/en\/","name":"Klasmann-Deilmann","description":"","potentialAction":[{"@type":"SearchAction","target":{"@type":"EntryPoint","urlTemplate":"https:\/\/klasmann-deilmann.com\/en\/?s={search_term_string}"},"query-input":{"@type":"PropertyValueSpecification","valueRequired":true,"valueName":"search_term_string"}}],"inLanguage":"nl-BE"}]}},"_links":{"self":[{"href":"https:\/\/klasmann-deilmann.com\/be\/wp-json\/wp\/v2\/pages\/15809","targetHints":{"allow":["GET"]}}],"collection":[{"href":"https:\/\/klasmann-deilmann.com\/be\/wp-json\/wp\/v2\/pages"}],"about":[{"href":"https:\/\/klasmann-deilmann.com\/be\/wp-json\/wp\/v2\/types\/page"}],"author":[{"embeddable":true,"href":"https:\/\/klasmann-deilmann.com\/be\/wp-json\/wp\/v2\/users\/2"}],"replies":[{"embeddable":true,"href":"https:\/\/klasmann-deilmann.com\/be\/wp-json\/wp\/v2\/comments?post=15809"}],"version-history":[{"count":2,"href":"https:\/\/klasmann-deilmann.com\/be\/wp-json\/wp\/v2\/pages\/15809\/revisions"}],"predecessor-version":[{"id":15841,"href":"https:\/\/klasmann-deilmann.com\/be\/wp-json\/wp\/v2\/pages\/15809\/revisions\/15841"}],"wp:attachment":[{"href":"https:\/\/klasmann-deilmann.com\/be\/wp-json\/wp\/v2\/media?parent=15809"}],"curies":[{"name":"wp","href":"https:\/\/api.w.org\/{rel}","templated":true}]}}